{"id":1341,"date":"2018-12-16T08:40:30","date_gmt":"2018-12-16T07:40:30","guid":{"rendered":"http:\/\/wkge-en.de\/wkge\/?page_id=1341"},"modified":"2018-12-16T20:24:44","modified_gmt":"2018-12-16T19:24:44","slug":"transparente-schule","status":"publish","type":"page","link":"https:\/\/wkge-en.de\/wkge\/unsere-schule\/schulprogramm\/transparente-schule\/","title":{"rendered":"Transparente Schule"},"content":{"rendered":"<ul>\n<li id=\"dhtml_menu-1492\" class=\"first leaf dhtml-menu\"><a href=\"http:\/\/wkge-en.de\/wkge\/unsere-schule\/schulprogramm\/transparente-schule\/leistungsbewertung\/\">Leistungsbewertung<\/a><\/li>\n<li id=\"dhtml_menu-280\" class=\"leaf dhtml-menu\"><a href=\"http:\/\/wkge-en.de\/wkge\/unsere-schule\/schulprogramm\/transparente-schule\/ziele-transparente-schule\/\">Ziele \u2013 Transparente Schule<\/a><\/li>\n<li id=\"dhtml_menu-255\" class=\"dhtml-menu collapsed start-collapsed\"><a href=\"http:\/\/wkge-en.de\/wkge\/unsere-schule\/schulprogramm\/transparente-schule\/geschaeftsverteilungsplan\/\">Gesch\u00e4ftsverteilungsplan<\/a><\/li>\n<li id=\"dhtml_menu-263\" class=\"leaf dhtml-menu\"><a href=\"http:\/\/wkge-en.de\/wkge\/unsere-schule\/schulprogramm\/transparente-schule\/kooperation-zwischen-schulleitung-und-kollegium\/\">Kooperation zwischen Schulleitung und Kollegium<\/a><\/li>\n<li id=\"dhtml_menu-259\" class=\"leaf dhtml-menu\">Arbeitspl\u00e4ne<\/li>\n<li id=\"dhtml_menu-249\" class=\"leaf dhtml-menu\"><a href=\"http:\/\/wkge-en.de\/wkge\/unsere-schule\/schulprogramm\/transparente-schule\/evaluation\/\">Evaluation<\/a><\/li>\n<li id=\"dhtml_menu-252\" class=\"leaf dhtml-menu\"><a href=\"http:\/\/wkge-en.de\/wkge\/unsere-schule\/schulprogramm\/transparente-schule\/fortbildung\/\">Fortbildung<\/a><\/li>\n<li id=\"dhtml_menu-278\" class=\"leaf dhtml-menu\"><a href=\"http:\/\/wkge-en.de\/wkge\/unsere-schule\/schulprogramm\/transparente-schule\/vertretungskonzept-grundsaetze-fuer-vertretungsunterricht\/\">Vertretungskonzept \u2013 Grunds\u00e4tze f\u00fcr Vertretungsunterricht<\/a><\/li>\n<li id=\"dhtml_menu-2107\" class=\"leaf dhtml-menu\"><a href=\"http:\/\/wkge-en.de\/wkge\/unsere-schule\/schulprogramm\/transparente-schule\/schulvereinbarung-zur-vereinbarkeit-von-beruf-und-familie\/\">Schulvereinbarung zur Vereinbarkeit von Beruf und Familie<\/a><\/li>\n<li id=\"dhtml_menu-282\" class=\"leaf dhtml-menu\"><a href=\"http:\/\/wkge-en.de\/wkge\/unsere-schule\/schulprogramm\/transparente-schule\/oeffentlichkeitsarbeit\/\">\u00d6ffentlichkeitsarbeit<\/a><\/li>\n<li id=\"dhtml_menu-972\" class=\"leaf dhtml-menu\"><a href=\"http:\/\/wkge-en.de\/wkge\/unsere-schule\/schulprogramm\/transparente-schule\/die-schulhomepage\/\">Die Schulhomepage<\/a><\/li>\n<li id=\"dhtml_menu-247\" class=\"last leaf dhtml-menu\">Erzieherische Einwirkungen und Ordnungsma\u00dfnahmen<\/li>\n<\/ul>\n","protected":false},"excerpt":{"rendered":"<p>Leistungsbewertung Ziele \u2013 Transparente Schule Gesch\u00e4ftsverteilungsplan Kooperation zwischen Schulleitung und Kollegium Arbeitspl\u00e4ne Evaluation Fortbildung Vertretungskonzept \u2013 Grunds\u00e4tze f\u00fcr Vertretungsunterricht Schulvereinbarung zur Vereinbarkeit von Beruf und Familie \u00d6ffentlichkeitsarbeit Die Schulhomepage Erzieherische Einwirkungen und Ordnungsma\u00dfnahmen<\/p>\n","protected":false},"author":2,"featured_media":0,"parent":25,"menu_order":0,"comment_status":"closed","ping_status":"closed","template":"","meta":{"footnotes":""},"class_list":["post-1341","page","type-page","status-publish","hentry","","tg-column-two"],"_links":{"self":[{"href":"https:\/\/wkge-en.de\/wkge\/wp-json\/wp\/v2\/pages\/1341","targetHints":{"allow":["GET"]}}],"collection":[{"href":"https:\/\/wkge-en.de\/wkge\/wp-json\/wp\/v2\/pages"}],"about":[{"href":"https:\/\/wkge-en.de\/wkge\/wp-json\/wp\/v2\/types\/page"}],"author":[{"embeddable":true,"href":"https:\/\/wkge-en.de\/wkge\/wp-json\/wp\/v2\/users\/2"}],"replies":[{"embeddable":true,"href":"https:\/\/wkge-en.de\/wkge\/wp-json\/wp\/v2\/comments?post=1341"}],"version-history":[{"count":2,"href":"https:\/\/wkge-en.de\/wkge\/wp-json\/wp\/v2\/pages\/1341\/revisions"}],"predecessor-version":[{"id":1605,"href":"https:\/\/wkge-en.de\/wkge\/wp-json\/wp\/v2\/pages\/1341\/revisions\/1605"}],"up":[{"embeddable":true,"href":"https:\/\/wkge-en.de\/wkge\/wp-json\/wp\/v2\/pages\/25"}],"wp:attachment":[{"href":"https:\/\/wkge-en.de\/wkge\/wp-json\/wp\/v2\/media?parent=1341"}],"curies":[{"name":"wp","href":"https:\/\/api.w.org\/{rel}","templated":true}]}}