{"id":138,"date":"2018-12-04T20:32:18","date_gmt":"2018-12-04T19:32:18","guid":{"rendered":"http:\/\/wkge-en.de\/wkge\/?page_id=138"},"modified":"2018-12-04T20:34:01","modified_gmt":"2018-12-04T19:34:01","slug":"daten-zur-schule","status":"publish","type":"page","link":"https:\/\/wkge-en.de\/wkge\/unsere-schule\/schulprogramm\/die-wilhelm-kraft-gesamtschule\/daten-zur-schule\/","title":{"rendered":"Daten zur Schule"},"content":{"rendered":"\t\t<div data-elementor-type=\"wp-post\" data-elementor-id=\"138\" class=\"elementor elementor-138 elementor-bc-flex-widget\">\n\t\t\t\t\t\t<section class=\"elementor-section elementor-top-section elementor-element elementor-element-59f0180 elementor-section-boxed elementor-section-height-default elementor-section-height-default\" data-id=\"59f0180\" data-element_type=\"section\" data-e-type=\"section\">\n\t\t\t\t\t\t<div class=\"elementor-container elementor-column-gap-default\">\n\t\t\t\t\t<div class=\"elementor-column elementor-col-100 elementor-top-column elementor-element elementor-element-d05dd72\" data-id=\"d05dd72\" data-element_type=\"column\" data-e-type=\"column\">\n\t\t\t<div class=\"elementor-widget-wrap elementor-element-populated\">\n\t\t\t\t\t\t<div class=\"elementor-element elementor-element-03da150 elementor-widget elementor-widget-heading\" data-id=\"03da150\" data-element_type=\"widget\" data-e-type=\"widget\" data-widget_type=\"heading.default\">\n\t\t\t\t<div class=\"elementor-widget-container\">\n\t\t\t\t\t<h2 class=\"elementor-heading-title elementor-size-default\">Daten zur Schule<\/h2>\t\t\t\t<\/div>\n\t\t\t\t<\/div>\n\t\t\t\t\t<\/div>\n\t\t<\/div>\n\t\t\t\t\t<\/div>\n\t\t<\/section>\n\t\t\t\t<section class=\"elementor-section elementor-top-section elementor-element elementor-element-16022f4 elementor-section-boxed elementor-section-height-default elementor-section-height-default\" data-id=\"16022f4\" data-element_type=\"section\" data-e-type=\"section\">\n\t\t\t\t\t\t<div class=\"elementor-container elementor-column-gap-default\">\n\t\t\t\t\t<div class=\"elementor-column elementor-col-100 elementor-top-column elementor-element elementor-element-a0d5381\" data-id=\"a0d5381\" data-element_type=\"column\" data-e-type=\"column\">\n\t\t\t<div class=\"elementor-widget-wrap elementor-element-populated\">\n\t\t\t\t\t\t<div class=\"elementor-element elementor-element-7f9dde2 elementor-widget elementor-widget-text-editor\" data-id=\"7f9dde2\" data-element_type=\"widget\" data-e-type=\"widget\" data-widget_type=\"text-editor.default\">\n\t\t\t\t<div class=\"elementor-widget-container\">\n\t\t\t\t\t\t\t\t\t<p class=\"rteleft\">Die Wilhelm-Kraft-Gesamtschule des Ennepe-Ruhr-Kreises wurde im Jahr 1987 gegr\u00fcndet. Sie ist vom <a class=\"ext\" href=\"http:\/\/www.enkreis.de\/\" target=\"_blank\" rel=\"noopener noreferrer\">Ennepe-Ruhr-Kreis<\/a> als Kreisschule eingerichtet worden. Das Einzugsgebiet umfasst den s\u00fcdlichen Ennepe-Ruhr-Kreis mit den St\u00e4dten <a class=\"ext\" href=\"http:\/\/www.stadt-wetter.de\/\" target=\"_blank\" rel=\"noopener noreferrer\">Wetter<\/a>, <a class=\"ext\" href=\"http:\/\/www.sprockhoevel.de\/\" target=\"_blank\" rel=\"noopener noreferrer\">Sprockh\u00f6vel<\/a>, <a class=\"ext\" href=\"http:\/\/www.schwelm.de\/\" target=\"_blank\" rel=\"noopener noreferrer\">Schwelm<\/a>,<a class=\"ext\" href=\"http:\/\/www.gevelsberg.de\/\" target=\"_blank\" rel=\"noopener noreferrer\">Gevelsberg<\/a>, <a class=\"ext\" href=\"http:\/\/www.ennepetal.de\/\" target=\"_blank\" rel=\"noopener noreferrer\">Ennepetal<\/a> und <a class=\"ext\" href=\"http:\/\/www.breckerfeld.de\/\" target=\"_blank\" rel=\"noopener noreferrer\">Breckerfeld<\/a>.<\/p><p>Die Gesamtschule wird in der Sekundarstufe I sechsz\u00fcgig gef\u00fchrt, das hei\u00dft, dass in jedem Jahrgang ungef\u00e4hr einhundertachtzig Sch\u00fclerinnen und Sch\u00fcler unsere Schule besuchen. In den Jahrg\u00e4ngen der <a href=\"http:\/\/wilhelm-kraft-gesamtschule.de\/schulprogramm\/oberstufe\">gymnasialen Oberstufe<\/a> (11 &#8211; 13) werden insgesamt etwa zweihundert Sch\u00fclerinnen und Sch\u00fcler auf die <a href=\"http:\/\/wilhelm-kraft-gesamtschule.de\/abitur\">Allgemeine Hochschulreife<\/a> vorbereitet.<\/p><p class=\"rtecenter\"><a href=\"http:\/\/wkge.info\/include\/gebaeude_neu2.gif\" target=\"_blank\" rel=\"noopener noreferrer\"><img fetchpriority=\"high\" decoding=\"async\" src=\"http:\/\/wkge.info\/include\/gebaeude_neu2.gif\" alt=\"\" width=\"350\" height=\"182\" align=\"middle\" hspace=\"5\" vspace=\"5\" \/><\/a><\/p><p>Die Schule besteht im Wesentlichen aus vier Geb\u00e4udekomplexen und der Mehrzwecksporthalle. Im Geb\u00e4ude A sind die Klassen der Jahrg\u00e4nge f\u00fcnf und sechs untergebracht. F\u00fcr diese Sch\u00fclerinnen und Sch\u00fcler steht ein eigener Schulhof zur Verf\u00fcgung. Im Geb\u00e4ude E und F befinden sich die R\u00e4ume der Lehrerinnen und Lehrer f\u00fcr die Jahrg\u00e4nge 7 bis 13. Im Erdgeschoss des E-Geb\u00e4udes gibt es zahlreiche Ganztagsr\u00e4ume, die <a href=\"http:\/\/wilhelm-kraft-gesamtschule.de\/bibliothek\">Bibliothek<\/a> sowie Computerfachr\u00e4ume. Im Untergeschoss liegen die Mensa und naturwissenschaftliche Fachr\u00e4ume sowie ein Theaterraum. Ein Verwaltungsneubau verbindet die Geb\u00e4ude E und F.<\/p><p>Unsere Schule verf\u00fcgt \u00fcber gro\u00dfz\u00fcgig ausgestattete Neubauten. So haben wir beispielsweise nicht nur modernste naturwissenschaftliche Arbeits- und Unterrichtsr\u00e4ume, in denen in der Sekundarstufe I der aus den F\u00e4chern Biologie, Physik und Chemie gebildete Lernbereich Naturwissenschaften unterrichtet wird, sondern auch eine entsprechende Fachraumausstattung f\u00fcr die F\u00e4cher Technik, Musik und Kunst. Dem Unterrichtsfach <a href=\"http:\/\/wilhelm-kraft-gesamtschule.de\/technik\">Technik<\/a> als Bestandteil des Lernbereiches <a href=\"http:\/\/wilhelm-kraft-gesamtschule.de\/arbeitslehre\">Arbeitslehre<\/a> kommt an der Gesamtschule ein besonderer Stellenwert zu. Dementsprechend umfassend sind unsere Fachr\u00e4ume im Geb\u00e4ude B\/C eingerichtet. Dort werden vorwiegend projektorientiert Kenntnisse, F\u00e4higkeiten und Fertigkeiten f\u00fcr zum Beispiel<\/p><ul><li>Holz- und Metallbearbeitung,<\/li><li>technisches Zeichnen,<\/li><li>computergest\u00fctzte Verfahren vermittelt.<\/li><\/ul><p>Neben der eigenen hochmodernen Dreifachsporthalle, die h\u00f6chsten Anspr\u00fcchen gen\u00fcgt, nutzt unsere Schule auch noch die Mehrzwecksporthalle der Stadt Sprockh\u00f6vel.<\/p>\t\t\t\t\t\t\t\t<\/div>\n\t\t\t\t<\/div>\n\t\t\t\t\t<\/div>\n\t\t<\/div>\n\t\t\t\t\t<\/div>\n\t\t<\/section>\n\t\t\t\t<\/div>\n\t\t","protected":false},"excerpt":{"rendered":"<p>Daten zur Schule Die Wilhelm-Kraft-Gesamtschule des Ennepe-Ruhr-Kreises wurde im Jahr 1987 gegr\u00fcndet. Sie ist vom Ennepe-Ruhr-Kreis als Kreisschule eingerichtet worden. Das Einzugsgebiet umfasst den s\u00fcdlichen Ennepe-Ruhr-Kreis mit den St\u00e4dten Wetter, Sprockh\u00f6vel, Schwelm,Gevelsberg, Ennepetal und Breckerfeld. Die Gesamtschule wird in der Sekundarstufe I sechsz\u00fcgig gef\u00fchrt, das hei\u00dft, dass in jedem Jahrgang ungef\u00e4hr einhundertachtzig Sch\u00fclerinnen und Sch\u00fcler unsere Schule besuchen. In den Jahrg\u00e4ngen der gymnasialen Oberstufe (11 &#8211; 13) werden insgesamt etwa zweihundert Sch\u00fclerinnen und Sch\u00fcler auf die Allgemeine Hochschulreife vorbereitet. Die Schule besteht im Wesentlichen aus vier Geb\u00e4udekomplexen und der Mehrzwecksporthalle. Im Geb\u00e4ude A sind die Klassen der Jahrg\u00e4nge f\u00fcnf und sechs untergebracht. F\u00fcr diese Sch\u00fclerinnen und Sch\u00fcler steht ein eigener Schulhof zur Verf\u00fcgung. Im Geb\u00e4ude E und F befinden sich die R\u00e4ume der Lehrerinnen und Lehrer f\u00fcr die Jahrg\u00e4nge 7 bis 13. Im Erdgeschoss des E-Geb\u00e4udes gibt es zahlreiche Ganztagsr\u00e4ume, die Bibliothek sowie Computerfachr\u00e4ume. Im Untergeschoss liegen die Mensa und<\/p>\n","protected":false},"author":2,"featured_media":0,"parent":132,"menu_order":0,"comment_status":"closed","ping_status":"closed","template":"","meta":{"footnotes":""},"class_list":["post-138","page","type-page","status-publish","hentry","","tg-column-two"],"_links":{"self":[{"href":"https:\/\/wkge-en.de\/wkge\/wp-json\/wp\/v2\/pages\/138","targetHints":{"allow":["GET"]}}],"collection":[{"href":"https:\/\/wkge-en.de\/wkge\/wp-json\/wp\/v2\/pages"}],"about":[{"href":"https:\/\/wkge-en.de\/wkge\/wp-json\/wp\/v2\/types\/page"}],"author":[{"embeddable":true,"href":"https:\/\/wkge-en.de\/wkge\/wp-json\/wp\/v2\/users\/2"}],"replies":[{"embeddable":true,"href":"https:\/\/wkge-en.de\/wkge\/wp-json\/wp\/v2\/comments?post=138"}],"version-history":[{"count":2,"href":"https:\/\/wkge-en.de\/wkge\/wp-json\/wp\/v2\/pages\/138\/revisions"}],"predecessor-version":[{"id":141,"href":"https:\/\/wkge-en.de\/wkge\/wp-json\/wp\/v2\/pages\/138\/revisions\/141"}],"up":[{"embeddable":true,"href":"https:\/\/wkge-en.de\/wkge\/wp-json\/wp\/v2\/pages\/132"}],"wp:attachment":[{"href":"https:\/\/wkge-en.de\/wkge\/wp-json\/wp\/v2\/media?parent=138"}],"curies":[{"name":"wp","href":"https:\/\/api.w.org\/{rel}","templated":true}]}}