{"id":1580,"date":"2018-12-16T19:57:39","date_gmt":"2018-12-16T18:57:39","guid":{"rendered":"http:\/\/wkge-en.de\/wkge\/?page_id=1580"},"modified":"2021-03-24T20:58:37","modified_gmt":"2021-03-24T19:58:37","slug":"oeffentlichkeitsarbeit","status":"publish","type":"page","link":"https:\/\/wkge-en.de\/wkge\/unsere-schule\/schulprogramm\/transparente-schule\/oeffentlichkeitsarbeit\/","title":{"rendered":"\u00d6ffentlichkeitsarbeit"},"content":{"rendered":"\t\t<div data-elementor-type=\"wp-post\" data-elementor-id=\"1580\" class=\"elementor elementor-1580\">\n\t\t\t\t\t\t<section class=\"elementor-section elementor-top-section elementor-element elementor-element-8904ab3 elementor-section-boxed elementor-section-height-default elementor-section-height-default\" data-id=\"8904ab3\" data-element_type=\"section\" data-e-type=\"section\">\n\t\t\t\t\t\t<div class=\"elementor-container elementor-column-gap-default\">\n\t\t\t\t\t<div class=\"elementor-column elementor-col-100 elementor-top-column elementor-element elementor-element-7330514\" data-id=\"7330514\" data-element_type=\"column\" data-e-type=\"column\">\n\t\t\t<div class=\"elementor-widget-wrap elementor-element-populated\">\n\t\t\t\t\t\t<div class=\"elementor-element elementor-element-76d5893 elementor-widget elementor-widget-heading\" data-id=\"76d5893\" data-element_type=\"widget\" data-e-type=\"widget\" data-widget_type=\"heading.default\">\n\t\t\t\t<div class=\"elementor-widget-container\">\n\t\t\t\t\t<h2 class=\"elementor-heading-title elementor-size-default\">\u00d6ffentlichkeitsarbeit<\/h2>\t\t\t\t<\/div>\n\t\t\t\t<\/div>\n\t\t\t\t\t<\/div>\n\t\t<\/div>\n\t\t\t\t\t<\/div>\n\t\t<\/section>\n\t\t\t\t<section class=\"elementor-section elementor-top-section elementor-element elementor-element-a03512e elementor-section-boxed elementor-section-height-default elementor-section-height-default\" data-id=\"a03512e\" data-element_type=\"section\" data-e-type=\"section\">\n\t\t\t\t\t\t<div class=\"elementor-container elementor-column-gap-default\">\n\t\t\t\t\t<div class=\"elementor-column elementor-col-100 elementor-top-column elementor-element elementor-element-7209162\" data-id=\"7209162\" data-element_type=\"column\" data-e-type=\"column\">\n\t\t\t<div class=\"elementor-widget-wrap elementor-element-populated\">\n\t\t\t\t\t\t<div class=\"elementor-element elementor-element-562a83e elementor-widget elementor-widget-text-editor\" data-id=\"562a83e\" data-element_type=\"widget\" data-e-type=\"widget\" data-widget_type=\"text-editor.default\">\n\t\t\t\t<div class=\"elementor-widget-container\">\n\t\t\t\t\t\t\t\t\t<div class=\"region region-content\"><div id=\"block-system-main\" class=\"block block-system\"><div class=\"content\"><div id=\"node-69\" class=\"node node-book clearfix\"><div class=\"content clearfix\"><div class=\"field field-name-body field-type-text-with-summary field-label-hidden\"><div class=\"field-items\"><div class=\"field-item even\"><p><strong>I. Gesetzliche Grundlagen<\/strong><\/p><p>Siehe: <span class=\"Apple-style-span\"><b><strong>\u00a759(2) SchulG,\u00a0<\/strong><strong>\u00a7<\/strong><strong>66LBG,\u00a0<\/strong><strong>\u00a725 ADO<\/strong><\/b><\/span><\/p><ul><li>\u00a759(1) SchulG sowie \u00a725 ADO: <strong>Die Schulleiterin oder der Schulleiter vertritt die Schule nach au\u00dfen.<\/strong><\/li><\/ul><p>Die Au\u00dfenvertretung kommt nur der Schulleiterin bzw. dem Schulleiter zu. Dies gilt f\u00fcr die inneren wie die \u00e4u\u00dferen Schulangelegenheiten. Nur im Vertretungsfall \u00fcbernimmt die stellvertretende Schulleiterin oder der stell\u00advertretende Schulleiter diese Aufgabe.<\/p><p><strong>Alle anderen<\/strong> Mitglieder der Schulleitung k\u00f6nnen sich ebenso wie die Lehre\u00adrinnen und Lehrer <strong>nur im Auftrag der Schulleiterin oder des Schulleiters im Namen der Schule<\/strong> an die Schulaufsicht, den Schultr\u00e4ger, andere Beh\u00f6rden oder an die \u00d6ffentlichkeit wenden.<\/p><p>Zur Au\u00dfenvertretung geh\u00f6rt es auch, Ausk\u00fcnfte aus dem T\u00e4tigkeits- und Zust\u00e4ndigkeitsbereich der Schule an die Presse zu er\u00adteilen.<\/p><p>Dabei ist zu bedenken, inwieweit die erbetenen Ausk\u00fcnfte erteilt werden k\u00f6nnen, ohne die Pflicht zur Amtsverschwiegenheit oder die Verschwiegen\u00adheitspflicht zu verletzen.<\/p><ul><li>\u00a762(5) Satz 2 SchulG hierzu: Die Mitglieder der Mitwirkungsgremien haben \u00fcber Angelegenheiten, die ihrer Bedeutung nach einer vertraulichen Behandlung bed\u00fcrfen, <strong>Verschwiegenheit zu wahren<\/strong>.<\/li><\/ul><p>Bei fotografischen oder elektronischen Aufnahmen sind die Pers\u00f6nlich\u00adkeitsrechte der betroffenen Personen zu beachten. Bei Minderj\u00e4hrigen be\u00addeutet dies, dass die Zustimmung der Eltern einzuholen ist, soweit diese nicht bei allen Beteiligten vorausgesetzt werden kann. &#8211; An der Wilhelm-Kraft-Gesamtschule erfolgt mittlerweile eine Regelabfrage bei der Einschulung.<\/p><p>In Angelegenheiten mit besonderer Tragweite sollte sich die Schulleiterin oder der Schulleiter vor Erteilung von Ausk\u00fcnften mit der Schulaufsicht ab\u00adstimmen oder die anfragenden Journalisten an die Pressestelle der Schulaufsichtsbeh\u00f6rde oder des Schultr\u00e4gers verweisen. Entsprechendes gilt, wenn Zweifel dar\u00fcber bestehen, ob das Interesse der Schule oder einzelner Personen der erbetenen Auskunft m\u00f6glicherweise entgegensteht.<\/p><p><strong>II. Die Praxis an der Wilhelm-Kraft-Gesamtschule <\/strong><\/p><p><a id=\"pressesprecher\" name=\"pressesprecher\"><\/a><\/p><p style=\"margin-bottom: 11.25pt; line-height: 18.0pt; background: white;\"><span style=\"font-size: 12.0pt; font-family: 'Arial',sans-serif; color: #7a7a7a;\">Der oder die vom Schulleiter eingesetzte Pressesprecher bzw. Pressesprecherin der Schule hat eine vermittelnde Funktion zwischen dem Kollegium, der Schule und der \u00d6ffentlichkeit. Er oder sie liest von Kolleginnen und Kollegen erstellte Artikel Korrektur, leitet sie ggf. weiter und ver\u00f6ffentlicht nach R\u00fccksprache mit dem Schulleiter f\u00fcr die \u00d6ffentlichkeit relevante Artikel auf der Schulhomepage. Zu allen besonderen Anl\u00e4ssen \u2013 einmaligen oder wiederkehrenden \u2013 benachrichtigt er\/sie die \u00f6rtlichen, regionalen und ausnahmsweise auch die \u00fcberregionalen Medien, l\u00e4dt sie ein und bittet sie, die interessierte \u00d6ffentlichkeit rechtzeitig umfassend zu informie\u00adren.\u00a0<\/span><\/p><p style=\"margin-bottom: 11.25pt; line-height: 18.0pt; background: white; box-sizing: border-box; outline: 0px;\"><span style=\"font-size: 12.0pt; font-family: 'Arial',sans-serif; color: #7a7a7a;\">Dabei ist der\/die Pressesprecher\/in im hohen Ma\u00dfe auf die Kooperation aller die\u00adse Anl\u00e4sse (mit-)gestaltenden Kollegen und Kolleginnen angewiesen. Er\/Sie ist auch autorisiert, aus seinen\/ihren Informationen redaktionelle Texte zu erstellen.<\/span><\/p><p style=\"line-height: 18.0pt; background: white; box-sizing: border-box; outline: 0px;\"><span style=\"font-size: 12.0pt; font-family: 'Arial',sans-serif; color: #7a7a7a;\">Die\u00a0<a style=\"box-sizing: border-box; outline: 0px; transition: all 0.5s ease 0s; box-shadow: none;\" href=\"http:\/\/wilhelm-kraft-gesamtschule.de\/\"><span style=\"color: #dd9933;\">Homepage der Wilhelm-Kraft-Gesamtschule des Ennepe-Ruhr-Kreises<\/span><\/a>\u00a0wird ebenfalls von dem\/der Pressesprecher\/in gepflegt, sie wird unter Verantwortung des Schulleiters gef\u00fchrt.<\/span><\/p><p style=\"margin-bottom: 11.25pt; line-height: 18.0pt; background: white; box-sizing: border-box; outline: 0px;\"><span style=\"font-size: 12.0pt; font-family: 'Arial',sans-serif; color: #7a7a7a;\">Alle am Schulleben Beteiligten, die \u00fcber das bis hier in Abschnitt II Beschriebe\u00adne hinaus zu einer Au\u00dfendarstellung der Schule beitragen m\u00f6chten, die unser vielf\u00e4ltiges Schulleben angemessen spiegelt, besprechen ihr Vorhaben mit dem Schulleiter oder dem\/der Pressesprecher\/in, der\/die im Zweifelsfalle R\u00fccksprache mit dem Schulleiter h\u00e4lt.<\/span><\/p><p style=\"margin-bottom: 11.25pt; line-height: 18.0pt; background: white; box-sizing: border-box; outline: 0px;\"><span style=\"font-size: 12.0pt; font-family: 'Arial',sans-serif; color: #7a7a7a;\">Alle \u00f6ffentlich relevanten Schulschriften der Wilhelm-Kraft-Gesamtschule werden redaktionell vom Schulleiter und von der Didaktischen Leiterin bearbeitet.\u00a0<\/span><\/p><\/div><\/div><\/div><\/div><\/div><\/div><\/div><\/div>\t\t\t\t\t\t\t\t<\/div>\n\t\t\t\t<\/div>\n\t\t\t\t\t<\/div>\n\t\t<\/div>\n\t\t\t\t\t<\/div>\n\t\t<\/section>\n\t\t\t\t<\/div>\n\t\t","protected":false},"excerpt":{"rendered":"<p>\u00d6ffentlichkeitsarbeit I. Gesetzliche Grundlagen Siehe: \u00a759(2) SchulG,\u00a0\u00a766LBG,\u00a0\u00a725 ADO \u00a759(1) SchulG sowie \u00a725 ADO: Die Schulleiterin oder der Schulleiter vertritt die Schule nach au\u00dfen. Die Au\u00dfenvertretung kommt nur der Schulleiterin bzw. dem Schulleiter zu. Dies gilt f\u00fcr die inneren wie die \u00e4u\u00dferen Schulangelegenheiten. Nur im Vertretungsfall \u00fcbernimmt die stellvertretende Schulleiterin oder der stell\u00advertretende Schulleiter diese Aufgabe. Alle anderen Mitglieder der Schulleitung k\u00f6nnen sich ebenso wie die Lehre\u00adrinnen und Lehrer nur im Auftrag der Schulleiterin oder des Schulleiters im Namen der Schule an die Schulaufsicht, den Schultr\u00e4ger, andere Beh\u00f6rden oder an die \u00d6ffentlichkeit wenden. Zur Au\u00dfenvertretung geh\u00f6rt es auch, Ausk\u00fcnfte aus dem T\u00e4tigkeits- und Zust\u00e4ndigkeitsbereich der Schule an die Presse zu er\u00adteilen. Dabei ist zu bedenken, inwieweit die erbetenen Ausk\u00fcnfte erteilt werden k\u00f6nnen, ohne die Pflicht zur Amtsverschwiegenheit oder die Verschwiegen\u00adheitspflicht zu verletzen. \u00a762(5) Satz 2 SchulG hierzu: Die Mitglieder der Mitwirkungsgremien haben \u00fcber Angelegenheiten, die ihrer Bedeutung nach einer vertraulichen Behandlung<\/p>\n","protected":false},"author":2,"featured_media":0,"parent":1341,"menu_order":0,"comment_status":"closed","ping_status":"closed","template":"","meta":{"footnotes":""},"class_list":["post-1580","page","type-page","status-publish","hentry","","tg-column-two"],"_links":{"self":[{"href":"https:\/\/wkge-en.de\/wkge\/wp-json\/wp\/v2\/pages\/1580","targetHints":{"allow":["GET"]}}],"collection":[{"href":"https:\/\/wkge-en.de\/wkge\/wp-json\/wp\/v2\/pages"}],"about":[{"href":"https:\/\/wkge-en.de\/wkge\/wp-json\/wp\/v2\/types\/page"}],"author":[{"embeddable":true,"href":"https:\/\/wkge-en.de\/wkge\/wp-json\/wp\/v2\/users\/2"}],"replies":[{"embeddable":true,"href":"https:\/\/wkge-en.de\/wkge\/wp-json\/wp\/v2\/comments?post=1580"}],"version-history":[{"count":6,"href":"https:\/\/wkge-en.de\/wkge\/wp-json\/wp\/v2\/pages\/1580\/revisions"}],"predecessor-version":[{"id":5741,"href":"https:\/\/wkge-en.de\/wkge\/wp-json\/wp\/v2\/pages\/1580\/revisions\/5741"}],"up":[{"embeddable":true,"href":"https:\/\/wkge-en.de\/wkge\/wp-json\/wp\/v2\/pages\/1341"}],"wp:attachment":[{"href":"https:\/\/wkge-en.de\/wkge\/wp-json\/wp\/v2\/media?parent=1580"}],"curies":[{"name":"wp","href":"https:\/\/api.w.org\/{rel}","templated":true}]}}