{"id":1586,"date":"2018-12-16T20:00:17","date_gmt":"2018-12-16T19:00:17","guid":{"rendered":"http:\/\/wkge-en.de\/wkge\/?page_id=1586"},"modified":"2018-12-16T20:02:49","modified_gmt":"2018-12-16T19:02:49","slug":"die-schulhomepage","status":"publish","type":"page","link":"https:\/\/wkge-en.de\/wkge\/unsere-schule\/schulprogramm\/transparente-schule\/die-schulhomepage\/","title":{"rendered":"Die Schulhomepage"},"content":{"rendered":"\t\t<div data-elementor-type=\"wp-post\" data-elementor-id=\"1586\" class=\"elementor elementor-1586 elementor-bc-flex-widget\">\n\t\t\t\t\t\t<section class=\"elementor-section elementor-top-section elementor-element elementor-element-945b42c elementor-section-boxed elementor-section-height-default elementor-section-height-default\" data-id=\"945b42c\" data-element_type=\"section\" data-e-type=\"section\">\n\t\t\t\t\t\t<div class=\"elementor-container elementor-column-gap-default\">\n\t\t\t\t\t<div class=\"elementor-column elementor-col-100 elementor-top-column elementor-element elementor-element-48139bb\" data-id=\"48139bb\" data-element_type=\"column\" data-e-type=\"column\">\n\t\t\t<div class=\"elementor-widget-wrap elementor-element-populated\">\n\t\t\t\t\t\t<div class=\"elementor-element elementor-element-2a96419 elementor-widget elementor-widget-heading\" data-id=\"2a96419\" data-element_type=\"widget\" data-e-type=\"widget\" data-widget_type=\"heading.default\">\n\t\t\t\t<div class=\"elementor-widget-container\">\n\t\t\t\t\t<h2 class=\"elementor-heading-title elementor-size-default\">Die Schulhomepage<\/h2>\t\t\t\t<\/div>\n\t\t\t\t<\/div>\n\t\t\t\t\t<\/div>\n\t\t<\/div>\n\t\t\t\t\t<\/div>\n\t\t<\/section>\n\t\t\t\t<section class=\"elementor-section elementor-top-section elementor-element elementor-element-8cd73a9 elementor-section-boxed elementor-section-height-default elementor-section-height-default\" data-id=\"8cd73a9\" data-element_type=\"section\" data-e-type=\"section\">\n\t\t\t\t\t\t<div class=\"elementor-container elementor-column-gap-default\">\n\t\t\t\t\t<div class=\"elementor-column elementor-col-100 elementor-top-column elementor-element elementor-element-d9613d4\" data-id=\"d9613d4\" data-element_type=\"column\" data-e-type=\"column\">\n\t\t\t<div class=\"elementor-widget-wrap elementor-element-populated\">\n\t\t\t\t\t\t<div class=\"elementor-element elementor-element-0648ec3 elementor-widget elementor-widget-text-editor\" data-id=\"0648ec3\" data-element_type=\"widget\" data-e-type=\"widget\" data-widget_type=\"text-editor.default\">\n\t\t\t\t<div class=\"elementor-widget-container\">\n\t\t\t\t\t\t\t\t\t<div class=\"region region-content\"><div id=\"block-system-main\" class=\"block block-system\"><div class=\"content\"><div id=\"node-587\" class=\"node node-book clearfix\"><div class=\"content clearfix\"><div class=\"field field-name-body field-type-text-with-summary field-label-hidden\"><div class=\"field-items\"><div class=\"field-item even\"><h4 class=\"rteleft\">Die Aufgaben der Schulhomepage<\/h4><p>Die Internetpr\u00e4senz der Wilhelm-Kraft-Gesamtschule des Ennepe-Ruhr-Kreises (kurz: die Schulhomepage der Wilhelm-Kraft-Gesamtschule) erf\u00fcllt verschiedene Funktionen:<\/p><ul><li>Die Schulhomepage dient der Darstellung der Schule nach au\u00dfen.<\/li><li>Die Schulhomepage erleichtert interessierten Eltern, Lehrkr\u00e4ften sowie Sch\u00fclerinnen und Sch\u00fclern die Information \u00fcber die Schule und die Kontaktaufnahme mit verantwortlichen Personen innerhalb der Schule.<\/li><li>Die Schulhomepage spiegelt in Auschnitten das Schulleben wieder, indem sie dar\u00fcber berichtet.<\/li><li>Die Schulhomepage ist selbst ein Teil des Schullebens, indem sie Lehrkr\u00e4ften, Sch\u00fclerinnen und Sch\u00fclern sowie Eltern in Absprache mit der Schulleitung eine Mitgestaltung dieser Internetpr\u00e4senz erm\u00f6glicht.<\/li><\/ul><h4>Die grunds\u00e4tzliche Struktur der Schulhomepage<\/h4><p>Die vom Webmaster der Schulhomepage betreuten Inhalte der Schulhomepage bewegen sich gedanklich auf drei Ebenen:<\/p><ol><li>Das Schulprogramm: Die Festlegungen im Schulprogramm haben grunds\u00e4tzliche Bedeutung und sind daher in der Regel auch eher allgemein gefasst. Sie werden lediglich \u00fcber gr\u00f6\u00dfere Zeitr\u00e4ume verteilt \u00fcberpr\u00fcft und gegebenenfalls aktualisiert.<\/li><li>Seiten \u00fcber einzelne F\u00e4cher, Arbeitsgemeinschaften, F\u00f6rderkonzepte, Kurse, Module und Projekte bieten einzelne besonders interessante oder aktuelle Informationen, die bei Bedarf mit Hlfe der verantwortlichen Personen oder von diesen selbst erg\u00e4nzt und \u00fcberarbeitet werden.<\/li><li>Artikel \u00fcber geplante, aktuelle oder k\u00fcrzlich durchgef\u00fchrte Aktivit\u00e4ten finden sich je nach Aktualit\u00e4t direkt auf der Startseite der Schulhomepage und erm\u00f6glichen so, sich auf kommende Veranstaltungen vorzubereiten und einen Einblick in die Vielfalt des schulischen Lebens zu gewinnen.<\/li><\/ol><p>Dazu k\u00f6nnen noch Unterbereiche der Schulhomepage kommen, die vorwiegend in Eigenregie von einzelnen Personen oder Personengruppen betreut werden, wie z.B. ein Bereich f\u00fcr die Sch\u00fclervertretung, ein Elternbereich oder auch ein Bereich zum Beispiel f\u00fcr eine Sch\u00fclerfirma.<\/p><p><em>K. Kirst, November 2009<\/em><\/p><\/div><\/div><\/div><\/div><\/div><\/div><\/div><\/div>\t\t\t\t\t\t\t\t<\/div>\n\t\t\t\t<\/div>\n\t\t\t\t\t<\/div>\n\t\t<\/div>\n\t\t\t\t\t<\/div>\n\t\t<\/section>\n\t\t\t\t<\/div>\n\t\t","protected":false},"excerpt":{"rendered":"<p>Die Schulhomepage Die Aufgaben der Schulhomepage Die Internetpr\u00e4senz der Wilhelm-Kraft-Gesamtschule des Ennepe-Ruhr-Kreises (kurz: die Schulhomepage der Wilhelm-Kraft-Gesamtschule) erf\u00fcllt verschiedene Funktionen: Die Schulhomepage dient der Darstellung der Schule nach au\u00dfen. Die Schulhomepage erleichtert interessierten Eltern, Lehrkr\u00e4ften sowie Sch\u00fclerinnen und Sch\u00fclern die Information \u00fcber die Schule und die Kontaktaufnahme mit verantwortlichen Personen innerhalb der Schule. Die Schulhomepage spiegelt in Auschnitten das Schulleben wieder, indem sie dar\u00fcber berichtet. Die Schulhomepage ist selbst ein Teil des Schullebens, indem sie Lehrkr\u00e4ften, Sch\u00fclerinnen und Sch\u00fclern sowie Eltern in Absprache mit der Schulleitung eine Mitgestaltung dieser Internetpr\u00e4senz erm\u00f6glicht. Die grunds\u00e4tzliche Struktur der Schulhomepage Die vom Webmaster der Schulhomepage betreuten Inhalte der Schulhomepage bewegen sich gedanklich auf drei Ebenen: Das Schulprogramm: Die Festlegungen im Schulprogramm haben grunds\u00e4tzliche Bedeutung und sind daher in der Regel auch eher allgemein gefasst. Sie werden lediglich \u00fcber gr\u00f6\u00dfere Zeitr\u00e4ume verteilt \u00fcberpr\u00fcft und gegebenenfalls aktualisiert. Seiten \u00fcber einzelne F\u00e4cher, Arbeitsgemeinschaften, F\u00f6rderkonzepte, Kurse, Module und<\/p>\n","protected":false},"author":2,"featured_media":0,"parent":1341,"menu_order":0,"comment_status":"closed","ping_status":"closed","template":"","meta":{"footnotes":""},"class_list":["post-1586","page","type-page","status-publish","hentry","","tg-column-two"],"_links":{"self":[{"href":"https:\/\/wkge-en.de\/wkge\/wp-json\/wp\/v2\/pages\/1586","targetHints":{"allow":["GET"]}}],"collection":[{"href":"https:\/\/wkge-en.de\/wkge\/wp-json\/wp\/v2\/pages"}],"about":[{"href":"https:\/\/wkge-en.de\/wkge\/wp-json\/wp\/v2\/types\/page"}],"author":[{"embeddable":true,"href":"https:\/\/wkge-en.de\/wkge\/wp-json\/wp\/v2\/users\/2"}],"replies":[{"embeddable":true,"href":"https:\/\/wkge-en.de\/wkge\/wp-json\/wp\/v2\/comments?post=1586"}],"version-history":[{"count":2,"href":"https:\/\/wkge-en.de\/wkge\/wp-json\/wp\/v2\/pages\/1586\/revisions"}],"predecessor-version":[{"id":1589,"href":"https:\/\/wkge-en.de\/wkge\/wp-json\/wp\/v2\/pages\/1586\/revisions\/1589"}],"up":[{"embeddable":true,"href":"https:\/\/wkge-en.de\/wkge\/wp-json\/wp\/v2\/pages\/1341"}],"wp:attachment":[{"href":"https:\/\/wkge-en.de\/wkge\/wp-json\/wp\/v2\/media?parent=1586"}],"curies":[{"name":"wp","href":"https:\/\/api.w.org\/{rel}","templated":true}]}}