{"id":1626,"date":"2018-12-16T20:52:35","date_gmt":"2018-12-16T19:52:35","guid":{"rendered":"http:\/\/wkge-en.de\/wkge\/?page_id=1626"},"modified":"2018-12-16T21:05:39","modified_gmt":"2018-12-16T20:05:39","slug":"busverbindungen","status":"publish","type":"page","link":"https:\/\/wkge-en.de\/wkge\/unsere-schule\/service\/busverbindungen\/","title":{"rendered":"Busverbindungen"},"content":{"rendered":"\t\t<div data-elementor-type=\"wp-post\" data-elementor-id=\"1626\" class=\"elementor elementor-1626 elementor-bc-flex-widget\">\n\t\t\t\t\t\t<section class=\"elementor-section elementor-top-section elementor-element elementor-element-1db21cb elementor-section-boxed elementor-section-height-default elementor-section-height-default\" data-id=\"1db21cb\" data-element_type=\"section\" data-e-type=\"section\">\n\t\t\t\t\t\t<div class=\"elementor-container elementor-column-gap-default\">\n\t\t\t\t\t<div class=\"elementor-column elementor-col-100 elementor-top-column elementor-element elementor-element-0e9670e\" data-id=\"0e9670e\" data-element_type=\"column\" data-e-type=\"column\">\n\t\t\t<div class=\"elementor-widget-wrap elementor-element-populated\">\n\t\t\t\t\t\t<div class=\"elementor-element elementor-element-d607cbb elementor-widget elementor-widget-heading\" data-id=\"d607cbb\" data-element_type=\"widget\" data-e-type=\"widget\" data-widget_type=\"heading.default\">\n\t\t\t\t<div class=\"elementor-widget-container\">\n\t\t\t\t\t<h2 class=\"elementor-heading-title elementor-size-default\">Busverbindungen<\/h2>\t\t\t\t<\/div>\n\t\t\t\t<\/div>\n\t\t\t\t\t<\/div>\n\t\t<\/div>\n\t\t\t\t\t<\/div>\n\t\t<\/section>\n\t\t\t\t<section class=\"elementor-section elementor-top-section elementor-element elementor-element-a5a3dd9 elementor-section-boxed elementor-section-height-default elementor-section-height-default\" data-id=\"a5a3dd9\" data-element_type=\"section\" data-e-type=\"section\">\n\t\t\t\t\t\t<div class=\"elementor-container elementor-column-gap-default\">\n\t\t\t\t\t<div class=\"elementor-column elementor-col-100 elementor-top-column elementor-element elementor-element-99fbf24\" data-id=\"99fbf24\" data-element_type=\"column\" data-e-type=\"column\">\n\t\t\t<div class=\"elementor-widget-wrap elementor-element-populated\">\n\t\t\t\t\t\t<div class=\"elementor-element elementor-element-bba592f elementor-widget elementor-widget-text-editor\" data-id=\"bba592f\" data-element_type=\"widget\" data-e-type=\"widget\" data-widget_type=\"text-editor.default\">\n\t\t\t\t<div class=\"elementor-widget-container\">\n\t\t\t\t\t\t\t\t\t<p>Unsere Schule liegt gleich neben (hinter) dem Busbahnhof in Sprockh\u00f6vel-Ha\u00dflinghausen.<\/p><table border=\"1\" width=\"100\" cellspacing=\"1\" cellpadding=\"1\" align=\"center\"><thead><tr><th scope=\"col\">von \/ nach<\/th><th scope=\"col\">\u00fcber<\/th><th scope=\"col\">Buslinie<\/th><\/tr><\/thead><tbody><tr><td>Ennepetal<\/td><td>\u00a0<\/td><td>551, SB 37<\/td><\/tr><tr><td>Gevelsberg<\/td><td>\u00a0<\/td><td>551<\/td><\/tr><tr><td>Schwelm<\/td><td>\u00a0<\/td><td>585, SB 37<\/td><\/tr><tr><td>Sprockh\u00f6vel-Hiddinghausen<\/td><td>\u00a0<\/td><td>551<\/td><\/tr><tr><td>Sprockh\u00f6vel-Niedersprockh\u00f6vel<\/td><td>\u00a0<\/td><td>558, 330, SB 37, SB 67<\/td><\/tr><tr><td>Wetter<\/td><td>\u00a0<\/td><td>554<\/td><\/tr><tr><td>Wetter Bf<\/td><td>\u00a0<\/td><td>593<\/td><\/tr><tr><td>Wuppertal<\/td><td>\u00a0<\/td><td>602, SB 67<\/td><\/tr><tr><td>Wuppertal (Birkenhof)<\/td><td>Herzkamp<\/td><td>583<\/td><\/tr><\/tbody><\/table><p><em>Alle Angaben ohne Gew\u00e4hr.<\/em><\/p><hr \/><p>Siehe auch:<\/p><ul><li><a class=\"ext\" href=\"http:\/\/www.ver-kehr.de\/363.html\" target=\"_blank\" rel=\"noopener noreferrer\">VER: Einsatzwagen-Fahrpl\u00e4ne zu den Schulen &#8211; und (weiter unten) alle VER-Linienfahrpl\u00e4ne\u00a0<\/a><\/li><li><a class=\"ext\" href=\"http:\/\/www.vrr.de\/de\/index.html\" target=\"_blank\" rel=\"noopener noreferrer\">VRR: Fahrplanauskunft<\/a><\/li><li><a class=\"ext\" href=\"http:\/\/www.vrr.de\/de\/fahrten\/unterwegs\/index.html\" target=\"_blank\" rel=\"noopener noreferrer\">VRR: Fahrplanauskunft f\u00fcr Smartphones\u00a0(VRR-App)<\/a><\/li><li><a class=\"ext\" href=\"http:\/\/persoenlicherfahrplan.bahn.de\/bin\/pf\/query-p2w.exe\/dn?\" target=\"_blank\" rel=\"noopener noreferrer\">Deutsche Bahn &#8211;\u00a0Rheinlandbus: Ihre pers\u00f6nlichen Fahrplanservices<\/a><\/li><li><a class=\"ext\" href=\"http:\/\/www.rheinlandbus.de\/rheinlandbus\/view\/fahrplan\/kursbuchtmpl.shtml\" target=\"_blank\" rel=\"noopener noreferrer\">Deutsche Bahn &#8211; Rheinlandbus: Fahrplandownload<\/a><\/li><li><a class=\"ext\" href=\"https:\/\/www.wohin-du-willst.de\" target=\"_blank\" rel=\"noopener noreferrer\">DB Regio AG Bus: Wohin-du-willst-App<\/a><\/li><\/ul><h4>Einsatzbusse der VER<\/h4><p>Die VER bietet speziell f\u00fcr die Fahrten\u00a0unsere Sch\u00fclerinnen und Sch\u00fcler zur Schule und von der Schule nach Hause\u00a0mehrere Einsatzbusse an. Die aktuell g\u00fcltigen Fahrpl\u00e4ne mit Einsatzbussen f\u00fcr die Wilhelm-Kraft-Gesamtschule findet man \u00fcber die VER-Seite <strong><a class=\"ext\" href=\"http:\/\/ver-kehr.de\/30962.html\" target=\"_blank\" rel=\"noopener noreferrer\">Einsatzwagen-Fahrpl\u00e4ne zu den Schulen<\/a><\/strong>. Unter dem Link Wilhelm-Kraft-Gesamtschule findet man dort eine PDF-Datei mit den Pl\u00e4nen f\u00fcr die <strong><a class=\"ext\" href=\"http:\/\/ver-kehr.de\/31571.cbin\" target=\"_blank\" rel=\"noopener noreferrer\">Wilhelm-Kraft-Gesamtschule<\/a><\/strong>.<\/p><p><strong>Bei Versp\u00e4tungen und Problemen<\/strong> wenden Sie sich bitte direkt an die VER:<\/p><ul><li>\u00dcber ein <a class=\"ext\" href=\"http:\/\/ver-kehr.de\/362.html\" target=\"_blank\" rel=\"noopener noreferrer\">Kontaktformular<\/a><\/li><li>Per Telefon: 0 180 6 \/ 50 40 30<\/li><li>Per Mail: \u00a0<a class=\"mailto\" href=\"mailto:lob-und-kritik@ver-kehr.de\">lob-und-kritik@ver-kehr.de<\/a><\/li><\/ul><p>Bitte informieren Sie dar\u00fcber auch die Schule \u00fcber diese Kontaktaufnahme:<\/p><ul><li>sebastian.kreutzkamp(at)ge.en-kreis.de<\/li><\/ul>\t\t\t\t\t\t\t\t<\/div>\n\t\t\t\t<\/div>\n\t\t\t\t\t<\/div>\n\t\t<\/div>\n\t\t\t\t\t<\/div>\n\t\t<\/section>\n\t\t\t\t<\/div>\n\t\t","protected":false},"excerpt":{"rendered":"<p>Busverbindungen Unsere Schule liegt gleich neben (hinter) dem Busbahnhof in Sprockh\u00f6vel-Ha\u00dflinghausen. von \/ nach \u00fcber Buslinie Ennepetal 551, SB 37 Gevelsberg 551 Schwelm 585, SB 37 Sprockh\u00f6vel-Hiddinghausen 551 Sprockh\u00f6vel-Niedersprockh\u00f6vel 558, 330, SB 37, SB 67 Wetter 554 Wetter Bf 593 Wuppertal 602, SB 67 Wuppertal (Birkenhof) Herzkamp 583 Alle Angaben ohne Gew\u00e4hr. Siehe auch: VER: Einsatzwagen-Fahrpl\u00e4ne zu den Schulen &#8211; und (weiter unten) alle VER-Linienfahrpl\u00e4ne\u00a0 VRR: Fahrplanauskunft VRR: Fahrplanauskunft f\u00fcr Smartphones\u00a0(VRR-App) Deutsche Bahn &#8211;\u00a0Rheinlandbus: Ihre pers\u00f6nlichen Fahrplanservices Deutsche Bahn &#8211; Rheinlandbus: Fahrplandownload DB Regio AG Bus: Wohin-du-willst-App Einsatzbusse der VER Die VER bietet speziell f\u00fcr die Fahrten\u00a0unsere Sch\u00fclerinnen und Sch\u00fcler zur Schule und von der Schule nach Hause\u00a0mehrere Einsatzbusse an. Die aktuell g\u00fcltigen Fahrpl\u00e4ne mit Einsatzbussen f\u00fcr die Wilhelm-Kraft-Gesamtschule findet man \u00fcber die VER-Seite Einsatzwagen-Fahrpl\u00e4ne zu den Schulen. Unter dem Link Wilhelm-Kraft-Gesamtschule findet man dort eine PDF-Datei mit den Pl\u00e4nen f\u00fcr die Wilhelm-Kraft-Gesamtschule. Bei Versp\u00e4tungen und Problemen wenden Sie sich<\/p>\n","protected":false},"author":2,"featured_media":0,"parent":1622,"menu_order":0,"comment_status":"closed","ping_status":"closed","template":"","meta":{"footnotes":""},"class_list":["post-1626","page","type-page","status-publish","hentry","","tg-column-two"],"_links":{"self":[{"href":"https:\/\/wkge-en.de\/wkge\/wp-json\/wp\/v2\/pages\/1626","targetHints":{"allow":["GET"]}}],"collection":[{"href":"https:\/\/wkge-en.de\/wkge\/wp-json\/wp\/v2\/pages"}],"about":[{"href":"https:\/\/wkge-en.de\/wkge\/wp-json\/wp\/v2\/types\/page"}],"author":[{"embeddable":true,"href":"https:\/\/wkge-en.de\/wkge\/wp-json\/wp\/v2\/users\/2"}],"replies":[{"embeddable":true,"href":"https:\/\/wkge-en.de\/wkge\/wp-json\/wp\/v2\/comments?post=1626"}],"version-history":[{"count":5,"href":"https:\/\/wkge-en.de\/wkge\/wp-json\/wp\/v2\/pages\/1626\/revisions"}],"predecessor-version":[{"id":1643,"href":"https:\/\/wkge-en.de\/wkge\/wp-json\/wp\/v2\/pages\/1626\/revisions\/1643"}],"up":[{"embeddable":true,"href":"https:\/\/wkge-en.de\/wkge\/wp-json\/wp\/v2\/pages\/1622"}],"wp:attachment":[{"href":"https:\/\/wkge-en.de\/wkge\/wp-json\/wp\/v2\/media?parent=1626"}],"curies":[{"name":"wp","href":"https:\/\/api.w.org\/{rel}","templated":true}]}}