{"id":1655,"date":"2018-12-16T21:21:43","date_gmt":"2018-12-16T20:21:43","guid":{"rendered":"http:\/\/wkge-en.de\/wkge\/?page_id=1655"},"modified":"2018-12-16T21:25:35","modified_gmt":"2018-12-16T20:25:35","slug":"elternmitwirkung","status":"publish","type":"page","link":"https:\/\/wkge-en.de\/wkge\/eltern\/elternmitwirkung\/","title":{"rendered":"Elternmitwirkung"},"content":{"rendered":"\t\t<div data-elementor-type=\"wp-post\" data-elementor-id=\"1655\" class=\"elementor elementor-1655 elementor-bc-flex-widget\">\n\t\t\t\t\t\t<section class=\"elementor-section elementor-top-section elementor-element elementor-element-ff654c7 elementor-section-boxed elementor-section-height-default elementor-section-height-default\" data-id=\"ff654c7\" data-element_type=\"section\" data-e-type=\"section\">\n\t\t\t\t\t\t<div class=\"elementor-container elementor-column-gap-default\">\n\t\t\t\t\t<div class=\"elementor-column elementor-col-100 elementor-top-column elementor-element elementor-element-9d8f9c7\" data-id=\"9d8f9c7\" data-element_type=\"column\" data-e-type=\"column\">\n\t\t\t<div class=\"elementor-widget-wrap elementor-element-populated\">\n\t\t\t\t\t\t<div class=\"elementor-element elementor-element-262bddc elementor-widget elementor-widget-heading\" data-id=\"262bddc\" data-element_type=\"widget\" data-e-type=\"widget\" data-widget_type=\"heading.default\">\n\t\t\t\t<div class=\"elementor-widget-container\">\n\t\t\t\t\t<h2 class=\"elementor-heading-title elementor-size-default\">Elternmitwirkung<\/h2>\t\t\t\t<\/div>\n\t\t\t\t<\/div>\n\t\t\t\t\t<\/div>\n\t\t<\/div>\n\t\t\t\t\t<\/div>\n\t\t<\/section>\n\t\t\t\t<section class=\"elementor-section elementor-top-section elementor-element elementor-element-9d9b852 elementor-section-boxed elementor-section-height-default elementor-section-height-default\" data-id=\"9d9b852\" data-element_type=\"section\" data-e-type=\"section\">\n\t\t\t\t\t\t<div class=\"elementor-container elementor-column-gap-default\">\n\t\t\t\t\t<div class=\"elementor-column elementor-col-100 elementor-top-column elementor-element elementor-element-3f77455\" data-id=\"3f77455\" data-element_type=\"column\" data-e-type=\"column\">\n\t\t\t<div class=\"elementor-widget-wrap elementor-element-populated\">\n\t\t\t\t\t\t<div class=\"elementor-element elementor-element-0d2661a elementor-widget elementor-widget-text-editor\" data-id=\"0d2661a\" data-element_type=\"widget\" data-e-type=\"widget\" data-widget_type=\"text-editor.default\">\n\t\t\t\t<div class=\"elementor-widget-container\">\n\t\t\t\t\t\t\t\t\t<div class=\"region region-content\"><div id=\"block-system-main\" class=\"block block-system\"><div class=\"content\"><div id=\"node-2850\" class=\"node node-page node-promoted clearfix\"><div class=\"content clearfix\"><div class=\"field field-name-body field-type-text-with-summary field-label-hidden\"><div class=\"field-items\"><div class=\"field-item even\"><p>Die Brosch\u00fcre &#8222;<a class=\"ext\" href=\"https:\/\/broschueren.nordrheinwestfalendirekt.de\/broschuerenservice\/msw\/das-abc-der-elternmitwirkung\/913\" target=\"_blank\" rel=\"noopener noreferrer\"><strong>Das ABC der Elternmitwirkung<\/strong>. Infos zu Gremien, Wahlen, Elternverb\u00e4nden<\/a>&#8220; des <a class=\"ext\" href=\"http:\/\/www.schulministerium.nrw.de\" target=\"_blank\" rel=\"noopener noreferrer\">Ministeriums f\u00fcr Schule und Weiterbildung des Landes Nordrhein-Westfalen<\/a> steht auch <a href=\"http:\/\/wkge-en.de\/wkge\/wp-content\/uploads\/elternmitwirkung.pdf\">hier im Anhang<\/a> zur Verf\u00fcgung.<\/p><\/div><\/div><\/div><\/div><\/div><\/div><\/div><\/div>\t\t\t\t\t\t\t\t<\/div>\n\t\t\t\t<\/div>\n\t\t\t\t\t<\/div>\n\t\t<\/div>\n\t\t\t\t\t<\/div>\n\t\t<\/section>\n\t\t\t\t<\/div>\n\t\t","protected":false},"excerpt":{"rendered":"<p>Elternmitwirkung Die Brosch\u00fcre &#8222;Das ABC der Elternmitwirkung. Infos zu Gremien, Wahlen, Elternverb\u00e4nden&#8220; des Ministeriums f\u00fcr Schule und Weiterbildung des Landes Nordrhein-Westfalen steht auch hier im Anhang zur Verf\u00fcgung.<\/p>\n","protected":false},"author":2,"featured_media":0,"parent":85,"menu_order":0,"comment_status":"closed","ping_status":"closed","template":"","meta":{"footnotes":""},"class_list":["post-1655","page","type-page","status-publish","hentry","","tg-column-two"],"_links":{"self":[{"href":"https:\/\/wkge-en.de\/wkge\/wp-json\/wp\/v2\/pages\/1655","targetHints":{"allow":["GET"]}}],"collection":[{"href":"https:\/\/wkge-en.de\/wkge\/wp-json\/wp\/v2\/pages"}],"about":[{"href":"https:\/\/wkge-en.de\/wkge\/wp-json\/wp\/v2\/types\/page"}],"author":[{"embeddable":true,"href":"https:\/\/wkge-en.de\/wkge\/wp-json\/wp\/v2\/users\/2"}],"replies":[{"embeddable":true,"href":"https:\/\/wkge-en.de\/wkge\/wp-json\/wp\/v2\/comments?post=1655"}],"version-history":[{"count":4,"href":"https:\/\/wkge-en.de\/wkge\/wp-json\/wp\/v2\/pages\/1655\/revisions"}],"predecessor-version":[{"id":1663,"href":"https:\/\/wkge-en.de\/wkge\/wp-json\/wp\/v2\/pages\/1655\/revisions\/1663"}],"up":[{"embeddable":true,"href":"https:\/\/wkge-en.de\/wkge\/wp-json\/wp\/v2\/pages\/85"}],"wp:attachment":[{"href":"https:\/\/wkge-en.de\/wkge\/wp-json\/wp\/v2\/media?parent=1655"}],"curies":[{"name":"wp","href":"https:\/\/api.w.org\/{rel}","templated":true}]}}