{"id":1664,"date":"2018-12-16T21:25:48","date_gmt":"2018-12-16T20:25:48","guid":{"rendered":"http:\/\/wkge-en.de\/wkge\/?page_id=1664"},"modified":"2019-01-02T20:46:47","modified_gmt":"2019-01-02T19:46:47","slug":"meldepflichtige-krankheiten","status":"publish","type":"page","link":"https:\/\/wkge-en.de\/wkge\/eltern\/meldepflichtige-krankheiten\/","title":{"rendered":"Meldepflichtige Krankheiten"},"content":{"rendered":"\t\t<div data-elementor-type=\"wp-post\" data-elementor-id=\"1664\" class=\"elementor elementor-1664 elementor-bc-flex-widget\">\n\t\t\t\t\t\t<section class=\"elementor-section elementor-top-section elementor-element elementor-element-30e12e2 elementor-section-boxed elementor-section-height-default elementor-section-height-default\" data-id=\"30e12e2\" data-element_type=\"section\" data-e-type=\"section\">\n\t\t\t\t\t\t<div class=\"elementor-container elementor-column-gap-default\">\n\t\t\t\t\t<div class=\"elementor-column elementor-col-100 elementor-top-column elementor-element elementor-element-c6cb509\" data-id=\"c6cb509\" data-element_type=\"column\" data-e-type=\"column\">\n\t\t\t<div class=\"elementor-widget-wrap elementor-element-populated\">\n\t\t\t\t\t\t<div class=\"elementor-element elementor-element-bf0f950 elementor-widget elementor-widget-heading\" data-id=\"bf0f950\" data-element_type=\"widget\" data-e-type=\"widget\" data-widget_type=\"heading.default\">\n\t\t\t\t<div class=\"elementor-widget-container\">\n\t\t\t\t\t<h2 class=\"elementor-heading-title elementor-size-default\">Meldepflichtige Krankheiten<\/h2>\t\t\t\t<\/div>\n\t\t\t\t<\/div>\n\t\t\t\t\t<\/div>\n\t\t<\/div>\n\t\t\t\t\t<\/div>\n\t\t<\/section>\n\t\t\t\t<section class=\"elementor-section elementor-top-section elementor-element elementor-element-b7e66c0 elementor-section-boxed elementor-section-height-default elementor-section-height-default\" data-id=\"b7e66c0\" data-element_type=\"section\" data-e-type=\"section\">\n\t\t\t\t\t\t<div class=\"elementor-container elementor-column-gap-default\">\n\t\t\t\t\t<div class=\"elementor-column elementor-col-100 elementor-top-column elementor-element elementor-element-2e4c326\" data-id=\"2e4c326\" data-element_type=\"column\" data-e-type=\"column\">\n\t\t\t<div class=\"elementor-widget-wrap elementor-element-populated\">\n\t\t\t\t\t\t<div class=\"elementor-element elementor-element-d88b40f elementor-widget elementor-widget-text-editor\" data-id=\"d88b40f\" data-element_type=\"widget\" data-e-type=\"widget\" data-widget_type=\"text-editor.default\">\n\t\t\t\t<div class=\"elementor-widget-container\">\n\t\t\t\t\t\t\t\t\t<p>Um die Verbreitung gef\u00e4hrlicher Krankheiten einzud\u00e4mmen, sind eine Reihe von Krankheiten meldepflichtig. <strong>Falls sich Ihr Kind mit einer dieser Krankheiten angesteckt hat, darf es die Schule nicht mehr besuchen.<\/strong> Sie sind verpflichtet, die Infektion der Schule zu melden. Wir geben die Information an das \u00f6rtliche Gesundheitsamt weiter. <strong>Ihr Kind darf erst wieder zur Schule, wenn nach \u00e4rztlichem Urteil eine Weiterverbreitung nicht mehr zu bef\u00fcrchten ist.<\/strong><\/p><p><strong>Der Besuch von Gemeinschaftseinrichtungen wie Kinderg\u00e4rten und Schulen ist Menschen, die an folgenden Krankheiten leiden, bei Verdacht und Erkrankung an folgenden Infektionen gesetzlich verboten:<\/strong><\/p><p>&#8211; Cholera<\/p><p>&#8211; Diphtherie<\/p><p>&#8211; Enteritis durch enteroh\u00e4morrhagische E. coli (EHEC)<\/p><p>&#8211; virusbedingtes h\u00e4morrhagisches Fieber<\/p><p>&#8211; Haemophilus influenzae Typ b-Meningitis<\/p><p>&#8211; Impetigo contagiosa (ansteckende Borkenflechte)<\/p><p>&#8211; Keuchhusten<\/p><p>&#8211; L\u00e4use<\/p><p>&#8211; ansteckungsf\u00e4hige Lungentuberkulose<\/p><p>&#8211; Masern<\/p><p>&#8211; Meningokokken-Infektion<\/p><p>&#8211; Mumps<\/p><p>&#8211; Paratyphus<\/p><p>&#8211; Pest<\/p><p>&#8211; Poliomyelitis<\/p><p>&#8211; Kr\u00e4tze<\/p><p>&#8211; Scharlach oder sonstige Streptococcus pyogenes-Infektionen<\/p><p>&#8211; Shigellose<\/p><p>&#8211; Typhus abdominalis<\/p><p>&#8211; Hepatitis A und Hepatitis E<\/p><p>&#8211; Windpocken<\/p><p><strong>Die Zustimmung durch das Gesundheitsamt zum Aufenthalt in Gemeinschaftseinrichtungen ist <\/strong><strong>notwendig f\u00fcr Ausscheider folgender Erreger:<\/strong><\/p><p>&#8211; Vibrio cholerae O 1 und O 139 (Erreger der Cholera)<\/p><p>&#8211; toxinbildendes Corynebacterium diphtheriae (Erreger der Diphtherie)<\/p><p>&#8211; Salmonella Paratyphi (Erreger des Paratyphus)<\/p><p>&#8211; Salmonella Typhi (Erreger des Typhus)<\/p><p>&#8211; Shigella alle Spezies (Erreger der Shigellenruhr)<\/p><p>&#8211; enteroh\u00e4morrhagische Escherichia coli-St\u00e4mme (EHEC).<\/p><p>Bei Meldung an die Schule werden wir auch die vom Gesundheitsamt vorgesehenen Informationen in den entsprechenden Klassen ausgeben.<\/p><p>Mehr Informationen finden Sie auf der Seite des Schulministeriums unter <a href=\"https:\/\/www.schulministerium.nrw.de\/docs\/Recht\/Schulgesundheitsrecht\/index.html\">Schulgesundheitsrecht<\/a>.<\/p>\t\t\t\t\t\t\t\t<\/div>\n\t\t\t\t<\/div>\n\t\t\t\t\t<\/div>\n\t\t<\/div>\n\t\t\t\t\t<\/div>\n\t\t<\/section>\n\t\t\t\t<\/div>\n\t\t","protected":false},"excerpt":{"rendered":"<p>Meldepflichtige Krankheiten Um die Verbreitung gef\u00e4hrlicher Krankheiten einzud\u00e4mmen, sind eine Reihe von Krankheiten meldepflichtig. Falls sich Ihr Kind mit einer dieser Krankheiten angesteckt hat, darf es die Schule nicht mehr besuchen. Sie sind verpflichtet, die Infektion der Schule zu melden. Wir geben die Information an das \u00f6rtliche Gesundheitsamt weiter. Ihr Kind darf erst wieder zur Schule, wenn nach \u00e4rztlichem Urteil eine Weiterverbreitung nicht mehr zu bef\u00fcrchten ist. Der Besuch von Gemeinschaftseinrichtungen wie Kinderg\u00e4rten und Schulen ist Menschen, die an folgenden Krankheiten leiden, bei Verdacht und Erkrankung an folgenden Infektionen gesetzlich verboten: &#8211; Cholera &#8211; Diphtherie &#8211; Enteritis durch enteroh\u00e4morrhagische E. coli (EHEC) &#8211; virusbedingtes h\u00e4morrhagisches Fieber &#8211; Haemophilus influenzae Typ b-Meningitis &#8211; Impetigo contagiosa (ansteckende Borkenflechte) &#8211; Keuchhusten &#8211; L\u00e4use &#8211; ansteckungsf\u00e4hige Lungentuberkulose &#8211; Masern &#8211; Meningokokken-Infektion &#8211; Mumps &#8211; Paratyphus &#8211; Pest &#8211; Poliomyelitis &#8211; Kr\u00e4tze &#8211; Scharlach oder sonstige Streptococcus pyogenes-Infektionen &#8211; Shigellose &#8211; Typhus abdominalis &#8211; Hepatitis<\/p>\n","protected":false},"author":2,"featured_media":0,"parent":85,"menu_order":0,"comment_status":"closed","ping_status":"closed","template":"","meta":{"footnotes":""},"class_list":["post-1664","page","type-page","status-publish","hentry","","tg-column-two"],"_links":{"self":[{"href":"https:\/\/wkge-en.de\/wkge\/wp-json\/wp\/v2\/pages\/1664","targetHints":{"allow":["GET"]}}],"collection":[{"href":"https:\/\/wkge-en.de\/wkge\/wp-json\/wp\/v2\/pages"}],"about":[{"href":"https:\/\/wkge-en.de\/wkge\/wp-json\/wp\/v2\/types\/page"}],"author":[{"embeddable":true,"href":"https:\/\/wkge-en.de\/wkge\/wp-json\/wp\/v2\/users\/2"}],"replies":[{"embeddable":true,"href":"https:\/\/wkge-en.de\/wkge\/wp-json\/wp\/v2\/comments?post=1664"}],"version-history":[{"count":4,"href":"https:\/\/wkge-en.de\/wkge\/wp-json\/wp\/v2\/pages\/1664\/revisions"}],"predecessor-version":[{"id":2631,"href":"https:\/\/wkge-en.de\/wkge\/wp-json\/wp\/v2\/pages\/1664\/revisions\/2631"}],"up":[{"embeddable":true,"href":"https:\/\/wkge-en.de\/wkge\/wp-json\/wp\/v2\/pages\/85"}],"wp:attachment":[{"href":"https:\/\/wkge-en.de\/wkge\/wp-json\/wp\/v2\/media?parent=1664"}],"curies":[{"name":"wp","href":"https:\/\/api.w.org\/{rel}","templated":true}]}}