{"id":1679,"date":"2018-12-16T21:35:28","date_gmt":"2018-12-16T20:35:28","guid":{"rendered":"http:\/\/wkge-en.de\/wkge\/?page_id=1679"},"modified":"2022-11-09T14:36:59","modified_gmt":"2022-11-09T13:36:59","slug":"entschuldigungsverfahren","status":"publish","type":"page","link":"https:\/\/wkge-en.de\/wkge\/schulalltag\/entschuldigungsverfahren\/","title":{"rendered":"Entschuldigungsverfahren"},"content":{"rendered":"\t\t<div data-elementor-type=\"wp-post\" data-elementor-id=\"1679\" class=\"elementor elementor-1679\">\n\t\t\t\t\t\t<section class=\"elementor-section elementor-top-section elementor-element elementor-element-4d02829 elementor-section-boxed elementor-section-height-default elementor-section-height-default\" data-id=\"4d02829\" data-element_type=\"section\" data-e-type=\"section\">\n\t\t\t\t\t\t<div class=\"elementor-container elementor-column-gap-default\">\n\t\t\t\t\t<div class=\"elementor-column elementor-col-100 elementor-top-column elementor-element elementor-element-b7f79a4\" data-id=\"b7f79a4\" data-element_type=\"column\" data-e-type=\"column\">\n\t\t\t<div class=\"elementor-widget-wrap elementor-element-populated\">\n\t\t\t\t\t\t<div class=\"elementor-element elementor-element-ba78318 elementor-widget elementor-widget-heading\" data-id=\"ba78318\" data-element_type=\"widget\" data-e-type=\"widget\" data-widget_type=\"heading.default\">\n\t\t\t\t<div class=\"elementor-widget-container\">\n\t\t\t\t\t<h2 class=\"elementor-heading-title elementor-size-default\">Entschuldigungsverfahren<\/h2>\t\t\t\t<\/div>\n\t\t\t\t<\/div>\n\t\t\t\t\t<\/div>\n\t\t<\/div>\n\t\t\t\t\t<\/div>\n\t\t<\/section>\n\t\t\t\t<section class=\"elementor-section elementor-top-section elementor-element elementor-element-7eac47d elementor-section-boxed elementor-section-height-default elementor-section-height-default\" data-id=\"7eac47d\" data-element_type=\"section\" data-e-type=\"section\">\n\t\t\t\t\t\t<div class=\"elementor-container elementor-column-gap-default\">\n\t\t\t\t\t<div class=\"elementor-column elementor-col-100 elementor-top-column elementor-element elementor-element-e74fefc\" data-id=\"e74fefc\" data-element_type=\"column\" data-e-type=\"column\">\n\t\t\t<div class=\"elementor-widget-wrap elementor-element-populated\">\n\t\t\t\t\t\t<div class=\"elementor-element elementor-element-1aeb230 elementor-widget elementor-widget-text-editor\" data-id=\"1aeb230\" data-element_type=\"widget\" data-e-type=\"widget\" data-widget_type=\"text-editor.default\">\n\t\t\t\t<div class=\"elementor-widget-container\">\n\t\t\t\t\t\t\t\t\t<p>Folgendes Entschuldigungsverfahren gilt an der Wilhelm-Kraft-Gesamtschule:<\/p><ol><li>Entschuldigungen werden von den Eltern nach einer Krankheit zeitnah (Gesetz: unverz\u00fcglich) in der Schule bei KL abgegeben.<\/li><li>Entschuldigungen, die <u>sp\u00e4ter als eine Woche<\/u> nach Widergenesung vorgelegt werden, werden nicht mehr akzeptiert.<\/li><li>Klassenleitungen sind nicht verpflichtet, im Nachhinein Sch\u00fcler Auskunft \u00fcber konkrete Fehlzeiten zu geben, um Entschuldigungen zu verfertigen.<\/li><li>Sammelentschuldigungen, die sich auf unterschiedliche Fehlzeiten beziehen sind unzul\u00e4ssig.<\/li><li>Bei l\u00e4ngeren Erkrankungen erwartet die Schule sp\u00e4testens am dritten Krankheitstag eine Zwischeninformation. Oberstufensch\u00fcler ben\u00f6tigen ab dem dritten Krankheitstag eine \u00e4rztliche Bescheinigung.<\/li><li>Entschuldigungen sind eine Bringschuld der Erziehungsberechtigten bzw. der vollj\u00e4hrigen Sch\u00fclerinnen und Sch\u00fcler, keine HOLPFLICHT der Schule.<\/li><li>Entschuldigungen m\u00fcssen von einem Erziehungsberechtigten unterschrieben sein. Entschuldigungen per SMS oder Email sind nur zul\u00e4ssig, wenn sie sp\u00e4ter schriftlich best\u00e4tigt werden. Sie sind als alleinige Entschuldigung nicht eindeutig den Eltern zuzuordnen und daher unzul\u00e4ssig.<\/li><li>Bei Arztbesuchen gilt nur die Entschuldigung der Erziehungsberechtigten. Ein Arzt kann das Kind nicht entschuldigen.<\/li><li>Kinder, die krank nach Hause entlassen werden, ben\u00f6tigen eine Entschuldigung der Eltern f\u00fcr den vers\u00e4umten Unterricht. Die Entlassung nach Hause bedarf der Information der Eltern (in der Regel \u00fcber das Entlass-Zettel-System des Sekretariates).<\/li><li>Bei Attestpflicht wird die Arzt-Bescheinigung zus\u00e4tzlich zur Entschuldigung erwartet. Atteste werden nur akzeptiert, wenn sie sp\u00e4testens am 5. Werktag nach Wiedergenesung der Schule vorgelegt werden.<\/li><li>Attestpflicht kann von der Abteilungsleitung nach \u00a7 43 bei begr\u00fcndeten Zweifeln verf\u00fcgt werden. Kosten werden von der Schule nicht \u00fcbernommen. Schul- bzw. amts\u00e4rztliche Gutachten werden auf Anforderung der Schulleitung beantragt.<\/li><li>Entschuldigungen m\u00fcssen mindestens bis zum Abschluss des Schuljahrs-Endzeugnisses bzw. der damit zusammenh\u00e4ngenden Einspruchsfrist aufbewahrt werden.<\/li><li>Vollj\u00e4hrigen Sch\u00fclerinnen und Sch\u00fclern kann die Berechtigung, Entschuldigungen selber zu verfertigen, durch die Abteilungsleiterin entzogen werden.<\/li><li>Eine Attestpflicht besteht an Klausurterminen von Klausuren der Jahrgangsstufe 11 -13, bei zentralen Abschlusspr\u00fcfungen und Abiturpr\u00fcfungen.<\/li><li>Eine Attestpflicht besteht generell bei Fehlzeiten unmittelbar im Anschluss oder zu Beginn von Ferien. Bei nicht mit Attest belegten Fehlzeiten an diesen Tagen sind die Klassenleitungen der Schulleitung gegen\u00fcber berichtspflichtig. Diese Fehlzeiten haben in der Regel Bu\u00dfgeldbescheide der Schulaufsicht zur Folge.<\/li><li>Unentschuldigte Fehlzeiten werden entsprechend auf den Zeugnissen vermerkt, nicht aber auf Abgangszeugnissen.<\/li><li>Unentschuldigte Fehlzeiten beeinflussen den Bewertungsbereich \u201eSonstige Mitarbeit\u201c negativ, weil sie wie nicht erbrachte Leistung gewertet werden k\u00f6nnen.<\/li><\/ol><p>Sprockh\u00f6vel, November 2022<\/p><p>Schulleitung der Wilhelm-Kraft-Gesamtschule<\/p>\t\t\t\t\t\t\t\t<\/div>\n\t\t\t\t<\/div>\n\t\t\t\t\t<\/div>\n\t\t<\/div>\n\t\t\t\t\t<\/div>\n\t\t<\/section>\n\t\t\t\t<\/div>\n\t\t","protected":false},"excerpt":{"rendered":"<p>Entschuldigungsverfahren Folgendes Entschuldigungsverfahren gilt an der Wilhelm-Kraft-Gesamtschule: Entschuldigungen werden von den Eltern nach einer Krankheit zeitnah (Gesetz: unverz\u00fcglich) in der Schule bei KL abgegeben. Entschuldigungen, die sp\u00e4ter als eine Woche nach Widergenesung vorgelegt werden, werden nicht mehr akzeptiert. Klassenleitungen sind nicht verpflichtet, im Nachhinein Sch\u00fcler Auskunft \u00fcber konkrete Fehlzeiten zu geben, um Entschuldigungen zu verfertigen. Sammelentschuldigungen, die sich auf unterschiedliche Fehlzeiten beziehen sind unzul\u00e4ssig. Bei l\u00e4ngeren Erkrankungen erwartet die Schule sp\u00e4testens am dritten Krankheitstag eine Zwischeninformation. Oberstufensch\u00fcler ben\u00f6tigen ab dem dritten Krankheitstag eine \u00e4rztliche Bescheinigung. Entschuldigungen sind eine Bringschuld der Erziehungsberechtigten bzw. der vollj\u00e4hrigen Sch\u00fclerinnen und Sch\u00fcler, keine HOLPFLICHT der Schule. Entschuldigungen m\u00fcssen von einem Erziehungsberechtigten unterschrieben sein. Entschuldigungen per SMS oder Email sind nur zul\u00e4ssig, wenn sie sp\u00e4ter schriftlich best\u00e4tigt werden. Sie sind als alleinige Entschuldigung nicht eindeutig den Eltern zuzuordnen und daher unzul\u00e4ssig. Bei Arztbesuchen gilt nur die Entschuldigung der Erziehungsberechtigten. Ein Arzt kann das Kind nicht entschuldigen.<\/p>\n","protected":false},"author":2,"featured_media":0,"parent":79,"menu_order":0,"comment_status":"closed","ping_status":"closed","template":"","meta":{"footnotes":""},"class_list":["post-1679","page","type-page","status-publish","hentry","","tg-column-two"],"_links":{"self":[{"href":"https:\/\/wkge-en.de\/wkge\/wp-json\/wp\/v2\/pages\/1679","targetHints":{"allow":["GET"]}}],"collection":[{"href":"https:\/\/wkge-en.de\/wkge\/wp-json\/wp\/v2\/pages"}],"about":[{"href":"https:\/\/wkge-en.de\/wkge\/wp-json\/wp\/v2\/types\/page"}],"author":[{"embeddable":true,"href":"https:\/\/wkge-en.de\/wkge\/wp-json\/wp\/v2\/users\/2"}],"replies":[{"embeddable":true,"href":"https:\/\/wkge-en.de\/wkge\/wp-json\/wp\/v2\/comments?post=1679"}],"version-history":[{"count":8,"href":"https:\/\/wkge-en.de\/wkge\/wp-json\/wp\/v2\/pages\/1679\/revisions"}],"predecessor-version":[{"id":7071,"href":"https:\/\/wkge-en.de\/wkge\/wp-json\/wp\/v2\/pages\/1679\/revisions\/7071"}],"up":[{"embeddable":true,"href":"https:\/\/wkge-en.de\/wkge\/wp-json\/wp\/v2\/pages\/79"}],"wp:attachment":[{"href":"https:\/\/wkge-en.de\/wkge\/wp-json\/wp\/v2\/media?parent=1679"}],"curies":[{"name":"wp","href":"https:\/\/api.w.org\/{rel}","templated":true}]}}