{"id":173,"date":"2018-12-06T12:54:13","date_gmt":"2018-12-06T11:54:13","guid":{"rendered":"http:\/\/wkge-en.de\/wkge\/?page_id=173"},"modified":"2018-12-06T12:55:12","modified_gmt":"2018-12-06T11:55:12","slug":"die-gymnasiale-oberstufe","status":"publish","type":"page","link":"https:\/\/wkge-en.de\/wkge\/unsere-schule\/schulprogramm\/die-wilhelm-kraft-gesamtschule\/gesamtschulstruktur\/die-gymnasiale-oberstufe\/","title":{"rendered":"Die Gymnasiale Oberstufe"},"content":{"rendered":"\t\t<div data-elementor-type=\"wp-post\" data-elementor-id=\"173\" class=\"elementor elementor-173 elementor-bc-flex-widget\">\n\t\t\t\t\t\t<section class=\"elementor-section elementor-top-section elementor-element elementor-element-f9cd385 elementor-section-boxed elementor-section-height-default elementor-section-height-default\" data-id=\"f9cd385\" data-element_type=\"section\" data-e-type=\"section\">\n\t\t\t\t\t\t<div class=\"elementor-container elementor-column-gap-default\">\n\t\t\t\t\t<div class=\"elementor-column elementor-col-100 elementor-top-column elementor-element elementor-element-966a123\" data-id=\"966a123\" data-element_type=\"column\" data-e-type=\"column\">\n\t\t\t<div class=\"elementor-widget-wrap elementor-element-populated\">\n\t\t\t\t\t\t<div class=\"elementor-element elementor-element-5e4dbc3 elementor-widget elementor-widget-heading\" data-id=\"5e4dbc3\" data-element_type=\"widget\" data-e-type=\"widget\" data-widget_type=\"heading.default\">\n\t\t\t\t<div class=\"elementor-widget-container\">\n\t\t\t\t\t<h2 class=\"elementor-heading-title elementor-size-default\">Gymnasiale Oberstufe<\/h2>\t\t\t\t<\/div>\n\t\t\t\t<\/div>\n\t\t\t\t\t<\/div>\n\t\t<\/div>\n\t\t\t\t\t<\/div>\n\t\t<\/section>\n\t\t\t\t<section class=\"elementor-section elementor-top-section elementor-element elementor-element-e4bf390 elementor-section-boxed elementor-section-height-default elementor-section-height-default\" data-id=\"e4bf390\" data-element_type=\"section\" data-e-type=\"section\">\n\t\t\t\t\t\t<div class=\"elementor-container elementor-column-gap-default\">\n\t\t\t\t\t<div class=\"elementor-column elementor-col-100 elementor-top-column elementor-element elementor-element-ad94525\" data-id=\"ad94525\" data-element_type=\"column\" data-e-type=\"column\">\n\t\t\t<div class=\"elementor-widget-wrap elementor-element-populated\">\n\t\t\t\t\t\t<div class=\"elementor-element elementor-element-bc475cd elementor-widget elementor-widget-text-editor\" data-id=\"bc475cd\" data-element_type=\"widget\" data-e-type=\"widget\" data-widget_type=\"text-editor.default\">\n\t\t\t\t<div class=\"elementor-widget-container\">\n\t\t\t\t\t\t\t\t\t<div class=\"region region-content\"><div id=\"block-system-main\" class=\"block block-system\"><div class=\"content\"><div id=\"node-77\" class=\"node node-book clearfix\"><div class=\"content clearfix\"><div class=\"field field-name-body field-type-text-with-summary field-label-hidden\"><div class=\"field-items\"><div class=\"field-item even\"><p>Alle Sch\u00fclerinnen und Sch\u00fcler &#8211; sowohl die unserer Schule als auch die der Haupt- und Realschulen -, die am Ende der Klasse 10 die Fachoberschulreife mit Qualifikationsvermerk erreichen, k\u00f6nnen ihre Schullaufbahn in der <a href=\"http:\/\/wilhelm-kraft-gesamtschule.de\/schulprogramm\/oberstufe\">gymnasialen Oberstufe<\/a> unserer Schule fortsetzen.<\/p><p>F\u00fcr die gymnasiale Oberstufe, gleichg\u00fcltig an welcher Schulform, ob zum Beispiel an der Gesamtschule oder am Gymnasium, gelten grunds\u00e4tzlich die Bedingungen und Bestimmungen der KMK (Kultusministerkonferenz) sowie der APO-GOSt (Verordnung \u00fcber die Bildungsg\u00e4nge und die Abiturpr\u00fcfung).<\/p><\/div><\/div><\/div><\/div><\/div><\/div><\/div><\/div>\t\t\t\t\t\t\t\t<\/div>\n\t\t\t\t<\/div>\n\t\t\t\t\t<\/div>\n\t\t<\/div>\n\t\t\t\t\t<\/div>\n\t\t<\/section>\n\t\t\t\t<\/div>\n\t\t","protected":false},"excerpt":{"rendered":"<p>Gymnasiale Oberstufe Alle Sch\u00fclerinnen und Sch\u00fcler &#8211; sowohl die unserer Schule als auch die der Haupt- und Realschulen -, die am Ende der Klasse 10 die Fachoberschulreife mit Qualifikationsvermerk erreichen, k\u00f6nnen ihre Schullaufbahn in der gymnasialen Oberstufe unserer Schule fortsetzen. F\u00fcr die gymnasiale Oberstufe, gleichg\u00fcltig an welcher Schulform, ob zum Beispiel an der Gesamtschule oder am Gymnasium, gelten grunds\u00e4tzlich die Bedingungen und Bestimmungen der KMK (Kultusministerkonferenz) sowie der APO-GOSt (Verordnung \u00fcber die Bildungsg\u00e4nge und die Abiturpr\u00fcfung).<\/p>\n","protected":false},"author":2,"featured_media":0,"parent":162,"menu_order":0,"comment_status":"closed","ping_status":"closed","template":"","meta":{"footnotes":""},"class_list":["post-173","page","type-page","status-publish","hentry","","tg-column-two"],"_links":{"self":[{"href":"https:\/\/wkge-en.de\/wkge\/wp-json\/wp\/v2\/pages\/173","targetHints":{"allow":["GET"]}}],"collection":[{"href":"https:\/\/wkge-en.de\/wkge\/wp-json\/wp\/v2\/pages"}],"about":[{"href":"https:\/\/wkge-en.de\/wkge\/wp-json\/wp\/v2\/types\/page"}],"author":[{"embeddable":true,"href":"https:\/\/wkge-en.de\/wkge\/wp-json\/wp\/v2\/users\/2"}],"replies":[{"embeddable":true,"href":"https:\/\/wkge-en.de\/wkge\/wp-json\/wp\/v2\/comments?post=173"}],"version-history":[{"count":2,"href":"https:\/\/wkge-en.de\/wkge\/wp-json\/wp\/v2\/pages\/173\/revisions"}],"predecessor-version":[{"id":175,"href":"https:\/\/wkge-en.de\/wkge\/wp-json\/wp\/v2\/pages\/173\/revisions\/175"}],"up":[{"embeddable":true,"href":"https:\/\/wkge-en.de\/wkge\/wp-json\/wp\/v2\/pages\/162"}],"wp:attachment":[{"href":"https:\/\/wkge-en.de\/wkge\/wp-json\/wp\/v2\/media?parent=173"}],"curies":[{"name":"wp","href":"https:\/\/api.w.org\/{rel}","templated":true}]}}