{"id":176,"date":"2018-12-06T12:55:33","date_gmt":"2018-12-06T11:55:33","guid":{"rendered":"http:\/\/wkge-en.de\/wkge\/?page_id=176"},"modified":"2018-12-06T12:58:41","modified_gmt":"2018-12-06T11:58:41","slug":"abschluesse","status":"publish","type":"page","link":"https:\/\/wkge-en.de\/wkge\/unsere-schule\/schulprogramm\/die-wilhelm-kraft-gesamtschule\/gesamtschulstruktur\/abschluesse\/","title":{"rendered":"Abschl\u00fcsse"},"content":{"rendered":"\t\t<div data-elementor-type=\"wp-post\" data-elementor-id=\"176\" class=\"elementor elementor-176 elementor-bc-flex-widget\">\n\t\t\t\t\t\t<section class=\"elementor-section elementor-top-section elementor-element elementor-element-d2a735a elementor-section-boxed elementor-section-height-default elementor-section-height-default\" data-id=\"d2a735a\" data-element_type=\"section\" data-e-type=\"section\">\n\t\t\t\t\t\t<div class=\"elementor-container elementor-column-gap-default\">\n\t\t\t\t\t<div class=\"elementor-column elementor-col-100 elementor-top-column elementor-element elementor-element-6d557c0\" data-id=\"6d557c0\" data-element_type=\"column\" data-e-type=\"column\">\n\t\t\t<div class=\"elementor-widget-wrap elementor-element-populated\">\n\t\t\t\t\t\t<div class=\"elementor-element elementor-element-f993973 elementor-widget elementor-widget-heading\" data-id=\"f993973\" data-element_type=\"widget\" data-e-type=\"widget\" data-widget_type=\"heading.default\">\n\t\t\t\t<div class=\"elementor-widget-container\">\n\t\t\t\t\t<h2 class=\"elementor-heading-title elementor-size-default\">Abschl\u00fcsse<\/h2>\t\t\t\t<\/div>\n\t\t\t\t<\/div>\n\t\t\t\t\t<\/div>\n\t\t<\/div>\n\t\t\t\t\t<\/div>\n\t\t<\/section>\n\t\t\t\t<section class=\"elementor-section elementor-top-section elementor-element elementor-element-8e6d4eb elementor-section-boxed elementor-section-height-default elementor-section-height-default\" data-id=\"8e6d4eb\" data-element_type=\"section\" data-e-type=\"section\">\n\t\t\t\t\t\t<div class=\"elementor-container elementor-column-gap-default\">\n\t\t\t\t\t<div class=\"elementor-column elementor-col-100 elementor-top-column elementor-element elementor-element-02f8c4c\" data-id=\"02f8c4c\" data-element_type=\"column\" data-e-type=\"column\">\n\t\t\t<div class=\"elementor-widget-wrap elementor-element-populated\">\n\t\t\t\t\t\t<div class=\"elementor-element elementor-element-7bcbc17 elementor-widget elementor-widget-text-editor\" data-id=\"7bcbc17\" data-element_type=\"widget\" data-e-type=\"widget\" data-widget_type=\"text-editor.default\">\n\t\t\t\t<div class=\"elementor-widget-container\">\n\t\t\t\t\t\t\t\t\t<div class=\"region region-content\"><div id=\"block-system-main\" class=\"block block-system\"><div class=\"content\"><div id=\"node-78\" class=\"node node-book clearfix\"><div class=\"content clearfix\"><div class=\"field field-name-body field-type-text-with-summary field-label-hidden\"><div class=\"field-items\"><div class=\"field-item even\"><p>Alle an unserer Schule zu erzielenden Abschl\u00fcsse und die \u00dcbersicht \u00fcber Struktur und Aufbau der Schule sind dem folgenden Schaubild zu entnehmen.<\/p><\/div><\/div><\/div><\/div><\/div><\/div><\/div><\/div>\t\t\t\t\t\t\t\t<\/div>\n\t\t\t\t<\/div>\n\t\t\t\t\t<\/div>\n\t\t<\/div>\n\t\t\t\t\t<\/div>\n\t\t<\/section>\n\t\t\t\t<section class=\"elementor-section elementor-top-section elementor-element elementor-element-8c0ec4c elementor-section-boxed elementor-section-height-default elementor-section-height-default\" data-id=\"8c0ec4c\" data-element_type=\"section\" data-e-type=\"section\">\n\t\t\t\t\t\t<div class=\"elementor-container elementor-column-gap-default\">\n\t\t\t\t\t<div class=\"elementor-column elementor-col-100 elementor-top-column elementor-element elementor-element-087caf6\" data-id=\"087caf6\" data-element_type=\"column\" data-e-type=\"column\">\n\t\t\t<div class=\"elementor-widget-wrap elementor-element-populated\">\n\t\t\t\t\t\t<div class=\"elementor-element elementor-element-b71ee09 elementor-widget elementor-widget-image\" data-id=\"b71ee09\" data-element_type=\"widget\" data-e-type=\"widget\" data-widget_type=\"image.default\">\n\t\t\t\t<div class=\"elementor-widget-container\">\n\t\t\t\t\t\t\t\t\t\t\t\t\t\t\t\t<a href=\"http:\/\/wkge-en.de\/wkge\/wp-content\/uploads\/\u00dcbersicht-Abschl\u00fcsse-Gesamtschule.jpg\" data-elementor-open-lightbox=\"yes\" data-elementor-lightbox-title=\"\u00dcbersicht Abschl\u00fcsse Gesamtschule\" data-e-action-hash=\"#elementor-action%3Aaction%3Dlightbox%26settings%3DeyJpZCI6MTc4LCJ1cmwiOiJodHRwczpcL1wvd2tnZS1lbi5kZVwvd2tnZVwvd3AtY29udGVudFwvdXBsb2Fkc1wvXHUwMGRjYmVyc2ljaHQtQWJzY2hsXHUwMGZjc3NlLUdlc2FtdHNjaHVsZS5qcGcifQ%3D%3D\">\n\t\t\t\t\t\t\t<img fetchpriority=\"high\" decoding=\"async\" width=\"750\" height=\"805\" src=\"https:\/\/wkge-en.de\/wkge\/wp-content\/uploads\/\u00dcbersicht-Abschl\u00fcsse-Gesamtschule-768x824.jpg\" class=\"attachment-medium_large size-medium_large wp-image-178\" alt=\"\" srcset=\"https:\/\/wkge-en.de\/wkge\/wp-content\/uploads\/\u00dcbersicht-Abschl\u00fcsse-Gesamtschule-768x824.jpg 768w, https:\/\/wkge-en.de\/wkge\/wp-content\/uploads\/\u00dcbersicht-Abschl\u00fcsse-Gesamtschule-279x300.jpg 279w, https:\/\/wkge-en.de\/wkge\/wp-content\/uploads\/\u00dcbersicht-Abschl\u00fcsse-Gesamtschule.jpg 954w\" sizes=\"(max-width: 750px) 100vw, 750px\" \/>\t\t\t\t\t\t\t\t<\/a>\n\t\t\t\t\t\t\t\t\t\t\t\t\t\t\t<\/div>\n\t\t\t\t<\/div>\n\t\t\t\t\t<\/div>\n\t\t<\/div>\n\t\t\t\t\t<\/div>\n\t\t<\/section>\n\t\t\t\t<\/div>\n\t\t","protected":false},"excerpt":{"rendered":"<p>Abschl\u00fcsse Alle an unserer Schule zu erzielenden Abschl\u00fcsse und die \u00dcbersicht \u00fcber Struktur und Aufbau der Schule sind dem folgenden Schaubild zu entnehmen.<\/p>\n","protected":false},"author":2,"featured_media":0,"parent":162,"menu_order":0,"comment_status":"closed","ping_status":"closed","template":"","meta":{"footnotes":""},"class_list":["post-176","page","type-page","status-publish","hentry","","tg-column-two"],"_links":{"self":[{"href":"https:\/\/wkge-en.de\/wkge\/wp-json\/wp\/v2\/pages\/176","targetHints":{"allow":["GET"]}}],"collection":[{"href":"https:\/\/wkge-en.de\/wkge\/wp-json\/wp\/v2\/pages"}],"about":[{"href":"https:\/\/wkge-en.de\/wkge\/wp-json\/wp\/v2\/types\/page"}],"author":[{"embeddable":true,"href":"https:\/\/wkge-en.de\/wkge\/wp-json\/wp\/v2\/users\/2"}],"replies":[{"embeddable":true,"href":"https:\/\/wkge-en.de\/wkge\/wp-json\/wp\/v2\/comments?post=176"}],"version-history":[{"count":3,"href":"https:\/\/wkge-en.de\/wkge\/wp-json\/wp\/v2\/pages\/176\/revisions"}],"predecessor-version":[{"id":181,"href":"https:\/\/wkge-en.de\/wkge\/wp-json\/wp\/v2\/pages\/176\/revisions\/181"}],"up":[{"embeddable":true,"href":"https:\/\/wkge-en.de\/wkge\/wp-json\/wp\/v2\/pages\/162"}],"wp:attachment":[{"href":"https:\/\/wkge-en.de\/wkge\/wp-json\/wp\/v2\/media?parent=176"}],"curies":[{"name":"wp","href":"https:\/\/api.w.org\/{rel}","templated":true}]}}