{"id":1796,"date":"2018-12-18T20:08:52","date_gmt":"2018-12-18T19:08:52","guid":{"rendered":"http:\/\/wkge-en.de\/wkge\/?page_id=1796"},"modified":"2020-11-18T21:59:42","modified_gmt":"2020-11-18T20:59:42","slug":"personal","status":"publish","type":"page","link":"https:\/\/wkge-en.de\/wkge\/unsere-schule\/personal\/","title":{"rendered":"Personal"},"content":{"rendered":"\t\t<div data-elementor-type=\"wp-post\" data-elementor-id=\"1796\" class=\"elementor elementor-1796\">\n\t\t\t\t\t\t<section class=\"elementor-section elementor-top-section elementor-element elementor-element-ad0f372 elementor-section-boxed elementor-section-height-default elementor-section-height-default\" data-id=\"ad0f372\" data-element_type=\"section\" data-e-type=\"section\">\n\t\t\t\t\t\t<div class=\"elementor-container elementor-column-gap-default\">\n\t\t\t\t\t<div class=\"elementor-column elementor-col-100 elementor-top-column elementor-element elementor-element-bc341dd\" data-id=\"bc341dd\" data-element_type=\"column\" data-e-type=\"column\">\n\t\t\t<div class=\"elementor-widget-wrap elementor-element-populated\">\n\t\t\t\t\t\t<div class=\"elementor-element elementor-element-0531248 elementor-widget elementor-widget-heading\" data-id=\"0531248\" data-element_type=\"widget\" data-e-type=\"widget\" data-widget_type=\"heading.default\">\n\t\t\t\t<div class=\"elementor-widget-container\">\n\t\t\t\t\t<h2 class=\"elementor-heading-title elementor-size-default\">Personal<\/h2>\t\t\t\t<\/div>\n\t\t\t\t<\/div>\n\t\t\t\t\t<\/div>\n\t\t<\/div>\n\t\t\t\t\t<\/div>\n\t\t<\/section>\n\t\t\t\t<section class=\"elementor-section elementor-top-section elementor-element elementor-element-a1ee544 elementor-section-boxed elementor-section-height-default elementor-section-height-default\" data-id=\"a1ee544\" data-element_type=\"section\" data-e-type=\"section\">\n\t\t\t\t\t\t<div class=\"elementor-container elementor-column-gap-default\">\n\t\t\t\t\t<div class=\"elementor-column elementor-col-100 elementor-top-column elementor-element elementor-element-d1842c8\" data-id=\"d1842c8\" data-element_type=\"column\" data-e-type=\"column\">\n\t\t\t<div class=\"elementor-widget-wrap elementor-element-populated\">\n\t\t\t\t\t\t<div class=\"elementor-element elementor-element-d4d5ec5 elementor-widget elementor-widget-text-editor\" data-id=\"d4d5ec5\" data-element_type=\"widget\" data-e-type=\"widget\" data-widget_type=\"text-editor.default\">\n\t\t\t\t<div class=\"elementor-widget-container\">\n\t\t\t\t\t\t\t\t\t<div class=\"region region-content\"><div id=\"block-system-main\" class=\"block block-system\"><div class=\"content\"><div id=\"node-627\" class=\"node node-page node-sticky clearfix\"><div class=\"content clearfix\"><div class=\"field field-name-body field-type-text-with-summary field-label-hidden\"><div class=\"field-items\"><div class=\"field-item even\"><p>Die folgenden Seiten bieten einen \u00dcberblick \u00fcber an der Wilhelm-Kraft-Gesamtschule T\u00e4tige:<\/p><\/div><\/div><\/div><\/div><\/div><\/div><\/div><\/div>\t\t\t\t\t\t\t\t<\/div>\n\t\t\t\t<\/div>\n\t\t\t\t\t<\/div>\n\t\t<\/div>\n\t\t\t\t\t<\/div>\n\t\t<\/section>\n\t\t\t\t<section class=\"elementor-section elementor-top-section elementor-element elementor-element-8a10bcd elementor-section-boxed elementor-section-height-default elementor-section-height-default\" data-id=\"8a10bcd\" data-element_type=\"section\" data-e-type=\"section\">\n\t\t\t\t\t\t<div class=\"elementor-container elementor-column-gap-default\">\n\t\t\t\t\t<div class=\"elementor-column elementor-col-100 elementor-top-column elementor-element elementor-element-ef4fb39\" data-id=\"ef4fb39\" data-element_type=\"column\" data-e-type=\"column\">\n\t\t\t<div class=\"elementor-widget-wrap elementor-element-populated\">\n\t\t\t\t\t\t<div class=\"elementor-element elementor-element-ca9a4b7 elementor-widget elementor-widget-text-editor\" data-id=\"ca9a4b7\" data-element_type=\"widget\" data-e-type=\"widget\" data-widget_type=\"text-editor.default\">\n\t\t\t\t<div class=\"elementor-widget-container\">\n\t\t\t\t\t\t\t\t\t<p><a href=\"http:\/\/wkge-en.de\/wkge\/unsere-schule\/personal\/schulleitung\/\">Schulleitung<\/a><\/p><p><a href=\"http:\/\/wkge-en.de\/wkge\/unsere-schule\/personal\/kollegium\/\">Kollegium<\/a><\/p><p><a href=\"https:\/\/wkge-en.de\/wkge\/lehrerrat\/\">Lehrerrat<\/a><\/p><p><a href=\"http:\/\/wkge-en.de\/wkge\/unsere-schule\/personal\/schulsozialarbeit\/\">Schulsozialarbeit<\/a><\/p><p><a href=\"http:\/\/wkge-en.de\/wkge\/unsere-schule\/personal\/sekretariat\/\">Sekretariat<\/a><\/p><p><a href=\"http:\/\/wkge-en.de\/wkge\/unsere-schule\/personal\/hausmeister\/\">Hausmeister<\/a><\/p><p><a href=\"http:\/\/wkge-en.de\/wkge\/unsere-schule\/personal\/schulverwaltung\/\">Schulverwaltung<\/a><\/p><p><a href=\"http:\/\/wkge-en.de\/wkge\/unsere-schule\/personal\/bibliothekarin\/\">Bibliothekarin<\/a><\/p>\t\t\t\t\t\t\t\t<\/div>\n\t\t\t\t<\/div>\n\t\t\t\t\t<\/div>\n\t\t<\/div>\n\t\t\t\t\t<\/div>\n\t\t<\/section>\n\t\t\t\t<\/div>\n\t\t","protected":false},"excerpt":{"rendered":"<p>Personal Die folgenden Seiten bieten einen \u00dcberblick \u00fcber an der Wilhelm-Kraft-Gesamtschule T\u00e4tige: Schulleitung Kollegium Lehrerrat Schulsozialarbeit Sekretariat Hausmeister Schulverwaltung Bibliothekarin<\/p>\n","protected":false},"author":2,"featured_media":0,"parent":17,"menu_order":0,"comment_status":"closed","ping_status":"closed","template":"","meta":{"footnotes":""},"class_list":["post-1796","page","type-page","status-publish","hentry","","tg-column-two"],"_links":{"self":[{"href":"https:\/\/wkge-en.de\/wkge\/wp-json\/wp\/v2\/pages\/1796","targetHints":{"allow":["GET"]}}],"collection":[{"href":"https:\/\/wkge-en.de\/wkge\/wp-json\/wp\/v2\/pages"}],"about":[{"href":"https:\/\/wkge-en.de\/wkge\/wp-json\/wp\/v2\/types\/page"}],"author":[{"embeddable":true,"href":"https:\/\/wkge-en.de\/wkge\/wp-json\/wp\/v2\/users\/2"}],"replies":[{"embeddable":true,"href":"https:\/\/wkge-en.de\/wkge\/wp-json\/wp\/v2\/comments?post=1796"}],"version-history":[{"count":7,"href":"https:\/\/wkge-en.de\/wkge\/wp-json\/wp\/v2\/pages\/1796\/revisions"}],"predecessor-version":[{"id":5329,"href":"https:\/\/wkge-en.de\/wkge\/wp-json\/wp\/v2\/pages\/1796\/revisions\/5329"}],"up":[{"embeddable":true,"href":"https:\/\/wkge-en.de\/wkge\/wp-json\/wp\/v2\/pages\/17"}],"wp:attachment":[{"href":"https:\/\/wkge-en.de\/wkge\/wp-json\/wp\/v2\/media?parent=1796"}],"curies":[{"name":"wp","href":"https:\/\/api.w.org\/{rel}","templated":true}]}}