{"id":203,"date":"2018-12-10T14:36:43","date_gmt":"2018-12-10T13:36:43","guid":{"rendered":"http:\/\/wkge-en.de\/wkge\/?page_id=203"},"modified":"2018-12-10T14:41:06","modified_gmt":"2018-12-10T13:41:06","slug":"lesende-schule","status":"publish","type":"page","link":"https:\/\/wkge-en.de\/wkge\/unsere-schule\/schulprogramm\/schwerpunkte\/lesende-schule\/","title":{"rendered":"Lesende Schule"},"content":{"rendered":"\t\t<div data-elementor-type=\"wp-post\" data-elementor-id=\"203\" class=\"elementor elementor-203 elementor-bc-flex-widget\">\n\t\t\t\t\t\t<section class=\"elementor-section elementor-top-section elementor-element elementor-element-9894cb1 elementor-section-boxed elementor-section-height-default elementor-section-height-default\" data-id=\"9894cb1\" data-element_type=\"section\" data-e-type=\"section\">\n\t\t\t\t\t\t<div class=\"elementor-container elementor-column-gap-default\">\n\t\t\t\t\t<div class=\"elementor-column elementor-col-100 elementor-top-column elementor-element elementor-element-1daec8a\" data-id=\"1daec8a\" data-element_type=\"column\" data-e-type=\"column\">\n\t\t\t<div class=\"elementor-widget-wrap elementor-element-populated\">\n\t\t\t\t\t\t<div class=\"elementor-element elementor-element-3596b3d elementor-widget elementor-widget-heading\" data-id=\"3596b3d\" data-element_type=\"widget\" data-e-type=\"widget\" data-widget_type=\"heading.default\">\n\t\t\t\t<div class=\"elementor-widget-container\">\n\t\t\t\t\t<h2 class=\"elementor-heading-title elementor-size-default\">Lesende Schule<\/h2>\t\t\t\t<\/div>\n\t\t\t\t<\/div>\n\t\t\t\t\t<\/div>\n\t\t<\/div>\n\t\t\t\t\t<\/div>\n\t\t<\/section>\n\t\t\t\t<section class=\"elementor-section elementor-top-section elementor-element elementor-element-e42f482 elementor-section-boxed elementor-section-height-default elementor-section-height-default\" data-id=\"e42f482\" data-element_type=\"section\" data-e-type=\"section\">\n\t\t\t\t\t\t<div class=\"elementor-container elementor-column-gap-default\">\n\t\t\t\t\t<div class=\"elementor-column elementor-col-100 elementor-top-column elementor-element elementor-element-4be23c0\" data-id=\"4be23c0\" data-element_type=\"column\" data-e-type=\"column\">\n\t\t\t<div class=\"elementor-widget-wrap elementor-element-populated\">\n\t\t\t\t\t\t<div class=\"elementor-element elementor-element-57e40d1 elementor-widget elementor-widget-text-editor\" data-id=\"57e40d1\" data-element_type=\"widget\" data-e-type=\"widget\" data-widget_type=\"text-editor.default\">\n\t\t\t\t<div class=\"elementor-widget-container\">\n\t\t\t\t\t\t\t\t\t<h4 style=\"text-align: center;\">Lesen ist der Schl\u00fcssel zur Bildung!<\/h4><h4 style=\"text-align: center;\">Lesen ist der Schl\u00fcssel zur Welt!<\/h4>\t\t\t\t\t\t\t\t<\/div>\n\t\t\t\t<\/div>\n\t\t\t\t\t<\/div>\n\t\t<\/div>\n\t\t\t\t\t<\/div>\n\t\t<\/section>\n\t\t\t\t<section class=\"elementor-section elementor-top-section elementor-element elementor-element-2460874 elementor-section-boxed elementor-section-height-default elementor-section-height-default\" data-id=\"2460874\" data-element_type=\"section\" data-e-type=\"section\">\n\t\t\t\t\t\t<div class=\"elementor-container elementor-column-gap-default\">\n\t\t\t\t\t<div class=\"elementor-column elementor-col-100 elementor-top-column elementor-element elementor-element-4c8c509\" data-id=\"4c8c509\" data-element_type=\"column\" data-e-type=\"column\">\n\t\t\t<div class=\"elementor-widget-wrap elementor-element-populated\">\n\t\t\t\t\t\t<div class=\"elementor-element elementor-element-8ae8089 elementor-widget elementor-widget-text-editor\" data-id=\"8ae8089\" data-element_type=\"widget\" data-e-type=\"widget\" data-widget_type=\"text-editor.default\">\n\t\t\t\t<div class=\"elementor-widget-container\">\n\t\t\t\t\t\t\t\t\t<p>Die Lesef\u00e4higkeit ist entscheidend f\u00fcr den Zugang junger Menschen zu Bildungsinhalten. Das ber\u00fccksichtigt die Wilhelm-Kraft-Gesamtschule in ihrem Curriculum und in regelm\u00e4\u00dfigen Aktionen.<\/p><p>Neben der F\u00f6rderung der Lesef\u00e4higkeit versuchen wir auch, trotz vieler medialen Konkurrenz den Sch\u00fclerinnen und Sch\u00fclern die Freude am Lesen zu vermitteln. \u00dcber die Freude am Lesen \u00f6ffnen sich f\u00fcr Sch\u00fclerinnen und Sch\u00fcler ein unendlicher Horizont an Fantasie und Welterfahrung und die f\u00fcr das Leben wichtige Erschlie\u00dfung komplexer Sachverhalte.<\/p><p>Die Wilhelm-Kraft-Gesamtschule hat fest im Stundenplan der Klassen 5 und 6 eine Lesestunde pro Woche installiert, in der\u00a0alle Sch\u00fclerinnen und Sch\u00fcler in der <a href=\"https:\/\/wilhelm-kraft-gesamtschule.de\/bibliothek\">Bibliothek<\/a> im Klassenverband lesen. Diese Lesestunden werden durch das Antolin-Programm unterst\u00fctzt und von den Deutsch-Fachkr\u00e4ften begleitet.<\/p><p>Kinder mit gr\u00f6\u00dferen Lese-Hemmungen werden durch das Programm der <a class=\"ext\" href=\"http:\/\/www.mentor-leselernhelfer-sprockhoevel.de\" target=\"_blank\" rel=\"noopener noreferrer\">Lesementoren<\/a>\u00a0unterst\u00fctzt. Hier lesen ehrenamtliche Helfer mit einzelnen Kindern w\u00e4hrend des Unterrichtes in separaten R\u00e4umlichkeiten, um Lesefreude und -fertigkeit zu st\u00e4rken. Die Mentorinnen und Mentoren arbeiten individuell sowohl mit Kindern ohne als auch mit Migrationshintergrund, die aus den unterschiedlichsten Gr\u00fcnden Schwierigkeiten im Umgang mit der deutschen Sprache haben.\u2028 &#8211;\u00a0Das\u00a0Konzept ist einfach: Ein Erwachsener &#8211; ein Kind &#8211; einmal in der Woche &#8211; eine Stunde &#8211; ein Jahr lang (oder wenigstens ein halbes). Es werden altersgem\u00e4\u00dfe Texte jeglicher Art gelesen. \u00dcber das Gelesene wird anschlie\u00dfend gesprochen, um das Textverst\u00e4ndnis zu \u00fcben- Gelegentlich kann auch eine kurze Zusammenfassung geschrieben werden. Der Mentor oder die Mentorin gehen gezielt auf die St\u00e4rken und Schw\u00e4chen des Kindes beim Lesen, Sprechen und Schreiben ein.<\/p><p>Weiterreichende Aktionen finden j\u00e4hrlich beim <a href=\"http:\/\/www.wilhelm-kraft-gesamtschule.de\/schulsieger-im-vorlesewettbewerb-auch-auf-kreisebene-gut\">Lesewettbewerb<\/a>\u00a0und um den <a href=\"http:\/\/www.wilhelm-kraft-gesamtschule.de\/aktionstage-rund-um-den-welttag-des-buches\">Welttag des Buches<\/a> statt. \u00a0Am Welttag des Buches werden unterschiedliche Aktionen f\u00fcr die verschiedensten Jahrgangsstufen und Klasen geboten, immer mit dem Bestreben, die Lesekompetenz zu f\u00f6rdern und damit auch die <a href=\"https:\/\/wilhelm-kraft-gesamtschule.de\/schwerpunkte-des-schulprogramms#Sprachf\u00f6rderkonzept\">Sprachkompetenz<\/a>.<\/p><p>Dreh- und Angelpunkt aller Bem\u00fchungen ist die <a href=\"https:\/\/wilhelm-kraft-gesamtschule.de\/bibliothek\">Schulbibliothek der Wilhelm-Kraft-Gesamtschule<\/a>.<\/p>\t\t\t\t\t\t\t\t<\/div>\n\t\t\t\t<\/div>\n\t\t\t\t\t<\/div>\n\t\t<\/div>\n\t\t\t\t\t<\/div>\n\t\t<\/section>\n\t\t\t\t<\/div>\n\t\t","protected":false},"excerpt":{"rendered":"<p>Lesende Schule Lesen ist der Schl\u00fcssel zur Bildung! Lesen ist der Schl\u00fcssel zur Welt! Die Lesef\u00e4higkeit ist entscheidend f\u00fcr den Zugang junger Menschen zu Bildungsinhalten. Das ber\u00fccksichtigt die Wilhelm-Kraft-Gesamtschule in ihrem Curriculum und in regelm\u00e4\u00dfigen Aktionen. Neben der F\u00f6rderung der Lesef\u00e4higkeit versuchen wir auch, trotz vieler medialen Konkurrenz den Sch\u00fclerinnen und Sch\u00fclern die Freude am Lesen zu vermitteln. \u00dcber die Freude am Lesen \u00f6ffnen sich f\u00fcr Sch\u00fclerinnen und Sch\u00fcler ein unendlicher Horizont an Fantasie und Welterfahrung und die f\u00fcr das Leben wichtige Erschlie\u00dfung komplexer Sachverhalte. Die Wilhelm-Kraft-Gesamtschule hat fest im Stundenplan der Klassen 5 und 6 eine Lesestunde pro Woche installiert, in der\u00a0alle Sch\u00fclerinnen und Sch\u00fcler in der Bibliothek im Klassenverband lesen. Diese Lesestunden werden durch das Antolin-Programm unterst\u00fctzt und von den Deutsch-Fachkr\u00e4ften begleitet. Kinder mit gr\u00f6\u00dferen Lese-Hemmungen werden durch das Programm der Lesementoren\u00a0unterst\u00fctzt. Hier lesen ehrenamtliche Helfer mit einzelnen Kindern w\u00e4hrend des Unterrichtes in separaten R\u00e4umlichkeiten, um Lesefreude und<\/p>\n","protected":false},"author":2,"featured_media":0,"parent":128,"menu_order":0,"comment_status":"closed","ping_status":"closed","template":"","meta":{"footnotes":""},"class_list":["post-203","page","type-page","status-publish","hentry","","tg-column-two"],"_links":{"self":[{"href":"https:\/\/wkge-en.de\/wkge\/wp-json\/wp\/v2\/pages\/203","targetHints":{"allow":["GET"]}}],"collection":[{"href":"https:\/\/wkge-en.de\/wkge\/wp-json\/wp\/v2\/pages"}],"about":[{"href":"https:\/\/wkge-en.de\/wkge\/wp-json\/wp\/v2\/types\/page"}],"author":[{"embeddable":true,"href":"https:\/\/wkge-en.de\/wkge\/wp-json\/wp\/v2\/users\/2"}],"replies":[{"embeddable":true,"href":"https:\/\/wkge-en.de\/wkge\/wp-json\/wp\/v2\/comments?post=203"}],"version-history":[{"count":3,"href":"https:\/\/wkge-en.de\/wkge\/wp-json\/wp\/v2\/pages\/203\/revisions"}],"predecessor-version":[{"id":207,"href":"https:\/\/wkge-en.de\/wkge\/wp-json\/wp\/v2\/pages\/203\/revisions\/207"}],"up":[{"embeddable":true,"href":"https:\/\/wkge-en.de\/wkge\/wp-json\/wp\/v2\/pages\/128"}],"wp:attachment":[{"href":"https:\/\/wkge-en.de\/wkge\/wp-json\/wp\/v2\/media?parent=203"}],"curies":[{"name":"wp","href":"https:\/\/api.w.org\/{rel}","templated":true}]}}