{"id":221,"date":"2018-12-10T15:14:12","date_gmt":"2018-12-10T14:14:12","guid":{"rendered":"http:\/\/wkge-en.de\/wkge\/?page_id=221"},"modified":"2018-12-10T15:15:20","modified_gmt":"2018-12-10T14:15:20","slug":"kreativ-schwerpunkt","status":"publish","type":"page","link":"https:\/\/wkge-en.de\/wkge\/unsere-schule\/schulprogramm\/schwerpunkte\/kreativ-schwerpunkt\/","title":{"rendered":"Kreativ-Schwerpunkt"},"content":{"rendered":"\t\t<div data-elementor-type=\"wp-post\" data-elementor-id=\"221\" class=\"elementor elementor-221 elementor-bc-flex-widget\">\n\t\t\t\t\t\t<section class=\"elementor-section elementor-top-section elementor-element elementor-element-2eb4f99 elementor-section-boxed elementor-section-height-default elementor-section-height-default\" data-id=\"2eb4f99\" data-element_type=\"section\" data-e-type=\"section\">\n\t\t\t\t\t\t<div class=\"elementor-container elementor-column-gap-default\">\n\t\t\t\t\t<div class=\"elementor-column elementor-col-100 elementor-top-column elementor-element elementor-element-b0f27c3\" data-id=\"b0f27c3\" data-element_type=\"column\" data-e-type=\"column\">\n\t\t\t<div class=\"elementor-widget-wrap elementor-element-populated\">\n\t\t\t\t\t\t<div class=\"elementor-element elementor-element-a07ecb9 elementor-widget elementor-widget-heading\" data-id=\"a07ecb9\" data-element_type=\"widget\" data-e-type=\"widget\" data-widget_type=\"heading.default\">\n\t\t\t\t<div class=\"elementor-widget-container\">\n\t\t\t\t\t<h2 class=\"elementor-heading-title elementor-size-default\">Kreativ-Schwerpunkt<\/h2>\t\t\t\t<\/div>\n\t\t\t\t<\/div>\n\t\t\t\t\t<\/div>\n\t\t<\/div>\n\t\t\t\t\t<\/div>\n\t\t<\/section>\n\t\t\t\t<section class=\"elementor-section elementor-top-section elementor-element elementor-element-3fc06f7 elementor-section-boxed elementor-section-height-default elementor-section-height-default\" data-id=\"3fc06f7\" data-element_type=\"section\" data-e-type=\"section\">\n\t\t\t\t\t\t<div class=\"elementor-container elementor-column-gap-default\">\n\t\t\t\t\t<div class=\"elementor-column elementor-col-100 elementor-top-column elementor-element elementor-element-9da70ec\" data-id=\"9da70ec\" data-element_type=\"column\" data-e-type=\"column\">\n\t\t\t<div class=\"elementor-widget-wrap elementor-element-populated\">\n\t\t\t\t\t\t<div class=\"elementor-element elementor-element-2aaa3b9 elementor-widget elementor-widget-text-editor\" data-id=\"2aaa3b9\" data-element_type=\"widget\" data-e-type=\"widget\" data-widget_type=\"text-editor.default\">\n\t\t\t\t<div class=\"elementor-widget-container\">\n\t\t\t\t\t\t\t\t\t<p>Im Rahmen unserer Angebote, die eigenen Neigungen und Interessen in den Anfangsklassen st\u00e4rker zu verfolgen, bietet unsere Schule <a href=\"http:\/\/wilhelm-kraft-gesamtschule.de\/schulprogramm\/profilklassen\">Profil-Klassen<\/a> an, unter anderen das Kreativ-Profil.<\/p><p>Hier besteht f\u00fcr die Sch\u00fclerinnen und Sch\u00fcler die M\u00f6glichkeit, im Rahmen von zus\u00e4tzlichem Kunst- und Musik-Unterricht an gemeinsamen kreativen Projekten zu arbeiten.<\/p><p>Diese Neigungen k\u00f6nnen die Sch\u00fclerinnen und Sch\u00fcler auch in der weiteren Schullaufbahn verfolgen. Ab Klasse 6 k\u00f6nnen die Sch\u00fcler*innen\u00a0das Wahlpflichtfach <a href=\"http:\/\/wilhelm-kraft-gesamtschule.de\/thema\/darstellen-und-gestalten\">Darstellen und Gestalten<\/a> w\u00e4hlen.<\/p><p>Wer noch nicht genug hat von kreativer Gestaltung, kann in der Klassen 9 zus\u00e4tzlich das Berufsorientierungsmodul Kunst-Design w\u00e4hlen, in der Oberstufe dann neben den F\u00e4chern Musik und Kunst auch noch das Fach Literatur (siehe zum Beispiel <a href=\"http:\/\/wilhelm-kraft-gesamtschule.de\/50-shades-schiller-4417-1930-uhr\">hier<\/a>) oder den Kunst-Projekt-Kurs (<a href=\"http:\/\/wilhelm-kraft-gesamtschule.de\/galerie\/wandmosaike-2013\">Ergebnisse sind im F-Geb\u00e4ude zu bewundern<\/a>).<\/p>\t\t\t\t\t\t\t\t<\/div>\n\t\t\t\t<\/div>\n\t\t\t\t\t<\/div>\n\t\t<\/div>\n\t\t\t\t\t<\/div>\n\t\t<\/section>\n\t\t\t\t<\/div>\n\t\t","protected":false},"excerpt":{"rendered":"<p>Kreativ-Schwerpunkt Im Rahmen unserer Angebote, die eigenen Neigungen und Interessen in den Anfangsklassen st\u00e4rker zu verfolgen, bietet unsere Schule Profil-Klassen an, unter anderen das Kreativ-Profil. Hier besteht f\u00fcr die Sch\u00fclerinnen und Sch\u00fcler die M\u00f6glichkeit, im Rahmen von zus\u00e4tzlichem Kunst- und Musik-Unterricht an gemeinsamen kreativen Projekten zu arbeiten. Diese Neigungen k\u00f6nnen die Sch\u00fclerinnen und Sch\u00fcler auch in der weiteren Schullaufbahn verfolgen. Ab Klasse 6 k\u00f6nnen die Sch\u00fcler*innen\u00a0das Wahlpflichtfach Darstellen und Gestalten w\u00e4hlen. Wer noch nicht genug hat von kreativer Gestaltung, kann in der Klassen 9 zus\u00e4tzlich das Berufsorientierungsmodul Kunst-Design w\u00e4hlen, in der Oberstufe dann neben den F\u00e4chern Musik und Kunst auch noch das Fach Literatur (siehe zum Beispiel hier) oder den Kunst-Projekt-Kurs (Ergebnisse sind im F-Geb\u00e4ude zu bewundern).<\/p>\n","protected":false},"author":2,"featured_media":0,"parent":128,"menu_order":0,"comment_status":"closed","ping_status":"closed","template":"","meta":{"footnotes":""},"class_list":["post-221","page","type-page","status-publish","hentry","","tg-column-two"],"_links":{"self":[{"href":"https:\/\/wkge-en.de\/wkge\/wp-json\/wp\/v2\/pages\/221","targetHints":{"allow":["GET"]}}],"collection":[{"href":"https:\/\/wkge-en.de\/wkge\/wp-json\/wp\/v2\/pages"}],"about":[{"href":"https:\/\/wkge-en.de\/wkge\/wp-json\/wp\/v2\/types\/page"}],"author":[{"embeddable":true,"href":"https:\/\/wkge-en.de\/wkge\/wp-json\/wp\/v2\/users\/2"}],"replies":[{"embeddable":true,"href":"https:\/\/wkge-en.de\/wkge\/wp-json\/wp\/v2\/comments?post=221"}],"version-history":[{"count":3,"href":"https:\/\/wkge-en.de\/wkge\/wp-json\/wp\/v2\/pages\/221\/revisions"}],"predecessor-version":[{"id":224,"href":"https:\/\/wkge-en.de\/wkge\/wp-json\/wp\/v2\/pages\/221\/revisions\/224"}],"up":[{"embeddable":true,"href":"https:\/\/wkge-en.de\/wkge\/wp-json\/wp\/v2\/pages\/128"}],"wp:attachment":[{"href":"https:\/\/wkge-en.de\/wkge\/wp-json\/wp\/v2\/media?parent=221"}],"curies":[{"name":"wp","href":"https:\/\/api.w.org\/{rel}","templated":true}]}}