{"id":23,"date":"2018-11-25T19:23:50","date_gmt":"2018-11-25T18:23:50","guid":{"rendered":"http:\/\/wkge-en.de\/wkge\/?page_id=23"},"modified":"2026-02-11T09:41:42","modified_gmt":"2026-02-11T08:41:42","slug":"anmeldung-oberstufe","status":"publish","type":"page","link":"https:\/\/wkge-en.de\/wkge\/unsere-schule\/anmeldung\/anmeldung-oberstufe\/","title":{"rendered":"Anmeldung Oberstufe"},"content":{"rendered":"\t\t<div data-elementor-type=\"wp-post\" data-elementor-id=\"23\" class=\"elementor elementor-23\">\n\t\t\t\t\t\t<section class=\"elementor-section elementor-top-section elementor-element elementor-element-65aa1941 elementor-section-boxed elementor-section-height-default elementor-section-height-default\" data-id=\"65aa1941\" data-element_type=\"section\" data-e-type=\"section\">\n\t\t\t\t\t\t<div class=\"elementor-container elementor-column-gap-default\">\n\t\t\t\t\t<div class=\"elementor-column elementor-col-100 elementor-top-column elementor-element elementor-element-6782bc22\" data-id=\"6782bc22\" data-element_type=\"column\" data-e-type=\"column\">\n\t\t\t<div class=\"elementor-widget-wrap elementor-element-populated\">\n\t\t\t\t\t\t<div class=\"elementor-element elementor-element-cc66d2a elementor-widget elementor-widget-heading\" data-id=\"cc66d2a\" data-element_type=\"widget\" data-e-type=\"widget\" data-widget_type=\"heading.default\">\n\t\t\t\t<div class=\"elementor-widget-container\">\n\t\t\t\t\t<h2 class=\"elementor-heading-title elementor-size-default\">Anmeldung f\u00fcr die Oberstufe 2026\/2027 <\/h2>\t\t\t\t<\/div>\n\t\t\t\t<\/div>\n\t\t\t\t\t<\/div>\n\t\t<\/div>\n\t\t\t\t\t<\/div>\n\t\t<\/section>\n\t\t\t\t<section class=\"elementor-section elementor-top-section elementor-element elementor-element-46ea403 elementor-section-boxed elementor-section-height-default elementor-section-height-default\" data-id=\"46ea403\" data-element_type=\"section\" data-e-type=\"section\">\n\t\t\t\t\t\t<div class=\"elementor-container elementor-column-gap-default\">\n\t\t\t\t\t<div class=\"elementor-column elementor-col-100 elementor-top-column elementor-element elementor-element-81fe8a5\" data-id=\"81fe8a5\" data-element_type=\"column\" data-e-type=\"column\">\n\t\t\t<div class=\"elementor-widget-wrap elementor-element-populated\">\n\t\t\t\t\t\t<div class=\"elementor-element elementor-element-1929228 elementor-widget elementor-widget-text-editor\" data-id=\"1929228\" data-element_type=\"widget\" data-e-type=\"widget\" data-widget_type=\"text-editor.default\">\n\t\t\t\t<div class=\"elementor-widget-container\">\n\t\t\t\t\t\t\t\t\t<p><strong><u>Das Anmeldungsverfahren findet dieses Jahr f\u00fcr die Eltern externer Sch\u00fclerinnen und Sch\u00fcler folgenderma\u00dfen statt:<\/u><\/strong><\/p>\n<p style=\"text-align: left;\"><strong>Im Zeitraum vom<\/strong><strong> 09.02. \u2013 13.02.2026 <\/strong><strong>k\u00f6nnen Sie in der Zeit von 14 \u2013 18 Uhr (Fr. 14-16 Uhr) folgende Unterlagen im Raum F016 (F-Halle) abgeben bzw. mitbringen:<\/strong><\/p>\n<p>1. Das&nbsp;<a href=\"https:\/\/forms.office.com\/e\/kSMffmiWq4\">Anmeldeformular f\u00fcr die Sekundarstufe II (SII)<\/a>&nbsp;digital ausf\u00fcllen und am Ende abschicken. &nbsp;F\u00fchren Sie eine Anmeldung im Sch\u00fcler-Online-Verfahren durch unter <a href=\"http:\/\/www.sch\u00fcleranmeldung.de\">www.schueleronline.de<\/a> (Anmeldedaten erh\u00e4lt Ihr Kind mit dem Halbjahreszeugnis)<\/p>\n<p>2. Nach erfolgreicher Anmeldung drucken Sie bitte die letzte Best\u00e4tigungsseite aus und reichen diese mit Unterschrift mit ein.<\/p>\n<p>3. Geburtsurkunde des anzumeldenden Kindes im Original.<\/p>\n<p>4. Originale der Personalausweise beider Erziehungsberechtigter; bei Nicht-EU-B\u00fcrgern der Aufenthaltstitel im Original.<\/p>\n<p>5. Halbjahreszeugnisses Schuljahr 25\/26 im Original.<\/p>\n<p>6. Kopie des Zeugnisses<\/p>\n<p>7. &nbsp;Nachweis zum Masernimpfschutz (Kopie Impfausweis)<\/p>\n<p>8. Die vollst\u00e4ndig ausgef\u00fcllten und&nbsp;<a href=\"https:\/\/wkge-en.de\/wkge\/wp-content\/uploads\/Empfangsbestaetigungen-und-Einwilligungen-zur-Schulanmeldung.pdf\"><strong>unterzeichneten Best\u00e4tigungen<\/strong>&nbsp;(\u201eEmpfangsbest\u00e4tigungen und Einwilligungen zur Schulanmeldung\u201c)<\/a><strong>&nbsp;<\/strong><\/p>\n<p><strong>Sollten Sie weitere Nachfragen zu Inhalten oder zum Anmeldeverfahren haben, k\u00f6nnen Sie diese unter 02339-91930 in unserem Sekretariat anmelden.<\/strong><\/p>\n<p><strong>&nbsp;<\/strong><\/p>\n<p><strong>Link:<\/strong><\/p>\n<p>Brosch\u00fcre des Schulministeriums <a href=\"https:\/\/broschuerenservice.nrw.de\/msb-duesseldorf\/shop\/Die_gymnasiale_Oberstufe_an_Gymnasien_und_Gesamtschulen_in_Nordrhein-Westfalen.\">&#8222;Die gymnasiale Oberstufe an Gymnasien und Gesamtschulen in Nordrhein-Westfalen.&#8220;<\/a><\/p>\t\t\t\t\t\t\t\t<\/div>\n\t\t\t\t<\/div>\n\t\t\t\t\t<\/div>\n\t\t<\/div>\n\t\t\t\t\t<\/div>\n\t\t<\/section>\n\t\t\t\t<section class=\"elementor-section elementor-top-section elementor-element elementor-element-706415e elementor-section-boxed elementor-section-height-default elementor-section-height-default\" data-id=\"706415e\" data-element_type=\"section\" data-e-type=\"section\">\n\t\t\t\t\t\t<div class=\"elementor-container elementor-column-gap-default\">\n\t\t\t\t\t<div class=\"elementor-column elementor-col-100 elementor-top-column elementor-element elementor-element-70a76a8\" data-id=\"70a76a8\" data-element_type=\"column\" data-e-type=\"column\">\n\t\t\t<div class=\"elementor-widget-wrap elementor-element-populated\">\n\t\t\t\t\t\t<div class=\"elementor-element elementor-element-ec1217b elementor-widget elementor-widget-spacer\" data-id=\"ec1217b\" data-element_type=\"widget\" data-e-type=\"widget\" data-widget_type=\"spacer.default\">\n\t\t\t\t<div class=\"elementor-widget-container\">\n\t\t\t\t\t\t\t<div class=\"elementor-spacer\">\n\t\t\t<div class=\"elementor-spacer-inner\"><\/div>\n\t\t<\/div>\n\t\t\t\t\t\t<\/div>\n\t\t\t\t<\/div>\n\t\t\t\t\t<\/div>\n\t\t<\/div>\n\t\t\t\t\t<\/div>\n\t\t<\/section>\n\t\t\t\t<section class=\"elementor-section elementor-top-section elementor-element elementor-element-06d8d2c elementor-section-boxed elementor-section-height-default elementor-section-height-default\" data-id=\"06d8d2c\" data-element_type=\"section\" data-e-type=\"section\">\n\t\t\t\t\t\t<div class=\"elementor-container elementor-column-gap-default\">\n\t\t\t\t\t<div class=\"elementor-column elementor-col-100 elementor-top-column elementor-element elementor-element-7b24861\" data-id=\"7b24861\" data-element_type=\"column\" data-e-type=\"column\">\n\t\t\t<div class=\"elementor-widget-wrap elementor-element-populated\">\n\t\t\t\t\t\t<div class=\"elementor-element elementor-element-fa4a340 elementor-widget elementor-widget-heading\" data-id=\"fa4a340\" data-element_type=\"widget\" data-e-type=\"widget\" data-widget_type=\"heading.default\">\n\t\t\t\t<div class=\"elementor-widget-container\">\n\t\t\t\t\t<h3 class=\"elementor-heading-title elementor-size-default\">FAQ Gymnasiale Oberstufe an der WKGE<\/h3>\t\t\t\t<\/div>\n\t\t\t\t<\/div>\n\t\t\t\t\t<\/div>\n\t\t<\/div>\n\t\t\t\t\t<\/div>\n\t\t<\/section>\n\t\t\t\t<section class=\"elementor-section elementor-top-section elementor-element elementor-element-5edb0fe elementor-section-boxed elementor-section-height-default elementor-section-height-default\" data-id=\"5edb0fe\" data-element_type=\"section\" data-e-type=\"section\">\n\t\t\t\t\t\t<div class=\"elementor-container elementor-column-gap-default\">\n\t\t\t\t\t<div class=\"elementor-column elementor-col-100 elementor-top-column elementor-element elementor-element-a807e58\" data-id=\"a807e58\" data-element_type=\"column\" data-e-type=\"column\">\n\t\t\t<div class=\"elementor-widget-wrap elementor-element-populated\">\n\t\t\t\t\t\t<div class=\"elementor-element elementor-element-42c32d7 elementor-widget elementor-widget-toggle\" data-id=\"42c32d7\" data-element_type=\"widget\" data-e-type=\"widget\" data-widget_type=\"toggle.default\">\n\t\t\t\t<div class=\"elementor-widget-container\">\n\t\t\t\t\t\t\t<div class=\"elementor-toggle\">\n\t\t\t\t\t\t\t<div class=\"elementor-toggle-item\">\n\t\t\t\t\t<div id=\"elementor-tab-title-7001\" class=\"elementor-tab-title\" data-tab=\"1\" role=\"button\" aria-controls=\"elementor-tab-content-7001\" aria-expanded=\"false\">\n\t\t\t\t\t\t\t\t\t\t\t\t<span class=\"elementor-toggle-icon elementor-toggle-icon-left\" aria-hidden=\"true\">\n\t\t\t\t\t\t\t\t\t\t\t\t\t\t\t<span class=\"elementor-toggle-icon-closed\"><i class=\"fas fa-caret-right\"><\/i><\/span>\n\t\t\t\t\t\t\t\t<span class=\"elementor-toggle-icon-opened\"><i class=\"elementor-toggle-icon-opened fas fa-caret-up\"><\/i><\/span>\n\t\t\t\t\t\t\t\t\t\t\t\t\t<\/span>\n\t\t\t\t\t\t\t\t\t\t\t\t<a class=\"elementor-toggle-title\" tabindex=\"0\">Welche F\u00e4cher muss und welche kann ich in der Einf\u00fchrungsphase (EF) w\u00e4hlen?<\/a>\n\t\t\t\t\t<\/div>\n\n\t\t\t\t\t<div id=\"elementor-tab-content-7001\" class=\"elementor-tab-content elementor-clearfix\" data-tab=\"1\" role=\"region\" aria-labelledby=\"elementor-tab-title-7001\"><p>Deutsch, Englisch, Mathematik sind Haupt- und damit Pflichtf\u00e4cher.<\/p><p>Ebenso ein gesellschaftliches und (mindestens) ein naturwissenschaftliches Fach, Sport, Kunst oder Musik, Religion (alternativ Philosophie) und ein Schwerpunktfach.<\/p><\/div>\n\t\t\t\t<\/div>\n\t\t\t\t\t\t\t<div class=\"elementor-toggle-item\">\n\t\t\t\t\t<div id=\"elementor-tab-title-7002\" class=\"elementor-tab-title\" data-tab=\"2\" role=\"button\" aria-controls=\"elementor-tab-content-7002\" aria-expanded=\"false\">\n\t\t\t\t\t\t\t\t\t\t\t\t<span class=\"elementor-toggle-icon elementor-toggle-icon-left\" aria-hidden=\"true\">\n\t\t\t\t\t\t\t\t\t\t\t\t\t\t\t<span class=\"elementor-toggle-icon-closed\"><i class=\"fas fa-caret-right\"><\/i><\/span>\n\t\t\t\t\t\t\t\t<span class=\"elementor-toggle-icon-opened\"><i class=\"elementor-toggle-icon-opened fas fa-caret-up\"><\/i><\/span>\n\t\t\t\t\t\t\t\t\t\t\t\t\t<\/span>\n\t\t\t\t\t\t\t\t\t\t\t\t<a class=\"elementor-toggle-title\" tabindex=\"0\">Was ist ein \u201egesellschaftliches Fach\u201c?<\/a>\n\t\t\t\t\t<\/div>\n\n\t\t\t\t\t<div id=\"elementor-tab-content-7002\" class=\"elementor-tab-content elementor-clearfix\" data-tab=\"2\" role=\"region\" aria-labelledby=\"elementor-tab-title-7002\"><p>Angebote an der WKGE: Sozialwissenschaften, Geographie, Geschichte<\/p><\/div>\n\t\t\t\t<\/div>\n\t\t\t\t\t\t\t<div class=\"elementor-toggle-item\">\n\t\t\t\t\t<div id=\"elementor-tab-title-7003\" class=\"elementor-tab-title\" data-tab=\"3\" role=\"button\" aria-controls=\"elementor-tab-content-7003\" aria-expanded=\"false\">\n\t\t\t\t\t\t\t\t\t\t\t\t<span class=\"elementor-toggle-icon elementor-toggle-icon-left\" aria-hidden=\"true\">\n\t\t\t\t\t\t\t\t\t\t\t\t\t\t\t<span class=\"elementor-toggle-icon-closed\"><i class=\"fas fa-caret-right\"><\/i><\/span>\n\t\t\t\t\t\t\t\t<span class=\"elementor-toggle-icon-opened\"><i class=\"elementor-toggle-icon-opened fas fa-caret-up\"><\/i><\/span>\n\t\t\t\t\t\t\t\t\t\t\t\t\t<\/span>\n\t\t\t\t\t\t\t\t\t\t\t\t<a class=\"elementor-toggle-title\" tabindex=\"0\">Was ist ein \u201enaturwissenschaftliches Fach\u201c?<\/a>\n\t\t\t\t\t<\/div>\n\n\t\t\t\t\t<div id=\"elementor-tab-content-7003\" class=\"elementor-tab-content elementor-clearfix\" data-tab=\"3\" role=\"region\" aria-labelledby=\"elementor-tab-title-7003\"><p>Angebote an der WKGE: Biologie, Chemie, Physik, Technik (nur zus\u00e4tzlich w\u00e4hlbar)<\/p><\/div>\n\t\t\t\t<\/div>\n\t\t\t\t\t\t\t<div class=\"elementor-toggle-item\">\n\t\t\t\t\t<div id=\"elementor-tab-title-7004\" class=\"elementor-tab-title\" data-tab=\"4\" role=\"button\" aria-controls=\"elementor-tab-content-7004\" aria-expanded=\"false\">\n\t\t\t\t\t\t\t\t\t\t\t\t<span class=\"elementor-toggle-icon elementor-toggle-icon-left\" aria-hidden=\"true\">\n\t\t\t\t\t\t\t\t\t\t\t\t\t\t\t<span class=\"elementor-toggle-icon-closed\"><i class=\"fas fa-caret-right\"><\/i><\/span>\n\t\t\t\t\t\t\t\t<span class=\"elementor-toggle-icon-opened\"><i class=\"elementor-toggle-icon-opened fas fa-caret-up\"><\/i><\/span>\n\t\t\t\t\t\t\t\t\t\t\t\t\t<\/span>\n\t\t\t\t\t\t\t\t\t\t\t\t<a class=\"elementor-toggle-title\" tabindex=\"0\">Was ist ein Schwerpunktfach?<\/a>\n\t\t\t\t\t<\/div>\n\n\t\t\t\t\t<div id=\"elementor-tab-content-7004\" class=\"elementor-tab-content elementor-clearfix\" data-tab=\"4\" role=\"region\" aria-labelledby=\"elementor-tab-title-7004\"><p>Wer in der Sekundarstufe I keine zweite Fremdsprache mindestens vier Jahre lang gelernt hat, muss eine neu einsetzende Sprache belegen und hat damit den <em>\u201eSprachlichen Schwerpunkt\u201c.<\/em><\/p><p>Wer die obere Bedingung bereits in der Sek I erf\u00fcllt hat, kann freiwillig eine weitere Sprache erlernen und hat dann ebenfalls den \u201eSprachlichen Schwerpunkt\u201c.<\/p><p>Wer die Zweisprachigkeit bereits in der SI abgeschlossen hat, kann statt Sprache ein zweites naturwissenschaftliches Fach w\u00e4hlen und hat dann den <em>\u201eNaturwissenschaftlichen Schwerpunkt\u201c.<\/em><\/p><\/div>\n\t\t\t\t<\/div>\n\t\t\t\t\t\t\t<div class=\"elementor-toggle-item\">\n\t\t\t\t\t<div id=\"elementor-tab-title-7005\" class=\"elementor-tab-title\" data-tab=\"5\" role=\"button\" aria-controls=\"elementor-tab-content-7005\" aria-expanded=\"false\">\n\t\t\t\t\t\t\t\t\t\t\t\t<span class=\"elementor-toggle-icon elementor-toggle-icon-left\" aria-hidden=\"true\">\n\t\t\t\t\t\t\t\t\t\t\t\t\t\t\t<span class=\"elementor-toggle-icon-closed\"><i class=\"fas fa-caret-right\"><\/i><\/span>\n\t\t\t\t\t\t\t\t<span class=\"elementor-toggle-icon-opened\"><i class=\"elementor-toggle-icon-opened fas fa-caret-up\"><\/i><\/span>\n\t\t\t\t\t\t\t\t\t\t\t\t\t<\/span>\n\t\t\t\t\t\t\t\t\t\t\t\t<a class=\"elementor-toggle-title\" tabindex=\"0\">Angebote der Zweitsprachen an der WKGE<\/a>\n\t\t\t\t\t<\/div>\n\n\t\t\t\t\t<div id=\"elementor-tab-content-7005\" class=\"elementor-tab-content elementor-clearfix\" data-tab=\"5\" role=\"region\" aria-labelledby=\"elementor-tab-title-7005\"><p>Lateinisch (neu einsetzend)&#8230;mit der Option das Kleine oder das Gro\u00dfe Latinum zu erwerben<\/p><p>Spanisch\u00a0 (neu einsetzend)<\/p><p>Spanisch\u00a0 (fortgef\u00fchrt ab SI) \u2026 kann ebenfalls als Schwerpunktfach gew\u00e4hlt werden<\/p><\/div>\n\t\t\t\t<\/div>\n\t\t\t\t\t\t\t<div class=\"elementor-toggle-item\">\n\t\t\t\t\t<div id=\"elementor-tab-title-7006\" class=\"elementor-tab-title\" data-tab=\"6\" role=\"button\" aria-controls=\"elementor-tab-content-7006\" aria-expanded=\"false\">\n\t\t\t\t\t\t\t\t\t\t\t\t<span class=\"elementor-toggle-icon elementor-toggle-icon-left\" aria-hidden=\"true\">\n\t\t\t\t\t\t\t\t\t\t\t\t\t\t\t<span class=\"elementor-toggle-icon-closed\"><i class=\"fas fa-caret-right\"><\/i><\/span>\n\t\t\t\t\t\t\t\t<span class=\"elementor-toggle-icon-opened\"><i class=\"elementor-toggle-icon-opened fas fa-caret-up\"><\/i><\/span>\n\t\t\t\t\t\t\t\t\t\t\t\t\t<\/span>\n\t\t\t\t\t\t\t\t\t\t\t\t<a class=\"elementor-toggle-title\" tabindex=\"0\">Angebotene F\u00e4cher im Leistungskursbereich<\/a>\n\t\t\t\t\t<\/div>\n\n\t\t\t\t\t<div id=\"elementor-tab-content-7006\" class=\"elementor-tab-content elementor-clearfix\" data-tab=\"6\" role=\"region\" aria-labelledby=\"elementor-tab-title-7006\"><p>Deutsch, Englisch, Mathematik (Leistungskursschiene I)<\/p>\n<p>Biologie, Geschichte, Sozialwissenschaften, Geographie (Leistungskursschiene II)<\/p>\n<p><span style=\"color: #ff0000;\"><strong>Hinweis<\/strong>:<\/span> Die Leistungskurswahl findet immer erst im zweiten Halbjahr der EF statt, die Kurse beginnen in der Qualifikationsphase 1 (Q1) im Schuljahr 2022\/23.<\/p><\/div>\n\t\t\t\t<\/div>\n\t\t\t\t\t\t\t<div class=\"elementor-toggle-item\">\n\t\t\t\t\t<div id=\"elementor-tab-title-7007\" class=\"elementor-tab-title\" data-tab=\"7\" role=\"button\" aria-controls=\"elementor-tab-content-7007\" aria-expanded=\"false\">\n\t\t\t\t\t\t\t\t\t\t\t\t<span class=\"elementor-toggle-icon elementor-toggle-icon-left\" aria-hidden=\"true\">\n\t\t\t\t\t\t\t\t\t\t\t\t\t\t\t<span class=\"elementor-toggle-icon-closed\"><i class=\"fas fa-caret-right\"><\/i><\/span>\n\t\t\t\t\t\t\t\t<span class=\"elementor-toggle-icon-opened\"><i class=\"elementor-toggle-icon-opened fas fa-caret-up\"><\/i><\/span>\n\t\t\t\t\t\t\t\t\t\t\t\t\t<\/span>\n\t\t\t\t\t\t\t\t\t\t\t\t<a class=\"elementor-toggle-title\" tabindex=\"0\">Besondere F\u00e4cherangebote<\/a>\n\t\t\t\t\t<\/div>\n\n\t\t\t\t\t<div id=\"elementor-tab-content-7007\" class=\"elementor-tab-content elementor-clearfix\" data-tab=\"7\" role=\"region\" aria-labelledby=\"elementor-tab-title-7007\"><p>In der EF bieten wir konsequent <em>Vertiefungskurse<\/em> in den Hauptf\u00e4chern Deutsch, Englisch oder Mathematik an, um zielgerichtet erkennbare Schw\u00e4chen aus der SI fr\u00fchzeitig aufzuarbeiten. Dies ist unverzichtbar, um sp\u00e4testens ab der Q1 erfolgreich mitarbeiten zu k\u00f6nnen.<\/p>\n<p>In der Q1 k\u00f6nnen sogenannte \u201eProjektkurse\u201c gew\u00e4hlt werden. Hier wird teilweise losgel\u00f6st vom Stundenraster gearbeitet, um am Ende des Schuljahres der Schul\u00f6ffentlichkeit ein Projekt zu pr\u00e4sentieren. Traditionell verankert sind bei uns Projektkurse wie \u201e<em>Sch\u00fclerzeitung<\/em>\u201c, \u201e<em>Sch\u00fclerfilmer<\/em>\u201c oder \u201e<em>Sch\u00fclerwandern<\/em>\u201c; jedoch stehen jedes Jahr auch neue Projektkurs-Angebote zur Wahl.<\/p><\/div>\n\t\t\t\t<\/div>\n\t\t\t\t\t\t\t<div class=\"elementor-toggle-item\">\n\t\t\t\t\t<div id=\"elementor-tab-title-7008\" class=\"elementor-tab-title\" data-tab=\"8\" role=\"button\" aria-controls=\"elementor-tab-content-7008\" aria-expanded=\"false\">\n\t\t\t\t\t\t\t\t\t\t\t\t<span class=\"elementor-toggle-icon elementor-toggle-icon-left\" aria-hidden=\"true\">\n\t\t\t\t\t\t\t\t\t\t\t\t\t\t\t<span class=\"elementor-toggle-icon-closed\"><i class=\"fas fa-caret-right\"><\/i><\/span>\n\t\t\t\t\t\t\t\t<span class=\"elementor-toggle-icon-opened\"><i class=\"elementor-toggle-icon-opened fas fa-caret-up\"><\/i><\/span>\n\t\t\t\t\t\t\t\t\t\t\t\t\t<\/span>\n\t\t\t\t\t\t\t\t\t\t\t\t<a class=\"elementor-toggle-title\" tabindex=\"0\">W\u00e4hlbare Abiturf\u00e4cher<\/a>\n\t\t\t\t\t<\/div>\n\n\t\t\t\t\t<div id=\"elementor-tab-content-7008\" class=\"elementor-tab-content elementor-clearfix\" data-tab=\"8\" role=\"region\" aria-labelledby=\"elementor-tab-title-7008\"><p>Alle F\u00e4cher, die durchg\u00e4ngig von der EF bis zur Q2 belegt werden, k\u00f6nnen Pr\u00fcfungsf\u00e4cher im Abitur sein. Au\u00dfer in den zwei Leistungskursen wird im Abitur in zwei Grundkursen ge-pr\u00fcft, wobei die Pr\u00fcfung im 4. Fach m\u00fcndlich stattfindet. Sport kann an der WKGE nur 4. Pr\u00fcfungsfach sein, wobei neben einer m\u00fcndlichen noch eine praktische Pr\u00fcfung erfolgt.<\/p>\n<p>Die Zusammenstellung der Abiturf\u00e4cher unterliegt gesetzlichen Bedingungen.<\/p><\/div>\n\t\t\t\t<\/div>\n\t\t\t\t\t\t\t<div class=\"elementor-toggle-item\">\n\t\t\t\t\t<div id=\"elementor-tab-title-7009\" class=\"elementor-tab-title\" data-tab=\"9\" role=\"button\" aria-controls=\"elementor-tab-content-7009\" aria-expanded=\"false\">\n\t\t\t\t\t\t\t\t\t\t\t\t<span class=\"elementor-toggle-icon elementor-toggle-icon-left\" aria-hidden=\"true\">\n\t\t\t\t\t\t\t\t\t\t\t\t\t\t\t<span class=\"elementor-toggle-icon-closed\"><i class=\"fas fa-caret-right\"><\/i><\/span>\n\t\t\t\t\t\t\t\t<span class=\"elementor-toggle-icon-opened\"><i class=\"elementor-toggle-icon-opened fas fa-caret-up\"><\/i><\/span>\n\t\t\t\t\t\t\t\t\t\t\t\t\t<\/span>\n\t\t\t\t\t\t\t\t\t\t\t\t<a class=\"elementor-toggle-title\" tabindex=\"0\">Kursfahrten in Zeiten ohne Corona-Einschr\u00e4nkungen<\/a>\n\t\t\t\t\t<\/div>\n\n\t\t\t\t\t<div id=\"elementor-tab-content-7009\" class=\"elementor-tab-content elementor-clearfix\" data-tab=\"9\" role=\"region\" aria-labelledby=\"elementor-tab-title-7009\"><p>EF\u00a0\u00a0\u00a0\u00a0\u00a0 Im zweiten Halbjahr findet eine Schulprogramm-Fahrt nach Weimar unter dem Thema \u201e<em>Erinnerungskultur \u2013 gegen das Vergessen<\/em>\u201c statt.<\/p><p>Q2\u00a0\u00a0\u00a0\u00a0 Schulabschlussfahrt \u2013 variable Ziele<\/p><\/div>\n\t\t\t\t<\/div>\n\t\t\t\t\t\t\t<div class=\"elementor-toggle-item\">\n\t\t\t\t\t<div id=\"elementor-tab-title-70010\" class=\"elementor-tab-title\" data-tab=\"10\" role=\"button\" aria-controls=\"elementor-tab-content-70010\" aria-expanded=\"false\">\n\t\t\t\t\t\t\t\t\t\t\t\t<span class=\"elementor-toggle-icon elementor-toggle-icon-left\" aria-hidden=\"true\">\n\t\t\t\t\t\t\t\t\t\t\t\t\t\t\t<span class=\"elementor-toggle-icon-closed\"><i class=\"fas fa-caret-right\"><\/i><\/span>\n\t\t\t\t\t\t\t\t<span class=\"elementor-toggle-icon-opened\"><i class=\"elementor-toggle-icon-opened fas fa-caret-up\"><\/i><\/span>\n\t\t\t\t\t\t\t\t\t\t\t\t\t<\/span>\n\t\t\t\t\t\t\t\t\t\t\t\t<a class=\"elementor-toggle-title\" tabindex=\"0\">Studien- und Berufsberatung<\/a>\n\t\t\t\t\t<\/div>\n\n\t\t\t\t\t<div id=\"elementor-tab-content-70010\" class=\"elementor-tab-content elementor-clearfix\" data-tab=\"10\" role=\"region\" aria-labelledby=\"elementor-tab-title-70010\"><p>Aufbauend auf die Studien- und Berufsberatung der Sekundarstufe I finden verteilt auf die drei Jahre der gymnasialen Oberstufe verschiedene zentrale und dezentrale Veranstaltun-gen im Rahmen von KAoA (\u201e<em>Kein Abschluss ohne Anschluss<\/em>\u201c) statt.<\/p>\n<p>Externe Partner zur Berufsfelderkundung sind regelm\u00e4\u00dfig im Hause; weiterhin bieten wir Talentf\u00f6rderung f\u00fcr motivierte und leistungsstarke Sch\u00fclerinnen und Sch\u00fcler mit Unterst\u00fct-zung des <em>Talentscouting-Projekts<\/em> des Landes NRW an.<\/p>\n<p>Im Jahrgang Q1 findet ein zweiw\u00f6chiges Berufspraktikum statt.<\/p>\n<p>Link: <a href=\"https:\/\/wkge-en.de\/wkge\/wp-content\/uploads\/Schaubild-BO-Sek-II-Flyer-e-ergaenzt-um-Text.pdf\" target=\"_blank\">BO-Curriculum als einseitig \u00dcbersicht SII<\/a><\/p><\/div>\n\t\t\t\t<\/div>\n\t\t\t\t\t\t\t<div class=\"elementor-toggle-item\">\n\t\t\t\t\t<div id=\"elementor-tab-title-70011\" class=\"elementor-tab-title\" data-tab=\"11\" role=\"button\" aria-controls=\"elementor-tab-content-70011\" aria-expanded=\"false\">\n\t\t\t\t\t\t\t\t\t\t\t\t<span class=\"elementor-toggle-icon elementor-toggle-icon-left\" aria-hidden=\"true\">\n\t\t\t\t\t\t\t\t\t\t\t\t\t\t\t<span class=\"elementor-toggle-icon-closed\"><i class=\"fas fa-caret-right\"><\/i><\/span>\n\t\t\t\t\t\t\t\t<span class=\"elementor-toggle-icon-opened\"><i class=\"elementor-toggle-icon-opened fas fa-caret-up\"><\/i><\/span>\n\t\t\t\t\t\t\t\t\t\t\t\t\t<\/span>\n\t\t\t\t\t\t\t\t\t\t\t\t<a class=\"elementor-toggle-title\" tabindex=\"0\">P\u00e4dagogische Betreuung<\/a>\n\t\t\t\t\t<\/div>\n\n\t\t\t\t\t<div id=\"elementor-tab-content-70011\" class=\"elementor-tab-content elementor-clearfix\" data-tab=\"11\" role=\"region\" aria-labelledby=\"elementor-tab-title-70011\"><p>Jede Jahrgangsstufe wird von zwei (Jahrgangs-)Stufenleiter*Innen begleitet. Neben der Laufbahnberatung und \u2013\u00fcberwachung stehen dir diese auch mit Rat und Tat zur Seite. Unterst\u00fctzt werden sie durch weitere mit verschiedenen Arten von Beratung betrauten Personen (Lernberatung, Sozial- oder Sonderp\u00e4dagogische Beratung, &#8230;)<\/p><\/div>\n\t\t\t\t<\/div>\n\t\t\t\t\t\t\t\t<\/div>\n\t\t\t\t\t\t<\/div>\n\t\t\t\t<\/div>\n\t\t\t\t\t<\/div>\n\t\t<\/div>\n\t\t\t\t\t<\/div>\n\t\t<\/section>\n\t\t\t\t<\/div>\n\t\t","protected":false},"excerpt":{"rendered":"<p>Anmeldung f\u00fcr die Oberstufe 2026\/2027 Das Anmeldungsverfahren findet dieses Jahr f\u00fcr die Eltern externer Sch\u00fclerinnen und Sch\u00fcler folgenderma\u00dfen statt: Im Zeitraum vom 09.02. \u2013 13.02.2026 k\u00f6nnen Sie in der Zeit von 14 \u2013 18 Uhr (Fr. 14-16 Uhr) folgende Unterlagen im Raum F016 (F-Halle) abgeben bzw. mitbringen: 1. Das&nbsp;Anmeldeformular f\u00fcr die Sekundarstufe II (SII)&nbsp;digital ausf\u00fcllen und am Ende abschicken. &nbsp;F\u00fchren Sie eine Anmeldung im Sch\u00fcler-Online-Verfahren durch unter www.schueleronline.de (Anmeldedaten erh\u00e4lt Ihr Kind mit dem Halbjahreszeugnis) 2. Nach erfolgreicher Anmeldung drucken Sie bitte die letzte Best\u00e4tigungsseite aus und reichen diese mit Unterschrift mit ein. 3. Geburtsurkunde des anzumeldenden Kindes im Original. 4. Originale der Personalausweise beider Erziehungsberechtigter; bei Nicht-EU-B\u00fcrgern der Aufenthaltstitel im Original. 5. Halbjahreszeugnisses Schuljahr 25\/26 im Original. 6. Kopie des Zeugnisses 7. &nbsp;Nachweis zum Masernimpfschutz (Kopie Impfausweis) 8. Die vollst\u00e4ndig ausgef\u00fcllten und&nbsp;unterzeichneten Best\u00e4tigungen&nbsp;(\u201eEmpfangsbest\u00e4tigungen und Einwilligungen zur Schulanmeldung\u201c)&nbsp; Sollten Sie weitere Nachfragen zu Inhalten oder zum Anmeldeverfahren haben, k\u00f6nnen Sie<\/p>\n","protected":false},"author":1,"featured_media":0,"parent":19,"menu_order":0,"comment_status":"closed","ping_status":"closed","template":"","meta":{"footnotes":""},"class_list":["post-23","page","type-page","status-publish","hentry","","tg-column-two"],"_links":{"self":[{"href":"https:\/\/wkge-en.de\/wkge\/wp-json\/wp\/v2\/pages\/23","targetHints":{"allow":["GET"]}}],"collection":[{"href":"https:\/\/wkge-en.de\/wkge\/wp-json\/wp\/v2\/pages"}],"about":[{"href":"https:\/\/wkge-en.de\/wkge\/wp-json\/wp\/v2\/types\/page"}],"author":[{"embeddable":true,"href":"https:\/\/wkge-en.de\/wkge\/wp-json\/wp\/v2\/users\/1"}],"replies":[{"embeddable":true,"href":"https:\/\/wkge-en.de\/wkge\/wp-json\/wp\/v2\/comments?post=23"}],"version-history":[{"count":11,"href":"https:\/\/wkge-en.de\/wkge\/wp-json\/wp\/v2\/pages\/23\/revisions"}],"predecessor-version":[{"id":10662,"href":"https:\/\/wkge-en.de\/wkge\/wp-json\/wp\/v2\/pages\/23\/revisions\/10662"}],"up":[{"embeddable":true,"href":"https:\/\/wkge-en.de\/wkge\/wp-json\/wp\/v2\/pages\/19"}],"wp:attachment":[{"href":"https:\/\/wkge-en.de\/wkge\/wp-json\/wp\/v2\/media?parent=23"}],"curies":[{"name":"wp","href":"https:\/\/api.w.org\/{rel}","templated":true}]}}