{"id":230,"date":"2018-12-10T15:18:27","date_gmt":"2018-12-10T14:18:27","guid":{"rendered":"http:\/\/wkge-en.de\/wkge\/?page_id=230"},"modified":"2018-12-10T15:33:48","modified_gmt":"2018-12-10T14:33:48","slug":"inklusion","status":"publish","type":"page","link":"https:\/\/wkge-en.de\/wkge\/unsere-schule\/schulprogramm\/schwerpunkte\/inklusion\/","title":{"rendered":"Inklusion"},"content":{"rendered":"\t\t<div data-elementor-type=\"wp-post\" data-elementor-id=\"230\" class=\"elementor elementor-230 elementor-bc-flex-widget\">\n\t\t\t\t\t\t<section class=\"elementor-section elementor-top-section elementor-element elementor-element-a5ffdc8 elementor-section-boxed elementor-section-height-default elementor-section-height-default\" data-id=\"a5ffdc8\" data-element_type=\"section\" data-e-type=\"section\">\n\t\t\t\t\t\t<div class=\"elementor-container elementor-column-gap-default\">\n\t\t\t\t\t<div class=\"elementor-column elementor-col-100 elementor-top-column elementor-element elementor-element-397b481\" data-id=\"397b481\" data-element_type=\"column\" data-e-type=\"column\">\n\t\t\t<div class=\"elementor-widget-wrap elementor-element-populated\">\n\t\t\t\t\t\t<div class=\"elementor-element elementor-element-fd84413 elementor-widget elementor-widget-heading\" data-id=\"fd84413\" data-element_type=\"widget\" data-e-type=\"widget\" data-widget_type=\"heading.default\">\n\t\t\t\t<div class=\"elementor-widget-container\">\n\t\t\t\t\t<h2 class=\"elementor-heading-title elementor-size-default\">Inklusion<\/h2>\t\t\t\t<\/div>\n\t\t\t\t<\/div>\n\t\t\t\t\t<\/div>\n\t\t<\/div>\n\t\t\t\t\t<\/div>\n\t\t<\/section>\n\t\t\t\t<section class=\"elementor-section elementor-top-section elementor-element elementor-element-1b27d47 elementor-section-boxed elementor-section-height-default elementor-section-height-default\" data-id=\"1b27d47\" data-element_type=\"section\" data-e-type=\"section\">\n\t\t\t\t\t\t<div class=\"elementor-container elementor-column-gap-default\">\n\t\t\t\t\t<div class=\"elementor-column elementor-col-100 elementor-top-column elementor-element elementor-element-c30e01e\" data-id=\"c30e01e\" data-element_type=\"column\" data-e-type=\"column\">\n\t\t\t<div class=\"elementor-widget-wrap elementor-element-populated\">\n\t\t\t\t\t\t<div class=\"elementor-element elementor-element-efe0060 elementor-widget elementor-widget-text-editor\" data-id=\"efe0060\" data-element_type=\"widget\" data-e-type=\"widget\" data-widget_type=\"text-editor.default\">\n\t\t\t\t<div class=\"elementor-widget-container\">\n\t\t\t\t\t\t\t\t\t<p>Die Wilhelm-Kraft-Gesamtschule versteht sich als Schule des l\u00e4ngeren gemeinsamen Lernens von Kinder mit und ohne Handicaps.<\/p><p>Alle werden in ihrer Besonderheit und mit ihren besonderen Lernbed\u00fcrfnissen angenommen und gef\u00f6rdert. Daf\u00fcr hat die Wilhelm-Kraft-Gesamtschule im Jahre <a href=\"http:\/\/www.wilhelm-kraft-gesamtschule.de\/f%C3%B6rderpreis-f%C3%BCr-die-wilhelm-kraft-gesamtschule\">2018 den Inklusionspreis des Ennepe-Ruhr-Kreises<\/a> verliehen bekommen. Das umfangreiche <a href=\"http:\/\/wkge-en.de\/wkge\/wp-content\/uploads\/Inklusionskonzept.pdf\">Konzept der Schule hierzu<\/a> findet sich <a href=\"http:\/\/wkge-en.de\/wkge\/wp-content\/uploads\/Inklusionskonzept.pdf\">hier<\/a>.<\/p>\t\t\t\t\t\t\t\t<\/div>\n\t\t\t\t<\/div>\n\t\t\t\t\t<\/div>\n\t\t<\/div>\n\t\t\t\t\t<\/div>\n\t\t<\/section>\n\t\t\t\t<section class=\"elementor-section elementor-top-section elementor-element elementor-element-f065055 elementor-section-boxed elementor-section-height-default elementor-section-height-default\" data-id=\"f065055\" data-element_type=\"section\" data-e-type=\"section\">\n\t\t\t\t\t\t<div class=\"elementor-container elementor-column-gap-default\">\n\t\t\t\t\t<div class=\"elementor-column elementor-col-100 elementor-top-column elementor-element elementor-element-a348cb2\" data-id=\"a348cb2\" data-element_type=\"column\" data-e-type=\"column\">\n\t\t\t<div class=\"elementor-widget-wrap elementor-element-populated\">\n\t\t\t\t\t\t<div class=\"elementor-element elementor-element-82e0dee elementor-widget elementor-widget-spacer\" data-id=\"82e0dee\" data-element_type=\"widget\" data-e-type=\"widget\" data-widget_type=\"spacer.default\">\n\t\t\t\t<div class=\"elementor-widget-container\">\n\t\t\t\t\t\t\t<div class=\"elementor-spacer\">\n\t\t\t<div class=\"elementor-spacer-inner\"><\/div>\n\t\t<\/div>\n\t\t\t\t\t\t<\/div>\n\t\t\t\t<\/div>\n\t\t\t\t\t<\/div>\n\t\t<\/div>\n\t\t\t\t\t<\/div>\n\t\t<\/section>\n\t\t\t\t<section class=\"elementor-section elementor-top-section elementor-element elementor-element-5ecdbc0 elementor-section-boxed elementor-section-height-default elementor-section-height-default\" data-id=\"5ecdbc0\" data-element_type=\"section\" data-e-type=\"section\">\n\t\t\t\t\t\t<div class=\"elementor-container elementor-column-gap-default\">\n\t\t\t\t\t<div class=\"elementor-column elementor-col-100 elementor-top-column elementor-element elementor-element-f98d28b\" data-id=\"f98d28b\" data-element_type=\"column\" data-e-type=\"column\">\n\t\t\t<div class=\"elementor-widget-wrap elementor-element-populated\">\n\t\t\t\t\t\t<div class=\"elementor-element elementor-element-8ece13e elementor-widget elementor-widget-heading\" data-id=\"8ece13e\" data-element_type=\"widget\" data-e-type=\"widget\" data-widget_type=\"heading.default\">\n\t\t\t\t<div class=\"elementor-widget-container\">\n\t\t\t\t\t<h2 class=\"elementor-heading-title elementor-size-default\">Systemisches Inklusionskonzept (Vorschlag)<\/h2>\t\t\t\t<\/div>\n\t\t\t\t<\/div>\n\t\t\t\t\t<\/div>\n\t\t<\/div>\n\t\t\t\t\t<\/div>\n\t\t<\/section>\n\t\t\t\t<section class=\"elementor-section elementor-top-section elementor-element elementor-element-87737f5 elementor-section-boxed elementor-section-height-default elementor-section-height-default\" data-id=\"87737f5\" data-element_type=\"section\" data-e-type=\"section\">\n\t\t\t\t\t\t<div class=\"elementor-container elementor-column-gap-default\">\n\t\t\t\t\t<div class=\"elementor-column elementor-col-66 elementor-top-column elementor-element elementor-element-80b7fe0\" data-id=\"80b7fe0\" data-element_type=\"column\" data-e-type=\"column\">\n\t\t\t<div class=\"elementor-widget-wrap elementor-element-populated\">\n\t\t\t\t\t\t<div class=\"elementor-element elementor-element-3efc446 elementor-widget elementor-widget-text-editor\" data-id=\"3efc446\" data-element_type=\"widget\" data-e-type=\"widget\" data-widget_type=\"text-editor.default\">\n\t\t\t\t<div class=\"elementor-widget-container\">\n\t\t\t\t\t\t\t\t\t<div class=\"region region-content\"><div id=\"block-system-main\" class=\"block block-system\"><div class=\"content\"><div id=\"node-2807\" class=\"node node-story node-promoted clearfix\"><div class=\"content clearfix\"><div class=\"field field-name-body field-type-text-with-summary field-label-hidden\"><div class=\"field-items\"><div class=\"field-item even\"><p>Inklusion ist die aktuelle Herausforderung im Bildungsbereich. Wir stellen uns dieser Herausforderung und haben in einem multiprofessionellen Team ein Konzept entwickelt, das die Bereiche Bildung, Jugendhilfe und Heilkunde in ihrer systemischen Verbindung zueinander optimal f\u00fcr die F\u00f6rderung von Sch\u00fclern und Sch\u00fclerinnen unserer Schule ber\u00fccksichtigt.<\/p><p>Wir hoffen, Sie nehmen sich die Zeit, <a class=\"ext\" href=\"http:\/\/wkge-en.de\/wkge\/wp-content\/uploads\/Inklusionskonzept.pdf\" target=\"_blank\" rel=\"noopener noreferrer\">unser umfangreiches Konzept<\/a> zu lesen und uns eine R\u00fcckmeldung zu geben. Wir sind dankbar f\u00fcr jede Anregung.<\/p><p><em>H. Gieseker (ehem. Abteilungsleiterin 5\/6)<\/em><\/p><\/div><\/div><\/div><\/div><\/div><\/div><\/div><\/div>\t\t\t\t\t\t\t\t<\/div>\n\t\t\t\t<\/div>\n\t\t\t\t\t<\/div>\n\t\t<\/div>\n\t\t\t\t<div class=\"elementor-column elementor-col-33 elementor-top-column elementor-element elementor-element-1075b31\" data-id=\"1075b31\" data-element_type=\"column\" data-e-type=\"column\">\n\t\t\t<div class=\"elementor-widget-wrap elementor-element-populated\">\n\t\t\t\t\t\t<div class=\"elementor-element elementor-element-3347ca7 elementor-widget elementor-widget-image\" data-id=\"3347ca7\" data-element_type=\"widget\" data-e-type=\"widget\" data-widget_type=\"image.default\">\n\t\t\t\t<div class=\"elementor-widget-container\">\n\t\t\t\t\t\t\t\t\t\t\t\t\t\t\t\t<a href=\"http:\/\/wkge-en.de\/wkge\/wp-content\/uploads\/Inklusionskonzept-2014.pdf\">\n\t\t\t\t\t\t\t<img fetchpriority=\"high\" decoding=\"async\" width=\"224\" height=\"300\" src=\"https:\/\/wkge-en.de\/wkge\/wp-content\/uploads\/Inklusionskonzept-Bild-2014-224x300.jpg\" class=\"attachment-medium size-medium wp-image-232\" alt=\"\" srcset=\"https:\/\/wkge-en.de\/wkge\/wp-content\/uploads\/Inklusionskonzept-Bild-2014-224x300.jpg 224w, https:\/\/wkge-en.de\/wkge\/wp-content\/uploads\/Inklusionskonzept-Bild-2014.jpg 593w\" sizes=\"(max-width: 224px) 100vw, 224px\" \/>\t\t\t\t\t\t\t\t<\/a>\n\t\t\t\t\t\t\t\t\t\t\t\t\t\t\t<\/div>\n\t\t\t\t<\/div>\n\t\t\t\t\t<\/div>\n\t\t<\/div>\n\t\t\t\t\t<\/div>\n\t\t<\/section>\n\t\t\t\t<\/div>\n\t\t","protected":false},"excerpt":{"rendered":"<p>Inklusion Die Wilhelm-Kraft-Gesamtschule versteht sich als Schule des l\u00e4ngeren gemeinsamen Lernens von Kinder mit und ohne Handicaps. Alle werden in ihrer Besonderheit und mit ihren besonderen Lernbed\u00fcrfnissen angenommen und gef\u00f6rdert. Daf\u00fcr hat die Wilhelm-Kraft-Gesamtschule im Jahre 2018 den Inklusionspreis des Ennepe-Ruhr-Kreises verliehen bekommen. Das umfangreiche Konzept der Schule hierzu findet sich hier. Systemisches Inklusionskonzept (Vorschlag) Inklusion ist die aktuelle Herausforderung im Bildungsbereich. Wir stellen uns dieser Herausforderung und haben in einem multiprofessionellen Team ein Konzept entwickelt, das die Bereiche Bildung, Jugendhilfe und Heilkunde in ihrer systemischen Verbindung zueinander optimal f\u00fcr die F\u00f6rderung von Sch\u00fclern und Sch\u00fclerinnen unserer Schule ber\u00fccksichtigt. Wir hoffen, Sie nehmen sich die Zeit, unser umfangreiches Konzept zu lesen und uns eine R\u00fcckmeldung zu geben. Wir sind dankbar f\u00fcr jede Anregung. H. Gieseker (ehem. Abteilungsleiterin 5\/6)<\/p>\n","protected":false},"author":2,"featured_media":0,"parent":128,"menu_order":0,"comment_status":"closed","ping_status":"closed","template":"","meta":{"footnotes":""},"class_list":["post-230","page","type-page","status-publish","hentry","","tg-column-two"],"_links":{"self":[{"href":"https:\/\/wkge-en.de\/wkge\/wp-json\/wp\/v2\/pages\/230","targetHints":{"allow":["GET"]}}],"collection":[{"href":"https:\/\/wkge-en.de\/wkge\/wp-json\/wp\/v2\/pages"}],"about":[{"href":"https:\/\/wkge-en.de\/wkge\/wp-json\/wp\/v2\/types\/page"}],"author":[{"embeddable":true,"href":"https:\/\/wkge-en.de\/wkge\/wp-json\/wp\/v2\/users\/2"}],"replies":[{"embeddable":true,"href":"https:\/\/wkge-en.de\/wkge\/wp-json\/wp\/v2\/comments?post=230"}],"version-history":[{"count":3,"href":"https:\/\/wkge-en.de\/wkge\/wp-json\/wp\/v2\/pages\/230\/revisions"}],"predecessor-version":[{"id":237,"href":"https:\/\/wkge-en.de\/wkge\/wp-json\/wp\/v2\/pages\/230\/revisions\/237"}],"up":[{"embeddable":true,"href":"https:\/\/wkge-en.de\/wkge\/wp-json\/wp\/v2\/pages\/128"}],"wp:attachment":[{"href":"https:\/\/wkge-en.de\/wkge\/wp-json\/wp\/v2\/media?parent=230"}],"curies":[{"name":"wp","href":"https:\/\/api.w.org\/{rel}","templated":true}]}}