{"id":241,"date":"2018-12-10T18:55:20","date_gmt":"2018-12-10T17:55:20","guid":{"rendered":"http:\/\/wkge-en.de\/wkge\/?page_id=241"},"modified":"2018-12-10T19:37:12","modified_gmt":"2018-12-10T18:37:12","slug":"schule-als-lebensraum","status":"publish","type":"page","link":"https:\/\/wkge-en.de\/wkge\/unsere-schule\/schulprogramm\/schule-als-lebensraum\/","title":{"rendered":"Schule als Lebensraum"},"content":{"rendered":"\t\t<div data-elementor-type=\"wp-post\" data-elementor-id=\"241\" class=\"elementor elementor-241 elementor-bc-flex-widget\">\n\t\t\t\t\t\t<section class=\"elementor-section elementor-top-section elementor-element elementor-element-a25f39a elementor-section-boxed elementor-section-height-default elementor-section-height-default\" data-id=\"a25f39a\" data-element_type=\"section\" data-e-type=\"section\">\n\t\t\t\t\t\t<div class=\"elementor-container elementor-column-gap-default\">\n\t\t\t\t\t<div class=\"elementor-column elementor-col-100 elementor-top-column elementor-element elementor-element-dbe840b\" data-id=\"dbe840b\" data-element_type=\"column\" data-e-type=\"column\">\n\t\t\t<div class=\"elementor-widget-wrap elementor-element-populated\">\n\t\t\t\t\t\t<div class=\"elementor-element elementor-element-ee1ea79 elementor-widget elementor-widget-heading\" data-id=\"ee1ea79\" data-element_type=\"widget\" data-e-type=\"widget\" data-widget_type=\"heading.default\">\n\t\t\t\t<div class=\"elementor-widget-container\">\n\t\t\t\t\t<h2 class=\"elementor-heading-title elementor-size-default\">Schule als Lebensraum<\/h2>\t\t\t\t<\/div>\n\t\t\t\t<\/div>\n\t\t\t\t\t<\/div>\n\t\t<\/div>\n\t\t\t\t\t<\/div>\n\t\t<\/section>\n\t\t\t\t<section class=\"elementor-section elementor-top-section elementor-element elementor-element-352d6f9 elementor-section-boxed elementor-section-height-default elementor-section-height-default\" data-id=\"352d6f9\" data-element_type=\"section\" data-e-type=\"section\">\n\t\t\t\t\t\t<div class=\"elementor-container elementor-column-gap-default\">\n\t\t\t\t\t<div class=\"elementor-column elementor-col-50 elementor-top-column elementor-element elementor-element-de0bb66\" data-id=\"de0bb66\" data-element_type=\"column\" data-e-type=\"column\">\n\t\t\t<div class=\"elementor-widget-wrap elementor-element-populated\">\n\t\t\t\t\t\t<div class=\"elementor-element elementor-element-7e7a3d9 elementor-widget elementor-widget-text-editor\" data-id=\"7e7a3d9\" data-element_type=\"widget\" data-e-type=\"widget\" data-widget_type=\"text-editor.default\">\n\t\t\t\t<div class=\"elementor-widget-container\">\n\t\t\t\t\t\t\t\t\t<ul class=\"menu\"><li id=\"dhtml_menu-292\" class=\"first leaf dhtml-menu\"><a href=\"http:\/\/wkge-en.de\/wkge\/unsere-schule\/schulprogramm\/schule-als-lebensraum\/ziele-der-gestaltung-des-schullebens-und-der-oeffnung-von-schule\/\">Ziele der Gestaltung des Schullebens und der \u00d6ffnung von Schule<\/a><\/li><li id=\"dhtml_menu-239\" class=\"leaf dhtml-menu\"><a href=\"http:\/\/wkge-en.de\/wkge\/unsere-schule\/schulprogramm\/schwerpunkte\/berufswahlorientierung\/\">Berufswahlorientierung<\/a><\/li><li id=\"dhtml_menu-250\" class=\"leaf dhtml-menu\"><a href=\"http:\/\/wkge-en.de\/wkge\/unsere-schule\/schulprogramm\/schule-als-lebensraum\/fahrten-und-exkursionsprogramm\/\">Fahrten- und Exkursionsprogramm<\/a><\/li><li id=\"dhtml_menu-256\" class=\"collapsed dhtml-menu collapsed start-collapsed\"><a href=\"http:\/\/wkge-en.de\/wkge\/unsere-schule\/schulprogramm\/schule-als-lebensraum\/gesundheitserziehung\/\">Gesundheitserziehung<\/a><\/li><li id=\"dhtml_menu-268\" class=\"leaf dhtml-menu\"><a href=\"http:\/\/wkge-en.de\/wkge\/unsere-schule\/schulprogramm\/schule-als-lebensraum\/schulsanitaetsdienst\/\">Schulsanit\u00e4tsdienst<\/a><\/li><\/ul>\t\t\t\t\t\t\t\t<\/div>\n\t\t\t\t<\/div>\n\t\t\t\t\t<\/div>\n\t\t<\/div>\n\t\t\t\t<div class=\"elementor-column elementor-col-50 elementor-top-column elementor-element elementor-element-c48a0e0\" data-id=\"c48a0e0\" data-element_type=\"column\" data-e-type=\"column\">\n\t\t\t<div class=\"elementor-widget-wrap elementor-element-populated\">\n\t\t\t\t\t\t<div class=\"elementor-element elementor-element-7d1425b elementor-widget elementor-widget-text-editor\" data-id=\"7d1425b\" data-element_type=\"widget\" data-e-type=\"widget\" data-widget_type=\"text-editor.default\">\n\t\t\t\t<div class=\"elementor-widget-container\">\n\t\t\t\t\t\t\t\t\t<ul class=\"menu\"><li id=\"dhtml_menu-274\" class=\"leaf dhtml-menu\"><a href=\"http:\/\/wkge-en.de\/wkge\/unsere-schule\/schulprogramm\/schule-als-lebensraum\/tag-es-offenen-lernens\/\">Tag des offenen Lernens<\/a><\/li><li id=\"dhtml_menu-267\" class=\"leaf dhtml-menu\"><a href=\"http:\/\/wkge-en.de\/wkge\/unsere-schule\/schulprogramm\/schule-als-lebensraum\/schulkultur\/\">Schulkultur<\/a><\/li><li id=\"dhtml_menu-240\" class=\"leaf dhtml-menu\"><a href=\"http:\/\/wkge-en.de\/wkge\/unsere-schule\/schulprogramm\/schule-als-lebensraum\/die-schulbibliothek\/\">Die Schulbibliothek<\/a><\/li><li id=\"dhtml_menu-246\" class=\"leaf dhtml-menu\"><a href=\"http:\/\/wkge-en.de\/wkge\/unsere-schule\/schulprogramm\/schule-als-lebensraum\/die-zusammenarbeit-mit-den-kirchen-in-hasslinghausen\/\">Die Zusammenarbeit mit den Kirchen in Ha\u00dflinghausen<\/a><\/li><li id=\"dhtml_menu-262\" class=\"last leaf dhtml-menu\"><a href=\"http:\/\/wkge-en.de\/wkge\/unsere-schule\/schulprogramm\/schule-als-lebensraum\/kooperation-in-physik-mit-der-ruhr-universitaet-bochum\/\">Kooperation in Physik mit der Ruhr-Universit\u00e4t Bochum<\/a><\/li><\/ul>\t\t\t\t\t\t\t\t<\/div>\n\t\t\t\t<\/div>\n\t\t\t\t\t<\/div>\n\t\t<\/div>\n\t\t\t\t\t<\/div>\n\t\t<\/section>\n\t\t\t\t<\/div>\n\t\t","protected":false},"excerpt":{"rendered":"<p>Schule als Lebensraum Ziele der Gestaltung des Schullebens und der \u00d6ffnung von Schule Berufswahlorientierung Fahrten- und Exkursionsprogramm Gesundheitserziehung Schulsanit\u00e4tsdienst Tag des offenen Lernens Schulkultur Die Schulbibliothek Die Zusammenarbeit mit den Kirchen in Ha\u00dflinghausen Kooperation in Physik mit der Ruhr-Universit\u00e4t Bochum<\/p>\n","protected":false},"author":2,"featured_media":0,"parent":25,"menu_order":0,"comment_status":"closed","ping_status":"closed","template":"","meta":{"footnotes":""},"class_list":["post-241","page","type-page","status-publish","hentry","","tg-column-two"],"_links":{"self":[{"href":"https:\/\/wkge-en.de\/wkge\/wp-json\/wp\/v2\/pages\/241","targetHints":{"allow":["GET"]}}],"collection":[{"href":"https:\/\/wkge-en.de\/wkge\/wp-json\/wp\/v2\/pages"}],"about":[{"href":"https:\/\/wkge-en.de\/wkge\/wp-json\/wp\/v2\/types\/page"}],"author":[{"embeddable":true,"href":"https:\/\/wkge-en.de\/wkge\/wp-json\/wp\/v2\/users\/2"}],"replies":[{"embeddable":true,"href":"https:\/\/wkge-en.de\/wkge\/wp-json\/wp\/v2\/comments?post=241"}],"version-history":[{"count":5,"href":"https:\/\/wkge-en.de\/wkge\/wp-json\/wp\/v2\/pages\/241\/revisions"}],"predecessor-version":[{"id":290,"href":"https:\/\/wkge-en.de\/wkge\/wp-json\/wp\/v2\/pages\/241\/revisions\/290"}],"up":[{"embeddable":true,"href":"https:\/\/wkge-en.de\/wkge\/wp-json\/wp\/v2\/pages\/25"}],"wp:attachment":[{"href":"https:\/\/wkge-en.de\/wkge\/wp-json\/wp\/v2\/media?parent=241"}],"curies":[{"name":"wp","href":"https:\/\/api.w.org\/{rel}","templated":true}]}}