{"id":249,"date":"2018-12-10T18:59:37","date_gmt":"2018-12-10T17:59:37","guid":{"rendered":"http:\/\/wkge-en.de\/wkge\/?page_id=249"},"modified":"2019-02-19T19:22:58","modified_gmt":"2019-02-19T18:22:58","slug":"fahrten-und-exkursionsprogramm","status":"publish","type":"page","link":"https:\/\/wkge-en.de\/wkge\/unsere-schule\/schulprogramm\/schule-als-lebensraum\/fahrten-und-exkursionsprogramm\/","title":{"rendered":"Fahrten- und Exkursionsprogramm"},"content":{"rendered":"\t\t<div data-elementor-type=\"wp-post\" data-elementor-id=\"249\" class=\"elementor elementor-249 elementor-bc-flex-widget\">\n\t\t\t\t\t\t<section class=\"elementor-section elementor-top-section elementor-element elementor-element-a053193 elementor-section-boxed elementor-section-height-default elementor-section-height-default\" data-id=\"a053193\" data-element_type=\"section\" data-e-type=\"section\">\n\t\t\t\t\t\t<div class=\"elementor-container elementor-column-gap-default\">\n\t\t\t\t\t<div class=\"elementor-column elementor-col-100 elementor-top-column elementor-element elementor-element-19a8e7f\" data-id=\"19a8e7f\" data-element_type=\"column\" data-e-type=\"column\">\n\t\t\t<div class=\"elementor-widget-wrap elementor-element-populated\">\n\t\t\t\t\t\t<div class=\"elementor-element elementor-element-116c2e8 elementor-widget elementor-widget-heading\" data-id=\"116c2e8\" data-element_type=\"widget\" data-e-type=\"widget\" data-widget_type=\"heading.default\">\n\t\t\t\t<div class=\"elementor-widget-container\">\n\t\t\t\t\t<h2 class=\"elementor-heading-title elementor-size-default\">Fahrten- und Exkursionsprogramm<\/h2>\t\t\t\t<\/div>\n\t\t\t\t<\/div>\n\t\t\t\t\t<\/div>\n\t\t<\/div>\n\t\t\t\t\t<\/div>\n\t\t<\/section>\n\t\t\t\t<section class=\"elementor-section elementor-top-section elementor-element elementor-element-4bb45d0 elementor-section-boxed elementor-section-height-default elementor-section-height-default\" data-id=\"4bb45d0\" data-element_type=\"section\" data-e-type=\"section\">\n\t\t\t\t\t\t<div class=\"elementor-container elementor-column-gap-default\">\n\t\t\t\t\t<div class=\"elementor-column elementor-col-100 elementor-top-column elementor-element elementor-element-6c0d163\" data-id=\"6c0d163\" data-element_type=\"column\" data-e-type=\"column\">\n\t\t\t<div class=\"elementor-widget-wrap elementor-element-populated\">\n\t\t\t\t\t\t<div class=\"elementor-element elementor-element-a0b23dc elementor-widget elementor-widget-text-editor\" data-id=\"a0b23dc\" data-element_type=\"widget\" data-e-type=\"widget\" data-widget_type=\"text-editor.default\">\n\t\t\t\t<div class=\"elementor-widget-container\">\n\t\t\t\t\t\t\t\t\t<div class=\"field field-name-body field-type-text-with-summary field-label-hidden\"><div class=\"field-items\"><div class=\"field-item even\"><p>Grundlagen f\u00fcr unser Fahrtenprogramm sind die Notwendigkeit der Umsetzung des \u201cneuen\u201d Erlasses Schulwanderungen und -fahrten insbesondere im Hinblick auf die St\u00e4rkung der Verbindlichkeit der p\u00e4dagogischen Ausrichtung der Fahrten, das Delegieren von Verantwortung an die Jahrg\u00e4nge und die Reduzierung der Gesamtkosten.<\/p><p>\u00a0<\/p><h4>Mehrt\u00e4gige Klassen- und Kursfahrten in der Sekundarstufe I<\/h4><ul><li>Insgesamt zwei Fahrten f\u00fcr die Jahrg\u00e4nge 6 und 10 (rechtzeitig zu entscheiden vom jeweils betroffenen gesamten Jahrgang):<\/li><li>Zeitpunkt: vor den Herbstferien<\/li><li>Zeitdauer: 5 Unterrichtstage<\/li><li>Die Fahrt in der Jahrgangsstufe 6 wird unmittelbar an das Konzept des sozialen Lernens angebunden. Wir bem\u00fchen uns, das Programm der Klassenfahrt von externen Experten (Sozialp\u00e4dagogen) durchf\u00fchren zu lassen.<\/li><\/ul><h4>Spezielle eint\u00e4gige Exkursionen<\/h4><ul><li>Bis zu 2 Fahrten des Wahlpflichkurses Franz\u00f6sisch (WP F) ins grenznahe franz\u00f6sisch sprechende Ausland (Zahl abh\u00e4ngig von Realisierung einer mehrt\u00e4gigen Fahrt)<\/li><\/ul><h4>Kosten f\u00fcr Klassenfahrten und Exkursionen<\/h4><p>F\u00fcr die Klassenfahrten in der Klasse 6 und der Klasse 10 gibt es keine Einzel-Kosten-Begrenzung.<\/p><p>Nach Schulkonferenzbeschluss von 2018 werden folgende Obergrenzen f\u00fcr Fahrten festgelegt:<\/p><ol><li>Es besteht f\u00fcr alle Exkursionen eine Gesamtobergrenze von 700 Euro in der Sekundarstufe I.<\/li><li>Die Klassenleitungen m\u00fcssen geeignete Aufzeichnungen machen, um die Verwendung der Gelder nachzuweisen.<\/li><li>Ab Klasse 5 wird ein Kassenbuch gef\u00fchrt, das bei allen Exkursionen ab Klasse 9 vorgelegt werden muss.<\/li><li>F\u00fcr die 10er Fahrten besteht bis zum Hochwachsen der Kassenb\u00fccher die Verpflichtung bei Beantragung der Fahrt die Kosten der Fahrt 6 nachzuweisen.<\/li><\/ol><h4>Stufenfahrt in der Gymnasialen Oberstufe:<\/h4><p><strong>In Stufe Q2 als Jahrgangsfahrt mit deutlichem gesellschaftspolitischem Ansatz (besonders\/ nicht zwingend: Begegnung mit Osteuropa) <\/strong><\/p><p>Zu entscheiden in Jahrgangsstufe Q1 vom Jahrgangsteam.<\/p><ul><li>Zeitpunkt: w\u00e4hrend des Praktikums der Jg. 9 nach Ostern vor den Herbstferien<\/li><li>Zeitdauer: 5 Unterrichtstage<\/li><li>Kosten: ein vom Jahrgang festzulegender Teil der f\u00fcr alle in der Sekundarstufe II geplanten Fahrten und Exkursionen vorgesehenen Summe von 400 Euro.<\/li><\/ul><p>Die Verwaltung dieses Budget liegt in der Verantwortung des Abteilungsleiters gemeinsam mit den Jahrgangsstufenleitungen.<\/p><p>\u00a0<\/p><h4>Weitere Unternehmungen:<\/h4><ul><li><strong>Stufenfahrt Weimar \u2013 Buchenwald der JG. EF <\/strong><\/li><li><strong>Rom \/ Spanien-Fahrt: <\/strong>Freiwillige Fahrt der gymnasialen Oberstufe, hier k\u00f6nnen Sch\u00fcler*innen mit der entsprechenden Fremdsprachen-Wahl in der Zeit der Schulkulturwoche (vor den Sommerferien)<\/li><\/ul><p>\u00a0<\/p><\/div><\/div><\/div>\t\t\t\t\t\t\t\t<\/div>\n\t\t\t\t<\/div>\n\t\t\t\t\t<\/div>\n\t\t<\/div>\n\t\t\t\t\t<\/div>\n\t\t<\/section>\n\t\t\t\t<section class=\"elementor-section elementor-top-section elementor-element elementor-element-f363370 elementor-section-boxed elementor-section-height-default elementor-section-height-default\" data-id=\"f363370\" data-element_type=\"section\" data-e-type=\"section\">\n\t\t\t\t\t\t<div class=\"elementor-container elementor-column-gap-default\">\n\t\t\t\t\t<div class=\"elementor-column elementor-col-100 elementor-top-column elementor-element elementor-element-440703d\" data-id=\"440703d\" data-element_type=\"column\" data-e-type=\"column\">\n\t\t\t<div class=\"elementor-widget-wrap elementor-element-populated\">\n\t\t\t\t\t\t<div class=\"elementor-element elementor-element-9c9d057 elementor-widget elementor-widget-text-editor\" data-id=\"9c9d057\" data-element_type=\"widget\" data-e-type=\"widget\" data-widget_type=\"text-editor.default\">\n\t\t\t\t<div class=\"elementor-widget-container\">\n\t\t\t\t\t\t\t\t\t<p><em>Stand: Februar 2019<\/em><\/p>\t\t\t\t\t\t\t\t<\/div>\n\t\t\t\t<\/div>\n\t\t\t\t\t<\/div>\n\t\t<\/div>\n\t\t\t\t\t<\/div>\n\t\t<\/section>\n\t\t\t\t<\/div>\n\t\t","protected":false},"excerpt":{"rendered":"<p>Fahrten- und Exkursionsprogramm Grundlagen f\u00fcr unser Fahrtenprogramm sind die Notwendigkeit der Umsetzung des \u201cneuen\u201d Erlasses Schulwanderungen und -fahrten insbesondere im Hinblick auf die St\u00e4rkung der Verbindlichkeit der p\u00e4dagogischen Ausrichtung der Fahrten, das Delegieren von Verantwortung an die Jahrg\u00e4nge und die Reduzierung der Gesamtkosten. \u00a0 Mehrt\u00e4gige Klassen- und Kursfahrten in der Sekundarstufe I Insgesamt zwei Fahrten f\u00fcr die Jahrg\u00e4nge 6 und 10 (rechtzeitig zu entscheiden vom jeweils betroffenen gesamten Jahrgang): Zeitpunkt: vor den Herbstferien Zeitdauer: 5 Unterrichtstage Die Fahrt in der Jahrgangsstufe 6 wird unmittelbar an das Konzept des sozialen Lernens angebunden. Wir bem\u00fchen uns, das Programm der Klassenfahrt von externen Experten (Sozialp\u00e4dagogen) durchf\u00fchren zu lassen. Spezielle eint\u00e4gige Exkursionen Bis zu 2 Fahrten des Wahlpflichkurses Franz\u00f6sisch (WP F) ins grenznahe franz\u00f6sisch sprechende Ausland (Zahl abh\u00e4ngig von Realisierung einer mehrt\u00e4gigen Fahrt) Kosten f\u00fcr Klassenfahrten und Exkursionen F\u00fcr die Klassenfahrten in der Klasse 6 und der Klasse 10 gibt es keine Einzel-Kosten-Begrenzung. Nach<\/p>\n","protected":false},"author":2,"featured_media":0,"parent":241,"menu_order":0,"comment_status":"closed","ping_status":"closed","template":"","meta":{"footnotes":""},"class_list":["post-249","page","type-page","status-publish","hentry","","tg-column-two"],"_links":{"self":[{"href":"https:\/\/wkge-en.de\/wkge\/wp-json\/wp\/v2\/pages\/249","targetHints":{"allow":["GET"]}}],"collection":[{"href":"https:\/\/wkge-en.de\/wkge\/wp-json\/wp\/v2\/pages"}],"about":[{"href":"https:\/\/wkge-en.de\/wkge\/wp-json\/wp\/v2\/types\/page"}],"author":[{"embeddable":true,"href":"https:\/\/wkge-en.de\/wkge\/wp-json\/wp\/v2\/users\/2"}],"replies":[{"embeddable":true,"href":"https:\/\/wkge-en.de\/wkge\/wp-json\/wp\/v2\/comments?post=249"}],"version-history":[{"count":4,"href":"https:\/\/wkge-en.de\/wkge\/wp-json\/wp\/v2\/pages\/249\/revisions"}],"predecessor-version":[{"id":3407,"href":"https:\/\/wkge-en.de\/wkge\/wp-json\/wp\/v2\/pages\/249\/revisions\/3407"}],"up":[{"embeddable":true,"href":"https:\/\/wkge-en.de\/wkge\/wp-json\/wp\/v2\/pages\/241"}],"wp:attachment":[{"href":"https:\/\/wkge-en.de\/wkge\/wp-json\/wp\/v2\/media?parent=249"}],"curies":[{"name":"wp","href":"https:\/\/api.w.org\/{rel}","templated":true}]}}