{"id":25,"date":"2018-11-25T19:24:06","date_gmt":"2018-11-25T18:24:06","guid":{"rendered":"http:\/\/wkge-en.de\/wkge\/?page_id=25"},"modified":"2018-12-16T20:25:48","modified_gmt":"2018-12-16T19:25:48","slug":"schulprogramm","status":"publish","type":"page","link":"https:\/\/wkge-en.de\/wkge\/unsere-schule\/schulprogramm\/","title":{"rendered":"Schulprogramm"},"content":{"rendered":"\t\t<div data-elementor-type=\"wp-post\" data-elementor-id=\"25\" class=\"elementor elementor-25 elementor-bc-flex-widget\">\n\t\t\t\t\t\t<section class=\"elementor-section elementor-top-section elementor-element elementor-element-63f45dc elementor-section-boxed elementor-section-height-default elementor-section-height-default\" data-id=\"63f45dc\" data-element_type=\"section\" data-e-type=\"section\">\n\t\t\t\t\t\t<div class=\"elementor-container elementor-column-gap-default\">\n\t\t\t\t\t<div class=\"elementor-column elementor-col-100 elementor-top-column elementor-element elementor-element-fd9608d\" data-id=\"fd9608d\" data-element_type=\"column\" data-e-type=\"column\">\n\t\t\t<div class=\"elementor-widget-wrap elementor-element-populated\">\n\t\t\t\t\t\t<div class=\"elementor-element elementor-element-35ca722 elementor-widget elementor-widget-text-editor\" data-id=\"35ca722\" data-element_type=\"widget\" data-e-type=\"widget\" data-widget_type=\"text-editor.default\">\n\t\t\t\t<div class=\"elementor-widget-container\">\n\t\t\t\t\t\t\t\t\tDiese Seite der neuen Schulhomepage befindet sich zur Zeit noch im Aufbau. Hier gelangen Sie zur <a href=\"http:\/\/www.wilhelm-kraft-gesamtschule.de\">alten Schulhomepage<\/a>.\t\t\t\t\t\t\t\t<\/div>\n\t\t\t\t<\/div>\n\t\t\t\t\t<\/div>\n\t\t<\/div>\n\t\t\t\t\t<\/div>\n\t\t<\/section>\n\t\t\t\t<section class=\"elementor-section elementor-top-section elementor-element elementor-element-38e4696 elementor-section-boxed elementor-section-height-default elementor-section-height-default\" data-id=\"38e4696\" data-element_type=\"section\" data-e-type=\"section\">\n\t\t\t\t\t\t<div class=\"elementor-container elementor-column-gap-default\">\n\t\t\t\t\t<div class=\"elementor-column elementor-col-100 elementor-top-column elementor-element elementor-element-0b1568e\" data-id=\"0b1568e\" data-element_type=\"column\" data-e-type=\"column\">\n\t\t\t<div class=\"elementor-widget-wrap elementor-element-populated\">\n\t\t\t\t\t\t<div class=\"elementor-element elementor-element-7aef390 elementor-widget elementor-widget-spacer\" data-id=\"7aef390\" data-element_type=\"widget\" data-e-type=\"widget\" data-widget_type=\"spacer.default\">\n\t\t\t\t<div class=\"elementor-widget-container\">\n\t\t\t\t\t\t\t<div class=\"elementor-spacer\">\n\t\t\t<div class=\"elementor-spacer-inner\"><\/div>\n\t\t<\/div>\n\t\t\t\t\t\t<\/div>\n\t\t\t\t<\/div>\n\t\t\t\t\t<\/div>\n\t\t<\/div>\n\t\t\t\t\t<\/div>\n\t\t<\/section>\n\t\t\t\t<section class=\"elementor-section elementor-top-section elementor-element elementor-element-bc2b493 elementor-section-boxed elementor-section-height-default elementor-section-height-default\" data-id=\"bc2b493\" data-element_type=\"section\" data-e-type=\"section\">\n\t\t\t\t\t\t<div class=\"elementor-container elementor-column-gap-default\">\n\t\t\t\t\t<div class=\"elementor-column elementor-col-33 elementor-top-column elementor-element elementor-element-8e99a1a\" data-id=\"8e99a1a\" data-element_type=\"column\" data-e-type=\"column\">\n\t\t\t<div class=\"elementor-widget-wrap elementor-element-populated\">\n\t\t\t\t\t\t<div class=\"elementor-element elementor-element-d95a325 elementor-widget elementor-widget-text-editor\" data-id=\"d95a325\" data-element_type=\"widget\" data-e-type=\"widget\" data-widget_type=\"text-editor.default\">\n\t\t\t\t<div class=\"elementor-widget-container\">\n\t\t\t\t\t\t\t\t\t<p style=\"text-align: center;\"><a href=\"http:\/\/wkge-en.de\/wkge\/unsere-schule\/schulprogramm\/schwerpunkte\/\"><strong>Schwerpunkte des Schulprogramms<\/strong><\/a><\/p><ul><li><a href=\"http:\/\/wkge-en.de\/wkge\/unsere-schule\/schulprogramm\/schwerpunkte\/soziales-lernen\/\">Soziales Lernen<\/a><\/li><li><a href=\"http:\/\/wkge-en.de\/wkge\/unsere-schule\/schulprogramm\/schwerpunkte\/lesende-schule\/\">Lesende Schule<\/a><\/li><li><a href=\"http:\/\/wkge-en.de\/wkge\/unsere-schule\/schulprogramm\/schwerpunkte\/kreativ-schwerpunkt\/\">Kreativ-Schwerpunkt<\/a><\/li><li><a href=\"http:\/\/wkge-en.de\/wkge\/unsere-schule\/schulprogramm\/schwerpunkte\/mint-schwerpunkt\/\">MINT-Schwerpunkt<\/a><\/li><li><a href=\"http:\/\/wkge-en.de\/wkge\/unsere-schule\/schulprogramm\/schwerpunkte\/sprachfoerderkonzept\/\">Sprachf\u00f6rderung<\/a><\/li><li><a href=\"http:\/\/wkge-en.de\/wkge\/unsere-schule\/schulprogramm\/schwerpunkte\/berufswahlorientierung\/\">Berufsorientierung<\/a><\/li><li><a href=\"http:\/\/wkge-en.de\/wkge\/unsere-schule\/schulprogramm\/schwerpunkte\/inklusion\/\">Inklusion<\/a><\/li><\/ul>\t\t\t\t\t\t\t\t<\/div>\n\t\t\t\t<\/div>\n\t\t\t\t\t<\/div>\n\t\t<\/div>\n\t\t\t\t<div class=\"elementor-column elementor-col-33 elementor-top-column elementor-element elementor-element-194289c\" data-id=\"194289c\" data-element_type=\"column\" data-e-type=\"column\">\n\t\t\t<div class=\"elementor-widget-wrap elementor-element-populated\">\n\t\t\t\t\t\t<div class=\"elementor-element elementor-element-9fc530a elementor-widget elementor-widget-text-editor\" data-id=\"9fc530a\" data-element_type=\"widget\" data-e-type=\"widget\" data-widget_type=\"text-editor.default\">\n\t\t\t\t<div class=\"elementor-widget-container\">\n\t\t\t\t\t\t\t\t\t<p style=\"text-align: center;\"><a href=\"http:\/\/wkge-en.de\/wkge\/unsere-schule\/schulprogramm\/die-wilhelm-kraft-gesamtschule\/\"><strong>Die Wilhelm-Kraft-Gesamtschule<\/strong><\/a><\/p><ul><li><a href=\"http:\/\/wkge-en.de\/wkge\/unsere-schule\/schulprogramm\/die-wilhelm-kraft-gesamtschule\/daten-zur-schule\/\">Daten zur Schule<\/a><\/li><li><a href=\"http:\/\/wkge-en.de\/wkge\/unsere-schule\/schulprogramm\/die-wilhelm-kraft-gesamtschule\/gesamtschulstruktur\/\">Gesamtschulstruktur<\/a><\/li><li><a href=\"http:\/\/wkge-en.de\/wkge\/unsere-schule\/schulprogramm\/die-wilhelm-kraft-gesamtschule\/ausserschulische-lernpartner\/\">Au\u00dferschulische Partner<\/a><\/li><li><a href=\"http:\/\/wkge-en.de\/wkge\/unsere-schule\/schulprogramm\/die-wilhelm-kraft-gesamtschule\/zweige-des-schulprogramms\/\">Zweige des Schulprogramms<\/a><\/li><li><a href=\"http:\/\/wkge-en.de\/wkge\/unsere-schule\/leitbild\/\">Leitbild und Leitziele der Schule<\/a><\/li><li><a href=\"http:\/\/wkge-en.de\/wkge\/unsere-schule\/schulprogramm\/die-wilhelm-kraft-gesamtschule\/perspektiven-der-schulprogrammarbeit\/\">Perspektiven der Schulprogrammarbeit<\/a><\/li><\/ul>\t\t\t\t\t\t\t\t<\/div>\n\t\t\t\t<\/div>\n\t\t\t\t\t<\/div>\n\t\t<\/div>\n\t\t\t\t<div class=\"elementor-column elementor-col-33 elementor-top-column elementor-element elementor-element-66a5479\" data-id=\"66a5479\" data-element_type=\"column\" data-e-type=\"column\">\n\t\t\t<div class=\"elementor-widget-wrap elementor-element-populated\">\n\t\t\t\t\t\t<div class=\"elementor-element elementor-element-3bfd460 elementor-widget elementor-widget-text-editor\" data-id=\"3bfd460\" data-element_type=\"widget\" data-e-type=\"widget\" data-widget_type=\"text-editor.default\">\n\t\t\t\t<div class=\"elementor-widget-container\">\n\t\t\t\t\t\t\t\t\t<p style=\"text-align: center;\"><a href=\"http:\/\/wkge-en.de\/wkge\/unsere-schule\/schulprogramm\/schule-als-lebensraum\/\"><strong>Schule als Lebensraum<\/strong><\/a><\/p><ul><li id=\"dhtml_menu-292\" class=\"first leaf dhtml-menu\"><a href=\"http:\/\/wkge-en.de\/wkge\/unsere-schule\/schulprogramm\/schule-als-lebensraum\/ziele-der-gestaltung-des-schullebens-und-der-oeffnung-von-schule\/\">Ziele der Gestaltung des Schullebens und der \u00d6ffnung von Schule<\/a><\/li><li id=\"dhtml_menu-239\" class=\"leaf dhtml-menu\"><a href=\"http:\/\/wkge-en.de\/wkge\/unsere-schule\/schulprogramm\/schwerpunkte\/berufswahlorientierung\/\">Berufswahlorientierung<\/a><\/li><li id=\"dhtml_menu-250\" class=\"leaf dhtml-menu\"><a href=\"http:\/\/wkge-en.de\/wkge\/unsere-schule\/schulprogramm\/schule-als-lebensraum\/fahrten-und-exkursionsprogramm\/\">Fahrten- und Exkursionsprogramm<\/a><\/li><li id=\"dhtml_menu-256\" class=\"dhtml-menu collapsed start-collapsed\"><a href=\"http:\/\/wkge-en.de\/wkge\/unsere-schule\/schulprogramm\/schule-als-lebensraum\/gesundheitserziehung\/\">Gesundheitserziehung<\/a><\/li><li id=\"dhtml_menu-268\" class=\"leaf dhtml-menu\"><a href=\"http:\/\/wkge-en.de\/wkge\/unsere-schule\/schulprogramm\/schule-als-lebensraum\/schulsanitaetsdienst\/\">Schulsanit\u00e4tsdienst<\/a><\/li><li id=\"dhtml_menu-274\" class=\"leaf dhtml-menu\"><a href=\"http:\/\/wkge-en.de\/wkge\/unsere-schule\/schulprogramm\/schule-als-lebensraum\/tag-es-offenen-lernens\/\">Tag des offenen Lernens<\/a><\/li><li id=\"dhtml_menu-267\" class=\"leaf dhtml-menu\"><a href=\"http:\/\/wkge-en.de\/wkge\/unsere-schule\/schulprogramm\/schule-als-lebensraum\/schulkultur\/\">Schulkultur<\/a><\/li><li id=\"dhtml_menu-240\" class=\"leaf dhtml-menu\"><a href=\"http:\/\/wkge-en.de\/wkge\/unsere-schule\/schulprogramm\/schule-als-lebensraum\/die-schulbibliothek\/\">Die Schulbibliothek<\/a><\/li><li id=\"dhtml_menu-246\" class=\"leaf dhtml-menu\"><a href=\"http:\/\/wkge-en.de\/wkge\/unsere-schule\/schulprogramm\/schule-als-lebensraum\/die-zusammenarbeit-mit-den-kirchen-in-hasslinghausen\/\">Die Zusammenarbeit mit den Kirchen in Ha\u00dflinghausen<\/a><\/li><li id=\"dhtml_menu-262\" class=\"last leaf dhtml-menu\"><a href=\"http:\/\/wkge-en.de\/wkge\/unsere-schule\/schulprogramm\/schule-als-lebensraum\/kooperation-in-physik-mit-der-ruhr-universitaet-bochum\/\">Kooperation in Physik mit der Ruhr-Universit\u00e4t Bochum<\/a><\/li><\/ul>\t\t\t\t\t\t\t\t<\/div>\n\t\t\t\t<\/div>\n\t\t\t\t\t<\/div>\n\t\t<\/div>\n\t\t\t\t\t<\/div>\n\t\t<\/section>\n\t\t\t\t<section class=\"elementor-section elementor-top-section elementor-element elementor-element-0685df0 elementor-section-boxed elementor-section-height-default elementor-section-height-default\" data-id=\"0685df0\" data-element_type=\"section\" data-e-type=\"section\">\n\t\t\t\t\t\t<div class=\"elementor-container elementor-column-gap-default\">\n\t\t\t\t\t<div class=\"elementor-column elementor-col-33 elementor-top-column elementor-element elementor-element-a046ffc\" data-id=\"a046ffc\" data-element_type=\"column\" data-e-type=\"column\">\n\t\t\t<div class=\"elementor-widget-wrap elementor-element-populated\">\n\t\t\t\t\t\t<div class=\"elementor-element elementor-element-56f6ef7 elementor-widget elementor-widget-text-editor\" data-id=\"56f6ef7\" data-element_type=\"widget\" data-e-type=\"widget\" data-widget_type=\"text-editor.default\">\n\t\t\t\t<div class=\"elementor-widget-container\">\n\t\t\t\t\t\t\t\t\t<p style=\"text-align: center;\"><a href=\"http:\/\/wkge-en.de\/wkge\/unsere-schule\/schulprogramm\/erziehung\/\"><strong>Erziehung<\/strong><\/a><\/p><ul><li id=\"dhtml_menu-248\" class=\"first leaf dhtml-menu\"><a href=\"http:\/\/wkge-en.de\/wkge\/unsere-schule\/schulprogramm\/erziehung\/erziehungsziele\/\">Erziehungsziele<\/a><\/li><li id=\"dhtml_menu-234\" class=\"leaf dhtml-menu\"><a href=\"http:\/\/wkge-en.de\/wkge\/unsere-schule\/schulprogramm\/erziehung\/schulordnung\/\">Schulordnung<\/a><\/li><li id=\"dhtml_menu-281\" class=\"leaf dhtml-menu\"><a href=\"http:\/\/wkge-en.de\/wkge\/unsere-schule\/schulprogramm\/schwerpunkte\/soziales-lernen\/\">Soziales Lernen<\/a><\/li><li id=\"dhtml_menu-258\" class=\"leaf dhtml-menu\"><a href=\"http:\/\/wkge-en.de\/wkge\/unsere-schule\/schulprogramm\/erziehung\/integration-des-5-jahrgangs\/\">Integration des 5. Jahrgangs<\/a><\/li><li id=\"dhtml_menu-275\" class=\"leaf dhtml-menu\"><a href=\"http:\/\/wkge-en.de\/wkge\/unsere-schule\/schulprogramm\/erziehung\/tischgruppenarbeit\/\">Tischgruppenarbeit<\/a><\/li><li id=\"dhtml_menu-260\" class=\"leaf dhtml-menu\"><a href=\"http:\/\/wkge-en.de\/wkge\/unsere-schule\/schulprogramm\/erziehung\/klassenrat\/\">Klassenrat<\/a><\/li><li id=\"dhtml_menu-916\" class=\"leaf dhtml-menu\"><a href=\"http:\/\/wkge-en.de\/wkge\/unsere-schule\/schulprogramm\/erziehung\/schule-der-vielfalt\/\">Schule der Vielfalt<\/a><\/li><li id=\"dhtml_menu-1402\" class=\"dhtml-menu collapsed start-collapsed\"><a href=\"http:\/\/wkge-en.de\/wkge\/unsere-schule\/schulprogramm\/erziehung\/gender-mainstreaming-konzept\/\">Gender-Mainstreaming-Konzept<\/a><\/li><li id=\"dhtml_menu-264\" class=\"leaf dhtml-menu\"><a href=\"http:\/\/wkge-en.de\/wkge\/unsere-schule\/schulprogramm\/erziehung\/projekttage-lebensplanung-und-berufswahl\/\">Projekttage: Lebensplanung und Berufswahl<\/a><\/li><li id=\"dhtml_menu-251\" class=\"leaf dhtml-menu\"><a href=\"http:\/\/wkge-en.de\/wkge\/unsere-schule\/schulprogramm\/erziehung\/fahrtenprogramm-im-6-schuljahr\/\">Fahrtenprogramm 6. Jahrgang<\/a><\/li><li id=\"dhtml_menu-261\" class=\"leaf dhtml-menu\"><a href=\"http:\/\/wkge-en.de\/wkge\/unsere-schule\/schulprogramm\/erziehung\/studienfahrt-in-der-gymnasialen-oberstufe\/\">Studienfahrten in der gymnasialen Oberstufe<\/a><\/li><li id=\"dhtml_menu-277\" class=\"dhtml-menu collapsed start-collapsed\"><a href=\"http:\/\/wkge-en.de\/wkge\/unsere-schule\/schulprogramm\/erziehung\/umwelterziehung\/\">Umwelterziehung<\/a><\/li><li id=\"dhtml_menu-276\" class=\"leaf dhtml-menu\"><a href=\"http:\/\/wkge-en.de\/wkge\/unsere-schule\/schulprogramm\/erziehung\/trainingsraum\/\">Trainingsraum<\/a><\/li><li id=\"dhtml_menu-271\" class=\"leaf dhtml-menu\"><a href=\"http:\/\/wkge-en.de\/wkge\/unsere-schule\/schulprogramm\/erziehung\/streitschlichtung-durch-schueler-und-schuelerinnen\/\">Streitschlichtung durch Sch\u00fcler und Sch\u00fclerinnen<\/a><\/li><li id=\"dhtml_menu-265\" class=\"leaf dhtml-menu\"><a href=\"http:\/\/wkge-en.de\/wkge\/unsere-schule\/schulprogramm\/erziehung\/projekt-friedensdorf-oberhausen\/\">Projekt Friedensdorf Oberhausen<\/a><\/li><li id=\"dhtml_menu-238\" class=\"last leaf dhtml-menu\"><a href=\"http:\/\/wkge-en.de\/wkge\/unsere-schule\/schulprogramm\/erziehung\/beratung-an-der-wilhelm-kraft-gesamtschule\/\">Beratung an der Wilhelm-Kraft-Gesamtschule<\/a><\/li><\/ul>\t\t\t\t\t\t\t\t<\/div>\n\t\t\t\t<\/div>\n\t\t\t\t\t<\/div>\n\t\t<\/div>\n\t\t\t\t<div class=\"elementor-column elementor-col-33 elementor-top-column elementor-element elementor-element-66ed2cc\" data-id=\"66ed2cc\" data-element_type=\"column\" data-e-type=\"column\">\n\t\t\t<div class=\"elementor-widget-wrap elementor-element-populated\">\n\t\t\t\t\t\t<div class=\"elementor-element elementor-element-a0e4e4b elementor-widget elementor-widget-text-editor\" data-id=\"a0e4e4b\" data-element_type=\"widget\" data-e-type=\"widget\" data-widget_type=\"text-editor.default\">\n\t\t\t\t<div class=\"elementor-widget-container\">\n\t\t\t\t\t\t\t\t\t<p style=\"text-align: center;\"><a href=\"http:\/\/wkge-en.de\/wkge\/unsere-schule\/schulprogramm\/unterricht\/\"><strong>Unterricht<\/strong><\/a><\/p><ul><li id=\"dhtml_menu-232\" class=\"first leaf dhtml-menu\"><a href=\"http:\/\/wkge-en.de\/wkge\/unsere-schule\/schulprogramm\/unterricht\/ziele-des-unterrichts\/\">Ziele des Unterrichts<\/a><\/li><li id=\"dhtml_menu-233\" class=\"dhtml-menu collapsed start-collapsed\"><a href=\"http:\/\/wkge-en.de\/wkge\/unsere-schule\/schulprogramm\/unterricht\/unterrichtspartitur\/\">Unterrichtspartitur<\/a><\/li><li id=\"dhtml_menu-283\" class=\"dhtml-menu collapsed start-collapsed\"><a href=\"http:\/\/wkge-en.de\/wkge\/unsere-schule\/schulprogramm\/unterricht\/projektarbeit\/\">Projektarbeit<\/a><\/li><li id=\"dhtml_menu-286\" class=\"leaf dhtml-menu\"><a href=\"http:\/\/wkge-en.de\/wkge\/unsere-schule\/schulprogramm\/unterricht\/methodenkonzeption\/\">Methodenkonzeption<\/a><\/li><li id=\"dhtml_menu-287\" class=\"dhtml-menu collapsed start-collapsed\"><a href=\"http:\/\/wkge-en.de\/wkge\/unsere-schule\/schulprogramm\/unterricht\/medienkonzept\/\">Medienkonzept<\/a><\/li><li id=\"dhtml_menu-270\" class=\"leaf dhtml-menu\"><a href=\"http:\/\/wkge-en.de\/wkge\/unsere-schule\/schulprogramm\/unterricht\/wochenplan-und-arbeitsstunde-stellenwert-von-wochenplan-und-arbeitsstunde-im-unterrichts-und-erziehungskonzept-unserer-schule\/\">Wochenplan und Arbeitsstunde<\/a><\/li><li id=\"dhtml_menu-257\" class=\"leaf dhtml-menu\"><a href=\"http:\/\/wkge-en.de\/wkge\/stellung-der-haeuslichen-arbeit-im-unterrichts-und-erziehungskonzept-der-schule\/\">Stellung der h\u00e4uslichen Arbeit im Unterrichts- und Erziehungskonzept der Schule<\/a><\/li><li id=\"dhtml_menu-266\" class=\"dhtml-menu collapsed start-collapsed\"><a href=\"http:\/\/wkge-en.de\/wkge\/unsere-schule\/schulprogramm\/unterricht\/qualitaetsentwicklung-und-qualitaetssicherung\/\">Qualit\u00e4tsentwicklung und Qualit\u00e4tssicherung<\/a><\/li><li id=\"dhtml_menu-285\" class=\"dhtml-menu collapsed start-collapsed\">F\u00f6rderkonzept der Wilhelm-Kraft-Gesamtschule<\/li><li id=\"dhtml_menu-279\" class=\"leaf dhtml-menu\">Wahlpflichtbereich<\/li><li id=\"dhtml_menu-343\" class=\"leaf dhtml-menu\"><a href=\"http:\/\/wkge-en.de\/wkge\/unsere-schule\/schulprogramm\/unterricht\/module-fuer-die-klassen-9-und-10\/\">Module f\u00fcr die Klassen 9 und 10<\/a><\/li><li id=\"dhtml_menu-284\" class=\"last dhtml-menu collapsed start-collapsed\"><a href=\"http:\/\/wkge-en.de\/wkge\/unsere-schule\/schulprogramm\/unterricht\/die-gymnasiale-oberstufe\/\">Die gymnasiale Oberstufe<\/a><\/li><\/ul>\t\t\t\t\t\t\t\t<\/div>\n\t\t\t\t<\/div>\n\t\t\t\t\t<\/div>\n\t\t<\/div>\n\t\t\t\t<div class=\"elementor-column elementor-col-33 elementor-top-column elementor-element elementor-element-d8d4a82\" data-id=\"d8d4a82\" data-element_type=\"column\" data-e-type=\"column\">\n\t\t\t<div class=\"elementor-widget-wrap elementor-element-populated\">\n\t\t\t\t\t\t<div class=\"elementor-element elementor-element-1baf6f0 elementor-widget elementor-widget-text-editor\" data-id=\"1baf6f0\" data-element_type=\"widget\" data-e-type=\"widget\" data-widget_type=\"text-editor.default\">\n\t\t\t\t<div class=\"elementor-widget-container\">\n\t\t\t\t\t\t\t\t\t<p style=\"text-align: center;\"><a href=\"http:\/\/wkge-en.de\/wkge\/unsere-schule\/schulprogramm\/transparente-schule\/\"><strong>Transparente Schule<\/strong><\/a><\/p><ul><li id=\"dhtml_menu-1492\" class=\"first leaf dhtml-menu\"><a href=\"http:\/\/wkge-en.de\/wkge\/unsere-schule\/schulprogramm\/transparente-schule\/leistungsbewertung\/\">Leistungsbewertung<\/a><\/li><li id=\"dhtml_menu-280\" class=\"leaf dhtml-menu\"><a href=\"http:\/\/wkge-en.de\/wkge\/unsere-schule\/schulprogramm\/transparente-schule\/ziele-transparente-schule\/\">Ziele &#8211; Transparente Schule<\/a><\/li><li id=\"dhtml_menu-255\" class=\"dhtml-menu collapsed start-collapsed\"><a href=\"http:\/\/wkge-en.de\/wkge\/unsere-schule\/schulprogramm\/transparente-schule\/geschaeftsverteilungsplan\/\">Gesch\u00e4ftsverteilungsplan<\/a><\/li><li id=\"dhtml_menu-263\" class=\"leaf dhtml-menu\"><a href=\"http:\/\/wkge-en.de\/wkge\/unsere-schule\/schulprogramm\/transparente-schule\/kooperation-zwischen-schulleitung-und-kollegium\/\">Kooperation zwischen Schulleitung und Kollegium<\/a><\/li><li id=\"dhtml_menu-259\" class=\"leaf dhtml-menu\">Arbeitspl\u00e4ne<\/li><li id=\"dhtml_menu-249\" class=\"leaf dhtml-menu\"><a href=\"http:\/\/wkge-en.de\/wkge\/unsere-schule\/schulprogramm\/transparente-schule\/evaluation\/\">Evaluation<\/a><\/li><li id=\"dhtml_menu-252\" class=\"leaf dhtml-menu\"><a href=\"http:\/\/wkge-en.de\/wkge\/unsere-schule\/schulprogramm\/transparente-schule\/fortbildung\/\">Fortbildung<\/a><\/li><li id=\"dhtml_menu-278\" class=\"leaf dhtml-menu\"><a href=\"http:\/\/wkge-en.de\/wkge\/unsere-schule\/schulprogramm\/transparente-schule\/vertretungskonzept-grundsaetze-fuer-vertretungsunterricht\/\">Vertretungskonzept &#8211; Grunds\u00e4tze f\u00fcr Vertretungsunterricht<\/a><\/li><li id=\"dhtml_menu-2107\" class=\"leaf dhtml-menu\"><a href=\"http:\/\/wkge-en.de\/wkge\/unsere-schule\/schulprogramm\/transparente-schule\/schulvereinbarung-zur-vereinbarkeit-von-beruf-und-familie\/\">Schulvereinbarung zur Vereinbarkeit von Beruf und Familie<\/a><\/li><li id=\"dhtml_menu-282\" class=\"leaf dhtml-menu\"><a href=\"http:\/\/wkge-en.de\/wkge\/unsere-schule\/schulprogramm\/transparente-schule\/oeffentlichkeitsarbeit\/\">\u00d6ffentlichkeitsarbeit<\/a><\/li><li id=\"dhtml_menu-972\" class=\"leaf dhtml-menu\"><a href=\"http:\/\/wkge-en.de\/wkge\/unsere-schule\/schulprogramm\/transparente-schule\/die-schulhomepage\/\">Die Schulhomepage<\/a><\/li><li id=\"dhtml_menu-247\" class=\"last leaf dhtml-menu\">Erzieherische Einwirkungen und Ordnungsma\u00dfnahmen<\/li><\/ul>\t\t\t\t\t\t\t\t<\/div>\n\t\t\t\t<\/div>\n\t\t\t\t\t<\/div>\n\t\t<\/div>\n\t\t\t\t\t<\/div>\n\t\t<\/section>\n\t\t\t\t<\/div>\n\t\t","protected":false},"excerpt":{"rendered":"<p>Diese Seite der neuen Schulhomepage befindet sich zur Zeit noch im Aufbau. Hier gelangen Sie zur alten Schulhomepage. Schwerpunkte des Schulprogramms Soziales Lernen Lesende Schule Kreativ-Schwerpunkt MINT-Schwerpunkt Sprachf\u00f6rderung Berufsorientierung Inklusion Die Wilhelm-Kraft-Gesamtschule Daten zur Schule Gesamtschulstruktur Au\u00dferschulische Partner Zweige des Schulprogramms Leitbild und Leitziele der Schule Perspektiven der Schulprogrammarbeit Schule als Lebensraum Ziele der Gestaltung des Schullebens und der \u00d6ffnung von Schule Berufswahlorientierung Fahrten- und Exkursionsprogramm Gesundheitserziehung Schulsanit\u00e4tsdienst Tag des offenen Lernens Schulkultur Die Schulbibliothek Die Zusammenarbeit mit den Kirchen in Ha\u00dflinghausen Kooperation in Physik mit der Ruhr-Universit\u00e4t Bochum Erziehung Erziehungsziele Schulordnung Soziales Lernen Integration des 5. Jahrgangs Tischgruppenarbeit Klassenrat Schule der Vielfalt Gender-Mainstreaming-Konzept Projekttage: Lebensplanung und Berufswahl Fahrtenprogramm 6. Jahrgang Studienfahrten in der gymnasialen Oberstufe Umwelterziehung Trainingsraum Streitschlichtung durch Sch\u00fcler und Sch\u00fclerinnen Projekt Friedensdorf Oberhausen Beratung an der Wilhelm-Kraft-Gesamtschule Unterricht Ziele des Unterrichts Unterrichtspartitur Projektarbeit Methodenkonzeption Medienkonzept Wochenplan und Arbeitsstunde Stellung der h\u00e4uslichen Arbeit im Unterrichts- und Erziehungskonzept der<\/p>\n","protected":false},"author":1,"featured_media":0,"parent":17,"menu_order":0,"comment_status":"closed","ping_status":"closed","template":"","meta":{"footnotes":""},"class_list":["post-25","page","type-page","status-publish","hentry","","tg-column-two"],"_links":{"self":[{"href":"https:\/\/wkge-en.de\/wkge\/wp-json\/wp\/v2\/pages\/25","targetHints":{"allow":["GET"]}}],"collection":[{"href":"https:\/\/wkge-en.de\/wkge\/wp-json\/wp\/v2\/pages"}],"about":[{"href":"https:\/\/wkge-en.de\/wkge\/wp-json\/wp\/v2\/types\/page"}],"author":[{"embeddable":true,"href":"https:\/\/wkge-en.de\/wkge\/wp-json\/wp\/v2\/users\/1"}],"replies":[{"embeddable":true,"href":"https:\/\/wkge-en.de\/wkge\/wp-json\/wp\/v2\/comments?post=25"}],"version-history":[{"count":10,"href":"https:\/\/wkge-en.de\/wkge\/wp-json\/wp\/v2\/pages\/25\/revisions"}],"predecessor-version":[{"id":1606,"href":"https:\/\/wkge-en.de\/wkge\/wp-json\/wp\/v2\/pages\/25\/revisions\/1606"}],"up":[{"embeddable":true,"href":"https:\/\/wkge-en.de\/wkge\/wp-json\/wp\/v2\/pages\/17"}],"wp:attachment":[{"href":"https:\/\/wkge-en.de\/wkge\/wp-json\/wp\/v2\/media?parent=25"}],"curies":[{"name":"wp","href":"https:\/\/api.w.org\/{rel}","templated":true}]}}