{"id":2555,"date":"2019-01-01T19:31:22","date_gmt":"2019-01-01T18:31:22","guid":{"rendered":"http:\/\/wkge-en.de\/wkge\/?page_id=2555"},"modified":"2026-01-27T10:10:49","modified_gmt":"2026-01-27T09:10:49","slug":"sekretariat","status":"publish","type":"page","link":"https:\/\/wkge-en.de\/wkge\/unsere-schule\/personal\/sekretariat\/","title":{"rendered":"Sekretariat"},"content":{"rendered":"\t\t<div data-elementor-type=\"wp-post\" data-elementor-id=\"2555\" class=\"elementor elementor-2555\">\n\t\t\t\t\t\t<section class=\"elementor-section elementor-top-section elementor-element elementor-element-1fb0f18 elementor-section-boxed elementor-section-height-default elementor-section-height-default\" data-id=\"1fb0f18\" data-element_type=\"section\" data-e-type=\"section\">\n\t\t\t\t\t\t<div class=\"elementor-container elementor-column-gap-default\">\n\t\t\t\t\t<div class=\"elementor-column elementor-col-100 elementor-top-column elementor-element elementor-element-88f99f3\" data-id=\"88f99f3\" data-element_type=\"column\" data-e-type=\"column\">\n\t\t\t<div class=\"elementor-widget-wrap elementor-element-populated\">\n\t\t\t\t\t\t<div class=\"elementor-element elementor-element-8205dad elementor-widget elementor-widget-heading\" data-id=\"8205dad\" data-element_type=\"widget\" data-e-type=\"widget\" data-widget_type=\"heading.default\">\n\t\t\t\t<div class=\"elementor-widget-container\">\n\t\t\t\t\t<h2 class=\"elementor-heading-title elementor-size-default\">Sekretariat<\/h2>\t\t\t\t<\/div>\n\t\t\t\t<\/div>\n\t\t\t\t\t<\/div>\n\t\t<\/div>\n\t\t\t\t\t<\/div>\n\t\t<\/section>\n\t\t\t\t<section class=\"elementor-section elementor-top-section elementor-element elementor-element-45fb1d9 elementor-section-boxed elementor-section-height-default elementor-section-height-default\" data-id=\"45fb1d9\" data-element_type=\"section\" data-e-type=\"section\">\n\t\t\t\t\t\t<div class=\"elementor-container elementor-column-gap-default\">\n\t\t\t\t\t<div class=\"elementor-column elementor-col-100 elementor-top-column elementor-element elementor-element-87804f8\" data-id=\"87804f8\" data-element_type=\"column\" data-e-type=\"column\">\n\t\t\t<div class=\"elementor-widget-wrap elementor-element-populated\">\n\t\t\t\t\t\t<div class=\"elementor-element elementor-element-3e8e09d elementor-widget elementor-widget-text-editor\" data-id=\"3e8e09d\" data-element_type=\"widget\" data-e-type=\"widget\" data-widget_type=\"text-editor.default\">\n\t\t\t\t<div class=\"elementor-widget-container\">\n\t\t\t\t\t\t\t\t\t<p>Das Sekretariat der Wilhelm-Kraft-Gesamtschule befindet sich im Verwaltungsgeb\u00e4ude im Erdgeschoss. <\/p><p>Folgende Mitarbeiterinnen k\u00fcmmern sich dort um vielf\u00e4ltige Belange:<\/p>\t\t\t\t\t\t\t\t<\/div>\n\t\t\t\t<\/div>\n\t\t\t\t\t<\/div>\n\t\t<\/div>\n\t\t\t\t\t<\/div>\n\t\t<\/section>\n\t\t\t\t<section class=\"elementor-section elementor-top-section elementor-element elementor-element-13553d8 elementor-section-boxed elementor-section-height-default elementor-section-height-default\" data-id=\"13553d8\" data-element_type=\"section\" data-e-type=\"section\">\n\t\t\t\t\t\t<div class=\"elementor-container elementor-column-gap-default\">\n\t\t\t\t\t<div class=\"elementor-column elementor-col-33 elementor-top-column elementor-element elementor-element-b36ca30\" data-id=\"b36ca30\" data-element_type=\"column\" data-e-type=\"column\">\n\t\t\t<div class=\"elementor-widget-wrap elementor-element-populated\">\n\t\t\t\t\t\t<div class=\"elementor-element elementor-element-a54d515 elementor-widget elementor-widget-image\" data-id=\"a54d515\" data-element_type=\"widget\" data-e-type=\"widget\" data-widget_type=\"image.default\">\n\t\t\t\t<div class=\"elementor-widget-container\">\n\t\t\t\t\t\t\t\t\t\t\t\t\t\t\t<img decoding=\"async\" width=\"150\" height=\"150\" src=\"https:\/\/wkge-en.de\/wkge\/wp-content\/uploads\/Schlottoff-Silke-150x150.jpg\" class=\"attachment-thumbnail size-thumbnail wp-image-2446\" alt=\"\" srcset=\"https:\/\/wkge-en.de\/wkge\/wp-content\/uploads\/Schlottoff-Silke-150x150.jpg 150w, https:\/\/wkge-en.de\/wkge\/wp-content\/uploads\/Schlottoff-Silke-270x270.jpg 270w, https:\/\/wkge-en.de\/wkge\/wp-content\/uploads\/Schlottoff-Silke-230x230.jpg 230w\" sizes=\"(max-width: 150px) 100vw, 150px\" \/>\t\t\t\t\t\t\t\t\t\t\t\t\t\t\t<\/div>\n\t\t\t\t<\/div>\n\t\t\t\t<div class=\"elementor-element elementor-element-41a496e elementor-widget elementor-widget-text-editor\" data-id=\"41a496e\" data-element_type=\"widget\" data-e-type=\"widget\" data-widget_type=\"text-editor.default\">\n\t\t\t\t<div class=\"elementor-widget-container\">\n\t\t\t\t\t\t\t\t\t<p style=\"text-align: center;\">Schlottoff, Silke<\/p>\t\t\t\t\t\t\t\t<\/div>\n\t\t\t\t<\/div>\n\t\t\t\t<div class=\"elementor-element elementor-element-73a2e4b elementor-widget elementor-widget-text-editor\" data-id=\"73a2e4b\" data-element_type=\"widget\" data-e-type=\"widget\" data-widget_type=\"text-editor.default\">\n\t\t\t\t<div class=\"elementor-widget-container\">\n\t\t\t\t\t\t\t\t\t<p style=\"text-align: center;\">B\u00fcroleitung<\/p>\t\t\t\t\t\t\t\t<\/div>\n\t\t\t\t<\/div>\n\t\t\t\t\t<\/div>\n\t\t<\/div>\n\t\t\t\t<div class=\"elementor-column elementor-col-33 elementor-top-column elementor-element elementor-element-bd264de\" data-id=\"bd264de\" data-element_type=\"column\" data-e-type=\"column\">\n\t\t\t<div class=\"elementor-widget-wrap elementor-element-populated\">\n\t\t\t\t\t\t<div class=\"elementor-element elementor-element-4f3b488 elementor-widget elementor-widget-image\" data-id=\"4f3b488\" data-element_type=\"widget\" data-e-type=\"widget\" data-widget_type=\"image.default\">\n\t\t\t\t<div class=\"elementor-widget-container\">\n\t\t\t\t\t\t\t\t\t\t\t\t\t\t\t<img decoding=\"async\" width=\"150\" height=\"150\" src=\"https:\/\/wkge-en.de\/wkge\/wp-content\/uploads\/cropped-WKGE-Logo-150x150.jpg\" class=\"attachment-thumbnail size-thumbnail wp-image-3331\" alt=\"\" srcset=\"https:\/\/wkge-en.de\/wkge\/wp-content\/uploads\/cropped-WKGE-Logo-150x150.jpg 150w, https:\/\/wkge-en.de\/wkge\/wp-content\/uploads\/cropped-WKGE-Logo-270x270.jpg 270w, https:\/\/wkge-en.de\/wkge\/wp-content\/uploads\/cropped-WKGE-Logo-230x230.jpg 230w\" sizes=\"(max-width: 150px) 100vw, 150px\" \/>\t\t\t\t\t\t\t\t\t\t\t\t\t\t\t<\/div>\n\t\t\t\t<\/div>\n\t\t\t\t<div class=\"elementor-element elementor-element-23bd9f9 elementor-widget elementor-widget-text-editor\" data-id=\"23bd9f9\" data-element_type=\"widget\" data-e-type=\"widget\" data-widget_type=\"text-editor.default\">\n\t\t\t\t<div class=\"elementor-widget-container\">\n\t\t\t\t\t\t\t\t\t<p style=\"text-align: center;\">Fork, Lena<\/p>\t\t\t\t\t\t\t\t<\/div>\n\t\t\t\t<\/div>\n\t\t\t\t<div class=\"elementor-element elementor-element-97cf1c3 elementor-widget elementor-widget-text-editor\" data-id=\"97cf1c3\" data-element_type=\"widget\" data-e-type=\"widget\" data-widget_type=\"text-editor.default\">\n\t\t\t\t<div class=\"elementor-widget-container\">\n\t\t\t\t\t\t\t\t\t<p style=\"text-align: center;\">Sekret\u00e4rin<\/p>\t\t\t\t\t\t\t\t<\/div>\n\t\t\t\t<\/div>\n\t\t\t\t\t<\/div>\n\t\t<\/div>\n\t\t\t\t<div class=\"elementor-column elementor-col-33 elementor-top-column elementor-element elementor-element-6d13ce8\" data-id=\"6d13ce8\" data-element_type=\"column\" data-e-type=\"column\">\n\t\t\t<div class=\"elementor-widget-wrap elementor-element-populated\">\n\t\t\t\t\t\t<div class=\"elementor-element elementor-element-ebe64fd elementor-widget elementor-widget-image\" data-id=\"ebe64fd\" data-element_type=\"widget\" data-e-type=\"widget\" data-widget_type=\"image.default\">\n\t\t\t\t<div class=\"elementor-widget-container\">\n\t\t\t\t\t\t\t\t\t\t\t\t\t\t\t<img decoding=\"async\" width=\"150\" height=\"150\" src=\"https:\/\/wkge-en.de\/wkge\/wp-content\/uploads\/cropped-WKGE-Logo-150x150.jpg\" class=\"attachment-thumbnail size-thumbnail wp-image-3331\" alt=\"\" srcset=\"https:\/\/wkge-en.de\/wkge\/wp-content\/uploads\/cropped-WKGE-Logo-150x150.jpg 150w, https:\/\/wkge-en.de\/wkge\/wp-content\/uploads\/cropped-WKGE-Logo-270x270.jpg 270w, https:\/\/wkge-en.de\/wkge\/wp-content\/uploads\/cropped-WKGE-Logo-230x230.jpg 230w\" sizes=\"(max-width: 150px) 100vw, 150px\" \/>\t\t\t\t\t\t\t\t\t\t\t\t\t\t\t<\/div>\n\t\t\t\t<\/div>\n\t\t\t\t<div class=\"elementor-element elementor-element-4898f19 elementor-widget elementor-widget-text-editor\" data-id=\"4898f19\" data-element_type=\"widget\" data-e-type=\"widget\" data-widget_type=\"text-editor.default\">\n\t\t\t\t<div class=\"elementor-widget-container\">\n\t\t\t\t\t\t\t\t\t<p style=\"text-align: center;\">Olschewski, Stefanie<\/p>\t\t\t\t\t\t\t\t<\/div>\n\t\t\t\t<\/div>\n\t\t\t\t<div class=\"elementor-element elementor-element-c21754c elementor-widget elementor-widget-text-editor\" data-id=\"c21754c\" data-element_type=\"widget\" data-e-type=\"widget\" data-widget_type=\"text-editor.default\">\n\t\t\t\t<div class=\"elementor-widget-container\">\n\t\t\t\t\t\t\t\t\t<p style=\"text-align: center;\">Sekret\u00e4rin<\/p>\t\t\t\t\t\t\t\t<\/div>\n\t\t\t\t<\/div>\n\t\t\t\t\t<\/div>\n\t\t<\/div>\n\t\t\t\t\t<\/div>\n\t\t<\/section>\n\t\t\t\t<section class=\"elementor-section elementor-top-section elementor-element elementor-element-7ab71d5 elementor-section-boxed elementor-section-height-default elementor-section-height-default\" data-id=\"7ab71d5\" data-element_type=\"section\" data-e-type=\"section\">\n\t\t\t\t\t\t<div class=\"elementor-container elementor-column-gap-default\">\n\t\t\t\t\t<div class=\"elementor-column elementor-col-100 elementor-top-column elementor-element elementor-element-a83b5aa\" data-id=\"a83b5aa\" data-element_type=\"column\" data-e-type=\"column\">\n\t\t\t<div class=\"elementor-widget-wrap elementor-element-populated\">\n\t\t\t\t\t\t<div class=\"elementor-element elementor-element-e616d8a elementor-widget elementor-widget-text-editor\" data-id=\"e616d8a\" data-element_type=\"widget\" data-e-type=\"widget\" data-widget_type=\"text-editor.default\">\n\t\t\t\t<div class=\"elementor-widget-container\">\n\t\t\t\t\t\t\t\t\t<p>Sie erreichen das Sekretariat wie folgt:<\/p><p class=\"rteindent1\"><strong>Telefon:<\/strong> 0 23 39 \/ 91 93 &#8211; 0<\/p><p class=\"rteindent1\"><strong>Fax: <\/strong>0 23 39 \/ 91 93 &#8211; 77<\/p><p class=\"rteindent1\"><strong>E-Mail:<\/strong> <a class=\"ext\" href=\"https:\/\/wkge-en.de\/wkge\/kontakt\/\" target=\"_blank\" rel=\"noopener noreferrer\">WilhelmKraftGE@en-kreis.de<\/a><\/p><p><strong>\u00a0<\/strong><\/p><p><a href=\"https:\/\/wkge-en.de\/wkge\/kontakt\/\"><strong>Aktuelle \u00d6ffnungszeiten<\/strong><\/a> des Sekretariats finden Sie auf der <a href=\"https:\/\/wkge-en.de\/wkge\/kontakt\/\">Kontakt-Seite<\/a> unserer Schule.<\/p>\t\t\t\t\t\t\t\t<\/div>\n\t\t\t\t<\/div>\n\t\t\t\t\t<\/div>\n\t\t<\/div>\n\t\t\t\t\t<\/div>\n\t\t<\/section>\n\t\t\t\t<\/div>\n\t\t","protected":false},"excerpt":{"rendered":"<p>Sekretariat Das Sekretariat der Wilhelm-Kraft-Gesamtschule befindet sich im Verwaltungsgeb\u00e4ude im Erdgeschoss. Folgende Mitarbeiterinnen k\u00fcmmern sich dort um vielf\u00e4ltige Belange: Schlottoff, Silke B\u00fcroleitung Fork, Lena Sekret\u00e4rin Olschewski, Stefanie Sekret\u00e4rin Sie erreichen das Sekretariat wie folgt: Telefon: 0 23 39 \/ 91 93 &#8211; 0 Fax: 0 23 39 \/ 91 93 &#8211; 77 E-Mail: WilhelmKraftGE@en-kreis.de \u00a0 Aktuelle \u00d6ffnungszeiten des Sekretariats finden Sie auf der Kontakt-Seite unserer Schule.<\/p>\n","protected":false},"author":2,"featured_media":0,"parent":1796,"menu_order":0,"comment_status":"closed","ping_status":"closed","template":"","meta":{"footnotes":""},"class_list":["post-2555","page","type-page","status-publish","hentry","","tg-column-two"],"_links":{"self":[{"href":"https:\/\/wkge-en.de\/wkge\/wp-json\/wp\/v2\/pages\/2555","targetHints":{"allow":["GET"]}}],"collection":[{"href":"https:\/\/wkge-en.de\/wkge\/wp-json\/wp\/v2\/pages"}],"about":[{"href":"https:\/\/wkge-en.de\/wkge\/wp-json\/wp\/v2\/types\/page"}],"author":[{"embeddable":true,"href":"https:\/\/wkge-en.de\/wkge\/wp-json\/wp\/v2\/users\/2"}],"replies":[{"embeddable":true,"href":"https:\/\/wkge-en.de\/wkge\/wp-json\/wp\/v2\/comments?post=2555"}],"version-history":[{"count":10,"href":"https:\/\/wkge-en.de\/wkge\/wp-json\/wp\/v2\/pages\/2555\/revisions"}],"predecessor-version":[{"id":10514,"href":"https:\/\/wkge-en.de\/wkge\/wp-json\/wp\/v2\/pages\/2555\/revisions\/10514"}],"up":[{"embeddable":true,"href":"https:\/\/wkge-en.de\/wkge\/wp-json\/wp\/v2\/pages\/1796"}],"wp:attachment":[{"href":"https:\/\/wkge-en.de\/wkge\/wp-json\/wp\/v2\/media?parent=2555"}],"curies":[{"name":"wp","href":"https:\/\/api.w.org\/{rel}","templated":true}]}}