{"id":2558,"date":"2019-01-01T19:38:03","date_gmt":"2019-01-01T18:38:03","guid":{"rendered":"http:\/\/wkge-en.de\/wkge\/?page_id=2558"},"modified":"2024-11-23T07:08:33","modified_gmt":"2024-11-23T06:08:33","slug":"schulleitung","status":"publish","type":"page","link":"https:\/\/wkge-en.de\/wkge\/unsere-schule\/personal\/schulleitung\/","title":{"rendered":"Schulleitung"},"content":{"rendered":"\t\t<div data-elementor-type=\"wp-post\" data-elementor-id=\"2558\" class=\"elementor elementor-2558\">\n\t\t\t\t\t\t<section class=\"elementor-section elementor-top-section elementor-element elementor-element-731d80a elementor-section-boxed elementor-section-height-default elementor-section-height-default\" data-id=\"731d80a\" data-element_type=\"section\" data-e-type=\"section\">\n\t\t\t\t\t\t<div class=\"elementor-container elementor-column-gap-default\">\n\t\t\t\t\t<div class=\"elementor-column elementor-col-100 elementor-top-column elementor-element elementor-element-4a03cac\" data-id=\"4a03cac\" data-element_type=\"column\" data-e-type=\"column\">\n\t\t\t<div class=\"elementor-widget-wrap elementor-element-populated\">\n\t\t\t\t\t\t<div class=\"elementor-element elementor-element-2c25e0d elementor-widget elementor-widget-heading\" data-id=\"2c25e0d\" data-element_type=\"widget\" data-e-type=\"widget\" data-widget_type=\"heading.default\">\n\t\t\t\t<div class=\"elementor-widget-container\">\n\t\t\t\t\t<h2 class=\"elementor-heading-title elementor-size-default\">Schulleitung<\/h2>\t\t\t\t<\/div>\n\t\t\t\t<\/div>\n\t\t\t\t\t<\/div>\n\t\t<\/div>\n\t\t\t\t\t<\/div>\n\t\t<\/section>\n\t\t\t\t<section class=\"elementor-section elementor-top-section elementor-element elementor-element-205e8ec elementor-section-boxed elementor-section-height-default elementor-section-height-default\" data-id=\"205e8ec\" data-element_type=\"section\" data-e-type=\"section\">\n\t\t\t\t\t\t<div class=\"elementor-container elementor-column-gap-default\">\n\t\t\t\t\t<div class=\"elementor-column elementor-col-33 elementor-top-column elementor-element elementor-element-a879b93\" data-id=\"a879b93\" data-element_type=\"column\" data-e-type=\"column\">\n\t\t\t<div class=\"elementor-widget-wrap elementor-element-populated\">\n\t\t\t\t\t\t<div class=\"elementor-element elementor-element-6345369 elementor-widget elementor-widget-image\" data-id=\"6345369\" data-element_type=\"widget\" data-e-type=\"widget\" data-widget_type=\"image.default\">\n\t\t\t\t<div class=\"elementor-widget-container\">\n\t\t\t\t\t\t\t\t\t\t\t\t\t\t\t<img decoding=\"async\" width=\"150\" height=\"150\" src=\"https:\/\/wkge-en.de\/wkge\/wp-content\/uploads\/GESI-1-150x150.jpg\" class=\"attachment-thumbnail size-thumbnail wp-image-9317\" alt=\"\" srcset=\"https:\/\/wkge-en.de\/wkge\/wp-content\/uploads\/GESI-1-150x150.jpg 150w, https:\/\/wkge-en.de\/wkge\/wp-content\/uploads\/GESI-1-270x270.jpg 270w, https:\/\/wkge-en.de\/wkge\/wp-content\/uploads\/GESI-1-230x230.jpg 230w\" sizes=\"(max-width: 150px) 100vw, 150px\" \/>\t\t\t\t\t\t\t\t\t\t\t\t\t\t\t<\/div>\n\t\t\t\t<\/div>\n\t\t\t\t<div class=\"elementor-element elementor-element-c98e930 elementor-widget elementor-widget-text-editor\" data-id=\"c98e930\" data-element_type=\"widget\" data-e-type=\"widget\" data-widget_type=\"text-editor.default\">\n\t\t\t\t<div class=\"elementor-widget-container\">\n\t\t\t\t\t\t\t\t\t<p style=\"text-align: center;\">Leitender Gesamtschuldirektor<\/p><p style=\"text-align: center;\">Ge\u00dfner, Silvio<\/p><p style=\"text-align: center;\"><a style=\"font-size: 16px; font-family: Lato, sans-serif;\" href=\"https:\/\/wkge-en.de\/wkge\/unsere-schule\/schulprogramm\/transparente-schule\/geschaeftsverteilungsplan\/aufgaben-im-bereich-der-schulleitung\/\">Schulleiter<\/a><\/p>\t\t\t\t\t\t\t\t<\/div>\n\t\t\t\t<\/div>\n\t\t\t\t\t<\/div>\n\t\t<\/div>\n\t\t\t\t<div class=\"elementor-column elementor-col-33 elementor-top-column elementor-element elementor-element-6dcbafb\" data-id=\"6dcbafb\" data-element_type=\"column\" data-e-type=\"column\">\n\t\t\t<div class=\"elementor-widget-wrap elementor-element-populated\">\n\t\t\t\t\t\t<div class=\"elementor-element elementor-element-dbd7292 elementor-widget elementor-widget-image\" data-id=\"dbd7292\" data-element_type=\"widget\" data-e-type=\"widget\" data-widget_type=\"image.default\">\n\t\t\t\t<div class=\"elementor-widget-container\">\n\t\t\t\t\t\t\t\t\t\t\t\t\t\t\t<img decoding=\"async\" width=\"150\" height=\"150\" src=\"https:\/\/wkge-en.de\/wkge\/wp-content\/uploads\/Kreutzkamp-Sebastian-2014-150x150.jpg\" class=\"attachment-thumbnail size-thumbnail wp-image-3210\" alt=\"\" srcset=\"https:\/\/wkge-en.de\/wkge\/wp-content\/uploads\/Kreutzkamp-Sebastian-2014-150x150.jpg 150w, https:\/\/wkge-en.de\/wkge\/wp-content\/uploads\/Kreutzkamp-Sebastian-2014-270x270.jpg 270w, https:\/\/wkge-en.de\/wkge\/wp-content\/uploads\/Kreutzkamp-Sebastian-2014-230x230.jpg 230w\" sizes=\"(max-width: 150px) 100vw, 150px\" \/>\t\t\t\t\t\t\t\t\t\t\t\t\t\t\t<\/div>\n\t\t\t\t<\/div>\n\t\t\t\t<div class=\"elementor-element elementor-element-dbf557b elementor-widget elementor-widget-text-editor\" data-id=\"dbf557b\" data-element_type=\"widget\" data-e-type=\"widget\" data-widget_type=\"text-editor.default\">\n\t\t\t\t<div class=\"elementor-widget-container\">\n\t\t\t\t\t\t\t\t\t<div style=\"text-align: center;\">Kreutzkamp, Sebastian<\/div><div style=\"text-align: center;\">\u00a0<\/div><div style=\"text-align: center;\"><a href=\"https:\/\/wkge-en.de\/wkge\/unsere-schule\/schulprogramm\/transparente-schule\/geschaeftsverteilungsplan\/aufgaben-im-bereich-der-schulleitung\/\">stellvetretender Schulleiter<\/a><\/div>\t\t\t\t\t\t\t\t<\/div>\n\t\t\t\t<\/div>\n\t\t\t\t\t<\/div>\n\t\t<\/div>\n\t\t\t\t<div class=\"elementor-column elementor-col-33 elementor-top-column elementor-element elementor-element-1bb6e67\" data-id=\"1bb6e67\" data-element_type=\"column\" data-e-type=\"column\">\n\t\t\t<div class=\"elementor-widget-wrap elementor-element-populated\">\n\t\t\t\t\t\t<div class=\"elementor-element elementor-element-9682ea3 elementor-widget elementor-widget-image\" data-id=\"9682ea3\" data-element_type=\"widget\" data-e-type=\"widget\" data-widget_type=\"image.default\">\n\t\t\t\t<div class=\"elementor-widget-container\">\n\t\t\t\t\t\t\t\t\t\t\t\t\t\t\t<img decoding=\"async\" width=\"150\" height=\"150\" src=\"https:\/\/wkge-en.de\/wkge\/wp-content\/uploads\/Krenzer-2017-150x150.jpg\" class=\"attachment-thumbnail size-thumbnail wp-image-2420\" alt=\"\" srcset=\"https:\/\/wkge-en.de\/wkge\/wp-content\/uploads\/Krenzer-2017-150x150.jpg 150w, https:\/\/wkge-en.de\/wkge\/wp-content\/uploads\/Krenzer-2017-270x270.jpg 270w, https:\/\/wkge-en.de\/wkge\/wp-content\/uploads\/Krenzer-2017-230x230.jpg 230w\" sizes=\"(max-width: 150px) 100vw, 150px\" \/>\t\t\t\t\t\t\t\t\t\t\t\t\t\t\t<\/div>\n\t\t\t\t<\/div>\n\t\t\t\t<div class=\"elementor-element elementor-element-5702a53 elementor-widget elementor-widget-text-editor\" data-id=\"5702a53\" data-element_type=\"widget\" data-e-type=\"widget\" data-widget_type=\"text-editor.default\">\n\t\t\t\t<div class=\"elementor-widget-container\">\n\t\t\t\t\t\t\t\t\t<p style=\"text-align: center;\">Krenzer, Stephanie<\/p><p style=\"text-align: center;\"><a href=\"https:\/\/wkge-en.de\/wkge\/unsere-schule\/schulprogramm\/transparente-schule\/geschaeftsverteilungsplan\/aufgaben-im-bereich-der-schulleitung\/\">Didaktische Leiterin<\/a><\/p>\t\t\t\t\t\t\t\t<\/div>\n\t\t\t\t<\/div>\n\t\t\t\t\t<\/div>\n\t\t<\/div>\n\t\t\t\t\t<\/div>\n\t\t<\/section>\n\t\t\t\t<section class=\"elementor-section elementor-top-section elementor-element elementor-element-302cbb4 elementor-section-boxed elementor-section-height-default elementor-section-height-default\" data-id=\"302cbb4\" data-element_type=\"section\" data-e-type=\"section\">\n\t\t\t\t\t\t<div class=\"elementor-container elementor-column-gap-default\">\n\t\t\t\t\t<div class=\"elementor-column elementor-col-25 elementor-top-column elementor-element elementor-element-5442fe6\" data-id=\"5442fe6\" data-element_type=\"column\" data-e-type=\"column\">\n\t\t\t<div class=\"elementor-widget-wrap elementor-element-populated\">\n\t\t\t\t\t\t<div class=\"elementor-element elementor-element-bccb1cc elementor-widget elementor-widget-image\" data-id=\"bccb1cc\" data-element_type=\"widget\" data-e-type=\"widget\" data-widget_type=\"image.default\">\n\t\t\t\t<div class=\"elementor-widget-container\">\n\t\t\t\t\t\t\t\t\t\t\t\t\t\t\t<img loading=\"lazy\" decoding=\"async\" width=\"150\" height=\"150\" src=\"https:\/\/wkge-en.de\/wkge\/wp-content\/uploads\/Hirscher-Martin-150x150.jpg\" class=\"attachment-thumbnail size-thumbnail wp-image-2402\" alt=\"\" srcset=\"https:\/\/wkge-en.de\/wkge\/wp-content\/uploads\/Hirscher-Martin-150x150.jpg 150w, https:\/\/wkge-en.de\/wkge\/wp-content\/uploads\/Hirscher-Martin-270x270.jpg 270w, https:\/\/wkge-en.de\/wkge\/wp-content\/uploads\/Hirscher-Martin-230x230.jpg 230w\" sizes=\"(max-width: 150px) 100vw, 150px\" \/>\t\t\t\t\t\t\t\t\t\t\t\t\t\t\t<\/div>\n\t\t\t\t<\/div>\n\t\t\t\t<div class=\"elementor-element elementor-element-b7a57e0 elementor-widget elementor-widget-text-editor\" data-id=\"b7a57e0\" data-element_type=\"widget\" data-e-type=\"widget\" data-widget_type=\"text-editor.default\">\n\t\t\t\t<div class=\"elementor-widget-container\">\n\t\t\t\t\t\t\t\t\t<p style=\"text-align: center;\">Hirscher, Martin<\/p><p style=\"text-align: center;\"><a href=\"https:\/\/wkge-en.de\/wkge\/unsere-schule\/schulprogramm\/transparente-schule\/geschaeftsverteilungsplan\/aufgaben-im-bereich-der-schulleitung\/\">Abteilungsleitung 1<br \/>(Jahrg\u00e4nge 5 und 6)<\/a><\/p>\t\t\t\t\t\t\t\t<\/div>\n\t\t\t\t<\/div>\n\t\t\t\t\t<\/div>\n\t\t<\/div>\n\t\t\t\t<div class=\"elementor-column elementor-col-25 elementor-top-column elementor-element elementor-element-264239e\" data-id=\"264239e\" data-element_type=\"column\" data-e-type=\"column\">\n\t\t\t<div class=\"elementor-widget-wrap elementor-element-populated\">\n\t\t\t\t\t\t<div class=\"elementor-element elementor-element-25827dd elementor-widget elementor-widget-image\" data-id=\"25827dd\" data-element_type=\"widget\" data-e-type=\"widget\" data-widget_type=\"image.default\">\n\t\t\t\t<div class=\"elementor-widget-container\">\n\t\t\t\t\t\t\t\t\t\t\t\t\t\t\t<img loading=\"lazy\" decoding=\"async\" width=\"150\" height=\"150\" src=\"https:\/\/wkge-en.de\/wkge\/wp-content\/uploads\/thumbnail_Ich-und-Karte-150x150.jpg\" class=\"attachment-thumbnail size-thumbnail wp-image-5692\" alt=\"\" srcset=\"https:\/\/wkge-en.de\/wkge\/wp-content\/uploads\/thumbnail_Ich-und-Karte-150x150.jpg 150w, https:\/\/wkge-en.de\/wkge\/wp-content\/uploads\/thumbnail_Ich-und-Karte-270x270.jpg 270w, https:\/\/wkge-en.de\/wkge\/wp-content\/uploads\/thumbnail_Ich-und-Karte-230x230.jpg 230w\" sizes=\"(max-width: 150px) 100vw, 150px\" \/>\t\t\t\t\t\t\t\t\t\t\t\t\t\t\t<\/div>\n\t\t\t\t<\/div>\n\t\t\t\t<div class=\"elementor-element elementor-element-18d282d elementor-widget elementor-widget-text-editor\" data-id=\"18d282d\" data-element_type=\"widget\" data-e-type=\"widget\" data-widget_type=\"text-editor.default\">\n\t\t\t\t<div class=\"elementor-widget-container\">\n\t\t\t\t\t\t\t\t\t<p style=\"text-align: center;\">Gresser, Thorsten<\/p><p style=\"text-align: center;\"><a href=\"https:\/\/wkge-en.de\/wkge\/unsere-schule\/schulprogramm\/transparente-schule\/geschaeftsverteilungsplan\/aufgaben-im-bereich-der-schulleitung\/\">Abteilungsleitung 2<br \/>(Jahrg\u00e4nge 7 und 8)<\/a><\/p>\t\t\t\t\t\t\t\t<\/div>\n\t\t\t\t<\/div>\n\t\t\t\t\t<\/div>\n\t\t<\/div>\n\t\t\t\t<div class=\"elementor-column elementor-col-25 elementor-top-column elementor-element elementor-element-dd31935\" data-id=\"dd31935\" data-element_type=\"column\" data-e-type=\"column\">\n\t\t\t<div class=\"elementor-widget-wrap elementor-element-populated\">\n\t\t\t\t\t\t<div class=\"elementor-element elementor-element-24505dc elementor-widget elementor-widget-image\" data-id=\"24505dc\" data-element_type=\"widget\" data-e-type=\"widget\" data-widget_type=\"image.default\">\n\t\t\t\t<div class=\"elementor-widget-container\">\n\t\t\t\t\t\t\t\t\t\t\t\t\t\t\t<img loading=\"lazy\" decoding=\"async\" width=\"150\" height=\"150\" src=\"https:\/\/wkge-en.de\/wkge\/wp-content\/uploads\/Frigge-Thorsten-2017-2-150x150.jpg\" class=\"attachment-thumbnail size-thumbnail wp-image-2387\" alt=\"\" srcset=\"https:\/\/wkge-en.de\/wkge\/wp-content\/uploads\/Frigge-Thorsten-2017-2-150x150.jpg 150w, https:\/\/wkge-en.de\/wkge\/wp-content\/uploads\/Frigge-Thorsten-2017-2-270x270.jpg 270w, https:\/\/wkge-en.de\/wkge\/wp-content\/uploads\/Frigge-Thorsten-2017-2-230x230.jpg 230w\" sizes=\"(max-width: 150px) 100vw, 150px\" \/>\t\t\t\t\t\t\t\t\t\t\t\t\t\t\t<\/div>\n\t\t\t\t<\/div>\n\t\t\t\t<div class=\"elementor-element elementor-element-ae5821a elementor-widget elementor-widget-text-editor\" data-id=\"ae5821a\" data-element_type=\"widget\" data-e-type=\"widget\" data-widget_type=\"text-editor.default\">\n\t\t\t\t<div class=\"elementor-widget-container\">\n\t\t\t\t\t\t\t\t\t<p style=\"text-align: center;\">Frigge, Thorsten<\/p><p style=\"text-align: center;\"><a href=\"https:\/\/wkge-en.de\/wkge\/unsere-schule\/schulprogramm\/transparente-schule\/geschaeftsverteilungsplan\/aufgaben-im-bereich-der-schulleitung\/\">Abteilungsleitung 3<br \/>(Jahrg\u00e4nge 9 und 10)<\/a><\/p>\t\t\t\t\t\t\t\t<\/div>\n\t\t\t\t<\/div>\n\t\t\t\t\t<\/div>\n\t\t<\/div>\n\t\t\t\t<div class=\"elementor-column elementor-col-25 elementor-top-column elementor-element elementor-element-89ee930\" data-id=\"89ee930\" data-element_type=\"column\" data-e-type=\"column\">\n\t\t\t<div class=\"elementor-widget-wrap elementor-element-populated\">\n\t\t\t\t\t\t<div class=\"elementor-element elementor-element-7430a88 elementor-widget elementor-widget-image\" data-id=\"7430a88\" data-element_type=\"widget\" data-e-type=\"widget\" data-widget_type=\"image.default\">\n\t\t\t\t<div class=\"elementor-widget-container\">\n\t\t\t\t\t\t\t\t\t\t\t\t\t\t\t<img loading=\"lazy\" decoding=\"async\" width=\"150\" height=\"150\" src=\"https:\/\/wkge-en.de\/wkge\/wp-content\/uploads\/Hesterberg-Nina-150x150.jpg\" class=\"attachment-thumbnail size-thumbnail wp-image-2401\" alt=\"\" srcset=\"https:\/\/wkge-en.de\/wkge\/wp-content\/uploads\/Hesterberg-Nina-150x150.jpg 150w, https:\/\/wkge-en.de\/wkge\/wp-content\/uploads\/Hesterberg-Nina-270x270.jpg 270w, https:\/\/wkge-en.de\/wkge\/wp-content\/uploads\/Hesterberg-Nina-230x230.jpg 230w\" sizes=\"(max-width: 150px) 100vw, 150px\" \/>\t\t\t\t\t\t\t\t\t\t\t\t\t\t\t<\/div>\n\t\t\t\t<\/div>\n\t\t\t\t<div class=\"elementor-element elementor-element-701e4b3 elementor-widget elementor-widget-text-editor\" data-id=\"701e4b3\" data-element_type=\"widget\" data-e-type=\"widget\" data-widget_type=\"text-editor.default\">\n\t\t\t\t<div class=\"elementor-widget-container\">\n\t\t\t\t\t\t\t\t\t<p style=\"text-align: center;\">Hesterberg, Nina<\/p><p style=\"text-align: center;\"><a href=\"https:\/\/wkge-en.de\/wkge\/unsere-schule\/schulprogramm\/transparente-schule\/geschaeftsverteilungsplan\/aufgaben-im-bereich-der-schulleitung\/\">Abteilungsleitung 4<br \/>(Oberstufe)<\/a><\/p>\t\t\t\t\t\t\t\t<\/div>\n\t\t\t\t<\/div>\n\t\t\t\t\t<\/div>\n\t\t<\/div>\n\t\t\t\t\t<\/div>\n\t\t<\/section>\n\t\t\t\t<\/div>\n\t\t","protected":false},"excerpt":{"rendered":"<p>Schulleitung Leitender Gesamtschuldirektor Ge\u00dfner, Silvio Schulleiter Kreutzkamp, Sebastian\u00a0stellvetretender Schulleiter Krenzer, Stephanie Didaktische Leiterin Hirscher, Martin Abteilungsleitung 1(Jahrg\u00e4nge 5 und 6) Gresser, Thorsten Abteilungsleitung 2(Jahrg\u00e4nge 7 und 8) Frigge, Thorsten Abteilungsleitung 3(Jahrg\u00e4nge 9 und 10) Hesterberg, Nina Abteilungsleitung 4(Oberstufe)<\/p>\n","protected":false},"author":2,"featured_media":0,"parent":1796,"menu_order":0,"comment_status":"closed","ping_status":"closed","template":"","meta":{"footnotes":""},"class_list":["post-2558","page","type-page","status-publish","hentry","","tg-column-two"],"_links":{"self":[{"href":"https:\/\/wkge-en.de\/wkge\/wp-json\/wp\/v2\/pages\/2558","targetHints":{"allow":["GET"]}}],"collection":[{"href":"https:\/\/wkge-en.de\/wkge\/wp-json\/wp\/v2\/pages"}],"about":[{"href":"https:\/\/wkge-en.de\/wkge\/wp-json\/wp\/v2\/types\/page"}],"author":[{"embeddable":true,"href":"https:\/\/wkge-en.de\/wkge\/wp-json\/wp\/v2\/users\/2"}],"replies":[{"embeddable":true,"href":"https:\/\/wkge-en.de\/wkge\/wp-json\/wp\/v2\/comments?post=2558"}],"version-history":[{"count":10,"href":"https:\/\/wkge-en.de\/wkge\/wp-json\/wp\/v2\/pages\/2558\/revisions"}],"predecessor-version":[{"id":9320,"href":"https:\/\/wkge-en.de\/wkge\/wp-json\/wp\/v2\/pages\/2558\/revisions\/9320"}],"up":[{"embeddable":true,"href":"https:\/\/wkge-en.de\/wkge\/wp-json\/wp\/v2\/pages\/1796"}],"wp:attachment":[{"href":"https:\/\/wkge-en.de\/wkge\/wp-json\/wp\/v2\/media?parent=2558"}],"curies":[{"name":"wp","href":"https:\/\/api.w.org\/{rel}","templated":true}]}}