{"id":261,"date":"2018-12-10T19:16:42","date_gmt":"2018-12-10T18:16:42","guid":{"rendered":"http:\/\/wkge-en.de\/wkge\/?page_id=261"},"modified":"2021-10-31T11:00:56","modified_gmt":"2021-10-31T10:00:56","slug":"schulsanitaetsdienst","status":"publish","type":"page","link":"https:\/\/wkge-en.de\/wkge\/unsere-schule\/schulprogramm\/schule-als-lebensraum\/schulsanitaetsdienst\/","title":{"rendered":"Schulsanit\u00e4tsdienst"},"content":{"rendered":"\t\t<div data-elementor-type=\"wp-post\" data-elementor-id=\"261\" class=\"elementor elementor-261\">\n\t\t\t\t\t\t<section class=\"elementor-section elementor-top-section elementor-element elementor-element-e6226a2 elementor-section-boxed elementor-section-height-default elementor-section-height-default\" data-id=\"e6226a2\" data-element_type=\"section\" data-e-type=\"section\">\n\t\t\t\t\t\t<div class=\"elementor-container elementor-column-gap-default\">\n\t\t\t\t\t<div class=\"elementor-column elementor-col-100 elementor-top-column elementor-element elementor-element-1998806\" data-id=\"1998806\" data-element_type=\"column\" data-e-type=\"column\">\n\t\t\t<div class=\"elementor-widget-wrap elementor-element-populated\">\n\t\t\t\t\t\t<div class=\"elementor-element elementor-element-502c729 elementor-widget elementor-widget-heading\" data-id=\"502c729\" data-element_type=\"widget\" data-e-type=\"widget\" data-widget_type=\"heading.default\">\n\t\t\t\t<div class=\"elementor-widget-container\">\n\t\t\t\t\t<h2 class=\"elementor-heading-title elementor-size-default\">Schulsanit\u00e4tsdienst<\/h2>\t\t\t\t<\/div>\n\t\t\t\t<\/div>\n\t\t\t\t\t<\/div>\n\t\t<\/div>\n\t\t\t\t\t<\/div>\n\t\t<\/section>\n\t\t\t\t<section class=\"elementor-section elementor-top-section elementor-element elementor-element-e387a6d elementor-section-boxed elementor-section-height-default elementor-section-height-default\" data-id=\"e387a6d\" data-element_type=\"section\" data-e-type=\"section\">\n\t\t\t\t\t\t<div class=\"elementor-container elementor-column-gap-default\">\n\t\t\t\t\t<div class=\"elementor-column elementor-col-66 elementor-top-column elementor-element elementor-element-732714d\" data-id=\"732714d\" data-element_type=\"column\" data-e-type=\"column\">\n\t\t\t<div class=\"elementor-widget-wrap elementor-element-populated\">\n\t\t\t\t\t\t<div class=\"elementor-element elementor-element-274f039 elementor-widget elementor-widget-text-editor\" data-id=\"274f039\" data-element_type=\"widget\" data-e-type=\"widget\" data-widget_type=\"text-editor.default\">\n\t\t\t\t<div class=\"elementor-widget-container\">\n\t\t\t\t\t\t\t\t\t<h4>Was ist Schulsanit\u00e4tsdienst?<\/h4><p>Sch\u00fcler und Sch\u00fclerinnen ab Klasse 7, die im Rahmen einer AG zu Ersthelfer ausgebildet wurden, betreuen in den beiden gro\u00dfen Pausen (von 9.35 \u2013 9.55 Uhr und von 11.30 &#8211; 11.40 Uhr) und in der Mittagspause den Erste\u2013Hilfe-Kiosk (derzeit K010) und den Schulhof A. Dar\u00fcber hinaus werden sie auch bei Schulveranstaltungen eingesetzt. Sie leisten Erste Hilfe bei Unf\u00e4llen oder Verletzungen ihrer\u00a0 Mitsch\u00fcler und Mitsch\u00fclerinnen und \u00fcbernehmen die Erstversorgung.<\/p><p>Der Schulsanit\u00e4tsdienst wird von <a href=\"http:\/\/wilhelm-kraft-gesamtschule.de\/kollegium#kreutzkamp\">Herrn Cyganek<\/a> und <a href=\"http:\/\/wilhelm-kraft-gesamtschule.de\/kollegium#kreutzkamp\">Herrn Kaiser<\/a> betreut. Herr Kaiser \u00fcbernimmt derzeit auch die Ersthelferausbildung im Rahmen der Arbeitsgemeinschaft und\u00a0 teilweise im Rahmen des Moduls \u201eGesundheit und soziale Berufe\u201c.<\/p>\t\t\t\t\t\t\t\t<\/div>\n\t\t\t\t<\/div>\n\t\t\t\t\t<\/div>\n\t\t<\/div>\n\t\t\t\t<div class=\"elementor-column elementor-col-33 elementor-top-column elementor-element elementor-element-ed84499\" data-id=\"ed84499\" data-element_type=\"column\" data-e-type=\"column\">\n\t\t\t<div class=\"elementor-widget-wrap elementor-element-populated\">\n\t\t\t\t\t\t<div class=\"elementor-element elementor-element-e42e0c2 elementor-widget elementor-widget-image\" data-id=\"e42e0c2\" data-element_type=\"widget\" data-e-type=\"widget\" data-widget_type=\"image.default\">\n\t\t\t\t<div class=\"elementor-widget-container\">\n\t\t\t\t\t\t\t\t\t\t\t\t\t\t\t\t<a href=\"http:\/\/wkge-en.de\/wkge\/wp-content\/uploads\/Schulsanit\u00e4tsdienst-LOGO.png\" data-elementor-open-lightbox=\"yes\" data-elementor-lightbox-title=\"Schulsanit\u00e4tsdienst LOGO\" data-e-action-hash=\"#elementor-action%3Aaction%3Dlightbox%26settings%3DeyJpZCI6MjY0LCJ1cmwiOiJodHRwczpcL1wvd2tnZS1lbi5kZVwvd2tnZVwvd3AtY29udGVudFwvdXBsb2Fkc1wvU2NodWxzYW5pdFx1MDBlNHRzZGllbnN0LUxPR08ucG5nIn0%3D\">\n\t\t\t\t\t\t\t<img decoding=\"async\" width=\"243\" height=\"174\" src=\"https:\/\/wkge-en.de\/wkge\/wp-content\/uploads\/Schulsanit\u00e4tsdienst-LOGO.png\" class=\"attachment-large size-large wp-image-264\" alt=\"\" \/>\t\t\t\t\t\t\t\t<\/a>\n\t\t\t\t\t\t\t\t\t\t\t\t\t\t\t<\/div>\n\t\t\t\t<\/div>\n\t\t\t\t\t<\/div>\n\t\t<\/div>\n\t\t\t\t\t<\/div>\n\t\t<\/section>\n\t\t\t\t<section class=\"elementor-section elementor-top-section elementor-element elementor-element-6e65da4 elementor-section-boxed elementor-section-height-default elementor-section-height-default\" data-id=\"6e65da4\" data-element_type=\"section\" data-e-type=\"section\">\n\t\t\t\t\t\t<div class=\"elementor-container elementor-column-gap-default\">\n\t\t\t\t\t<div class=\"elementor-column elementor-col-100 elementor-top-column elementor-element elementor-element-5ffa8e9\" data-id=\"5ffa8e9\" data-element_type=\"column\" data-e-type=\"column\">\n\t\t\t<div class=\"elementor-widget-wrap elementor-element-populated\">\n\t\t\t\t\t\t<div class=\"elementor-element elementor-element-61ab71a elementor-widget elementor-widget-image\" data-id=\"61ab71a\" data-element_type=\"widget\" data-e-type=\"widget\" data-widget_type=\"image.default\">\n\t\t\t\t<div class=\"elementor-widget-container\">\n\t\t\t\t\t\t\t\t\t\t\t\t\t\t\t\t<a href=\"http:\/\/wkge-en.de\/wkge\/wp-content\/uploads\/Schulsanit\u00e4tsdienst-Bild.png\" data-elementor-open-lightbox=\"yes\" data-elementor-lightbox-title=\"Schulsanit\u00e4tsdienst Bild\" data-e-action-hash=\"#elementor-action%3Aaction%3Dlightbox%26settings%3DeyJpZCI6MjYzLCJ1cmwiOiJodHRwczpcL1wvd2tnZS1lbi5kZVwvd2tnZVwvd3AtY29udGVudFwvdXBsb2Fkc1wvU2NodWxzYW5pdFx1MDBlNHRzZGllbnN0LUJpbGQucG5nIn0%3D\">\n\t\t\t\t\t\t\t<img fetchpriority=\"high\" decoding=\"async\" width=\"401\" height=\"184\" src=\"https:\/\/wkge-en.de\/wkge\/wp-content\/uploads\/Schulsanit\u00e4tsdienst-Bild.png\" class=\"attachment-large size-large wp-image-263\" alt=\"\" srcset=\"https:\/\/wkge-en.de\/wkge\/wp-content\/uploads\/Schulsanit\u00e4tsdienst-Bild.png 401w, https:\/\/wkge-en.de\/wkge\/wp-content\/uploads\/Schulsanit\u00e4tsdienst-Bild-300x138.png 300w\" sizes=\"(max-width: 401px) 100vw, 401px\" \/>\t\t\t\t\t\t\t\t<\/a>\n\t\t\t\t\t\t\t\t\t\t\t\t\t\t\t<\/div>\n\t\t\t\t<\/div>\n\t\t\t\t\t<\/div>\n\t\t<\/div>\n\t\t\t\t\t<\/div>\n\t\t<\/section>\n\t\t\t\t<section class=\"elementor-section elementor-top-section elementor-element elementor-element-56714a0 elementor-section-boxed elementor-section-height-default elementor-section-height-default\" data-id=\"56714a0\" data-element_type=\"section\" data-e-type=\"section\">\n\t\t\t\t\t\t<div class=\"elementor-container elementor-column-gap-default\">\n\t\t\t\t\t<div class=\"elementor-column elementor-col-100 elementor-top-column elementor-element elementor-element-f75c6dd\" data-id=\"f75c6dd\" data-element_type=\"column\" data-e-type=\"column\">\n\t\t\t<div class=\"elementor-widget-wrap elementor-element-populated\">\n\t\t\t\t\t\t<div class=\"elementor-element elementor-element-519f5e6 elementor-widget elementor-widget-text-editor\" data-id=\"519f5e6\" data-element_type=\"widget\" data-e-type=\"widget\" data-widget_type=\"text-editor.default\">\n\t\t\t\t<div class=\"elementor-widget-container\">\n\t\t\t\t\t\t\t\t\t<h4>Schulsanit\u00e4tsdienst an der Wilhelm-Kraft-Gesamtschule<\/h4><p>Im Bundesdurchschnitt erleidet j\u00e4hrlich etwa jeder 12. Sch\u00fcler \/ jede 12. Sch\u00fclerin einen Schulunfall, der bei der Sch\u00fclerunfallstatistik gemeldet werden muss (Quelle: DRK und Jugendrotkreuz, Mai 2007), wobei die Zahl kleinerer Verletzungen wohl noch bedeutend h\u00f6her liegt. Oft ist hierbei zu beobachten, dass viele Menschen aus Angst davor, falsch zu handeln und daf\u00fcr vielleicht zur Verantwortung gezogen zu werden, keine Hilfe leisten.<\/p><p>Hier kann das Projekt \u201eSchulsanit\u00e4tsdienst\u201c bestehende \u00c4ngste und Vorurteile abbauen helfen und Sch\u00fclerinnen und Sch\u00fcler dazu bef\u00e4higen, die Erstversorgung von verungl\u00fcckten und\/oder verletzten oder anders in gesundheitliche Not geratenen Mitmenschen verantwortlich bis zum Eintreffen des Rettungsdienstes zu \u00fcbernehmen. Die zuvor erfolgte Ausbildung in Erster Hilfe schafft das Bewusstsein, in Not- und Unfallsituationen wirklich helfen zu k\u00f6nnen und f\u00f6rdert die Bereitschaft zu aktiver Hilfeleistung und dazu, Verantwortung zu \u00fcbernehmen. Die praktische Anwendung erlernter Sachverhalte und die Erfahrung, gebraucht zu werden, f\u00fchrt zu einer positiven Pers\u00f6nlichkeitsst\u00e4rkung und zur Entwicklung eines st\u00e4rkeren Selbstbewusstseins. Durch die Kooperation mit einer entsprechenden Hilfsorganisation wird der Weg zu einer sinnvollen Freizeitgestaltung und dar\u00fcber hinaus m\u00f6glicherweise zu einem interessanten Berufsfeld er\u00f6ffnet.<\/p><p>Der Schulsanit\u00e4tsdienst ist eine Initiative, die von den Hilfsorganisationen, die im Bereich Erste Hilfe t\u00e4tig sind, gef\u00f6rdert und unterst\u00fctzt wird. Er erg\u00e4nzt und sichert die Erste-Hilfe-Versorgung an Schulen.<\/p><p>Seit 2003 gibt es an unserer Schule ein solches Projekt in Kooperation mit dem Jugendrotkreuz. Hierbei durchlaufen interessierte Sch\u00fclerinnen und Sch\u00fcler ab Jahrgang 7 zun\u00e4chst eine Grundausbildung in Erster Hilfe, um dann als \u201eSchulsanit\u00e4ter\u201c (und nat\u00fcrlich auch Schulsanit\u00e4terinnen) t\u00e4tig zu werden. Im Rahmen dieser freiwillig \u00fcbernommenen Aufgabe sind sie w\u00e4hrend der ersten Hofpause, der Mittagspause und im Rahmen von schulischen Veranstaltungen vornehmlich im Erste-Hilfe-Raum in Halle E und auf dem Schulhof am A-Geb\u00e4ude anzutreffen. Hier leisten sie Erste Hilfe bei Verletzungen, Unf\u00e4llen oder anderen Unp\u00e4sslichkeiten und betreuen ihre Mitsch\u00fclerinnen und Mitsch\u00fcler. Dar\u00fcber hinaus haben sie ein Auge auf m\u00f6gliche Gefahrensituationen und Gefahrenpotentiale auf unserem Schulgel\u00e4nde.<\/p><p><em><a href=\"http:\/\/wilhelm-kraft-gesamtschule.de\/kollegium#kraemer\">Kaiser<\/a>, September 2020<\/em><\/p>\t\t\t\t\t\t\t\t<\/div>\n\t\t\t\t<\/div>\n\t\t\t\t\t<\/div>\n\t\t<\/div>\n\t\t\t\t\t<\/div>\n\t\t<\/section>\n\t\t\t\t<section class=\"elementor-section elementor-top-section elementor-element elementor-element-930c28f elementor-section-boxed elementor-section-height-default elementor-section-height-default\" data-id=\"930c28f\" data-element_type=\"section\" data-e-type=\"section\">\n\t\t\t\t\t\t<div class=\"elementor-container elementor-column-gap-default\">\n\t\t\t\t\t<div class=\"elementor-column elementor-col-100 elementor-top-column elementor-element elementor-element-8312ea3\" data-id=\"8312ea3\" data-element_type=\"column\" data-e-type=\"column\">\n\t\t\t<div class=\"elementor-widget-wrap elementor-element-populated\">\n\t\t\t\t\t\t<div class=\"elementor-element elementor-element-df75200 elementor-widget elementor-widget-image\" data-id=\"df75200\" data-element_type=\"widget\" data-e-type=\"widget\" data-widget_type=\"image.default\">\n\t\t\t\t<div class=\"elementor-widget-container\">\n\t\t\t\t\t\t\t\t\t\t\t\t<figure class=\"wp-caption\">\n\t\t\t\t\t\t\t\t\t\t<img decoding=\"async\" src=\"https:\/\/wkge-en.de\/wkge\/wp-content\/uploads\/IMG_4655-scaled.jpg\" title=\"\" alt=\"\" loading=\"lazy\" \/>\t\t\t\t\t\t\t\t\t\t\t<figcaption class=\"widget-image-caption wp-caption-text\">Eure Schulsanit\u00e4ter stellen sich vor (von links): Frau R\u00fcther, Jolina, Tijana, Inga, Nina, Tom, Julian, Herr Grebe, Leon, Thorben, Sarah, Sebastian<\/figcaption>\n\t\t\t\t\t\t\t\t\t\t<\/figure>\n\t\t\t\t\t\t\t\t\t<\/div>\n\t\t\t\t<\/div>\n\t\t\t\t\t<\/div>\n\t\t<\/div>\n\t\t\t\t\t<\/div>\n\t\t<\/section>\n\t\t\t\t<\/div>\n\t\t","protected":false},"excerpt":{"rendered":"<p>Schulsanit\u00e4tsdienst Was ist Schulsanit\u00e4tsdienst? Sch\u00fcler und Sch\u00fclerinnen ab Klasse 7, die im Rahmen einer AG zu Ersthelfer ausgebildet wurden, betreuen in den beiden gro\u00dfen Pausen (von 9.35 \u2013 9.55 Uhr und von 11.30 &#8211; 11.40 Uhr) und in der Mittagspause den Erste\u2013Hilfe-Kiosk (derzeit K010) und den Schulhof A. Dar\u00fcber hinaus werden sie auch bei Schulveranstaltungen eingesetzt. Sie leisten Erste Hilfe bei Unf\u00e4llen oder Verletzungen ihrer\u00a0 Mitsch\u00fcler und Mitsch\u00fclerinnen und \u00fcbernehmen die Erstversorgung. Der Schulsanit\u00e4tsdienst wird von Herrn Cyganek und Herrn Kaiser betreut. Herr Kaiser \u00fcbernimmt derzeit auch die Ersthelferausbildung im Rahmen der Arbeitsgemeinschaft und\u00a0 teilweise im Rahmen des Moduls \u201eGesundheit und soziale Berufe\u201c. Schulsanit\u00e4tsdienst an der Wilhelm-Kraft-Gesamtschule Im Bundesdurchschnitt erleidet j\u00e4hrlich etwa jeder 12. Sch\u00fcler \/ jede 12. Sch\u00fclerin einen Schulunfall, der bei der Sch\u00fclerunfallstatistik gemeldet werden muss (Quelle: DRK und Jugendrotkreuz, Mai 2007), wobei die Zahl kleinerer Verletzungen wohl noch bedeutend h\u00f6her liegt. Oft ist hierbei zu beobachten, dass<\/p>\n","protected":false},"author":2,"featured_media":0,"parent":241,"menu_order":0,"comment_status":"closed","ping_status":"closed","template":"","meta":{"footnotes":""},"class_list":["post-261","page","type-page","status-publish","hentry","","tg-column-two"],"_links":{"self":[{"href":"https:\/\/wkge-en.de\/wkge\/wp-json\/wp\/v2\/pages\/261","targetHints":{"allow":["GET"]}}],"collection":[{"href":"https:\/\/wkge-en.de\/wkge\/wp-json\/wp\/v2\/pages"}],"about":[{"href":"https:\/\/wkge-en.de\/wkge\/wp-json\/wp\/v2\/types\/page"}],"author":[{"embeddable":true,"href":"https:\/\/wkge-en.de\/wkge\/wp-json\/wp\/v2\/users\/2"}],"replies":[{"embeddable":true,"href":"https:\/\/wkge-en.de\/wkge\/wp-json\/wp\/v2\/comments?post=261"}],"version-history":[{"count":10,"href":"https:\/\/wkge-en.de\/wkge\/wp-json\/wp\/v2\/pages\/261\/revisions"}],"predecessor-version":[{"id":6259,"href":"https:\/\/wkge-en.de\/wkge\/wp-json\/wp\/v2\/pages\/261\/revisions\/6259"}],"up":[{"embeddable":true,"href":"https:\/\/wkge-en.de\/wkge\/wp-json\/wp\/v2\/pages\/241"}],"wp:attachment":[{"href":"https:\/\/wkge-en.de\/wkge\/wp-json\/wp\/v2\/media?parent=261"}],"curies":[{"name":"wp","href":"https:\/\/api.w.org\/{rel}","templated":true}]}}