{"id":2632,"date":"2019-01-02T20:49:11","date_gmt":"2019-01-02T19:49:11","guid":{"rendered":"http:\/\/wkge-en.de\/wkge\/?page_id=2632"},"modified":"2025-02-20T11:40:52","modified_gmt":"2025-02-20T10:40:52","slug":"schulsozialarbeit","status":"publish","type":"page","link":"https:\/\/wkge-en.de\/wkge\/unsere-schule\/personal\/schulsozialarbeit\/","title":{"rendered":"Schulsozialarbeit"},"content":{"rendered":"\t\t<div data-elementor-type=\"wp-post\" data-elementor-id=\"2632\" class=\"elementor elementor-2632\">\n\t\t\t\t\t\t<section class=\"elementor-section elementor-top-section elementor-element elementor-element-90629ad elementor-section-boxed elementor-section-height-default elementor-section-height-default\" data-id=\"90629ad\" data-element_type=\"section\" data-e-type=\"section\">\n\t\t\t\t\t\t<div class=\"elementor-container elementor-column-gap-default\">\n\t\t\t\t\t<div class=\"elementor-column elementor-col-100 elementor-top-column elementor-element elementor-element-32957c7\" data-id=\"32957c7\" data-element_type=\"column\" data-e-type=\"column\">\n\t\t\t<div class=\"elementor-widget-wrap elementor-element-populated\">\n\t\t\t\t\t\t<div class=\"elementor-element elementor-element-5866241 elementor-widget elementor-widget-heading\" data-id=\"5866241\" data-element_type=\"widget\" data-e-type=\"widget\" data-widget_type=\"heading.default\">\n\t\t\t\t<div class=\"elementor-widget-container\">\n\t\t\t\t\t<h2 class=\"elementor-heading-title elementor-size-default\">Schulsozialarbeit <\/h2>\t\t\t\t<\/div>\n\t\t\t\t<\/div>\n\t\t\t\t\t<\/div>\n\t\t<\/div>\n\t\t\t\t\t<\/div>\n\t\t<\/section>\n\t\t\t\t<section class=\"elementor-section elementor-top-section elementor-element elementor-element-52723a9 elementor-section-boxed elementor-section-height-default elementor-section-height-default\" data-id=\"52723a9\" data-element_type=\"section\" data-e-type=\"section\">\n\t\t\t\t\t\t<div class=\"elementor-container elementor-column-gap-default\">\n\t\t\t\t\t<div class=\"elementor-column elementor-col-100 elementor-top-column elementor-element elementor-element-a7547d7\" data-id=\"a7547d7\" data-element_type=\"column\" data-e-type=\"column\">\n\t\t\t<div class=\"elementor-widget-wrap elementor-element-populated\">\n\t\t\t\t\t\t<div class=\"elementor-element elementor-element-5a49b71 elementor-widget elementor-widget-text-editor\" data-id=\"5a49b71\" data-element_type=\"widget\" data-e-type=\"widget\" data-widget_type=\"text-editor.default\">\n\t\t\t\t<div class=\"elementor-widget-container\">\n\t\t\t\t\t\t\t\t\t<p>F\u00fcr die Schulsozialarbeit an der Wilhelm-Kraft-Gesamtschule sind drei Fachkr\u00e4fte f\u00fcr Schulsozialarbeit zust\u00e4ndig, die sich um Beratung, Ganztag und Pr\u00e4vention k\u00fcmmern. <\/p>\t\t\t\t\t\t\t\t<\/div>\n\t\t\t\t<\/div>\n\t\t\t\t\t<\/div>\n\t\t<\/div>\n\t\t\t\t\t<\/div>\n\t\t<\/section>\n\t\t\t\t<section class=\"elementor-section elementor-top-section elementor-element elementor-element-978c644 elementor-section-boxed elementor-section-height-default elementor-section-height-default\" data-id=\"978c644\" data-element_type=\"section\" data-e-type=\"section\">\n\t\t\t\t\t\t<div class=\"elementor-container elementor-column-gap-default\">\n\t\t\t\t\t<div class=\"elementor-column elementor-col-33 elementor-top-column elementor-element elementor-element-1e5a944\" data-id=\"1e5a944\" data-element_type=\"column\" data-e-type=\"column\">\n\t\t\t<div class=\"elementor-widget-wrap elementor-element-populated\">\n\t\t\t\t\t\t<div class=\"elementor-element elementor-element-950c6c9 elementor-widget elementor-widget-image\" data-id=\"950c6c9\" data-element_type=\"widget\" data-e-type=\"widget\" data-widget_type=\"image.default\">\n\t\t\t\t<div class=\"elementor-widget-container\">\n\t\t\t\t\t\t\t\t\t\t\t\t\t\t\t<img decoding=\"async\" width=\"150\" height=\"150\" src=\"https:\/\/wkge-en.de\/wkge\/wp-content\/uploads\/wiese-150x150.jpg\" class=\"attachment-thumbnail size-thumbnail wp-image-2468\" alt=\"\" srcset=\"https:\/\/wkge-en.de\/wkge\/wp-content\/uploads\/wiese-150x150.jpg 150w, https:\/\/wkge-en.de\/wkge\/wp-content\/uploads\/wiese-270x270.jpg 270w, https:\/\/wkge-en.de\/wkge\/wp-content\/uploads\/wiese-230x230.jpg 230w\" sizes=\"(max-width: 150px) 100vw, 150px\" \/>\t\t\t\t\t\t\t\t\t\t\t\t\t\t\t<\/div>\n\t\t\t\t<\/div>\n\t\t\t\t<div class=\"elementor-element elementor-element-d2a9e5f elementor-widget elementor-widget-text-editor\" data-id=\"d2a9e5f\" data-element_type=\"widget\" data-e-type=\"widget\" data-widget_type=\"text-editor.default\">\n\t\t\t\t<div class=\"elementor-widget-container\">\n\t\t\t\t\t\t\t\t\t<p style=\"text-align: center;\">Wiese, Daniel<\/p><p style=\"text-align: center;\">Fachkraft f\u00fcr Schulsozialarbeit<\/p><p style=\"text-align: center;\">alle Jahrg\u00e4nge Klassen a\/b<\/p><p style=\"text-align: center;\">wiese[at]wkge-en.de<\/p>\t\t\t\t\t\t\t\t<\/div>\n\t\t\t\t<\/div>\n\t\t\t\t\t<\/div>\n\t\t<\/div>\n\t\t\t\t<div class=\"elementor-column elementor-col-33 elementor-top-column elementor-element elementor-element-0c1ef49\" data-id=\"0c1ef49\" data-element_type=\"column\" data-e-type=\"column\">\n\t\t\t<div class=\"elementor-widget-wrap elementor-element-populated\">\n\t\t\t\t\t\t<div class=\"elementor-element elementor-element-e9f491c elementor-widget elementor-widget-image\" data-id=\"e9f491c\" data-element_type=\"widget\" data-e-type=\"widget\" data-widget_type=\"image.default\">\n\t\t\t\t<div class=\"elementor-widget-container\">\n\t\t\t\t\t\t\t\t\t\t\t\t\t\t\t<img decoding=\"async\" width=\"150\" height=\"150\" src=\"https:\/\/wkge-en.de\/wkge\/wp-content\/uploads\/Rabe-Lena-ex-Hilgendiek-150x150.jpg\" class=\"attachment-thumbnail size-thumbnail wp-image-2436\" alt=\"\" srcset=\"https:\/\/wkge-en.de\/wkge\/wp-content\/uploads\/Rabe-Lena-ex-Hilgendiek-150x150.jpg 150w, https:\/\/wkge-en.de\/wkge\/wp-content\/uploads\/Rabe-Lena-ex-Hilgendiek-270x270.jpg 270w, https:\/\/wkge-en.de\/wkge\/wp-content\/uploads\/Rabe-Lena-ex-Hilgendiek-230x230.jpg 230w\" sizes=\"(max-width: 150px) 100vw, 150px\" \/>\t\t\t\t\t\t\t\t\t\t\t\t\t\t\t<\/div>\n\t\t\t\t<\/div>\n\t\t\t\t<div class=\"elementor-element elementor-element-68dc413 elementor-widget elementor-widget-text-editor\" data-id=\"68dc413\" data-element_type=\"widget\" data-e-type=\"widget\" data-widget_type=\"text-editor.default\">\n\t\t\t\t<div class=\"elementor-widget-container\">\n\t\t\t\t\t\t\t\t\t<p style=\"text-align: center;\">Rabe, Lena<\/p><p style=\"text-align: center;\">Fachkraft f\u00fcr Schulsozialarbeit<\/p><p style=\"text-align: center;\">alle Jahrg\u00e4nge Klassen e\/f<\/p><p style=\"text-align: center;\">l.rabe[at]wkge-en.de<\/p>\t\t\t\t\t\t\t\t<\/div>\n\t\t\t\t<\/div>\n\t\t\t\t\t<\/div>\n\t\t<\/div>\n\t\t\t\t<div class=\"elementor-column elementor-col-33 elementor-top-column elementor-element elementor-element-235bb93\" data-id=\"235bb93\" data-element_type=\"column\" data-e-type=\"column\">\n\t\t\t<div class=\"elementor-widget-wrap elementor-element-populated\">\n\t\t\t\t\t\t<div class=\"elementor-element elementor-element-7cb72dd elementor-widget elementor-widget-image\" data-id=\"7cb72dd\" data-element_type=\"widget\" data-e-type=\"widget\" data-widget_type=\"image.default\">\n\t\t\t\t<div class=\"elementor-widget-container\">\n\t\t\t\t\t\t\t\t\t\t\t\t\t\t\t<img decoding=\"async\" width=\"150\" height=\"150\" src=\"https:\/\/wkge-en.de\/wkge\/wp-content\/uploads\/Niephaus-Christine-150x150.jpg\" class=\"attachment-thumbnail size-thumbnail wp-image-2433\" alt=\"\" srcset=\"https:\/\/wkge-en.de\/wkge\/wp-content\/uploads\/Niephaus-Christine-150x150.jpg 150w, https:\/\/wkge-en.de\/wkge\/wp-content\/uploads\/Niephaus-Christine-270x270.jpg 270w, https:\/\/wkge-en.de\/wkge\/wp-content\/uploads\/Niephaus-Christine-230x230.jpg 230w\" sizes=\"(max-width: 150px) 100vw, 150px\" \/>\t\t\t\t\t\t\t\t\t\t\t\t\t\t\t<\/div>\n\t\t\t\t<\/div>\n\t\t\t\t<div class=\"elementor-element elementor-element-c3cd4f1 elementor-widget elementor-widget-text-editor\" data-id=\"c3cd4f1\" data-element_type=\"widget\" data-e-type=\"widget\" data-widget_type=\"text-editor.default\">\n\t\t\t\t<div class=\"elementor-widget-container\">\n\t\t\t\t\t\t\t\t\t<p style=\"text-align: center;\">Niephaus, Christine<\/p><p style=\"text-align: center;\">Fachkraft f\u00fcr Schulsozialarbeit<\/p><p style=\"text-align: center;\">alle Jahrg\u00e4nge Klassen c\/d<\/p><p style=\"text-align: center;\">niephaus[at]wkge-en.de<\/p>\t\t\t\t\t\t\t\t<\/div>\n\t\t\t\t<\/div>\n\t\t\t\t\t<\/div>\n\t\t<\/div>\n\t\t\t\t\t<\/div>\n\t\t<\/section>\n\t\t\t\t<section class=\"elementor-section elementor-top-section elementor-element elementor-element-bcb4b3a elementor-section-boxed elementor-section-height-default elementor-section-height-default\" data-id=\"bcb4b3a\" data-element_type=\"section\" data-e-type=\"section\">\n\t\t\t\t\t\t<div class=\"elementor-container elementor-column-gap-default\">\n\t\t\t\t\t<div class=\"elementor-column elementor-col-33 elementor-top-column elementor-element elementor-element-3bffe34\" data-id=\"3bffe34\" data-element_type=\"column\" data-e-type=\"column\">\n\t\t\t<div class=\"elementor-widget-wrap elementor-element-populated\">\n\t\t\t\t\t\t<div class=\"elementor-element elementor-element-3522318 elementor-widget elementor-widget-image\" data-id=\"3522318\" data-element_type=\"widget\" data-e-type=\"widget\" data-widget_type=\"image.default\">\n\t\t\t\t<div class=\"elementor-widget-container\">\n\t\t\t\t\t\t\t\t\t\t\t\t\t\t\t<img loading=\"lazy\" decoding=\"async\" width=\"150\" height=\"150\" src=\"https:\/\/wkge-en.de\/wkge\/wp-content\/uploads\/Susanne-Gersch-Foto-150x150.jpg\" class=\"attachment-thumbnail size-thumbnail wp-image-5600\" alt=\"\" srcset=\"https:\/\/wkge-en.de\/wkge\/wp-content\/uploads\/Susanne-Gersch-Foto-150x150.jpg 150w, https:\/\/wkge-en.de\/wkge\/wp-content\/uploads\/Susanne-Gersch-Foto-270x270.jpg 270w, https:\/\/wkge-en.de\/wkge\/wp-content\/uploads\/Susanne-Gersch-Foto-230x230.jpg 230w\" sizes=\"(max-width: 150px) 100vw, 150px\" \/>\t\t\t\t\t\t\t\t\t\t\t\t\t\t\t<\/div>\n\t\t\t\t<\/div>\n\t\t\t\t<div class=\"elementor-element elementor-element-5bfa435 elementor-widget elementor-widget-text-editor\" data-id=\"5bfa435\" data-element_type=\"widget\" data-e-type=\"widget\" data-widget_type=\"text-editor.default\">\n\t\t\t\t<div class=\"elementor-widget-container\">\n\t\t\t\t\t\t\t\t\t<p style=\"text-align: center;\">Gersch, Susanne<\/p><p style=\"text-align: center;\">Fachkraft f\u00fcr Mulitprofessionelle Teams im gemeinsamen Lernen<\/p><p style=\"text-align: center;\">gersch[at]wkge-en.de<\/p>\t\t\t\t\t\t\t\t<\/div>\n\t\t\t\t<\/div>\n\t\t\t\t\t<\/div>\n\t\t<\/div>\n\t\t\t\t<div class=\"elementor-column elementor-col-33 elementor-top-column elementor-element elementor-element-6ba58f9\" data-id=\"6ba58f9\" data-element_type=\"column\" data-e-type=\"column\">\n\t\t\t<div class=\"elementor-widget-wrap elementor-element-populated\">\n\t\t\t\t\t\t<div class=\"elementor-element elementor-element-3ce8669 elementor-widget elementor-widget-image\" data-id=\"3ce8669\" data-element_type=\"widget\" data-e-type=\"widget\" data-widget_type=\"image.default\">\n\t\t\t\t<div class=\"elementor-widget-container\">\n\t\t\t\t\t\t\t\t\t\t\t\t\t\t\t<img loading=\"lazy\" decoding=\"async\" width=\"150\" height=\"150\" src=\"https:\/\/wkge-en.de\/wkge\/wp-content\/uploads\/1-150x150.jpg\" class=\"attachment-thumbnail size-thumbnail wp-image-42\" alt=\"Schullogo\" srcset=\"https:\/\/wkge-en.de\/wkge\/wp-content\/uploads\/1-150x150.jpg 150w, https:\/\/wkge-en.de\/wkge\/wp-content\/uploads\/1-270x270.jpg 270w, https:\/\/wkge-en.de\/wkge\/wp-content\/uploads\/1-230x230.jpg 230w\" sizes=\"(max-width: 150px) 100vw, 150px\" \/>\t\t\t\t\t\t\t\t\t\t\t\t\t\t\t<\/div>\n\t\t\t\t<\/div>\n\t\t\t\t<div class=\"elementor-element elementor-element-97e6431 elementor-widget elementor-widget-text-editor\" data-id=\"97e6431\" data-element_type=\"widget\" data-e-type=\"widget\" data-widget_type=\"text-editor.default\">\n\t\t\t\t<div class=\"elementor-widget-container\">\n\t\t\t\t\t\t\t\t\t<p style=\"text-align: center;\">Skiba, Simone<\/p><p style=\"text-align: center;\">Fachkraft f\u00fcr Multiprofessionelle Teams im Gemeinsamen Lernen<\/p><p style=\"text-align: center;\">Jahrg\u00e4nge 9 und 10<\/p><p style=\"text-align: center;\">skiba[at]wkge-en.de<\/p>\t\t\t\t\t\t\t\t<\/div>\n\t\t\t\t<\/div>\n\t\t\t\t\t<\/div>\n\t\t<\/div>\n\t\t\t\t<div class=\"elementor-column elementor-col-33 elementor-top-column elementor-element elementor-element-51aa326\" data-id=\"51aa326\" data-element_type=\"column\" data-e-type=\"column\">\n\t\t\t<div class=\"elementor-widget-wrap elementor-element-populated\">\n\t\t\t\t\t\t<div class=\"elementor-element elementor-element-15d7a5a elementor-widget elementor-widget-image\" data-id=\"15d7a5a\" data-element_type=\"widget\" data-e-type=\"widget\" data-widget_type=\"image.default\">\n\t\t\t\t<div class=\"elementor-widget-container\">\n\t\t\t\t\t\t\t\t\t\t\t\t\t\t\t<img loading=\"lazy\" decoding=\"async\" width=\"150\" height=\"150\" src=\"https:\/\/wkge-en.de\/wkge\/wp-content\/uploads\/1-150x150.jpg\" class=\"attachment-thumbnail size-thumbnail wp-image-42\" alt=\"Schullogo\" srcset=\"https:\/\/wkge-en.de\/wkge\/wp-content\/uploads\/1-150x150.jpg 150w, https:\/\/wkge-en.de\/wkge\/wp-content\/uploads\/1-270x270.jpg 270w, https:\/\/wkge-en.de\/wkge\/wp-content\/uploads\/1-230x230.jpg 230w\" sizes=\"(max-width: 150px) 100vw, 150px\" \/>\t\t\t\t\t\t\t\t\t\t\t\t\t\t\t<\/div>\n\t\t\t\t<\/div>\n\t\t\t\t<div class=\"elementor-element elementor-element-1de9529 elementor-widget elementor-widget-text-editor\" data-id=\"1de9529\" data-element_type=\"widget\" data-e-type=\"widget\" data-widget_type=\"text-editor.default\">\n\t\t\t\t<div class=\"elementor-widget-container\">\n\t\t\t\t\t\t\t\t\t<p style=\"text-align: center;\">Wochnik, Olaf<\/p><p style=\"text-align: center;\">Fachkraft f\u00fcr Schulsozialarbeit<\/p><p style=\"text-align: center;\">alle Jahrg\u00e4nge Klassen e\/f<\/p><p style=\"text-align: center;\">wochnik[at]wkge-en.de<\/p>\t\t\t\t\t\t\t\t<\/div>\n\t\t\t\t<\/div>\n\t\t\t\t\t<\/div>\n\t\t<\/div>\n\t\t\t\t\t<\/div>\n\t\t<\/section>\n\t\t\t\t<section class=\"elementor-section elementor-top-section elementor-element elementor-element-4a76867 elementor-section-boxed elementor-section-height-default elementor-section-height-default\" data-id=\"4a76867\" data-element_type=\"section\" data-e-type=\"section\">\n\t\t\t\t\t\t<div class=\"elementor-container elementor-column-gap-default\">\n\t\t\t\t\t<div class=\"elementor-column elementor-col-100 elementor-top-column elementor-element elementor-element-44ff571\" data-id=\"44ff571\" data-element_type=\"column\" data-e-type=\"column\">\n\t\t\t<div class=\"elementor-widget-wrap elementor-element-populated\">\n\t\t\t\t\t\t<div class=\"elementor-element elementor-element-3cec3c0 elementor-widget elementor-widget-text-editor\" data-id=\"3cec3c0\" data-element_type=\"widget\" data-e-type=\"widget\" data-widget_type=\"text-editor.default\">\n\t\t\t\t<div class=\"elementor-widget-container\">\n\t\t\t\t\t\t\t\t\t<p>Beratung in der SII nach Bedarf.<\/p>\t\t\t\t\t\t\t\t<\/div>\n\t\t\t\t<\/div>\n\t\t\t\t\t<\/div>\n\t\t<\/div>\n\t\t\t\t\t<\/div>\n\t\t<\/section>\n\t\t\t\t<section class=\"elementor-section elementor-top-section elementor-element elementor-element-c6d7d5c elementor-section-boxed elementor-section-height-default elementor-section-height-default\" data-id=\"c6d7d5c\" data-element_type=\"section\" data-e-type=\"section\">\n\t\t\t\t\t\t<div class=\"elementor-container elementor-column-gap-default\">\n\t\t\t\t\t<div class=\"elementor-column elementor-col-100 elementor-top-column elementor-element elementor-element-2f96a89\" data-id=\"2f96a89\" data-element_type=\"column\" data-e-type=\"column\">\n\t\t\t<div class=\"elementor-widget-wrap elementor-element-populated\">\n\t\t\t\t\t\t<div class=\"elementor-element elementor-element-a70e1c8 elementor-widget elementor-widget-text-editor\" data-id=\"a70e1c8\" data-element_type=\"widget\" data-e-type=\"widget\" data-widget_type=\"text-editor.default\">\n\t\t\t\t<div class=\"elementor-widget-container\">\n\t\t\t\t\t\t\t\t\t<p><strong>Downloads zu dieser Seite:<\/strong><\/p><p><strong><a href=\"https:\/\/wkge-en.de\/wkge\/wp-content\/uploads\/WKGE-Flyer-Schulsozialarbeit-2023.pdf\">Flyer Schulsozialarbeit WKGE<\/a><\/strong><\/p><p><strong>\u00a0<\/strong><\/p>\t\t\t\t\t\t\t\t<\/div>\n\t\t\t\t<\/div>\n\t\t\t\t\t<\/div>\n\t\t<\/div>\n\t\t\t\t\t<\/div>\n\t\t<\/section>\n\t\t\t\t<\/div>\n\t\t","protected":false},"excerpt":{"rendered":"<p>Schulsozialarbeit F\u00fcr die Schulsozialarbeit an der Wilhelm-Kraft-Gesamtschule sind drei Fachkr\u00e4fte f\u00fcr Schulsozialarbeit zust\u00e4ndig, die sich um Beratung, Ganztag und Pr\u00e4vention k\u00fcmmern. Wiese, Daniel Fachkraft f\u00fcr Schulsozialarbeit alle Jahrg\u00e4nge Klassen a\/b wiese[at]wkge-en.de Rabe, Lena Fachkraft f\u00fcr Schulsozialarbeit alle Jahrg\u00e4nge Klassen e\/f l.rabe[at]wkge-en.de Niephaus, Christine Fachkraft f\u00fcr Schulsozialarbeit alle Jahrg\u00e4nge Klassen c\/d niephaus[at]wkge-en.de Gersch, Susanne Fachkraft f\u00fcr Mulitprofessionelle Teams im gemeinsamen Lernen gersch[at]wkge-en.de Skiba, Simone Fachkraft f\u00fcr Multiprofessionelle Teams im Gemeinsamen Lernen Jahrg\u00e4nge 9 und 10 skiba[at]wkge-en.de Wochnik, Olaf Fachkraft f\u00fcr Schulsozialarbeit alle Jahrg\u00e4nge Klassen e\/f wochnik[at]wkge-en.de Beratung in der SII nach Bedarf. Downloads zu dieser Seite: Flyer Schulsozialarbeit WKGE \u00a0<\/p>\n","protected":false},"author":2,"featured_media":0,"parent":1796,"menu_order":0,"comment_status":"closed","ping_status":"closed","template":"","meta":{"footnotes":""},"class_list":["post-2632","page","type-page","status-publish","hentry","","tg-column-two"],"_links":{"self":[{"href":"https:\/\/wkge-en.de\/wkge\/wp-json\/wp\/v2\/pages\/2632","targetHints":{"allow":["GET"]}}],"collection":[{"href":"https:\/\/wkge-en.de\/wkge\/wp-json\/wp\/v2\/pages"}],"about":[{"href":"https:\/\/wkge-en.de\/wkge\/wp-json\/wp\/v2\/types\/page"}],"author":[{"embeddable":true,"href":"https:\/\/wkge-en.de\/wkge\/wp-json\/wp\/v2\/users\/2"}],"replies":[{"embeddable":true,"href":"https:\/\/wkge-en.de\/wkge\/wp-json\/wp\/v2\/comments?post=2632"}],"version-history":[{"count":10,"href":"https:\/\/wkge-en.de\/wkge\/wp-json\/wp\/v2\/pages\/2632\/revisions"}],"predecessor-version":[{"id":9551,"href":"https:\/\/wkge-en.de\/wkge\/wp-json\/wp\/v2\/pages\/2632\/revisions\/9551"}],"up":[{"embeddable":true,"href":"https:\/\/wkge-en.de\/wkge\/wp-json\/wp\/v2\/pages\/1796"}],"wp:attachment":[{"href":"https:\/\/wkge-en.de\/wkge\/wp-json\/wp\/v2\/media?parent=2632"}],"curies":[{"name":"wp","href":"https:\/\/api.w.org\/{rel}","templated":true}]}}