{"id":268,"date":"2018-12-10T19:21:53","date_gmt":"2018-12-10T18:21:53","guid":{"rendered":"http:\/\/wkge-en.de\/wkge\/?page_id=268"},"modified":"2018-12-10T19:22:41","modified_gmt":"2018-12-10T18:22:41","slug":"tag-es-offenen-lernens","status":"publish","type":"page","link":"https:\/\/wkge-en.de\/wkge\/unsere-schule\/schulprogramm\/schule-als-lebensraum\/tag-es-offenen-lernens\/","title":{"rendered":"Tag des offenen Lernens"},"content":{"rendered":"\t\t<div data-elementor-type=\"wp-post\" data-elementor-id=\"268\" class=\"elementor elementor-268 elementor-bc-flex-widget\">\n\t\t\t\t\t\t<section class=\"elementor-section elementor-top-section elementor-element elementor-element-6255704 elementor-section-boxed elementor-section-height-default elementor-section-height-default\" data-id=\"6255704\" data-element_type=\"section\" data-e-type=\"section\">\n\t\t\t\t\t\t<div class=\"elementor-container elementor-column-gap-default\">\n\t\t\t\t\t<div class=\"elementor-column elementor-col-100 elementor-top-column elementor-element elementor-element-569073a\" data-id=\"569073a\" data-element_type=\"column\" data-e-type=\"column\">\n\t\t\t<div class=\"elementor-widget-wrap elementor-element-populated\">\n\t\t\t\t\t\t<div class=\"elementor-element elementor-element-3f521e5 elementor-widget elementor-widget-heading\" data-id=\"3f521e5\" data-element_type=\"widget\" data-e-type=\"widget\" data-widget_type=\"heading.default\">\n\t\t\t\t<div class=\"elementor-widget-container\">\n\t\t\t\t\t<h2 class=\"elementor-heading-title elementor-size-default\">Tag des offenen Lernens - TOL<\/h2>\t\t\t\t<\/div>\n\t\t\t\t<\/div>\n\t\t\t\t\t<\/div>\n\t\t<\/div>\n\t\t\t\t\t<\/div>\n\t\t<\/section>\n\t\t\t\t<section class=\"elementor-section elementor-top-section elementor-element elementor-element-4c67349 elementor-section-boxed elementor-section-height-default elementor-section-height-default\" data-id=\"4c67349\" data-element_type=\"section\" data-e-type=\"section\">\n\t\t\t\t\t\t<div class=\"elementor-container elementor-column-gap-default\">\n\t\t\t\t\t<div class=\"elementor-column elementor-col-100 elementor-top-column elementor-element elementor-element-d096e58\" data-id=\"d096e58\" data-element_type=\"column\" data-e-type=\"column\">\n\t\t\t<div class=\"elementor-widget-wrap elementor-element-populated\">\n\t\t\t\t\t\t<div class=\"elementor-element elementor-element-d2fe669 elementor-widget elementor-widget-text-editor\" data-id=\"d2fe669\" data-element_type=\"widget\" data-e-type=\"widget\" data-widget_type=\"text-editor.default\">\n\t\t\t\t<div class=\"elementor-widget-container\">\n\t\t\t\t\t\t\t\t\t<div class=\"field field-name-body field-type-text-with-summary field-label-hidden\"><div class=\"field-items\"><div class=\"field-item even\"><p>Der Tag des offenen Lernens hat zwei Schwerpunkte. Erstens werden die Eltern der kommenden F\u00fcnftkl\u00e4ssler und Interessierte f\u00fcr die <a href=\"https:\/\/www.wilhelm-kraft-gesamtschule.de\/schulprogramm\/oberstufe\">Oberstufe<\/a> angesprochen und zweitens wird \u00fcber die M\u00f6glichkeiten unserer Schule informiert.<\/p><p>In der Zeit von 10.00 Uhr &#8211; 13.00 Uhr wird Unterricht vor allem in den Jahrg\u00e4ngen 5, 6, 7 und 11 gezeigt. Ab 13.00 Uhr werden Aktivit\u00e4ten aus dem <a href=\"https:\/\/www.wilhelm-kraft-gesamtschule.de\/schulprogramm\/ganztag\">Ganztag<\/a> pr\u00e4sentiert, unterst\u00fctzt durch Aktionen in Fachr\u00e4umen.<\/p><p>Die Unterrichtsstunden sind jeweils 30 Minuten lang mit einer anschlie\u00dfenden Pause von 10 Minuten.<\/p><\/div><\/div><\/div>\t\t\t\t\t\t\t\t<\/div>\n\t\t\t\t<\/div>\n\t\t\t\t\t<\/div>\n\t\t<\/div>\n\t\t\t\t\t<\/div>\n\t\t<\/section>\n\t\t\t\t<\/div>\n\t\t","protected":false},"excerpt":{"rendered":"<p>Tag des offenen Lernens &#8211; TOL Der Tag des offenen Lernens hat zwei Schwerpunkte. Erstens werden die Eltern der kommenden F\u00fcnftkl\u00e4ssler und Interessierte f\u00fcr die Oberstufe angesprochen und zweitens wird \u00fcber die M\u00f6glichkeiten unserer Schule informiert. In der Zeit von 10.00 Uhr &#8211; 13.00 Uhr wird Unterricht vor allem in den Jahrg\u00e4ngen 5, 6, 7 und 11 gezeigt. Ab 13.00 Uhr werden Aktivit\u00e4ten aus dem Ganztag pr\u00e4sentiert, unterst\u00fctzt durch Aktionen in Fachr\u00e4umen. Die Unterrichtsstunden sind jeweils 30 Minuten lang mit einer anschlie\u00dfenden Pause von 10 Minuten.<\/p>\n","protected":false},"author":2,"featured_media":0,"parent":241,"menu_order":0,"comment_status":"closed","ping_status":"closed","template":"","meta":{"footnotes":""},"class_list":["post-268","page","type-page","status-publish","hentry","","tg-column-two"],"_links":{"self":[{"href":"https:\/\/wkge-en.de\/wkge\/wp-json\/wp\/v2\/pages\/268","targetHints":{"allow":["GET"]}}],"collection":[{"href":"https:\/\/wkge-en.de\/wkge\/wp-json\/wp\/v2\/pages"}],"about":[{"href":"https:\/\/wkge-en.de\/wkge\/wp-json\/wp\/v2\/types\/page"}],"author":[{"embeddable":true,"href":"https:\/\/wkge-en.de\/wkge\/wp-json\/wp\/v2\/users\/2"}],"replies":[{"embeddable":true,"href":"https:\/\/wkge-en.de\/wkge\/wp-json\/wp\/v2\/comments?post=268"}],"version-history":[{"count":3,"href":"https:\/\/wkge-en.de\/wkge\/wp-json\/wp\/v2\/pages\/268\/revisions"}],"predecessor-version":[{"id":271,"href":"https:\/\/wkge-en.de\/wkge\/wp-json\/wp\/v2\/pages\/268\/revisions\/271"}],"up":[{"embeddable":true,"href":"https:\/\/wkge-en.de\/wkge\/wp-json\/wp\/v2\/pages\/241"}],"wp:attachment":[{"href":"https:\/\/wkge-en.de\/wkge\/wp-json\/wp\/v2\/media?parent=268"}],"curies":[{"name":"wp","href":"https:\/\/api.w.org\/{rel}","templated":true}]}}