{"id":272,"date":"2018-12-10T19:23:03","date_gmt":"2018-12-10T18:23:03","guid":{"rendered":"http:\/\/wkge-en.de\/wkge\/?page_id=272"},"modified":"2018-12-10T19:25:12","modified_gmt":"2018-12-10T18:25:12","slug":"schulkultur","status":"publish","type":"page","link":"https:\/\/wkge-en.de\/wkge\/unsere-schule\/schulprogramm\/schule-als-lebensraum\/schulkultur\/","title":{"rendered":"Schulkultur"},"content":{"rendered":"\t\t<div data-elementor-type=\"wp-post\" data-elementor-id=\"272\" class=\"elementor elementor-272 elementor-bc-flex-widget\">\n\t\t\t\t\t\t<section class=\"elementor-section elementor-top-section elementor-element elementor-element-1f2a396 elementor-section-boxed elementor-section-height-default elementor-section-height-default\" data-id=\"1f2a396\" data-element_type=\"section\" data-e-type=\"section\">\n\t\t\t\t\t\t<div class=\"elementor-container elementor-column-gap-default\">\n\t\t\t\t\t<div class=\"elementor-column elementor-col-100 elementor-top-column elementor-element elementor-element-fc8ac1d\" data-id=\"fc8ac1d\" data-element_type=\"column\" data-e-type=\"column\">\n\t\t\t<div class=\"elementor-widget-wrap elementor-element-populated\">\n\t\t\t\t\t\t<div class=\"elementor-element elementor-element-37df122 elementor-widget elementor-widget-heading\" data-id=\"37df122\" data-element_type=\"widget\" data-e-type=\"widget\" data-widget_type=\"heading.default\">\n\t\t\t\t<div class=\"elementor-widget-container\">\n\t\t\t\t\t<h2 class=\"elementor-heading-title elementor-size-default\">Schulkultur<\/h2>\t\t\t\t<\/div>\n\t\t\t\t<\/div>\n\t\t\t\t\t<\/div>\n\t\t<\/div>\n\t\t\t\t\t<\/div>\n\t\t<\/section>\n\t\t\t\t<section class=\"elementor-section elementor-top-section elementor-element elementor-element-81a66a4 elementor-section-boxed elementor-section-height-default elementor-section-height-default\" data-id=\"81a66a4\" data-element_type=\"section\" data-e-type=\"section\">\n\t\t\t\t\t\t<div class=\"elementor-container elementor-column-gap-default\">\n\t\t\t\t\t<div class=\"elementor-column elementor-col-100 elementor-top-column elementor-element elementor-element-88db035\" data-id=\"88db035\" data-element_type=\"column\" data-e-type=\"column\">\n\t\t\t<div class=\"elementor-widget-wrap elementor-element-populated\">\n\t\t\t\t\t\t<div class=\"elementor-element elementor-element-f0840c3 elementor-widget elementor-widget-text-editor\" data-id=\"f0840c3\" data-element_type=\"widget\" data-e-type=\"widget\" data-widget_type=\"text-editor.default\">\n\t\t\t\t<div class=\"elementor-widget-container\">\n\t\t\t\t\t\t\t\t\t<p>In unserer <strong>Schulkulturwoche<\/strong>, die regelm\u00e4\u00dfig gegen Ende eines Schuljahres stattfindet, wird versucht, den aufgezeigten Intentionen der <a href=\"http:\/\/wilhelm-kraft-gesamtschule.de\/schulprogramm\/schule-als-lebensraum\">Gestaltung des Schullebens und der \u00d6ffnung von Schule<\/a> gerecht zu werden. In Zusammenarbeit zwischen Kollegium, Eltern, Sch\u00fclern und Sch\u00fclerinnen wird eine Woche unter den Schwerpunkt Schulkultur gestellt. Dabei ist das Herstellen von Identifikation mit der Schule das Leitmotiv.<\/p><p>Insbesondere in dieser Woche besteht die M\u00f6glichkeit, die Ergebnisse der Auseinandersetzung mit der Lebenswelt der Jugendlichen unter Einbeziehung au\u00dferschulischer Partner zu pr\u00e4sentieren. Die Schulkulturwoche ersetzt nicht den Unterricht, sondern bietet sich als zus\u00e4tzliche Darstellungs-Plattform an, um die schulische und au\u00dferschulische \u00d6ffentlichkeit \u00fcber die Aktivit\u00e4ten der Schule zu informieren. Dadurch st\u00e4rken wir Selbstwertgef\u00fchl und Motivation der Sch\u00fclerinnen und Sch\u00fcler.<\/p>\t\t\t\t\t\t\t\t<\/div>\n\t\t\t\t<\/div>\n\t\t\t\t\t<\/div>\n\t\t<\/div>\n\t\t\t\t\t<\/div>\n\t\t<\/section>\n\t\t\t\t<\/div>\n\t\t","protected":false},"excerpt":{"rendered":"<p>Schulkultur In unserer Schulkulturwoche, die regelm\u00e4\u00dfig gegen Ende eines Schuljahres stattfindet, wird versucht, den aufgezeigten Intentionen der Gestaltung des Schullebens und der \u00d6ffnung von Schule gerecht zu werden. In Zusammenarbeit zwischen Kollegium, Eltern, Sch\u00fclern und Sch\u00fclerinnen wird eine Woche unter den Schwerpunkt Schulkultur gestellt. Dabei ist das Herstellen von Identifikation mit der Schule das Leitmotiv. Insbesondere in dieser Woche besteht die M\u00f6glichkeit, die Ergebnisse der Auseinandersetzung mit der Lebenswelt der Jugendlichen unter Einbeziehung au\u00dferschulischer Partner zu pr\u00e4sentieren. Die Schulkulturwoche ersetzt nicht den Unterricht, sondern bietet sich als zus\u00e4tzliche Darstellungs-Plattform an, um die schulische und au\u00dferschulische \u00d6ffentlichkeit \u00fcber die Aktivit\u00e4ten der Schule zu informieren. Dadurch st\u00e4rken wir Selbstwertgef\u00fchl und Motivation der Sch\u00fclerinnen und Sch\u00fcler.<\/p>\n","protected":false},"author":2,"featured_media":0,"parent":241,"menu_order":0,"comment_status":"closed","ping_status":"closed","template":"","meta":{"footnotes":""},"class_list":["post-272","page","type-page","status-publish","hentry","","tg-column-two"],"_links":{"self":[{"href":"https:\/\/wkge-en.de\/wkge\/wp-json\/wp\/v2\/pages\/272","targetHints":{"allow":["GET"]}}],"collection":[{"href":"https:\/\/wkge-en.de\/wkge\/wp-json\/wp\/v2\/pages"}],"about":[{"href":"https:\/\/wkge-en.de\/wkge\/wp-json\/wp\/v2\/types\/page"}],"author":[{"embeddable":true,"href":"https:\/\/wkge-en.de\/wkge\/wp-json\/wp\/v2\/users\/2"}],"replies":[{"embeddable":true,"href":"https:\/\/wkge-en.de\/wkge\/wp-json\/wp\/v2\/comments?post=272"}],"version-history":[{"count":3,"href":"https:\/\/wkge-en.de\/wkge\/wp-json\/wp\/v2\/pages\/272\/revisions"}],"predecessor-version":[{"id":279,"href":"https:\/\/wkge-en.de\/wkge\/wp-json\/wp\/v2\/pages\/272\/revisions\/279"}],"up":[{"embeddable":true,"href":"https:\/\/wkge-en.de\/wkge\/wp-json\/wp\/v2\/pages\/241"}],"wp:attachment":[{"href":"https:\/\/wkge-en.de\/wkge\/wp-json\/wp\/v2\/media?parent=272"}],"curies":[{"name":"wp","href":"https:\/\/api.w.org\/{rel}","templated":true}]}}