{"id":284,"date":"2018-12-10T19:26:13","date_gmt":"2018-12-10T18:26:13","guid":{"rendered":"http:\/\/wkge-en.de\/wkge\/?page_id=284"},"modified":"2018-12-10T19:27:16","modified_gmt":"2018-12-10T18:27:16","slug":"kooperation-in-physik-mit-der-ruhr-universitaet-bochum","status":"publish","type":"page","link":"https:\/\/wkge-en.de\/wkge\/unsere-schule\/schulprogramm\/schule-als-lebensraum\/kooperation-in-physik-mit-der-ruhr-universitaet-bochum\/","title":{"rendered":"Kooperation in Physik mit der Ruhr-Universit\u00e4t Bochum"},"content":{"rendered":"\t\t<div data-elementor-type=\"wp-post\" data-elementor-id=\"284\" class=\"elementor elementor-284 elementor-bc-flex-widget\">\n\t\t\t\t\t\t<section class=\"elementor-section elementor-top-section elementor-element elementor-element-2aa43cc elementor-section-boxed elementor-section-height-default elementor-section-height-default\" data-id=\"2aa43cc\" data-element_type=\"section\" data-e-type=\"section\">\n\t\t\t\t\t\t<div class=\"elementor-container elementor-column-gap-default\">\n\t\t\t\t\t<div class=\"elementor-column elementor-col-100 elementor-top-column elementor-element elementor-element-58de5cd\" data-id=\"58de5cd\" data-element_type=\"column\" data-e-type=\"column\">\n\t\t\t<div class=\"elementor-widget-wrap elementor-element-populated\">\n\t\t\t\t\t\t<div class=\"elementor-element elementor-element-4f47c7e elementor-widget elementor-widget-heading\" data-id=\"4f47c7e\" data-element_type=\"widget\" data-e-type=\"widget\" data-widget_type=\"heading.default\">\n\t\t\t\t<div class=\"elementor-widget-container\">\n\t\t\t\t\t<h2 class=\"elementor-heading-title elementor-size-default\">Kooperation in Physik mit der Ruhr-Universit\u00e4t Bochum<\/h2>\t\t\t\t<\/div>\n\t\t\t\t<\/div>\n\t\t\t\t\t<\/div>\n\t\t<\/div>\n\t\t\t\t\t<\/div>\n\t\t<\/section>\n\t\t\t\t<section class=\"elementor-section elementor-top-section elementor-element elementor-element-41341db elementor-section-boxed elementor-section-height-default elementor-section-height-default\" data-id=\"41341db\" data-element_type=\"section\" data-e-type=\"section\">\n\t\t\t\t\t\t<div class=\"elementor-container elementor-column-gap-default\">\n\t\t\t\t\t<div class=\"elementor-column elementor-col-100 elementor-top-column elementor-element elementor-element-7eb14ea\" data-id=\"7eb14ea\" data-element_type=\"column\" data-e-type=\"column\">\n\t\t\t<div class=\"elementor-widget-wrap elementor-element-populated\">\n\t\t\t\t\t\t<div class=\"elementor-element elementor-element-6588695 elementor-widget elementor-widget-text-editor\" data-id=\"6588695\" data-element_type=\"widget\" data-e-type=\"widget\" data-widget_type=\"text-editor.default\">\n\t\t\t\t<div class=\"elementor-widget-container\">\n\t\t\t\t\t\t\t\t\t<p>Der bestehende Kontakt zwischen dem Fachbereich Physik der Gesamtschule des Ennepe-Ruhr-Kreises und der Fakult\u00e4t f\u00fcr Physik und Astronomie der Ruhr-Universit\u00e4t Bochum (RUB) im Bereich berufspraktischer Elemente der Studieng\u00e4nge Physik Diplom und Lehramt wurde durch eine Kooperations-Vereinbarung weiterentwickelt. Im gegenseitigen Austausch soll durch die getroffenen Vereinbarungen eine St\u00e4rkung des mathematisch-naturwissenschaftlichen Unterrichts erreicht werden.<\/p><p>Die Zusammenarbeit wird von Seiten der Fakult\u00e4t f\u00fcr Physik und Astronomie der Ruhr-Universit\u00e4t Bochum durch Aktivit\u00e4ten im Rahmen des Mentorennetzwerkes Schule\u2013Hochschule getragen. Als Kontaktpartner benennt die Hochschule Herrn Dipl.-Math. Torsten Cleve. Von Seiten der Schule wird die Vereinbarung getragen von der Schulleitung und der betroffenen Fachschaft Physik. Mentor der Schule ist Herr Jens M\u00e4kelburg.<\/p><p>Bestandteile der Vereinbarung sind u.a., dass<\/p><ul><li>Sch\u00fclerinnen und Sch\u00fcler der Gesamtschule des Ennepe-Ruhr-Kreises die Gelegenheit erhalten, praxisorientierte und gelenkte Berufspraktika in Einrichtungen der Fakult\u00e4t f\u00fcr Physik und Astronomie zu absolvieren,<\/li><li>Sch\u00fclerinnen und Sch\u00fclern der Gesamtschule des Ennepe-Ruhr-Kreises bedarfsgerechte, mit der Schule thematisch abgestimmte und betreute Gruppenbesuchsprogramme (z. B. Sch\u00fclerexperimente) erm\u00f6glicht werden, die Fakult\u00e4t f\u00fcr Physik und Astronomie Sch\u00fclerinnen und Sch\u00fclern der Jahrgangsstufe 12 die M\u00f6glichkeit anbietet, Facharbeiten experimentell zu unterst\u00fctzen und<\/li><li>die Gesamtschule des Ennepe-Ruhr-Kreises die Zusammenarbeit durch eine Einbeziehung der Fakult\u00e4t f\u00fcr Physik und Astronomie der Ruhr-Universit\u00e4t Bochum in die Veranstaltungsmodule ihres Konzepts zur Studien- und Berufswahl f\u00f6rdert.<\/li><\/ul><p><i>Oktober 2005, M\u00e4kelburg<\/i><\/p>\t\t\t\t\t\t\t\t<\/div>\n\t\t\t\t<\/div>\n\t\t\t\t\t<\/div>\n\t\t<\/div>\n\t\t\t\t\t<\/div>\n\t\t<\/section>\n\t\t\t\t<\/div>\n\t\t","protected":false},"excerpt":{"rendered":"<p>Kooperation in Physik mit der Ruhr-Universit\u00e4t Bochum Der bestehende Kontakt zwischen dem Fachbereich Physik der Gesamtschule des Ennepe-Ruhr-Kreises und der Fakult\u00e4t f\u00fcr Physik und Astronomie der Ruhr-Universit\u00e4t Bochum (RUB) im Bereich berufspraktischer Elemente der Studieng\u00e4nge Physik Diplom und Lehramt wurde durch eine Kooperations-Vereinbarung weiterentwickelt. Im gegenseitigen Austausch soll durch die getroffenen Vereinbarungen eine St\u00e4rkung des mathematisch-naturwissenschaftlichen Unterrichts erreicht werden. Die Zusammenarbeit wird von Seiten der Fakult\u00e4t f\u00fcr Physik und Astronomie der Ruhr-Universit\u00e4t Bochum durch Aktivit\u00e4ten im Rahmen des Mentorennetzwerkes Schule\u2013Hochschule getragen. Als Kontaktpartner benennt die Hochschule Herrn Dipl.-Math. Torsten Cleve. Von Seiten der Schule wird die Vereinbarung getragen von der Schulleitung und der betroffenen Fachschaft Physik. Mentor der Schule ist Herr Jens M\u00e4kelburg. Bestandteile der Vereinbarung sind u.a., dass Sch\u00fclerinnen und Sch\u00fcler der Gesamtschule des Ennepe-Ruhr-Kreises die Gelegenheit erhalten, praxisorientierte und gelenkte Berufspraktika in Einrichtungen der Fakult\u00e4t f\u00fcr Physik und Astronomie zu absolvieren, Sch\u00fclerinnen und Sch\u00fclern der Gesamtschule des Ennepe-Ruhr-Kreises<\/p>\n","protected":false},"author":2,"featured_media":0,"parent":241,"menu_order":0,"comment_status":"closed","ping_status":"closed","template":"","meta":{"footnotes":""},"class_list":["post-284","page","type-page","status-publish","hentry","","tg-column-two"],"_links":{"self":[{"href":"https:\/\/wkge-en.de\/wkge\/wp-json\/wp\/v2\/pages\/284","targetHints":{"allow":["GET"]}}],"collection":[{"href":"https:\/\/wkge-en.de\/wkge\/wp-json\/wp\/v2\/pages"}],"about":[{"href":"https:\/\/wkge-en.de\/wkge\/wp-json\/wp\/v2\/types\/page"}],"author":[{"embeddable":true,"href":"https:\/\/wkge-en.de\/wkge\/wp-json\/wp\/v2\/users\/2"}],"replies":[{"embeddable":true,"href":"https:\/\/wkge-en.de\/wkge\/wp-json\/wp\/v2\/comments?post=284"}],"version-history":[{"count":3,"href":"https:\/\/wkge-en.de\/wkge\/wp-json\/wp\/v2\/pages\/284\/revisions"}],"predecessor-version":[{"id":287,"href":"https:\/\/wkge-en.de\/wkge\/wp-json\/wp\/v2\/pages\/284\/revisions\/287"}],"up":[{"embeddable":true,"href":"https:\/\/wkge-en.de\/wkge\/wp-json\/wp\/v2\/pages\/241"}],"wp:attachment":[{"href":"https:\/\/wkge-en.de\/wkge\/wp-json\/wp\/v2\/media?parent=284"}],"curies":[{"name":"wp","href":"https:\/\/api.w.org\/{rel}","templated":true}]}}