{"id":299,"date":"2018-12-10T19:39:55","date_gmt":"2018-12-10T18:39:55","guid":{"rendered":"http:\/\/wkge-en.de\/wkge\/?page_id=299"},"modified":"2025-11-07T10:35:03","modified_gmt":"2025-11-07T09:35:03","slug":"schulordnung","status":"publish","type":"page","link":"https:\/\/wkge-en.de\/wkge\/unsere-schule\/schulprogramm\/erziehung\/schulordnung\/","title":{"rendered":"Schulordnung"},"content":{"rendered":"\t\t<div data-elementor-type=\"wp-post\" data-elementor-id=\"299\" class=\"elementor elementor-299\">\n\t\t\t\t\t\t<section class=\"elementor-section elementor-top-section elementor-element elementor-element-796be59 elementor-section-boxed elementor-section-height-default elementor-section-height-default\" data-id=\"796be59\" data-element_type=\"section\" data-e-type=\"section\">\n\t\t\t\t\t\t<div class=\"elementor-container elementor-column-gap-default\">\n\t\t\t\t\t<div class=\"elementor-column elementor-col-100 elementor-top-column elementor-element elementor-element-e0e366b\" data-id=\"e0e366b\" data-element_type=\"column\" data-e-type=\"column\">\n\t\t\t<div class=\"elementor-widget-wrap elementor-element-populated\">\n\t\t\t\t\t\t<div class=\"elementor-element elementor-element-da15792 elementor-widget elementor-widget-heading\" data-id=\"da15792\" data-element_type=\"widget\" data-e-type=\"widget\" data-widget_type=\"heading.default\">\n\t\t\t\t<div class=\"elementor-widget-container\">\n\t\t\t\t\t<h2 class=\"elementor-heading-title elementor-size-default\">Schulordnung<\/h2>\t\t\t\t<\/div>\n\t\t\t\t<\/div>\n\t\t\t\t\t<\/div>\n\t\t<\/div>\n\t\t\t\t\t<\/div>\n\t\t<\/section>\n\t\t\t\t<section class=\"elementor-section elementor-top-section elementor-element elementor-element-4880eb3 elementor-section-boxed elementor-section-height-default elementor-section-height-default\" data-id=\"4880eb3\" data-element_type=\"section\" data-e-type=\"section\">\n\t\t\t\t\t\t<div class=\"elementor-container elementor-column-gap-default\">\n\t\t\t\t\t<div class=\"elementor-column elementor-col-100 elementor-top-column elementor-element elementor-element-6387f20\" data-id=\"6387f20\" data-element_type=\"column\" data-e-type=\"column\">\n\t\t\t<div class=\"elementor-widget-wrap elementor-element-populated\">\n\t\t\t\t\t\t<div class=\"elementor-element elementor-element-b274256 elementor-widget elementor-widget-text-editor\" data-id=\"b274256\" data-element_type=\"widget\" data-e-type=\"widget\" data-widget_type=\"text-editor.default\">\n\t\t\t\t<div class=\"elementor-widget-container\">\n\t\t\t\t\t\t\t\t\t<p><strong>Schulordnung\u00a0 <\/strong><\/p><h1>Vorwort<\/h1><p><strong>Schule ist ein Ort zum Arbeiten und Lernen, sie ist gleichzeitig auch Lebensort f\u00fcr Sch\u00fclerinnen und Sch\u00fcler, Lehrerinnen und Lehrer sowie f\u00fcr alle weiteren an der Schule t\u00e4tigen Personen.<\/strong><\/p><p>Freude am Lernen und Wohlf\u00fchlen sind wesentliche Voraussetzungen f\u00fcr gutes Gelingen. Nat\u00fcrlich gibt es auch in unserer Schule Konflikte und Auseinandersetzungen. Um diese m\u00f6glichst vern\u00fcnftig, gerecht und fair zu bew\u00e4ltigen, verpflichten wir uns mit dieser Schulordnung, die von Eltern, Sch\u00fclerinnen und Sch\u00fclern, Lehrerinnen und Lehrern gemeinsam erarbeitet wurde, freundlich und respektvoll miteinander umzugehen, uns gegenseitig zu helfen und uns an die vereinbarten Regeln zu halten.<\/p><p>Grundprinzipien des Miteinanders in unserer Schule sind Toleranz, gegenseitiges Vertrauen und<\/p><p>Verst\u00e4ndnis sowie Engagement f\u00fcr alle schulischen Belange. Wir alle sorgen daf\u00fcr, dass es keine<\/p><p>Diskriminierung von homo-, bisexuellen, trans-, intergeschlechtlichen und queeren Menschen (LSBTIQ+) gibt. Mobbing und Cybermobbing gegen\u00fcber allen an der Schule arbeitenden Personen steht unter Strafe.<\/p><p>Wir suchen stets gemeinsam eine L\u00f6sung.<\/p><p><strong><em>Grunds\u00e4tzlich gilt: <\/em><\/strong><strong>\u00a0<\/strong><\/p><ol><li>Unterrichtszeit ist Zeit zum Arbeiten und Lernen.<\/li><li>Der Unterricht beginnt und endet p\u00fcnktlich. (Klingelzeichen beachten!)<\/li><li>Der Unterrichtsraum, das Geb\u00e4ude und das Schulgel\u00e4nde werden von uns sauber gehalten.<\/li><li>Die unterrichtsfreie Zeit in der Schule dient der Erholung durch Ruhe und\/oder Bewegung.<\/li><\/ol><h1>\u00a0Verhalten von Lehrerinnen und Lehrern<\/h1><p>Lehrerinnen und Lehrer arbeiten erfolgreich, wenn sie:<\/p><ul><li>sich sorgf\u00e4ltig auf den Unterricht vorbereiten,<\/li><li>f\u00fcr angenehme Arbeitsbedingungen sorgen,<\/li><li>Sch\u00fclerinnen und Sch\u00fcler in ihren Belangen ernst nehmen,<\/li><li>denen helfen, die um Hilfe bitten bzw. erkennbar Hilfe ben\u00f6tigen,<\/li><li>f\u00fcr die Einhaltung vereinbarter Regeln sorgen, ihre Pausenaufsichten ernsthaft wahrnehmen,<\/li><li>helfen, Konflikte zu l\u00f6sen.<\/li><\/ul><p>Lehrerinnen und Lehrer stellen sicher, dass Sch\u00fclerinnen und Sch\u00fcler die ihnen zustehende bestm\u00f6gliche Ausbildung, Erziehung und individuelle F\u00f6rderung erhalten.<\/p><h1>\u00a0Verhalten von Sch\u00fclerinnen und Sch\u00fclern<\/h1><p>Schulalltag und Unterricht sind erfolgreich, wenn Sch\u00fclerinnen und Sch\u00fcler mitarbeiten, ihre Interessen einbringen, sich kooperativ und verantwortungsbewusst verhalten.<\/p><ol><li>Dazu geh\u00f6ren:<ol><li>h\u00e4usliche Arbeit und Lernzeitaufgaben zu erledigen,<\/li><li>das n\u00f6tige Material zu Unterrichtsbeginn auf den Tisch zu legen,<\/li><li>vereinbarte Gespr\u00e4chsregeln einzuhalten,<\/li><li>St\u00f6rungen des Unterrichtes zu vermeiden.<\/li><\/ol><\/li><li>Eigentum anderer muss respektiert werden und ist tabu, dies gilt auch f\u00fcr alle schulischen Einrichtungen.<\/li><li>Sch\u00fclerinnen und Sch\u00fcler sorgen daf\u00fcr, dass ihr Eigentum nie unbeaufsichtigt oder in nicht verschlossenen R\u00e4umen anderen zug\u00e4nglich ist.<\/li><li>Sch\u00fclerinnen und Sch\u00fcler reichen Informationen der Schule unmittelbar an ihre Eltern weiter.<\/li><\/ol><p>Diese Regeln setzen die einzelnen Klassen mit ihren Klassenlehrern und Klassenlehrerinnen in eine Klassenordnung um.<\/p><h1>\u00a0Verhalten von Eltern und weiteren Erziehungsberechtigten<\/h1><p>Eltern unterst\u00fctzen ihre Kinder am besten, indem sie sich Zeit nehmen f\u00fcr Gespr\u00e4che mit ihren Kindern \u00fcber den schulischen Alltag und ihre Probleme ernst nehmen.<\/p><p>Dazu geh\u00f6ren:<\/p><ol><li>Eltern sorgen f\u00fcr Teilnahme am Unterricht und P\u00fcnktlichkeit.<\/li><li>Eltern sorgen daf\u00fcr, dass die Kinder \u00fcber die erforderlichen Materialien verf\u00fcgen.<\/li><li>Eltern unterst\u00fctzen die Schule bei der Durchsetzung der Verbote (siehe unten).<\/li><li>Eltern unterst\u00fctzen ihre Kinder bei der Anfertigung h\u00e4uslicher Arbeiten.<\/li><li>Eltern halten regelm\u00e4\u00dfig Kontakt mit den Klassenlehrern und -lehrerinnen.<\/li><li>Eltern nehmen aktiv am Schulleben teil.<\/li><\/ol><p>Eltern sind verpflichtet, die Krankheit ihres Kindes unverz\u00fcglich m\u00fcndlich oder schriftlich der Schule mitzuteilen, am Tag der R\u00fcckkehr in die Schule \u2013 sp\u00e4testens nach sieben Tagen \u2013 wird eine schriftliche Entschuldigung, ggf. eine \u00e4rztliche Bescheinigung vorgelegt.<\/p><h1>Verhalten vor\/nach dem Unterricht und in den Pausen<\/h1><p>Wir beachten auch au\u00dferhalb des Unterrichtes die Regeln des Zusammenlebens. Wir vermeiden<\/p><p>Streit und schlichten Streit. Viele Erwachsene, Eltern, Hausmeister, Reinigungskr\u00e4fte,<\/p><p>Mensapersonal, Sekretariatsangestellte gestalten die Schule mit. Selbstverst\u00e4ndlich begegnen wir ihnen respektvoll und h\u00f6flich, befolgen ihre Anordnungen.<\/p><p>Wir halten unsere Schule sauber und behandeln die Einrichtung und alles Material pfleglich. Wir helfen uns gegenseitig in schwierigen Situationen durch Auskunft, Streitschlichtung, erste Hilfe usw.<\/p><ol><li>Auf dem Schulweg (nat\u00fcrlich auch im Schulbus), halten wir uns an die Regeln des Zusammenlebens, weil dies bereits ein Teil unseres Schullebens ist und wir in der \u00d6ffentlichkeit als Repr\u00e4sentanten unserer Schule gesehen werden.<\/li><li>In den Pausen im Vormittag stehen f\u00fcr die Sch\u00fclerinnen und Sch\u00fcler der verschiedenen Jahrg\u00e4nge folgende fest zugewiesene Bereiche zur Verf\u00fcgung:<\/li><\/ol><p>Jahrg\u00e4nge 5\/6: Schulhof F, Schulhof K, Bibliothek (Fr\u00fchbetreuung), <em>bei Regen: K-Container<\/em><\/p><p>Jahrg\u00e4nge 7\/8: Schulhof E, <em>bei Regen: Geb\u00e4ude E EG + OG <\/em><\/p><p>Jahrg\u00e4nge 9\/10: Schulhof F\/Verwaltung, <em>bei Regen: F-Halle<\/em><\/p><p>EF-Q2: Stufenr\u00e4ume, Selbstlernzentrum E + F, Halle F<\/p><p>Die Schulbibliothek kann von allen Jahrg\u00e4ngen in der 1. Pause gegen Vorlage des Bibliotheksausweises genutzt werden.<\/p><ol start=\"3\"><li>In der Mittagspause kann jede\/r in der Mensa ein warmes Mittagessen einnehmen. Dabei sind besondere Zeiten zu beachten.<\/li><li>An unserer Schule gibt es verschiedene Offene Angebote, die durch einen aktuellen Aushang bekannt gegeben werden. Hierbei gelten im Einzelnen besondere Regeln, an die wir uns halten.<\/li><li>Das Sekretariat darf in der Regel nur in den gro\u00dfen Pausen und der Mittagspause aufgesucht werden.<\/li><li>Lehrerinnen und Lehrer, die Aufsicht haben, sorgen daf\u00fcr, dass die Pausen zur Erholung und Entspannung genutzt werden k\u00f6nnen.<\/li><li>Lehrerinnen und Lehrer sind in wichtigen F\u00e4llen ansprechbar.<\/li><\/ol><h1>\u00a0Verbote<\/h1><ol><li>Die Sch\u00fcler*innen ab Klasse 7 k\u00f6nnen auf schriftlichen Antrag der Erziehungsberechtigten gem\u00e4\u00df BASS 12-08. Nr.1 (Abs. 6) (RdErl. d. Ministeriums f\u00fcr Schule und Weiterbildung) das Schulgrundst\u00fcck in der Mittagspause verlassen, um nach Hause zu gehen. DieErziehungsberechtigten haben daf\u00fcr Sorge zu tragen, dass das Kind wieder p\u00fcnktlich zum Unterricht erscheint. Hinweis: Die Aufsichtspflicht entf\u00e4llt f\u00fcr Sch\u00fcler*innen, die das Schulgrundst\u00fcck verlassen.<\/li><li>Essen und Trinken im Unterricht ist grunds\u00e4tzlich untersagt. \u00dcber Ausnahmen vom Trinkverbot (Wasser aus wiederverschlie\u00dfbaren Trinkflaschen) entscheidet die Lehrkraft.<\/li><li>Auf dem Schulgel\u00e4nde ist das Rauchen (auch E-Zigaretten) nicht gestattet.<\/li><li>Waffen, waffen\u00e4hnliche Gegenst\u00e4nde, Feuerwerksk\u00f6rper, Eddings, Laserpointer, Spraydosen aller Art und jugendgef\u00e4hrdende Medien d\u00fcrfen nicht auf das Schulgel\u00e4nde gebracht werden.<\/li><li>Das Tragen von Kleidung mit rechts-\/linksextremen oder anderen verfassungswidrigen Symbolen ist untersagt, ebenso die Verwendung rassistischer Parolen und beleidigender oder provozierender Gesten (Handzeichen). Auch andere Kleidung oder Accessoires, die gegen gute Sitten versto\u00dfen, andere beleidigen oder provozieren oder den allgemeinen Schulfrieden st\u00f6ren, k\u00f6nnen verboten werden.<\/li><li><span data-olk-copy-source=\"MessageBody\">Illegale Drogen (auch Cannabis), Alkohol d\u00fcrfen weder auf das Schulgel\u00e4nde gebracht, noch w\u00e4hrend des Schultages konsumiert werden.<\/span><\/li><li><span style=\"color: #ff0000;\">Smartwatches m\u00fcssen im Unterricht ausgeschaltet sein.<\/span><\/li><li><span style=\"color: #ff0000;\">Kopfh\u00f6rer oder In-Ear-Kopfh\u00f6rer d\u00fcrfen auf dem Schulgel\u00e4nde nicht genutzt werden. Nur im Rahmen der iPad-Nutzung f\u00fcr <u>unterrichtliche Zwecke<\/u> und nach Erlaubnis durch die Lehrkraft d\u00fcrfen Kopfh\u00f6rer genutzt werden.<\/span><\/li><li>Sch\u00fclerinnen und Sch\u00fcler d\u00fcrfen Handys auf dem Schulgel\u00e4nde nur ausgeschaltet mitf\u00fchren. Es gilt der Beschluss zur Handyordnung (s.u.).<\/li><li>Beim Verdacht auf Missbrauch (jugendgef\u00e4hrdende Dateien, rassistische Inhalte) werden die Ger\u00e4te an die Polizei weitergegeben.<\/li><\/ol><h1>Handyordnung der Wilhelm-Kraft-Gesamtschule<\/h1><ol><li>Das Mobiltelefon sollte zu Hause bleiben. Werden Handys von Sch\u00fcler*innen in der Schule mitgef\u00fchrt, m\u00fcssen diese ausgeschaltet in der Schultasche verweilen. Dies gilt f\u00fcr alle Sch\u00fcler:innen der Wilhelm-Kraft-Gesamtschule von Stufe 5 bis Q2.<\/li><li>Im Unterricht und auf dem gesamten Schulgel\u00e4nde werden keine Mobiltelefone verwendet! Das impliziert auch keine Freigabe durch die Lehrkr\u00e4fte!<\/li><li>Bei Zuwiderhandlung werden die Mobiltelefone durch die entsprechende Lehrkraft abgenommen und im Sekretariat hinterlegt.<ol><li>Bei minderj\u00e4hrigen Sch\u00fcler*innen erfolgt die Ausgabe ausschlie\u00dflich an die Erziehungsberechtigten.<\/li><li>Vollj\u00e4hrige Sch\u00fcler*innen k\u00f6nnen ihre abgenommenen Handys <u>am selben Tag<\/u> zu folgenden Zeiten abholen:<ul><li>Montags ab 15:05Uhr<\/li><li>Dienstags: ab 13:20Uhr<\/li><li>Mittwochs: ab 15:05Uhr<\/li><li>Donnerstags: ab 15:05Uhr<\/li><li>Freitags: ab 15:05Uhr<\/li><li><u>An den Folgetagen nach Abnahme<\/u> des Handys ist eine Abholung zu den \u00fcblichen \u00d6ffnungszeiten des Sekretariats m\u00f6glich.<\/li><\/ul><\/li><li>Bei wiederholten Verst\u00f6\u00dfen gegen die Handyregelung k\u00f6nnen Erziehungsma\u00dfnahmen gem\u00e4\u00df \u00a753 (2) Schulgesetz NRW durchgef\u00fchrt werden.<\/li><\/ol><\/li><\/ol><p><strong>Hinweis: <\/strong>Sch\u00fcler*innen sind w\u00e4hrend des Schulbetriebs telefonisch durch das Sekretariat zu erreichen. Ebenso k\u00f6nnen Sch\u00fcler*innen in begr\u00fcndeten F\u00e4llen ihre Erziehungsberechtigten durch das Sekretariat erreichen.<\/p><p><strong>Ausnahmen:<\/strong><\/p><ol><li>F\u00fcr medizinische Zwecke als auch f\u00fcr Zwecke bei denen <em>Leib und Leben<\/em> in Gefahr ist, darf das Handy f\u00fcr den entsprechenden Zweck genutzt werden (z.B. Diabetes, Notruf, etc.)<\/li><li>Die Sch\u00fcler*innen der gymnasialen Oberstufe d\u00fcrfen das Handy in den Freistunden und Pausen ausschlie\u00dflich in den Stufenr\u00e4umen verwenden.<\/li><li>In einem notwendigen Kontext kann die Lehrkraft <em>das Telefonieren<\/em> <em>eine telefonische Erreichbarkeit<\/em> &#8211; tempor\u00e4r gestatten:<ol><li>Klassenfahrt<\/li><li>au\u00dferschulischer Lernort<\/li><li>dringender Anruf <u>im Beisein der Lehrkraft, <\/u>wenn das Sekretariat nicht besetzt ist (z.B. bei Krankheit, Unterrichtsausfall, etc.)<\/li><\/ol><\/li><\/ol><h1>Einhaltung der Schulordnung<\/h1><p>Alle beteiligten Gruppen lernen regelm\u00e4\u00dfig die Schulordnung in besonderen Veranstaltungen kennen, diskutieren und konkretisieren diese f\u00fcr ihre Lerngruppe. Dies bedeutet: Die Schulordnung wird in den Klassen zu Beginn eines jeden Schuljahres besprochen. (Dies ist im Klassenbuch zu vermerken.) Dar\u00fcber hinaus ist die Schulordnung Thema der ersten Klassenpflegschaft des Schuljahres, die Jahrgangsstufenvereinbarungen werden auf der &#8222;Jahrgangsstufenpflegschaft&#8220; thematisiert. Sch\u00fclerrat, Lehrerkonferenz, Schulpflegschaft und Schulkonferenz beraten zu Beginn eines jeden Schuljahres \u00fcber notwendige Erg\u00e4nzungen oder Korrekturen der Schulordnung.<\/p><p>Eine Schulordnung ist nur dann sinnvoll, wenn alle bereit sind, die vereinbarten Regeln einzuhalten. Dabei ist zu beachten, dass keine allgemein g\u00fcltigen Reaktionen auf Verst\u00f6\u00dfe formuliert werden k\u00f6nnen. Es gilt uneingeschr\u00e4nkt das Prinzip der Einzelfallpr\u00fcfung.<\/p><p>Grunds\u00e4tzlich ist zu pr\u00fcfen, ob bei Konflikten zwischen Sch\u00fclerinnen\/ Sch\u00fclern die ausgebildeten Streitschlichter und Streitschlichterinnen zur L\u00f6sung herangezogen werden.<\/p><p>Regelverst\u00f6\u00dfe sind sofort vor Ort von Fachlehrern und -lehrerinnen zu kl\u00e4ren. Wenn der Konflikt nicht gel\u00f6st werden kann, suchen sie das Gespr\u00e4ch mit Klassenlehrern und Klassenlehrinnen. Klassenlehrer und -lehrerinnen nehmen dann, falls n\u00f6tig, fr\u00fchzeitig Kontakt mit den Eltern auf. Bei gravierenden Verst\u00f6\u00dfen und wenn die Bem\u00fchungen nicht den gew\u00fcnschten Erfolg haben, werden Beratungslehrer und -lehrerinnen bzw. die Sozialp\u00e4dagoginnen und die Stufenleitung hinzugezogen.<\/p><h1>Schlussbemerkung<\/h1><p>Leitendes Ziel der Erziehung in der Gesamtschule ist es, junge Menschen zur Selbstst\u00e4ndigkeit und zum friedlichen Miteinander in einer demokratischen Gesellschaft zu erziehen. Es gilt, vor allem ihre F\u00e4higkeit und Bereitschaft zu entwickeln und zu festigen, mit Menschen unterschiedlicher Herkunft, unterschiedlicher Bildung und unterschiedlichen Interessen r\u00fccksichtsvoll zusammenzuleben. <em>(Allgemeiner Teil der Richtlinien f\u00fcr die Sekundarstufe I der Gesamtschule) <\/em><\/p><p><em>\u00a0<\/em><\/p><p><em>Anmerkung: <\/em><\/p><p><em>F\u00fcr die rot markierten Aussagen steht noch die Beschlussfassung auf der Lehrerkonferenz (18.02.25) und Schulkonferenz (11.03.25) aus. Diese werden anschlie\u00dfend umgehend aktualisiert. <\/em><\/p><p><em>\u00a0<\/em><\/p><p><em>Stand: 03.12.2024<\/em><\/p>\t\t\t\t\t\t\t\t<\/div>\n\t\t\t\t<\/div>\n\t\t\t\t\t<\/div>\n\t\t<\/div>\n\t\t\t\t\t<\/div>\n\t\t<\/section>\n\t\t\t\t<\/div>\n\t\t","protected":false},"excerpt":{"rendered":"<p>Schulordnung Schulordnung\u00a0 Vorwort Schule ist ein Ort zum Arbeiten und Lernen, sie ist gleichzeitig auch Lebensort f\u00fcr Sch\u00fclerinnen und Sch\u00fcler, Lehrerinnen und Lehrer sowie f\u00fcr alle weiteren an der Schule t\u00e4tigen Personen. Freude am Lernen und Wohlf\u00fchlen sind wesentliche Voraussetzungen f\u00fcr gutes Gelingen. Nat\u00fcrlich gibt es auch in unserer Schule Konflikte und Auseinandersetzungen. Um diese m\u00f6glichst vern\u00fcnftig, gerecht und fair zu bew\u00e4ltigen, verpflichten wir uns mit dieser Schulordnung, die von Eltern, Sch\u00fclerinnen und Sch\u00fclern, Lehrerinnen und Lehrern gemeinsam erarbeitet wurde, freundlich und respektvoll miteinander umzugehen, uns gegenseitig zu helfen und uns an die vereinbarten Regeln zu halten. Grundprinzipien des Miteinanders in unserer Schule sind Toleranz, gegenseitiges Vertrauen und Verst\u00e4ndnis sowie Engagement f\u00fcr alle schulischen Belange. Wir alle sorgen daf\u00fcr, dass es keine Diskriminierung von homo-, bisexuellen, trans-, intergeschlechtlichen und queeren Menschen (LSBTIQ+) gibt. Mobbing und Cybermobbing gegen\u00fcber allen an der Schule arbeitenden Personen steht unter Strafe. Wir suchen stets gemeinsam<\/p>\n","protected":false},"author":2,"featured_media":0,"parent":293,"menu_order":0,"comment_status":"closed","ping_status":"closed","template":"","meta":{"footnotes":""},"class_list":["post-299","page","type-page","status-publish","hentry","","tg-column-two"],"_links":{"self":[{"href":"https:\/\/wkge-en.de\/wkge\/wp-json\/wp\/v2\/pages\/299","targetHints":{"allow":["GET"]}}],"collection":[{"href":"https:\/\/wkge-en.de\/wkge\/wp-json\/wp\/v2\/pages"}],"about":[{"href":"https:\/\/wkge-en.de\/wkge\/wp-json\/wp\/v2\/types\/page"}],"author":[{"embeddable":true,"href":"https:\/\/wkge-en.de\/wkge\/wp-json\/wp\/v2\/users\/2"}],"replies":[{"embeddable":true,"href":"https:\/\/wkge-en.de\/wkge\/wp-json\/wp\/v2\/comments?post=299"}],"version-history":[{"count":10,"href":"https:\/\/wkge-en.de\/wkge\/wp-json\/wp\/v2\/pages\/299\/revisions"}],"predecessor-version":[{"id":10184,"href":"https:\/\/wkge-en.de\/wkge\/wp-json\/wp\/v2\/pages\/299\/revisions\/10184"}],"up":[{"embeddable":true,"href":"https:\/\/wkge-en.de\/wkge\/wp-json\/wp\/v2\/pages\/293"}],"wp:attachment":[{"href":"https:\/\/wkge-en.de\/wkge\/wp-json\/wp\/v2\/media?parent=299"}],"curies":[{"name":"wp","href":"https:\/\/api.w.org\/{rel}","templated":true}]}}