{"id":308,"date":"2018-12-10T19:49:17","date_gmt":"2018-12-10T18:49:17","guid":{"rendered":"http:\/\/wkge-en.de\/wkge\/?page_id=308"},"modified":"2018-12-10T19:50:09","modified_gmt":"2018-12-10T18:50:09","slug":"tischgruppenarbeit","status":"publish","type":"page","link":"https:\/\/wkge-en.de\/wkge\/unsere-schule\/schulprogramm\/erziehung\/tischgruppenarbeit\/","title":{"rendered":"Tischgruppenarbeit"},"content":{"rendered":"\t\t<div data-elementor-type=\"wp-post\" data-elementor-id=\"308\" class=\"elementor elementor-308 elementor-bc-flex-widget\">\n\t\t\t\t\t\t<section class=\"elementor-section elementor-top-section elementor-element elementor-element-fbd59a2 elementor-section-boxed elementor-section-height-default elementor-section-height-default\" data-id=\"fbd59a2\" data-element_type=\"section\" data-e-type=\"section\">\n\t\t\t\t\t\t<div class=\"elementor-container elementor-column-gap-default\">\n\t\t\t\t\t<div class=\"elementor-column elementor-col-100 elementor-top-column elementor-element elementor-element-c4c15b3\" data-id=\"c4c15b3\" data-element_type=\"column\" data-e-type=\"column\">\n\t\t\t<div class=\"elementor-widget-wrap elementor-element-populated\">\n\t\t\t\t\t\t<div class=\"elementor-element elementor-element-d4d746d elementor-widget elementor-widget-heading\" data-id=\"d4d746d\" data-element_type=\"widget\" data-e-type=\"widget\" data-widget_type=\"heading.default\">\n\t\t\t\t<div class=\"elementor-widget-container\">\n\t\t\t\t\t<h2 class=\"elementor-heading-title elementor-size-default\">Tischgruppenarbeit<\/h2>\t\t\t\t<\/div>\n\t\t\t\t<\/div>\n\t\t\t\t\t<\/div>\n\t\t<\/div>\n\t\t\t\t\t<\/div>\n\t\t<\/section>\n\t\t\t\t<section class=\"elementor-section elementor-top-section elementor-element elementor-element-6c92c00 elementor-section-boxed elementor-section-height-default elementor-section-height-default\" data-id=\"6c92c00\" data-element_type=\"section\" data-e-type=\"section\">\n\t\t\t\t\t\t<div class=\"elementor-container elementor-column-gap-default\">\n\t\t\t\t\t<div class=\"elementor-column elementor-col-100 elementor-top-column elementor-element elementor-element-06c5b55\" data-id=\"06c5b55\" data-element_type=\"column\" data-e-type=\"column\">\n\t\t\t<div class=\"elementor-widget-wrap elementor-element-populated\">\n\t\t\t\t\t\t<div class=\"elementor-element elementor-element-7e4e5be elementor-widget elementor-widget-text-editor\" data-id=\"7e4e5be\" data-element_type=\"widget\" data-e-type=\"widget\" data-widget_type=\"text-editor.default\">\n\t\t\t\t<div class=\"elementor-widget-container\">\n\t\t\t\t\t\t\t\t\t<div class=\"field field-name-body field-type-text-with-summary field-label-hidden\"><div class=\"field-items\"><div class=\"field-item even\"><h4><span class=\"mw-headline\">Ziele <\/span><\/h4><p>Die Schule ben\u00f6tigt Sozialformen des Lernens, durch die Sch\u00fcler und Sch\u00fclerinnen bef\u00e4higt werden, selbstst\u00e4ndig, kooperativ, kommunikativ und kompetent Unterricht mitzugestalten.<\/p><p>Unsere Sch\u00fclergruppen sind so heterogen zusammengesetzt, dass wir die Tischgruppenarbeit auch als gro\u00dfe Hilfe bei der inneren Differenzierung verstehen k\u00f6nnen.<\/p><p>Tischgruppenarbeit meint aber nicht nur eine Organisationsform des Unterrichts, wo kognitive Aufgaben in Kleingruppen erledigt werden. Tischgruppenarbeit hat einen erheblichen Einfluss auf das Gruppenklima und die Gruppenf\u00e4higkeit innerhalb einer Lerngruppe.<\/p><p>Tischgruppenarbeit ver\u00e4ndert die Kommunikationsstruktur der Klasse. Der Umgang miteinander wird einge\u00fcbt (und nicht dem Zufall \u00fcberlassen), die Kinder erwerben soziale Kompetenz und Akzeptanz. Atmosph\u00e4re, Lernklima und Arbeitshaltung werden davon nachhaltig positiv beeinflusst.<\/p><p>In jeder Klasse finden Gruppenbildungsprozesse statt.<\/p><p>Ohne ein gezieltes Tischgruppentraining kann es aber bereits in den ersten Tagen zur Bildung von Cliquen (z. B. aus Grundschulklassen) und homogenen Gruppen, zu Au\u00dfenseitern, Aussonderung einzelner Kinder, zu labilen Beziehungen, zu Konflikten und zu Machtk\u00e4mpfen kommen.<\/p><p>Wir d\u00fcrfen deshalb das Zusammensetzen und die Gruppenbildungen nicht den Kindern allein \u00fcberlassen. Sie ben\u00f6tigen Hilfe und Orientierung.<\/p><p>\u00a0<\/p><h4><span class=\"mw-headline\"> Einf\u00fchrung in die Tischgruppenarbeit <\/span><\/h4><p>Wenn in den ersten Schulwochen eine intensive Kennenlernphase stattfindet, nimmt das den Kindern \u00c4ngste und hilft ihnen sich zu orientieren.<\/p><p>Innerhalb der ersten Wochen bis zu den Herbstferien<\/p><ul><li>lernt jeder jeden kennen,<\/li><li>sitzt jeder einmal mit jedem zusammen in einer Gruppe,<\/li><li>werden Gruppenbildungsprozesse gef\u00f6rdert und abgeschlossen,<\/li><li>geh\u00f6rt jeder zur Gruppe,<\/li><li>lernt jeder jeden ernst zu nehmen,<\/li><li>lernen die Kinder miteinander umzugehen,<\/li><li>lernen sie miteinander zu arbeiten,<\/li><li>lernen die Kinder Hilfe anzunehmen und zu helfen.<\/li><\/ul><p>Weitere Ausf\u00fchrungen finden sich hier: <a class=\"external text ext\" title=\"http:\/\/www.wilhelm-kraft-gesamtschule.de\/schulprogramm\/pdf\/tischgruppenarbeit.pdf\" href=\"http:\/\/wkge.info\/schulprogramm\/pdf\/tischgruppenarbeit.pdf\" target=\"_blank\" rel=\"nofollow noopener noreferrer\">Tischgruppenarbeit<\/a><\/p><\/div><\/div><\/div>\t\t\t\t\t\t\t\t<\/div>\n\t\t\t\t<\/div>\n\t\t\t\t\t<\/div>\n\t\t<\/div>\n\t\t\t\t\t<\/div>\n\t\t<\/section>\n\t\t\t\t<\/div>\n\t\t","protected":false},"excerpt":{"rendered":"<p>Tischgruppenarbeit Ziele Die Schule ben\u00f6tigt Sozialformen des Lernens, durch die Sch\u00fcler und Sch\u00fclerinnen bef\u00e4higt werden, selbstst\u00e4ndig, kooperativ, kommunikativ und kompetent Unterricht mitzugestalten. Unsere Sch\u00fclergruppen sind so heterogen zusammengesetzt, dass wir die Tischgruppenarbeit auch als gro\u00dfe Hilfe bei der inneren Differenzierung verstehen k\u00f6nnen. Tischgruppenarbeit meint aber nicht nur eine Organisationsform des Unterrichts, wo kognitive Aufgaben in Kleingruppen erledigt werden. Tischgruppenarbeit hat einen erheblichen Einfluss auf das Gruppenklima und die Gruppenf\u00e4higkeit innerhalb einer Lerngruppe. Tischgruppenarbeit ver\u00e4ndert die Kommunikationsstruktur der Klasse. Der Umgang miteinander wird einge\u00fcbt (und nicht dem Zufall \u00fcberlassen), die Kinder erwerben soziale Kompetenz und Akzeptanz. Atmosph\u00e4re, Lernklima und Arbeitshaltung werden davon nachhaltig positiv beeinflusst. In jeder Klasse finden Gruppenbildungsprozesse statt. Ohne ein gezieltes Tischgruppentraining kann es aber bereits in den ersten Tagen zur Bildung von Cliquen (z. B. aus Grundschulklassen) und homogenen Gruppen, zu Au\u00dfenseitern, Aussonderung einzelner Kinder, zu labilen Beziehungen, zu Konflikten und zu Machtk\u00e4mpfen kommen. Wir d\u00fcrfen deshalb<\/p>\n","protected":false},"author":2,"featured_media":0,"parent":293,"menu_order":0,"comment_status":"closed","ping_status":"closed","template":"","meta":{"footnotes":""},"class_list":["post-308","page","type-page","status-publish","hentry","","tg-column-two"],"_links":{"self":[{"href":"https:\/\/wkge-en.de\/wkge\/wp-json\/wp\/v2\/pages\/308","targetHints":{"allow":["GET"]}}],"collection":[{"href":"https:\/\/wkge-en.de\/wkge\/wp-json\/wp\/v2\/pages"}],"about":[{"href":"https:\/\/wkge-en.de\/wkge\/wp-json\/wp\/v2\/types\/page"}],"author":[{"embeddable":true,"href":"https:\/\/wkge-en.de\/wkge\/wp-json\/wp\/v2\/users\/2"}],"replies":[{"embeddable":true,"href":"https:\/\/wkge-en.de\/wkge\/wp-json\/wp\/v2\/comments?post=308"}],"version-history":[{"count":3,"href":"https:\/\/wkge-en.de\/wkge\/wp-json\/wp\/v2\/pages\/308\/revisions"}],"predecessor-version":[{"id":311,"href":"https:\/\/wkge-en.de\/wkge\/wp-json\/wp\/v2\/pages\/308\/revisions\/311"}],"up":[{"embeddable":true,"href":"https:\/\/wkge-en.de\/wkge\/wp-json\/wp\/v2\/pages\/293"}],"wp:attachment":[{"href":"https:\/\/wkge-en.de\/wkge\/wp-json\/wp\/v2\/media?parent=308"}],"curies":[{"name":"wp","href":"https:\/\/api.w.org\/{rel}","templated":true}]}}