{"id":312,"date":"2018-12-10T19:50:38","date_gmt":"2018-12-10T18:50:38","guid":{"rendered":"http:\/\/wkge-en.de\/wkge\/?page_id=312"},"modified":"2018-12-10T19:54:16","modified_gmt":"2018-12-10T18:54:16","slug":"klassenrat","status":"publish","type":"page","link":"https:\/\/wkge-en.de\/wkge\/unsere-schule\/schulprogramm\/erziehung\/klassenrat\/","title":{"rendered":"Klassenrat"},"content":{"rendered":"\t\t<div data-elementor-type=\"wp-post\" data-elementor-id=\"312\" class=\"elementor elementor-312 elementor-bc-flex-widget\">\n\t\t\t\t\t\t<section class=\"elementor-section elementor-top-section elementor-element elementor-element-a7b749e elementor-section-boxed elementor-section-height-default elementor-section-height-default\" data-id=\"a7b749e\" data-element_type=\"section\" data-e-type=\"section\">\n\t\t\t\t\t\t<div class=\"elementor-container elementor-column-gap-default\">\n\t\t\t\t\t<div class=\"elementor-column elementor-col-100 elementor-top-column elementor-element elementor-element-417c406\" data-id=\"417c406\" data-element_type=\"column\" data-e-type=\"column\">\n\t\t\t<div class=\"elementor-widget-wrap elementor-element-populated\">\n\t\t\t\t\t\t<div class=\"elementor-element elementor-element-1d5afef elementor-widget elementor-widget-heading\" data-id=\"1d5afef\" data-element_type=\"widget\" data-e-type=\"widget\" data-widget_type=\"heading.default\">\n\t\t\t\t<div class=\"elementor-widget-container\">\n\t\t\t\t\t<h2 class=\"elementor-heading-title elementor-size-default\">Klassenrat<\/h2>\t\t\t\t<\/div>\n\t\t\t\t<\/div>\n\t\t\t\t\t<\/div>\n\t\t<\/div>\n\t\t\t\t\t<\/div>\n\t\t<\/section>\n\t\t\t\t<section class=\"elementor-section elementor-top-section elementor-element elementor-element-609ddf6 elementor-section-boxed elementor-section-height-default elementor-section-height-default\" data-id=\"609ddf6\" data-element_type=\"section\" data-e-type=\"section\">\n\t\t\t\t\t\t<div class=\"elementor-container elementor-column-gap-default\">\n\t\t\t\t\t<div class=\"elementor-column elementor-col-100 elementor-top-column elementor-element elementor-element-f5691d2\" data-id=\"f5691d2\" data-element_type=\"column\" data-e-type=\"column\">\n\t\t\t<div class=\"elementor-widget-wrap elementor-element-populated\">\n\t\t\t\t\t\t<div class=\"elementor-element elementor-element-075e668 elementor-widget elementor-widget-text-editor\" data-id=\"075e668\" data-element_type=\"widget\" data-e-type=\"widget\" data-widget_type=\"text-editor.default\">\n\t\t\t\t<div class=\"elementor-widget-container\">\n\t\t\t\t\t\t\t\t\t<p>Erziehung zur Demokratie bedeutet auch Erziehung zum organisierten Aushandeln eigener Probleme. Unsere Schule hat deshalb das neue &#8222;Unterrichtsfach&#8220; Klassenrat eingef\u00fchrt, in dem Sch\u00fclerinnen und Sch\u00fcler lernen, selbstverantwortlich Konflikte friedlich zu regeln und die Belange der Gemeinschaft zu besprechen. Klassenratsstunden sind integraler Bestandteil des Stundenplans in den Jahrg\u00e4ngen 5 bis 10.<\/p><p>\u00a0<\/p><p><em>Genauere Informationen zum Konzept sind hier zu finden: <a href=\"http:\/\/wkge-en.de\/wkge\/wp-content\/uploads\/klassenratsstunde.pdf\">Klassenratsstunde<\/a> (PDF)<\/em><\/p>\t\t\t\t\t\t\t\t<\/div>\n\t\t\t\t<\/div>\n\t\t\t\t\t<\/div>\n\t\t<\/div>\n\t\t\t\t\t<\/div>\n\t\t<\/section>\n\t\t\t\t<\/div>\n\t\t","protected":false},"excerpt":{"rendered":"<p>Klassenrat Erziehung zur Demokratie bedeutet auch Erziehung zum organisierten Aushandeln eigener Probleme. Unsere Schule hat deshalb das neue &#8222;Unterrichtsfach&#8220; Klassenrat eingef\u00fchrt, in dem Sch\u00fclerinnen und Sch\u00fcler lernen, selbstverantwortlich Konflikte friedlich zu regeln und die Belange der Gemeinschaft zu besprechen. Klassenratsstunden sind integraler Bestandteil des Stundenplans in den Jahrg\u00e4ngen 5 bis 10. Genauere Informationen zum Konzept sind hier zu finden: Klassenratsstunde (PDF)<\/p>\n","protected":false},"author":2,"featured_media":0,"parent":293,"menu_order":0,"comment_status":"closed","ping_status":"closed","template":"","meta":{"footnotes":""},"class_list":["post-312","page","type-page","status-publish","hentry","","tg-column-two"],"_links":{"self":[{"href":"https:\/\/wkge-en.de\/wkge\/wp-json\/wp\/v2\/pages\/312","targetHints":{"allow":["GET"]}}],"collection":[{"href":"https:\/\/wkge-en.de\/wkge\/wp-json\/wp\/v2\/pages"}],"about":[{"href":"https:\/\/wkge-en.de\/wkge\/wp-json\/wp\/v2\/types\/page"}],"author":[{"embeddable":true,"href":"https:\/\/wkge-en.de\/wkge\/wp-json\/wp\/v2\/users\/2"}],"replies":[{"embeddable":true,"href":"https:\/\/wkge-en.de\/wkge\/wp-json\/wp\/v2\/comments?post=312"}],"version-history":[{"count":4,"href":"https:\/\/wkge-en.de\/wkge\/wp-json\/wp\/v2\/pages\/312\/revisions"}],"predecessor-version":[{"id":318,"href":"https:\/\/wkge-en.de\/wkge\/wp-json\/wp\/v2\/pages\/312\/revisions\/318"}],"up":[{"embeddable":true,"href":"https:\/\/wkge-en.de\/wkge\/wp-json\/wp\/v2\/pages\/293"}],"wp:attachment":[{"href":"https:\/\/wkge-en.de\/wkge\/wp-json\/wp\/v2\/media?parent=312"}],"curies":[{"name":"wp","href":"https:\/\/api.w.org\/{rel}","templated":true}]}}