{"id":3155,"date":"2019-05-20T07:52:07","date_gmt":"2019-05-20T05:52:07","guid":{"rendered":"http:\/\/wkge-en.de\/wkge\/?page_id=3155"},"modified":"2021-07-02T13:23:56","modified_gmt":"2021-07-02T11:23:56","slug":"schuelerzeitung","status":"publish","type":"page","link":"https:\/\/wkge-en.de\/wkge\/schuelerinnen\/schuelerzeitung\/","title":{"rendered":"Sch\u00fclerzeitung"},"content":{"rendered":"\t\t<div data-elementor-type=\"wp-page\" data-elementor-id=\"3155\" class=\"elementor elementor-3155\">\n\t\t\t\t\t\t<section class=\"elementor-section elementor-top-section elementor-element elementor-element-57425f85 elementor-section-boxed elementor-section-height-default elementor-section-height-default\" data-id=\"57425f85\" data-element_type=\"section\" data-e-type=\"section\">\n\t\t\t\t\t\t<div class=\"elementor-container elementor-column-gap-default\">\n\t\t\t\t\t<div class=\"elementor-column elementor-col-100 elementor-top-column elementor-element elementor-element-2de278e2\" data-id=\"2de278e2\" data-element_type=\"column\" data-e-type=\"column\">\n\t\t\t<div class=\"elementor-widget-wrap elementor-element-populated\">\n\t\t\t\t\t\t<div class=\"elementor-element elementor-element-64cca7a2 elementor-widget elementor-widget-text-editor\" data-id=\"64cca7a2\" data-element_type=\"widget\" data-e-type=\"widget\" data-widget_type=\"text-editor.default\">\n\t\t\t\t<div class=\"elementor-widget-container\">\n\t\t\t\t\t\t\t\t\t<p><strong>Kurzinformation<br><\/strong><\/p>\n<p>Schon zum zweiten Mal in Folge erstellt ein Projektkurs der Q1 eine Sch\u00fclerzeitung. Der Projektkurs besteht aktuell aus 11 Sch\u00fclerinnen und 1 Sch\u00fcler, welche von Herrn Hehenkamp in ihrer Arbeit unterst\u00fctzt werden.<\/p>\n<p>Bisher hat der Projektkurs des Schuljahres 2018\/2019 die <b>Ausgaben 1 und 2<\/b> herausgebracht.<\/p>\n<p>Der Projektkurs des Schuljahres 2019\/2020 arbeitet zurzeit an der <b>3. Ausgabe<\/b>, die im Februar 2020 erscheinen wird.<\/p>\n<p><\/p>\n<p>Schaut f\u00fcr weitere Informationen doch auf unserem Instagram-Account vorbei: <a href=\"http:\/\/www.instagram.com\/szderwilli\" target=\"_blank\" rel=\"noopener noreferrer\" data-saferedirecturl=\"https:\/\/www.google.com\/url?q=http:\/\/www.instagram.com\/szderwilli&amp;source=gmail&amp;ust=1547047217095000&amp;usg=AFQjCNERJ51ieSE4TVf8StH0Br73CndNMQ\">www.instagram.com\/spam_ordner_wkge<\/a><\/p>\n<p>Bei Fragen, Anmerkungen und Anregungen sind wir per E-Mail erreichbar: <a href=\"mailto:derwilli@wkge.nw.lo-net2.de\" target=\"_blank\" rel=\"noopener noreferrer\">sz@wkge.nw.lo-net2.de<\/a><\/p>\n<p>Wir freuen uns auf neue zahlreiche Leserinnen und Leser!<\/p>\n<p>Eure Redaktion von \u201eDer Willi&#8220;<\/p>\t\t\t\t\t\t\t\t<\/div>\n\t\t\t\t<\/div>\n\t\t\t\t\t<\/div>\n\t\t<\/div>\n\t\t\t\t\t<\/div>\n\t\t<\/section>\n\t\t\t\t<\/div>\n\t\t","protected":false},"excerpt":{"rendered":"<p>Kurzinformation Schon zum dritten Mal in Folge erstellt ein Projektkurs der Q1 eine Sch\u00fclerzeitung. Der Projektkurs (SJ 2020\/2021) besteht aktuell aus 10 Sch\u00fcler:innen, welche von Herrn Hehenkamp in ihrer Arbeit unterst\u00fctzt werden. &nbsp; Bisherige Ausgaben 3. Durchgang: Die Redaktion \u201eGedribbelt\u201c Schuljahr 2020\/2021 Die Ausgabe ist am 29.06.2021 erschienen und kann hier komplett eingesehen werden: &nbsp; 2. Durchgang: Die Redaktion \u201eSpam-Ordner &#8211; Die Ehrenzeitung der WKGE\u201c Schuljahr 2019\/2020 Die Ausgabe ist im August 2020 erschienen und kann hier komplett eingesehen werden: &nbsp; 1. Durchgang: Die Redaktion \u201eDer Willi\u201c Schuljahr 2018\/2019, Ausgaben Nr. 1 und 2 &nbsp; Kontaktm\u00f6glichkeiten Schaut f\u00fcr weitere Informationen doch auf unserem Instagram-Account vorbei: https:\/\/www.instagram.com\/zeitung_wkge Bei Fragen, Anmerkungen und Anregungen sind wir per E-Mail erreichbar: sz@wkge-en.de Wir freuen uns auf neue zahlreiche Leserinnen und Leser! Eure Sch\u00fclerzeitungsredaktion Letzte Aktualisierung: 29.06.2021<\/p>\n","protected":false},"author":12,"featured_media":0,"parent":82,"menu_order":0,"comment_status":"closed","ping_status":"closed","template":"","meta":{"footnotes":""},"class_list":["post-3155","page","type-page","status-publish","hentry","","tg-column-two"],"_links":{"self":[{"href":"https:\/\/wkge-en.de\/wkge\/wp-json\/wp\/v2\/pages\/3155","targetHints":{"allow":["GET"]}}],"collection":[{"href":"https:\/\/wkge-en.de\/wkge\/wp-json\/wp\/v2\/pages"}],"about":[{"href":"https:\/\/wkge-en.de\/wkge\/wp-json\/wp\/v2\/types\/page"}],"author":[{"embeddable":true,"href":"https:\/\/wkge-en.de\/wkge\/wp-json\/wp\/v2\/users\/12"}],"replies":[{"embeddable":true,"href":"https:\/\/wkge-en.de\/wkge\/wp-json\/wp\/v2\/comments?post=3155"}],"version-history":[{"count":11,"href":"https:\/\/wkge-en.de\/wkge\/wp-json\/wp\/v2\/pages\/3155\/revisions"}],"predecessor-version":[{"id":9167,"href":"https:\/\/wkge-en.de\/wkge\/wp-json\/wp\/v2\/pages\/3155\/revisions\/9167"}],"up":[{"embeddable":true,"href":"https:\/\/wkge-en.de\/wkge\/wp-json\/wp\/v2\/pages\/82"}],"wp:attachment":[{"href":"https:\/\/wkge-en.de\/wkge\/wp-json\/wp\/v2\/media?parent=3155"}],"curies":[{"name":"wp","href":"https:\/\/api.w.org\/{rel}","templated":true}]}}