{"id":337,"date":"2018-12-10T20:36:31","date_gmt":"2018-12-10T19:36:31","guid":{"rendered":"http:\/\/wkge-en.de\/wkge\/?page_id=337"},"modified":"2018-12-10T20:38:07","modified_gmt":"2018-12-10T19:38:07","slug":"girls-day-boys-day","status":"publish","type":"page","link":"https:\/\/wkge-en.de\/wkge\/unsere-schule\/schulprogramm\/erziehung\/gender-mainstreaming-konzept\/girls-day-boys-day\/","title":{"rendered":"Girls&#8216; Day &#8211; Boys&#8216; Day"},"content":{"rendered":"\t\t<div data-elementor-type=\"wp-post\" data-elementor-id=\"337\" class=\"elementor elementor-337 elementor-bc-flex-widget\">\n\t\t\t\t\t\t<section class=\"elementor-section elementor-top-section elementor-element elementor-element-b3619dd elementor-section-boxed elementor-section-height-default elementor-section-height-default\" data-id=\"b3619dd\" data-element_type=\"section\" data-e-type=\"section\">\n\t\t\t\t\t\t<div class=\"elementor-container elementor-column-gap-default\">\n\t\t\t\t\t<div class=\"elementor-column elementor-col-100 elementor-top-column elementor-element elementor-element-226a1f2\" data-id=\"226a1f2\" data-element_type=\"column\" data-e-type=\"column\">\n\t\t\t<div class=\"elementor-widget-wrap elementor-element-populated\">\n\t\t\t\t\t\t<div class=\"elementor-element elementor-element-48b8c8d elementor-widget elementor-widget-heading\" data-id=\"48b8c8d\" data-element_type=\"widget\" data-e-type=\"widget\" data-widget_type=\"heading.default\">\n\t\t\t\t<div class=\"elementor-widget-container\">\n\t\t\t\t\t<h2 class=\"elementor-heading-title elementor-size-default\">Girls' Day \u2013 Boys' Day<\/h2>\t\t\t\t<\/div>\n\t\t\t\t<\/div>\n\t\t\t\t\t<\/div>\n\t\t<\/div>\n\t\t\t\t\t<\/div>\n\t\t<\/section>\n\t\t\t\t<section class=\"elementor-section elementor-top-section elementor-element elementor-element-7e32d14 elementor-section-boxed elementor-section-height-default elementor-section-height-default\" data-id=\"7e32d14\" data-element_type=\"section\" data-e-type=\"section\">\n\t\t\t\t\t\t<div class=\"elementor-container elementor-column-gap-default\">\n\t\t\t\t\t<div class=\"elementor-column elementor-col-100 elementor-top-column elementor-element elementor-element-fb1e6e2\" data-id=\"fb1e6e2\" data-element_type=\"column\" data-e-type=\"column\">\n\t\t\t<div class=\"elementor-widget-wrap elementor-element-populated\">\n\t\t\t\t\t\t<div class=\"elementor-element elementor-element-d4a52c8 elementor-widget elementor-widget-text-editor\" data-id=\"d4a52c8\" data-element_type=\"widget\" data-e-type=\"widget\" data-widget_type=\"text-editor.default\">\n\t\t\t\t<div class=\"elementor-widget-container\">\n\t\t\t\t\t\t\t\t\t<p><strong>\u201eGirls&#8216; Day\u201c und \u201eBoys&#8216; Day\u201c\u00a0<\/strong><strong>in der Wilhelm-Kraft-Gesamtschule<\/strong><\/p><p>In der <a href=\"http:\/\/wilhelm-kraft-gesamtschule.de\/\">Wilhelm-Kraft-Gesamtschule<\/a> geh\u00f6rt die Teilnahme am \u201e<a href=\"http:\/\/www.girls-day.de\/\">Girls&#8216; Day<\/a>\u201c und \u201e<a href=\"http:\/\/www.boys-day.de\/\">Boys&#8216; Day<\/a>\u201c (fr\u00fcher: \u201eneue Wege f\u00fcr Jungs\u201c) seit vielen Jahren zum <a href=\"http:\/\/wilhelm-kraft-gesamtschule.de\/schulprogramm\">Schulprogramm<\/a>.<\/p><p><strong>In der Jahrgangsstufe 7<\/strong> wird das Projekt durch die f\u00fcr das Projekt Verantwortlichen in allen sechs Klassen in einer <a href=\"http:\/\/wilhelm-kraft-gesamtschule.de\/schulprogramm\/klassenrat\">Klassenratsstunde<\/a> vorgestellt. Dabei wird den Sch\u00fclerinnen und Sch\u00fclern entsprechendes Informationsmaterial an die Hand gegeben.<\/p><p>In der Folgezeit werden die Sch\u00fclerinnen und Sch\u00fcler einerseits aufgefordert, eigenst\u00e4ndig zu Hause im Internet nach geeigneten, f\u00fcr sie erreichbaren Angeboten zu suchen, erfahren andererseits aber auch konkrete Hilfestellung in der Schule. Dies geschieht durch pers\u00f6nliche Beratungsangebote zum \u201eGirls&#8216; Day \/ Boys&#8216; Day\u201c morgens vor dem Unterricht oder in den Mittagspausen im Computerraum. Au\u00dferdem gibt es speziell bei weiteren Klassenratsstunden im Computerraum Unterst\u00fctzung durch die Klassenlehrer und Klassenlehrerinnen.<\/p><p><strong>In den Jahrg\u00e4ngen 8 und 9<\/strong> werden die Angebote zum \u201eGirls&#8216; Day\u201c und \u201eBoys&#8216; Day\u201c ebenfalls in den <a href=\"http:\/\/wilhelm-kraft-gesamtschule.de\/schulprogramm\/klassenrat\">Klassenratsstunden<\/a> vorgestellt. Anders als in Klassenstufe 7 sind die Sch\u00fclerinnen und Sch\u00fcler jedoch in der Lage, sich eigenst\u00e4ndig Angebote zu suchen.<\/p><p>Etwa 2 \u2013 3 Wochen sp\u00e4ter findet im Mai eine Auswertung \/ Evaluation in schriftlicher Form durch einen Fragebogen und durch Austausch von Erfahrungen im pers\u00f6nlichen Gespr\u00e4ch der Teilnehmerinnen und Teilnehmer untereinander statt.<\/p><p style=\"text-align: left;\"><em><a href=\"http:\/\/wilhelm-kraft-gesamtschule.de\/kollegium#kraemer\">Christine Kr\u00e4mer<\/a>, Juni 2012<\/em><\/p>\t\t\t\t\t\t\t\t<\/div>\n\t\t\t\t<\/div>\n\t\t\t\t\t<\/div>\n\t\t<\/div>\n\t\t\t\t\t<\/div>\n\t\t<\/section>\n\t\t\t\t<\/div>\n\t\t","protected":false},"excerpt":{"rendered":"<p>Girls&#8216; Day \u2013 Boys&#8216; Day \u201eGirls&#8216; Day\u201c und \u201eBoys&#8216; Day\u201c\u00a0in der Wilhelm-Kraft-Gesamtschule In der Wilhelm-Kraft-Gesamtschule geh\u00f6rt die Teilnahme am \u201eGirls&#8216; Day\u201c und \u201eBoys&#8216; Day\u201c (fr\u00fcher: \u201eneue Wege f\u00fcr Jungs\u201c) seit vielen Jahren zum Schulprogramm. In der Jahrgangsstufe 7 wird das Projekt durch die f\u00fcr das Projekt Verantwortlichen in allen sechs Klassen in einer Klassenratsstunde vorgestellt. Dabei wird den Sch\u00fclerinnen und Sch\u00fclern entsprechendes Informationsmaterial an die Hand gegeben. In der Folgezeit werden die Sch\u00fclerinnen und Sch\u00fcler einerseits aufgefordert, eigenst\u00e4ndig zu Hause im Internet nach geeigneten, f\u00fcr sie erreichbaren Angeboten zu suchen, erfahren andererseits aber auch konkrete Hilfestellung in der Schule. Dies geschieht durch pers\u00f6nliche Beratungsangebote zum \u201eGirls&#8216; Day \/ Boys&#8216; Day\u201c morgens vor dem Unterricht oder in den Mittagspausen im Computerraum. Au\u00dferdem gibt es speziell bei weiteren Klassenratsstunden im Computerraum Unterst\u00fctzung durch die Klassenlehrer und Klassenlehrerinnen. In den Jahrg\u00e4ngen 8 und 9 werden die Angebote zum \u201eGirls&#8216; Day\u201c und \u201eBoys&#8216; Day\u201c<\/p>\n","protected":false},"author":2,"featured_media":0,"parent":331,"menu_order":0,"comment_status":"closed","ping_status":"closed","template":"","meta":{"footnotes":""},"class_list":["post-337","page","type-page","status-publish","hentry","","tg-column-two"],"_links":{"self":[{"href":"https:\/\/wkge-en.de\/wkge\/wp-json\/wp\/v2\/pages\/337","targetHints":{"allow":["GET"]}}],"collection":[{"href":"https:\/\/wkge-en.de\/wkge\/wp-json\/wp\/v2\/pages"}],"about":[{"href":"https:\/\/wkge-en.de\/wkge\/wp-json\/wp\/v2\/types\/page"}],"author":[{"embeddable":true,"href":"https:\/\/wkge-en.de\/wkge\/wp-json\/wp\/v2\/users\/2"}],"replies":[{"embeddable":true,"href":"https:\/\/wkge-en.de\/wkge\/wp-json\/wp\/v2\/comments?post=337"}],"version-history":[{"count":3,"href":"https:\/\/wkge-en.de\/wkge\/wp-json\/wp\/v2\/pages\/337\/revisions"}],"predecessor-version":[{"id":340,"href":"https:\/\/wkge-en.de\/wkge\/wp-json\/wp\/v2\/pages\/337\/revisions\/340"}],"up":[{"embeddable":true,"href":"https:\/\/wkge-en.de\/wkge\/wp-json\/wp\/v2\/pages\/331"}],"wp:attachment":[{"href":"https:\/\/wkge-en.de\/wkge\/wp-json\/wp\/v2\/media?parent=337"}],"curies":[{"name":"wp","href":"https:\/\/api.w.org\/{rel}","templated":true}]}}