{"id":341,"date":"2018-12-10T20:38:33","date_gmt":"2018-12-10T19:38:33","guid":{"rendered":"http:\/\/wkge-en.de\/wkge\/?page_id=341"},"modified":"2018-12-10T20:39:17","modified_gmt":"2018-12-10T19:39:17","slug":"sexualpaedagogische-praevention-sexualerziehung","status":"publish","type":"page","link":"https:\/\/wkge-en.de\/wkge\/unsere-schule\/schulprogramm\/erziehung\/gender-mainstreaming-konzept\/sexualpaedagogische-praevention-sexualerziehung\/","title":{"rendered":"Sexualp\u00e4dagogische Pr\u00e4vention \/ Sexualerziehung"},"content":{"rendered":"\t\t<div data-elementor-type=\"wp-post\" data-elementor-id=\"341\" class=\"elementor elementor-341 elementor-bc-flex-widget\">\n\t\t\t\t\t\t<section class=\"elementor-section elementor-top-section elementor-element elementor-element-b43cef9 elementor-section-boxed elementor-section-height-default elementor-section-height-default\" data-id=\"b43cef9\" data-element_type=\"section\" data-e-type=\"section\">\n\t\t\t\t\t\t<div class=\"elementor-container elementor-column-gap-default\">\n\t\t\t\t\t<div class=\"elementor-column elementor-col-100 elementor-top-column elementor-element elementor-element-968dac9\" data-id=\"968dac9\" data-element_type=\"column\" data-e-type=\"column\">\n\t\t\t<div class=\"elementor-widget-wrap elementor-element-populated\">\n\t\t\t\t\t\t<div class=\"elementor-element elementor-element-0587baa elementor-widget elementor-widget-heading\" data-id=\"0587baa\" data-element_type=\"widget\" data-e-type=\"widget\" data-widget_type=\"heading.default\">\n\t\t\t\t<div class=\"elementor-widget-container\">\n\t\t\t\t\t<h2 class=\"elementor-heading-title elementor-size-default\">Sexualp\u00e4dagogische Pr\u00e4vention \/ Sexualerziehung <\/h2>\t\t\t\t<\/div>\n\t\t\t\t<\/div>\n\t\t\t\t\t<\/div>\n\t\t<\/div>\n\t\t\t\t\t<\/div>\n\t\t<\/section>\n\t\t\t\t<section class=\"elementor-section elementor-top-section elementor-element elementor-element-7aa8376 elementor-section-boxed elementor-section-height-default elementor-section-height-default\" data-id=\"7aa8376\" data-element_type=\"section\" data-e-type=\"section\">\n\t\t\t\t\t\t<div class=\"elementor-container elementor-column-gap-default\">\n\t\t\t\t\t<div class=\"elementor-column elementor-col-100 elementor-top-column elementor-element elementor-element-c868920\" data-id=\"c868920\" data-element_type=\"column\" data-e-type=\"column\">\n\t\t\t<div class=\"elementor-widget-wrap elementor-element-populated\">\n\t\t\t\t\t\t<div class=\"elementor-element elementor-element-1a30f2b elementor-widget elementor-widget-text-editor\" data-id=\"1a30f2b\" data-element_type=\"widget\" data-e-type=\"widget\" data-widget_type=\"text-editor.default\">\n\t\t\t\t<div class=\"elementor-widget-container\">\n\t\t\t\t\t\t\t\t\t<div class=\"field field-name-body field-type-text-with-summary field-label-hidden\"><div class=\"field-items\"><div class=\"field-item even\"><ol><li><strong>Offene Sprechstunden mit der Youthworkerin von Pro Familia Schwelm (S\u00fcdkreis)<\/strong> finden regelm\u00e4\u00dfig in den R\u00e4umen der Schule statt. Die Fachkraft steht f\u00fcr die einst\u00fcndige Mittagspause und bei Bedarf f\u00fcr die 8. Stunde zur Verf\u00fcging.<br \/>Es werden Informationsgespr\u00e4che rund um das Thema Sexualit\u00e4t angeboten und \u00a0die weiteren Angebote der Beratungsstelle vorgestellt sowie Informationsmaterial verteilt. Die Sch\u00fclerinnen und Sch\u00fcler k\u00f6nnen unangemeldet kommen oder sich im Vorfeld per Mail anmelden.<br \/>Bei Bedarf werden Termine f\u00fcr Einzelberatungen innerhalb der Schule oder in der Beratungsstelle vereinbart.<br \/>Die Youthworkerin bietet auf Anfrage Klassenangebote f\u00fcr alle Jahrg\u00e4nge an, bei denen nach Geschlechtern getrennt arbeitet wird. Die Themen sind hier \u00e4hnlich wie in den Sprechstunden. In Klasse 6 auch korrespondierend mit den Lehrinhalten im Fach Naturwissenschaften.<\/li><li>F\u00fcr die <strong>Jahrg\u00e4nge 7\/8<\/strong> l\u00e4dt die Schule in regelm\u00e4\u00dfigen Abst\u00e4nden <strong>Theatergruppen mit St\u00fccken zum Thema Sexualit\u00e4t und Aufkl\u00e4rung<\/strong> ein. Hierbei sind wir immer auf die finanzielle Unterst\u00fctzung durch unseren <a href=\"http:\/\/wilhelm-kraft-gesamtschule.de\/foerderverein\">F\u00f6rderverein<\/a> und externer Kooperationspartner wie Jugend\u00e4mter, Beratungsstellen und Gleichstellungsstellen angewiesen.<br \/>Diese Veranstaltungen werden im Unterricht der (durch die) Klassenlehrer\/innen bzw. Fachlehrer\/innen vor- und nachbereitet. Auf Wunsch werden auch die <a href=\"http:\/\/wilhelm-kraft-gesamtschule.de\/sozialarbeit\">Fachkr\u00e4fte f\u00fcr Sozialarbeit<\/a> mit einbezogen.<\/li><li>Das <strong>Pr\u00e4ventionsprogramm \u201eLiebe, Freundschaft, Sexualit\u00e4t, Verh\u00fctung\u201c<\/strong> f\u00fcr den <strong>9. Jahrgang<\/strong> wird f\u00fcr das Schuljahr 2012\/2013 mit unseren Kooperationspartnern <a class=\"ext\" href=\"http:\/\/www.profamilia.de\/angebote-vor-ort\/nordrhein-westfalen\/schwelm.html\" target=\"_blank\" rel=\"noopener noreferrer\">ProFamilia EN-S\u00fcdkreis<\/a> und <a class=\"ext\" href=\"http:\/\/www.rosastrippe.de\" target=\"_blank\" rel=\"noopener noreferrer\">Rosa Strippe Bochum e.V.<\/a> neu strukturiert.<br \/>Es wird aller Voraussicht nach wieder in Form von Workshops stattfinden.<br \/>Koordination und Organisation liegen bei den <a href=\"http:\/\/wilhelm-kraft-gesamtschule.de\/sozialarbeit\">Fachkr\u00e4ften f\u00fcr Schulsozialarbeit<\/a>.<\/li><li>Es besteht seit einigen Jahren das <strong>Angebot einer \u00c4rztin im EN-Kreis<\/strong> zu <strong>offenen Sprechstunden f\u00fcr M\u00e4dchengruppen<\/strong>, die von den jeweiligen Klassenlehrerinnen angefragt werden k\u00f6nnen.<\/li><\/ol><p><em><a href=\"http:\/\/wilhelm-kraft-gesamtschule.de\/schulsozialarbeit#niephaus\">Christine Niephaus<\/a> \/ <a href=\"http:\/\/wilhelm-kraft-gesamtschule.de\/schulsozialarbeit#wiese\">Daniel Wiese<\/a>, November 2010<\/em><\/p><\/div><\/div><\/div>\t\t\t\t\t\t\t\t<\/div>\n\t\t\t\t<\/div>\n\t\t\t\t\t<\/div>\n\t\t<\/div>\n\t\t\t\t\t<\/div>\n\t\t<\/section>\n\t\t\t\t<\/div>\n\t\t","protected":false},"excerpt":{"rendered":"<p>Sexualp\u00e4dagogische Pr\u00e4vention \/ Sexualerziehung Offene Sprechstunden mit der Youthworkerin von Pro Familia Schwelm (S\u00fcdkreis) finden regelm\u00e4\u00dfig in den R\u00e4umen der Schule statt. Die Fachkraft steht f\u00fcr die einst\u00fcndige Mittagspause und bei Bedarf f\u00fcr die 8. Stunde zur Verf\u00fcging.Es werden Informationsgespr\u00e4che rund um das Thema Sexualit\u00e4t angeboten und \u00a0die weiteren Angebote der Beratungsstelle vorgestellt sowie Informationsmaterial verteilt. Die Sch\u00fclerinnen und Sch\u00fcler k\u00f6nnen unangemeldet kommen oder sich im Vorfeld per Mail anmelden.Bei Bedarf werden Termine f\u00fcr Einzelberatungen innerhalb der Schule oder in der Beratungsstelle vereinbart.Die Youthworkerin bietet auf Anfrage Klassenangebote f\u00fcr alle Jahrg\u00e4nge an, bei denen nach Geschlechtern getrennt arbeitet wird. Die Themen sind hier \u00e4hnlich wie in den Sprechstunden. In Klasse 6 auch korrespondierend mit den Lehrinhalten im Fach Naturwissenschaften. F\u00fcr die Jahrg\u00e4nge 7\/8 l\u00e4dt die Schule in regelm\u00e4\u00dfigen Abst\u00e4nden Theatergruppen mit St\u00fccken zum Thema Sexualit\u00e4t und Aufkl\u00e4rung ein. Hierbei sind wir immer auf die finanzielle Unterst\u00fctzung durch unseren F\u00f6rderverein und<\/p>\n","protected":false},"author":2,"featured_media":0,"parent":331,"menu_order":0,"comment_status":"closed","ping_status":"closed","template":"","meta":{"footnotes":""},"class_list":["post-341","page","type-page","status-publish","hentry","","tg-column-two"],"_links":{"self":[{"href":"https:\/\/wkge-en.de\/wkge\/wp-json\/wp\/v2\/pages\/341","targetHints":{"allow":["GET"]}}],"collection":[{"href":"https:\/\/wkge-en.de\/wkge\/wp-json\/wp\/v2\/pages"}],"about":[{"href":"https:\/\/wkge-en.de\/wkge\/wp-json\/wp\/v2\/types\/page"}],"author":[{"embeddable":true,"href":"https:\/\/wkge-en.de\/wkge\/wp-json\/wp\/v2\/users\/2"}],"replies":[{"embeddable":true,"href":"https:\/\/wkge-en.de\/wkge\/wp-json\/wp\/v2\/comments?post=341"}],"version-history":[{"count":2,"href":"https:\/\/wkge-en.de\/wkge\/wp-json\/wp\/v2\/pages\/341\/revisions"}],"predecessor-version":[{"id":343,"href":"https:\/\/wkge-en.de\/wkge\/wp-json\/wp\/v2\/pages\/341\/revisions\/343"}],"up":[{"embeddable":true,"href":"https:\/\/wkge-en.de\/wkge\/wp-json\/wp\/v2\/pages\/331"}],"wp:attachment":[{"href":"https:\/\/wkge-en.de\/wkge\/wp-json\/wp\/v2\/media?parent=341"}],"curies":[{"name":"wp","href":"https:\/\/api.w.org\/{rel}","templated":true}]}}