{"id":346,"date":"2018-12-10T20:58:27","date_gmt":"2018-12-10T19:58:27","guid":{"rendered":"http:\/\/wkge-en.de\/wkge\/?page_id=346"},"modified":"2018-12-10T21:02:44","modified_gmt":"2018-12-10T20:02:44","slug":"projekttage-lebensplanung-und-berufswahl","status":"publish","type":"page","link":"https:\/\/wkge-en.de\/wkge\/unsere-schule\/schulprogramm\/erziehung\/projekttage-lebensplanung-und-berufswahl\/","title":{"rendered":"Projekttage: Lebensplanung und Berufswahl"},"content":{"rendered":"\t\t<div data-elementor-type=\"wp-post\" data-elementor-id=\"346\" class=\"elementor elementor-346 elementor-bc-flex-widget\">\n\t\t\t\t\t\t<section class=\"elementor-section elementor-top-section elementor-element elementor-element-c305553 elementor-section-boxed elementor-section-height-default elementor-section-height-default\" data-id=\"c305553\" data-element_type=\"section\" data-e-type=\"section\">\n\t\t\t\t\t\t<div class=\"elementor-container elementor-column-gap-default\">\n\t\t\t\t\t<div class=\"elementor-column elementor-col-100 elementor-top-column elementor-element elementor-element-b82f54e\" data-id=\"b82f54e\" data-element_type=\"column\" data-e-type=\"column\">\n\t\t\t<div class=\"elementor-widget-wrap elementor-element-populated\">\n\t\t\t\t\t\t<div class=\"elementor-element elementor-element-94cfd42 elementor-widget elementor-widget-heading\" data-id=\"94cfd42\" data-element_type=\"widget\" data-e-type=\"widget\" data-widget_type=\"heading.default\">\n\t\t\t\t<div class=\"elementor-widget-container\">\n\t\t\t\t\t<h2 class=\"elementor-heading-title elementor-size-default\">Projekttage: Lebensplanung und Berufswahl <\/h2>\t\t\t\t<\/div>\n\t\t\t\t<\/div>\n\t\t\t\t\t<\/div>\n\t\t<\/div>\n\t\t\t\t\t<\/div>\n\t\t<\/section>\n\t\t\t\t<section class=\"elementor-section elementor-top-section elementor-element elementor-element-cf1837d elementor-section-boxed elementor-section-height-default elementor-section-height-default\" data-id=\"cf1837d\" data-element_type=\"section\" data-e-type=\"section\">\n\t\t\t\t\t\t<div class=\"elementor-container elementor-column-gap-default\">\n\t\t\t\t\t<div class=\"elementor-column elementor-col-100 elementor-top-column elementor-element elementor-element-ab05b7d\" data-id=\"ab05b7d\" data-element_type=\"column\" data-e-type=\"column\">\n\t\t\t<div class=\"elementor-widget-wrap elementor-element-populated\">\n\t\t\t\t\t\t<div class=\"elementor-element elementor-element-4a424c6 elementor-widget elementor-widget-text-editor\" data-id=\"4a424c6\" data-element_type=\"widget\" data-e-type=\"widget\" data-widget_type=\"text-editor.default\">\n\t\t\t\t<div class=\"elementor-widget-container\">\n\t\t\t\t\t\t\t\t\t<p><em>Der Mann muss hinaus ins feindliche Leben &#8230;.<\/em><br \/><em>Und drinnen waltet die z\u00fcchtige Hausfrau &#8230;<\/em><\/p><p>(Schiller, Die Glocke)<\/p><p>In der Jahrgangsstufe 8 finden die Lebensplanungstage statt, die Sch\u00fclerinnen und Sch\u00fclern die Gelegenheit geben, unter Anleitung Perspektiven f\u00fcr die pers\u00f6nliche und berufliche Entwicklung zu entwickeln.<\/p><p>\u00a0<\/p><p>Genauere Ausf\u00fchrungen finden sich hier: <a class=\"external text ext\" title=\"http:\/\/www.wilhelm-kraft-gesamtschule.de\/schulprogramm\/pdf\/lebensplanung.pdf\" href=\"http:\/\/wkge.info\/schulprogramm\/pdf\/lebensplanung.pdf\" target=\"_blank\" rel=\"nofollow noopener noreferrer\">Lebensplanung<\/a><\/p>\t\t\t\t\t\t\t\t<\/div>\n\t\t\t\t<\/div>\n\t\t\t\t\t<\/div>\n\t\t<\/div>\n\t\t\t\t\t<\/div>\n\t\t<\/section>\n\t\t\t\t<\/div>\n\t\t","protected":false},"excerpt":{"rendered":"<p>Projekttage: Lebensplanung und Berufswahl Der Mann muss hinaus ins feindliche Leben &#8230;. Und drinnen waltet die z\u00fcchtige Hausfrau &#8230; (Schiller, Die Glocke) In der Jahrgangsstufe 8 finden die Lebensplanungstage statt, die Sch\u00fclerinnen und Sch\u00fclern die Gelegenheit geben, unter Anleitung Perspektiven f\u00fcr die pers\u00f6nliche und berufliche Entwicklung zu entwickeln. Genauere Ausf\u00fchrungen finden sich hier: Lebensplanung<\/p>\n","protected":false},"author":2,"featured_media":0,"parent":293,"menu_order":0,"comment_status":"closed","ping_status":"closed","template":"","meta":{"footnotes":""},"class_list":["post-346","page","type-page","status-publish","hentry","","tg-column-two"],"_links":{"self":[{"href":"https:\/\/wkge-en.de\/wkge\/wp-json\/wp\/v2\/pages\/346","targetHints":{"allow":["GET"]}}],"collection":[{"href":"https:\/\/wkge-en.de\/wkge\/wp-json\/wp\/v2\/pages"}],"about":[{"href":"https:\/\/wkge-en.de\/wkge\/wp-json\/wp\/v2\/types\/page"}],"author":[{"embeddable":true,"href":"https:\/\/wkge-en.de\/wkge\/wp-json\/wp\/v2\/users\/2"}],"replies":[{"embeddable":true,"href":"https:\/\/wkge-en.de\/wkge\/wp-json\/wp\/v2\/comments?post=346"}],"version-history":[{"count":3,"href":"https:\/\/wkge-en.de\/wkge\/wp-json\/wp\/v2\/pages\/346\/revisions"}],"predecessor-version":[{"id":350,"href":"https:\/\/wkge-en.de\/wkge\/wp-json\/wp\/v2\/pages\/346\/revisions\/350"}],"up":[{"embeddable":true,"href":"https:\/\/wkge-en.de\/wkge\/wp-json\/wp\/v2\/pages\/293"}],"wp:attachment":[{"href":"https:\/\/wkge-en.de\/wkge\/wp-json\/wp\/v2\/media?parent=346"}],"curies":[{"name":"wp","href":"https:\/\/api.w.org\/{rel}","templated":true}]}}