{"id":351,"date":"2018-12-10T21:03:18","date_gmt":"2018-12-10T20:03:18","guid":{"rendered":"http:\/\/wkge-en.de\/wkge\/?page_id=351"},"modified":"2018-12-10T21:03:54","modified_gmt":"2018-12-10T20:03:54","slug":"fahrtenprogramm-im-6-schuljahr","status":"publish","type":"page","link":"https:\/\/wkge-en.de\/wkge\/unsere-schule\/schulprogramm\/erziehung\/fahrtenprogramm-im-6-schuljahr\/","title":{"rendered":"Fahrtenprogramm im 6. Schuljahr"},"content":{"rendered":"\t\t<div data-elementor-type=\"wp-post\" data-elementor-id=\"351\" class=\"elementor elementor-351 elementor-bc-flex-widget\">\n\t\t\t\t\t\t<section class=\"elementor-section elementor-top-section elementor-element elementor-element-f8deceb elementor-section-boxed elementor-section-height-default elementor-section-height-default\" data-id=\"f8deceb\" data-element_type=\"section\" data-e-type=\"section\">\n\t\t\t\t\t\t<div class=\"elementor-container elementor-column-gap-default\">\n\t\t\t\t\t<div class=\"elementor-column elementor-col-100 elementor-top-column elementor-element elementor-element-abe4900\" data-id=\"abe4900\" data-element_type=\"column\" data-e-type=\"column\">\n\t\t\t<div class=\"elementor-widget-wrap elementor-element-populated\">\n\t\t\t\t\t\t<div class=\"elementor-element elementor-element-34991c0 elementor-widget elementor-widget-heading\" data-id=\"34991c0\" data-element_type=\"widget\" data-e-type=\"widget\" data-widget_type=\"heading.default\">\n\t\t\t\t<div class=\"elementor-widget-container\">\n\t\t\t\t\t<h2 class=\"elementor-heading-title elementor-size-default\">Fahrtenprogramm 6. Jahrgang<\/h2>\t\t\t\t<\/div>\n\t\t\t\t<\/div>\n\t\t\t\t\t<\/div>\n\t\t<\/div>\n\t\t\t\t\t<\/div>\n\t\t<\/section>\n\t\t\t\t<section class=\"elementor-section elementor-top-section elementor-element elementor-element-267014d elementor-section-boxed elementor-section-height-default elementor-section-height-default\" data-id=\"267014d\" data-element_type=\"section\" data-e-type=\"section\">\n\t\t\t\t\t\t<div class=\"elementor-container elementor-column-gap-default\">\n\t\t\t\t\t<div class=\"elementor-column elementor-col-100 elementor-top-column elementor-element elementor-element-a71d08a\" data-id=\"a71d08a\" data-element_type=\"column\" data-e-type=\"column\">\n\t\t\t<div class=\"elementor-widget-wrap elementor-element-populated\">\n\t\t\t\t\t\t<div class=\"elementor-element elementor-element-6917e2b elementor-widget elementor-widget-text-editor\" data-id=\"6917e2b\" data-element_type=\"widget\" data-e-type=\"widget\" data-widget_type=\"text-editor.default\">\n\t\t\t\t<div class=\"elementor-widget-container\">\n\t\t\t\t\t\t\t\t\t<div class=\"region region-content\"><div id=\"block-system-main\" class=\"block block-system\"><div class=\"content\"><div id=\"node-36\" class=\"node node-book node-promoted clearfix\"><div class=\"content clearfix\"><div class=\"field field-name-body field-type-text-with-summary field-label-hidden\"><div class=\"field-items\"><div class=\"field-item even\"><p>In den letzten Jahren wechseln auch Sch\u00fcler und Sch\u00fclerinnen in die Sekundarstufe I, die noch Probleme mit der Integration in ihren Klassen- oder Jahrgangsverband haben. Dies zeigt sich dann entweder durch \u00fcbersteigerten Darstellungsdrang (damit sorgen sie f\u00fcr Unruhe und Streit) oder durch ein starkes Sich-Zur\u00fcckziehen.<\/p><p>Dem haben wir gezielt durch die <a href=\"http:\/\/wilhelm-kraft-gesamtschule.de\/schulprogramm\/soziales-lernen-5-6\">Projekte des Sozialen Lernens<\/a>, basierend auf dem <a class=\"ext\" href=\"http:\/\/www.lions-quest.de\/\" target=\"_blank\" rel=\"noopener noreferrer\">Programm &#8222;Erwachsen werden&#8220; von Lions-Quest<\/a>, in den einzelnen Lerngruppen entgegengewirkt. Die Klassenfahrt Anfang 6 soll mit au\u00dferschulischen Tr\u00e4gern und Trainern verst\u00e4rkt im Bereich der Integration und des Sozialen Lernens arbeiten, damit sich die beschriebenen Strukturen gar nicht erst verfestigen k\u00f6nnen.<\/p><p>Dar\u00fcber hinaus entlastet eine solche Fahrt die Klassenleitungsteams und das Beratungsteam deutlich, sodass diese f\u00fcr andere wichtige Aufgaben frei werden und insbesondere die M\u00f6glichkeit haben, ihre Sch\u00fcler und Sch\u00fclerinnen auch au\u00dferhalb von Unterricht intensiv zu erleben und zu beobachten.<\/p><p>Solch eine Woche ist mit den finanziellen Rahmenbedingungen des Fahrtenpapiers zu realisieren. Um die Kosten \u00fcberschaubar zu halten, sollten Ziele im n\u00e4heren Umfeld ausgew\u00e4hlt werden. Auch bietet es sich an, mit zwei oder drei Klassen gemeinsam zu fahren.<\/p><p class=\"rteright\"><em>M\u00e4rz 2012<\/em><\/p><\/div><\/div><\/div><\/div><\/div><\/div><\/div><\/div>\t\t\t\t\t\t\t\t<\/div>\n\t\t\t\t<\/div>\n\t\t\t\t\t<\/div>\n\t\t<\/div>\n\t\t\t\t\t<\/div>\n\t\t<\/section>\n\t\t\t\t<\/div>\n\t\t","protected":false},"excerpt":{"rendered":"<p>Fahrtenprogramm 6. Jahrgang In den letzten Jahren wechseln auch Sch\u00fcler und Sch\u00fclerinnen in die Sekundarstufe I, die noch Probleme mit der Integration in ihren Klassen- oder Jahrgangsverband haben. Dies zeigt sich dann entweder durch \u00fcbersteigerten Darstellungsdrang (damit sorgen sie f\u00fcr Unruhe und Streit) oder durch ein starkes Sich-Zur\u00fcckziehen. Dem haben wir gezielt durch die Projekte des Sozialen Lernens, basierend auf dem Programm &#8222;Erwachsen werden&#8220; von Lions-Quest, in den einzelnen Lerngruppen entgegengewirkt. Die Klassenfahrt Anfang 6 soll mit au\u00dferschulischen Tr\u00e4gern und Trainern verst\u00e4rkt im Bereich der Integration und des Sozialen Lernens arbeiten, damit sich die beschriebenen Strukturen gar nicht erst verfestigen k\u00f6nnen. Dar\u00fcber hinaus entlastet eine solche Fahrt die Klassenleitungsteams und das Beratungsteam deutlich, sodass diese f\u00fcr andere wichtige Aufgaben frei werden und insbesondere die M\u00f6glichkeit haben, ihre Sch\u00fcler und Sch\u00fclerinnen auch au\u00dferhalb von Unterricht intensiv zu erleben und zu beobachten. Solch eine Woche ist mit den finanziellen Rahmenbedingungen des Fahrtenpapiers<\/p>\n","protected":false},"author":2,"featured_media":0,"parent":293,"menu_order":0,"comment_status":"closed","ping_status":"closed","template":"","meta":{"footnotes":""},"class_list":["post-351","page","type-page","status-publish","hentry","","tg-column-two"],"_links":{"self":[{"href":"https:\/\/wkge-en.de\/wkge\/wp-json\/wp\/v2\/pages\/351","targetHints":{"allow":["GET"]}}],"collection":[{"href":"https:\/\/wkge-en.de\/wkge\/wp-json\/wp\/v2\/pages"}],"about":[{"href":"https:\/\/wkge-en.de\/wkge\/wp-json\/wp\/v2\/types\/page"}],"author":[{"embeddable":true,"href":"https:\/\/wkge-en.de\/wkge\/wp-json\/wp\/v2\/users\/2"}],"replies":[{"embeddable":true,"href":"https:\/\/wkge-en.de\/wkge\/wp-json\/wp\/v2\/comments?post=351"}],"version-history":[{"count":3,"href":"https:\/\/wkge-en.de\/wkge\/wp-json\/wp\/v2\/pages\/351\/revisions"}],"predecessor-version":[{"id":354,"href":"https:\/\/wkge-en.de\/wkge\/wp-json\/wp\/v2\/pages\/351\/revisions\/354"}],"up":[{"embeddable":true,"href":"https:\/\/wkge-en.de\/wkge\/wp-json\/wp\/v2\/pages\/293"}],"wp:attachment":[{"href":"https:\/\/wkge-en.de\/wkge\/wp-json\/wp\/v2\/media?parent=351"}],"curies":[{"name":"wp","href":"https:\/\/api.w.org\/{rel}","templated":true}]}}