{"id":382,"date":"2018-12-10T21:16:15","date_gmt":"2018-12-10T20:16:15","guid":{"rendered":"http:\/\/wkge-en.de\/wkge\/?page_id=382"},"modified":"2018-12-10T21:17:21","modified_gmt":"2018-12-10T20:17:21","slug":"trainingsraum","status":"publish","type":"page","link":"https:\/\/wkge-en.de\/wkge\/unsere-schule\/schulprogramm\/erziehung\/trainingsraum\/","title":{"rendered":"Trainingsraum"},"content":{"rendered":"\t\t<div data-elementor-type=\"wp-post\" data-elementor-id=\"382\" class=\"elementor elementor-382 elementor-bc-flex-widget\">\n\t\t\t\t\t\t<section class=\"elementor-section elementor-top-section elementor-element elementor-element-384c1c8 elementor-section-boxed elementor-section-height-default elementor-section-height-default\" data-id=\"384c1c8\" data-element_type=\"section\" data-e-type=\"section\">\n\t\t\t\t\t\t<div class=\"elementor-container elementor-column-gap-default\">\n\t\t\t\t\t<div class=\"elementor-column elementor-col-100 elementor-top-column elementor-element elementor-element-4274c44\" data-id=\"4274c44\" data-element_type=\"column\" data-e-type=\"column\">\n\t\t\t<div class=\"elementor-widget-wrap elementor-element-populated\">\n\t\t\t\t\t\t<div class=\"elementor-element elementor-element-91a5795 elementor-widget elementor-widget-heading\" data-id=\"91a5795\" data-element_type=\"widget\" data-e-type=\"widget\" data-widget_type=\"heading.default\">\n\t\t\t\t<div class=\"elementor-widget-container\">\n\t\t\t\t\t<h2 class=\"elementor-heading-title elementor-size-default\">Trainingsraum<\/h2>\t\t\t\t<\/div>\n\t\t\t\t<\/div>\n\t\t\t\t\t<\/div>\n\t\t<\/div>\n\t\t\t\t\t<\/div>\n\t\t<\/section>\n\t\t\t\t<section class=\"elementor-section elementor-top-section elementor-element elementor-element-589b7c5 elementor-section-boxed elementor-section-height-default elementor-section-height-default\" data-id=\"589b7c5\" data-element_type=\"section\" data-e-type=\"section\">\n\t\t\t\t\t\t<div class=\"elementor-container elementor-column-gap-default\">\n\t\t\t\t\t<div class=\"elementor-column elementor-col-100 elementor-top-column elementor-element elementor-element-ee056e7\" data-id=\"ee056e7\" data-element_type=\"column\" data-e-type=\"column\">\n\t\t\t<div class=\"elementor-widget-wrap elementor-element-populated\">\n\t\t\t\t\t\t<div class=\"elementor-element elementor-element-1d5aa00 elementor-widget elementor-widget-text-editor\" data-id=\"1d5aa00\" data-element_type=\"widget\" data-e-type=\"widget\" data-widget_type=\"text-editor.default\">\n\t\t\t\t<div class=\"elementor-widget-container\">\n\t\t\t\t\t\t\t\t\t<div class=\"field field-name-body field-type-text-with-summary field-label-hidden\"><div class=\"field-items\"><div class=\"field-item even\"><p>Ein Ziel aller am Schulleben Beteiligten ist, dass die Sch\u00fclerinnen und Sch\u00fcler an der Wilhelm-Kraft-Gesamtschule des Ennepe-Ruhr-Kreises gute Lernergebnisse erzielen und in wenigen Jahren gut vorbereitet ins Berufsleben starten k\u00f6nnen. Mit Recht wird erwartet, dass die Sch\u00fclerinnen und Sch\u00fcler qualifizierten und st\u00f6rungsfreien Unterricht erhalten und sich so auf ihren Lernstoff konzentrieren k\u00f6nnen. Darum haben wir auf der Grundlage des Schulgesetzes und unserer <a href=\"http:\/\/wilhelm-kraft-gesamtschule.de\/schulordnung\">Schulordnung<\/a> das p\u00e4dagogische Programm \u201eTrainingsraum\u201c ins Leben gerufen, das in den Jahrgangsstufen 5 -10 angewandt wird.<\/p><p>Das Hauptziel des Programms besteht darin, die lernbereiten Sch\u00fclerinnen und Sch\u00fclern zu sch\u00fctzen und ihnen ungest\u00f6rten Unterricht zu erm\u00f6glichen. Weitere Ziele sind, den h\u00e4ufig st\u00f6renden Sch\u00fclerinnen und Sch\u00fclern sinnvolle Hilfen anzubieten, die Lehrerinnen und Lehrer zu entlasten und ein besseres Schul- und Klassenklima zu erm\u00f6glichen. Eine wichtige Funktion bei Umsetzung des Programms \u00fcbernimmt der \u201eTrainingsraum f\u00fcr verantwortungsvolles Denken\u201c. Dies ist ein besonderer Raum, in dem wir diejenigen Sch\u00fclerinnen und Sch\u00fcler betreuen, die im Unterricht wiederholt durch st\u00f6rendes Verhalten auffallen. Die Erfahrung an anderen Schulen hat gezeigt, dass hier auff\u00e4lligen Sch\u00fclerinnen und Sch\u00fclern ihr falsches Verhalten bewusst gemacht werden kann. Gleichzeitig kann die Mehrheit unserer Sch\u00fclerinnen und Sch\u00fcler in den Klassen st\u00f6rungsfrei weiterarbeiten.<\/p><p>Ein Grundstein f\u00fcr erfolgreiches Lernen liegt in der Beachtung von drei Rechten, die f\u00fcr den Unterricht in allen Klassen gelten:<\/p><ol><li>Jede Sch\u00fclerin und jeder Sch\u00fcler hat das Recht ungest\u00f6rt zu lernen.<\/li><li>Jede Lehrerin und jeder Lehrer hat das Recht ungest\u00f6rt zu unterrichten.<\/li><li>Jeder muss stets die Rechte der anderen respektieren.<\/li><\/ol><p>Zur Wahrung dieser Rechte wurde der folgende Regelkatalog eingef\u00fchrt, der als Plakattext in allen Unterrichtsr\u00e4umen aush\u00e4ngt:<\/p><ul><li>Ich erscheine p\u00fcnktlich zum Unterricht.<\/li><li>Ich halte meine Unterrichtsmaterialien bereit.<\/li><li>Ich erledige die gestellten Arbeitsauftr\u00e4ge.<\/li><li>Ich verlasse meinen Arbeitsplatz nur, wenn ich dazu die Erlaubnis habe.<\/li><li>Ich melde mich, wenn ich etwas sagen m\u00f6chte.<\/li><li>Ich spreche nur, wenn ich \u201edran bin\u201c.<\/li><li>Ich gehe fair und gewaltlos mit anderen um.<\/li><li>Ich beleidige niemanden.<\/li><li>Ich achte das Eigentum anderer.<\/li><li>Ich esse und trinke grunds\u00e4tzlich nur in den Pausen.<\/li><li>Ich halte meinen Arbeitsplatz und den Unterrichtsraum sauber.<\/li><\/ul><p>Wenn Sch\u00fclerinnen und Sch\u00fcler gegen diese Regeln versto\u00dfen, werden sie einmal verwarnt, bei der zweiten St\u00f6rung mit einem Begleitbogen in den Trainingsraum geschickt. Dort sollen die Sch\u00fclerinnen und Sch\u00fcler unter Aufsicht ihr Fehlverhalten im Unterricht \u00fcberdenken und schriftliche Vorschl\u00e4ge entwickeln, wie sie den Schaden wieder gutmachen und sich in Zukunft besser an die Unterrichtsregeln halten k\u00f6nnen.<\/p><p>Mit der Lehrkraft, die den Verweis in den Trainingsraum ausgesprochen hat, wird der Plan zur Verhaltens\u00e4nderung sowie die Ma\u00dfnahme zur Wiedergutmachung besprochen und eine Vereinbarung zur Umsetzung getroffen.<\/p><p>Versto\u00dfen die Sch\u00fclerinnen und Sch\u00fcler im Trainingsraum gegen die genannten, auch dort geltenden Regeln, werden sie auch hier nur einmal verwarnt und bei wiederholtem Fehlverhalten wird ein weiterer Verweis ausgesprochen.<\/p><p>Wenn Sch\u00fclerinnen und Sch\u00fcler im Laufe eines Halbjahres drei Verweise in den Trainingsraum ansammeln, werden die Eltern dar\u00fcber von der Klassenleitung schriftlich informiert. Bei weiteren Regelverst\u00f6\u00dfen, die einen Verweis in den Trainingsraum nach sich ziehen, werden Eltern und betroffene Sch\u00fclerinnen und Sch\u00fcler zu einem p\u00e4dagogischen Gespr\u00e4ch mit dem Schulleiter in die Schule eingeladen. Weiterhin wird eine Ordnungsma\u00dfnahme nach Vorgabe des Schulgesetzes eingeleitet.<\/p><p>Zusammengefasst: Das p\u00e4dagogische Programm \u201eTrainingsraum\u201c dient dazu, die Rechte und Interessen aller am direkten Schulleben Beteiligten zu sch\u00fctzen und diejenigen, die Fehlverhalten zeigen, darin zu unterst\u00fctzen, schrittweise Verantwortung f\u00fcr ihre eigene zusehends bewusste Entscheidung \u00fcber ihre Absichten und die Handlungsfolgen zu erlangen.<\/p><p>\u00a0<\/p><p><em><a href=\"http:\/\/wilhelm-kraft-gesamtschule.de\/kollegium#laszlop\">L\u00e1szlop<\/a>, <a href=\"http:\/\/wilhelm-kraft-gesamtschule.de\/kollegium#oesterdiekhoff\">Oesterdiekhoff<\/a>, M\u00e4rz 2008<\/em><\/p><\/div><\/div><\/div>\t\t\t\t\t\t\t\t<\/div>\n\t\t\t\t<\/div>\n\t\t\t\t\t<\/div>\n\t\t<\/div>\n\t\t\t\t\t<\/div>\n\t\t<\/section>\n\t\t\t\t<\/div>\n\t\t","protected":false},"excerpt":{"rendered":"<p>Trainingsraum Ein Ziel aller am Schulleben Beteiligten ist, dass die Sch\u00fclerinnen und Sch\u00fcler an der Wilhelm-Kraft-Gesamtschule des Ennepe-Ruhr-Kreises gute Lernergebnisse erzielen und in wenigen Jahren gut vorbereitet ins Berufsleben starten k\u00f6nnen. Mit Recht wird erwartet, dass die Sch\u00fclerinnen und Sch\u00fcler qualifizierten und st\u00f6rungsfreien Unterricht erhalten und sich so auf ihren Lernstoff konzentrieren k\u00f6nnen. Darum haben wir auf der Grundlage des Schulgesetzes und unserer Schulordnung das p\u00e4dagogische Programm \u201eTrainingsraum\u201c ins Leben gerufen, das in den Jahrgangsstufen 5 -10 angewandt wird. Das Hauptziel des Programms besteht darin, die lernbereiten Sch\u00fclerinnen und Sch\u00fclern zu sch\u00fctzen und ihnen ungest\u00f6rten Unterricht zu erm\u00f6glichen. Weitere Ziele sind, den h\u00e4ufig st\u00f6renden Sch\u00fclerinnen und Sch\u00fclern sinnvolle Hilfen anzubieten, die Lehrerinnen und Lehrer zu entlasten und ein besseres Schul- und Klassenklima zu erm\u00f6glichen. Eine wichtige Funktion bei Umsetzung des Programms \u00fcbernimmt der \u201eTrainingsraum f\u00fcr verantwortungsvolles Denken\u201c. Dies ist ein besonderer Raum, in dem wir diejenigen Sch\u00fclerinnen und Sch\u00fcler betreuen,<\/p>\n","protected":false},"author":2,"featured_media":0,"parent":293,"menu_order":0,"comment_status":"closed","ping_status":"closed","template":"","meta":{"footnotes":""},"class_list":["post-382","page","type-page","status-publish","hentry","","tg-column-two"],"_links":{"self":[{"href":"https:\/\/wkge-en.de\/wkge\/wp-json\/wp\/v2\/pages\/382","targetHints":{"allow":["GET"]}}],"collection":[{"href":"https:\/\/wkge-en.de\/wkge\/wp-json\/wp\/v2\/pages"}],"about":[{"href":"https:\/\/wkge-en.de\/wkge\/wp-json\/wp\/v2\/types\/page"}],"author":[{"embeddable":true,"href":"https:\/\/wkge-en.de\/wkge\/wp-json\/wp\/v2\/users\/2"}],"replies":[{"embeddable":true,"href":"https:\/\/wkge-en.de\/wkge\/wp-json\/wp\/v2\/comments?post=382"}],"version-history":[{"count":3,"href":"https:\/\/wkge-en.de\/wkge\/wp-json\/wp\/v2\/pages\/382\/revisions"}],"predecessor-version":[{"id":385,"href":"https:\/\/wkge-en.de\/wkge\/wp-json\/wp\/v2\/pages\/382\/revisions\/385"}],"up":[{"embeddable":true,"href":"https:\/\/wkge-en.de\/wkge\/wp-json\/wp\/v2\/pages\/293"}],"wp:attachment":[{"href":"https:\/\/wkge-en.de\/wkge\/wp-json\/wp\/v2\/media?parent=382"}],"curies":[{"name":"wp","href":"https:\/\/api.w.org\/{rel}","templated":true}]}}