{"id":3853,"date":"2019-06-04T11:28:48","date_gmt":"2019-06-04T09:28:48","guid":{"rendered":"https:\/\/wkge-en.de\/wkge\/?page_id=3853"},"modified":"2019-06-04T11:35:38","modified_gmt":"2019-06-04T09:35:38","slug":"was-bisher-gefoerdert-wurde","status":"publish","type":"page","link":"https:\/\/wkge-en.de\/wkge\/foererverein\/was-bisher-gefoerdert-wurde\/","title":{"rendered":"Was bisher gef\u00f6rdert wurde"},"content":{"rendered":"\t\t<div data-elementor-type=\"wp-post\" data-elementor-id=\"3853\" class=\"elementor elementor-3853\">\n\t\t\t\t\t\t<section class=\"elementor-section elementor-top-section elementor-element elementor-element-3fbd8c3 elementor-section-boxed elementor-section-height-default elementor-section-height-default\" data-id=\"3fbd8c3\" data-element_type=\"section\" data-e-type=\"section\">\n\t\t\t\t\t\t<div class=\"elementor-container elementor-column-gap-default\">\n\t\t\t\t\t<div class=\"elementor-column elementor-col-100 elementor-top-column elementor-element elementor-element-e01a2a0\" data-id=\"e01a2a0\" data-element_type=\"column\" data-e-type=\"column\">\n\t\t\t<div class=\"elementor-widget-wrap elementor-element-populated\">\n\t\t\t\t\t\t<div class=\"elementor-element elementor-element-c020872 elementor-widget elementor-widget-heading\" data-id=\"c020872\" data-element_type=\"widget\" data-e-type=\"widget\" data-widget_type=\"heading.default\">\n\t\t\t\t<div class=\"elementor-widget-container\">\n\t\t\t\t\t<h2 class=\"elementor-heading-title elementor-size-default\">\u00dcbersicht ausgew\u00e4hlter Projekte und Zuwendungen durch den F\u00f6rderverein <\/h2>\t\t\t\t<\/div>\n\t\t\t\t<\/div>\n\t\t\t\t\t<\/div>\n\t\t<\/div>\n\t\t\t\t\t<\/div>\n\t\t<\/section>\n\t\t\t\t<section class=\"elementor-section elementor-top-section elementor-element elementor-element-3bfff99 elementor-section-boxed elementor-section-height-default elementor-section-height-default\" data-id=\"3bfff99\" data-element_type=\"section\" data-e-type=\"section\">\n\t\t\t\t\t\t<div class=\"elementor-container elementor-column-gap-default\">\n\t\t\t\t\t<div class=\"elementor-column elementor-col-50 elementor-top-column elementor-element elementor-element-8b101e0\" data-id=\"8b101e0\" data-element_type=\"column\" data-e-type=\"column\">\n\t\t\t<div class=\"elementor-widget-wrap elementor-element-populated\">\n\t\t\t\t\t\t<div class=\"elementor-element elementor-element-2d9a511 elementor-widget elementor-widget-text-editor\" data-id=\"2d9a511\" data-element_type=\"widget\" data-e-type=\"widget\" data-widget_type=\"text-editor.default\">\n\t\t\t\t<div class=\"elementor-widget-container\">\n\t\t\t\t\t\t\t\t\t<p>Dank der \u00dcbernahme der Kosten durch den <a href=\"https:\/\/wkge-en.de\/wkge\/eltern\/foererverein\/\">F\u00f6rderverein der Wilhelm-Kraft Gesamtschule<\/a> ist es m\u00f6glich, das Speisenangebot in der Mensa attraktiver zu gestalten. Hier die neue Theke f\u00fcr die Beilagensalate:<\/p><p><em>(05\/2019)<\/em><\/p>\t\t\t\t\t\t\t\t<\/div>\n\t\t\t\t<\/div>\n\t\t\t\t\t<\/div>\n\t\t<\/div>\n\t\t\t\t<div class=\"elementor-column elementor-col-50 elementor-top-column elementor-element elementor-element-e48fa25\" data-id=\"e48fa25\" data-element_type=\"column\" data-e-type=\"column\">\n\t\t\t<div class=\"elementor-widget-wrap elementor-element-populated\">\n\t\t\t\t\t\t<div class=\"elementor-element elementor-element-a304b7e elementor-widget elementor-widget-image\" data-id=\"a304b7e\" data-element_type=\"widget\" data-e-type=\"widget\" data-widget_type=\"image.default\">\n\t\t\t\t<div class=\"elementor-widget-container\">\n\t\t\t\t\t\t\t\t\t\t\t\t\t\t\t<img decoding=\"async\" src=\"https:\/\/wkge-en.de\/wkge\/wp-content\/uploads\/IMG_0190.jpg\" title=\"\" alt=\"\" loading=\"lazy\" \/>\t\t\t\t\t\t\t\t\t\t\t\t\t\t\t<\/div>\n\t\t\t\t<\/div>\n\t\t\t\t\t<\/div>\n\t\t<\/div>\n\t\t\t\t\t<\/div>\n\t\t<\/section>\n\t\t\t\t<section class=\"elementor-section elementor-top-section elementor-element elementor-element-9dd8e6d elementor-section-boxed elementor-section-height-default elementor-section-height-default\" data-id=\"9dd8e6d\" data-element_type=\"section\" data-e-type=\"section\">\n\t\t\t\t\t\t<div class=\"elementor-container elementor-column-gap-default\">\n\t\t\t\t\t<div class=\"elementor-column elementor-col-50 elementor-top-column elementor-element elementor-element-f985e40\" data-id=\"f985e40\" data-element_type=\"column\" data-e-type=\"column\">\n\t\t\t<div class=\"elementor-widget-wrap elementor-element-populated\">\n\t\t\t\t\t\t<div class=\"elementor-element elementor-element-23cce5c elementor-widget elementor-widget-image\" data-id=\"23cce5c\" data-element_type=\"widget\" data-e-type=\"widget\" data-widget_type=\"image.default\">\n\t\t\t\t<div class=\"elementor-widget-container\">\n\t\t\t\t\t\t\t\t\t\t\t\t\t\t\t<img decoding=\"async\" src=\"https:\/\/wkge-en.de\/wkge\/wp-content\/uploads\/IMG_0191-e1557829874923.jpg\" title=\"\" alt=\"\" loading=\"lazy\" \/>\t\t\t\t\t\t\t\t\t\t\t\t\t\t\t<\/div>\n\t\t\t\t<\/div>\n\t\t\t\t\t<\/div>\n\t\t<\/div>\n\t\t\t\t<div class=\"elementor-column elementor-col-50 elementor-top-column elementor-element elementor-element-f6b48d5\" data-id=\"f6b48d5\" data-element_type=\"column\" data-e-type=\"column\">\n\t\t\t<div class=\"elementor-widget-wrap elementor-element-populated\">\n\t\t\t\t\t\t<div class=\"elementor-element elementor-element-7d8d413 elementor-widget elementor-widget-text-editor\" data-id=\"7d8d413\" data-element_type=\"widget\" data-e-type=\"widget\" data-widget_type=\"text-editor.default\">\n\t\t\t\t<div class=\"elementor-widget-container\">\n\t\t\t\t\t\t\t\t\t<p>Die DIY-AG unter der Leitung von Frau Niephaus bedankt sich beim <a href=\"https:\/\/wkge-en.de\/wkge\/eltern\/foererverein\/\">F\u00f6rderverein der Wilhelm-Kraft-Gesamtschule<\/a> f\u00fcr die \u00dcbernahme der Kosten f\u00fcr 4 neue N\u00e4hmaschinen. Hier sieht man, wie eifrig gen\u00e4ht wird.<\/p><p>(05\/2019)<\/p>\t\t\t\t\t\t\t\t<\/div>\n\t\t\t\t<\/div>\n\t\t\t\t\t<\/div>\n\t\t<\/div>\n\t\t\t\t\t<\/div>\n\t\t<\/section>\n\t\t\t\t<\/div>\n\t\t","protected":false},"excerpt":{"rendered":"<p>\u00dcbersicht ausgew\u00e4hlter Projekte und Zuwendungen durch den F\u00f6rderverein Dank der \u00dcbernahme der Kosten durch den F\u00f6rderverein der Wilhelm-Kraft Gesamtschule ist es m\u00f6glich, das Speisenangebot in der Mensa attraktiver zu gestalten. Hier die neue Theke f\u00fcr die Beilagensalate: (05\/2019) Die DIY-AG unter der Leitung von Frau Niephaus bedankt sich beim F\u00f6rderverein der Wilhelm-Kraft-Gesamtschule f\u00fcr die \u00dcbernahme der Kosten f\u00fcr 4 neue N\u00e4hmaschinen. Hier sieht man, wie eifrig gen\u00e4ht wird. (05\/2019)<\/p>\n","protected":false},"author":2,"featured_media":0,"parent":1645,"menu_order":0,"comment_status":"closed","ping_status":"closed","template":"","meta":{"footnotes":""},"class_list":["post-3853","page","type-page","status-publish","hentry","","tg-column-two"],"_links":{"self":[{"href":"https:\/\/wkge-en.de\/wkge\/wp-json\/wp\/v2\/pages\/3853","targetHints":{"allow":["GET"]}}],"collection":[{"href":"https:\/\/wkge-en.de\/wkge\/wp-json\/wp\/v2\/pages"}],"about":[{"href":"https:\/\/wkge-en.de\/wkge\/wp-json\/wp\/v2\/types\/page"}],"author":[{"embeddable":true,"href":"https:\/\/wkge-en.de\/wkge\/wp-json\/wp\/v2\/users\/2"}],"replies":[{"embeddable":true,"href":"https:\/\/wkge-en.de\/wkge\/wp-json\/wp\/v2\/comments?post=3853"}],"version-history":[{"count":2,"href":"https:\/\/wkge-en.de\/wkge\/wp-json\/wp\/v2\/pages\/3853\/revisions"}],"predecessor-version":[{"id":3857,"href":"https:\/\/wkge-en.de\/wkge\/wp-json\/wp\/v2\/pages\/3853\/revisions\/3857"}],"up":[{"embeddable":true,"href":"https:\/\/wkge-en.de\/wkge\/wp-json\/wp\/v2\/pages\/1645"}],"wp:attachment":[{"href":"https:\/\/wkge-en.de\/wkge\/wp-json\/wp\/v2\/media?parent=3853"}],"curies":[{"name":"wp","href":"https:\/\/api.w.org\/{rel}","templated":true}]}}