{"id":4825,"date":"2020-03-22T08:46:39","date_gmt":"2020-03-22T07:46:39","guid":{"rendered":"https:\/\/wkge-en.de\/wkge\/?page_id=4825"},"modified":"2020-08-04T22:45:19","modified_gmt":"2020-08-04T20:45:19","slug":"4825-2","status":"publish","type":"page","link":"https:\/\/wkge-en.de\/wkge\/4825-2\/","title":{"rendered":"Informationen der Schulleitung zur Corona-Krise"},"content":{"rendered":"<p><strong>Aktuelle Informationen der Schulleitung:<\/strong><\/p>\n<p>04.08.2020: <a href=\"https:\/\/wkge-en.de\/wkge\/hinweis-der-schulleitung\/konzept-fuer-einen-angepassten-schulbetrieb-in-corona-zeiten-zu-beginn-des-schuljahres-2020-21\/\">Konzept f\u00fcr einen angepassten Schulbetrieb in Corona-Zeiten zu Beginn des Schuljahres 2020\/21<\/a><\/p>\n<p><strong><em>Schuljahr 2019\/20<\/em><\/strong><\/p>\n<p>04.05.2020: <a href=\"https:\/\/wkge-en.de\/wkge\/2019-20\/wie-geht-es-weiter\/\">Wie geht es weiter?<\/a><\/p>\n<p>25.04.2020:\u00a0<a href=\"https:\/\/wkge-en.de\/wkge\/2019-20\/hinweise-und-verhaltensregeln-fuer-die-schuelerbefoerderung-im-oepnv\/\">Hinweise und Verhaltensregeln f\u00fcr die Sch\u00fclerbef\u00f6rderung im \u00d6PNV<\/a><\/p>\n<p>22.04.2020: <a href=\"https:\/\/wkge-en.de\/wkge\/2019-20\/ver-einsatzwagenfahrplaene-gueltig-ab-donnerstag-den-23-april-2020\/\">VER Einsatzwagenfahrpl\u00e4ne g\u00fcltig ab Donnerstag, den 23. April 2020<\/a><\/p>\n<p>17.04.2020: <a href=\"https:\/\/wkge-en.de\/wkge\/2019-20\/wiederbeginn-unterricht-10er-und-q2\/\">Wiederbeginn Unterricht 10er und Q2<\/a><\/p>\n<p>16.04.2020: <a href=\"https:\/\/wkge-en.de\/wkge\/2019-20\/4870\/\">Informationen zum Schulbeginn nach den Osterferien<\/a><\/p>\n<p>21.03.2020: <a href=\"https:\/\/wkge-en.de\/wkge\/hinweis-der-schulleitung\/aenderung-der-betreuungsmoeglichkeiten-in-der-schule\/\">\u00c4nderung der Betreuungsm\u00f6glichkeiten in der Schule<\/a><\/p>\n<p>19.03.2020: <a href=\"https:\/\/wkge-en.de\/wkge\/2019-20\/absage-der-berufsfelderkundungstage\/\">Absage der Berufsfelderkundungstage<\/a><span style=\"color: #ff0000;\"> (Update 21.04.2020)<\/span><\/p>\n<p>18.03.2020:<a href=\"https:\/\/wkge-en.de\/wkge\/2019-20\/ausfall-praktikum\/\"> Ausfall Praktikum<\/a><\/p>\n<p>17.03.2020: <a href=\"https:\/\/wkge-en.de\/wkge\/2019-20\/kontakt-zu-den-klassenlehrerinnen\/\">KONTAKT zu den KLASSENLEHRER*INNEN<\/a><\/p>\n<p>17.03.2020: <a href=\"https:\/\/wkge-en.de\/wkge\/2019-20\/4803\/\">Berufsberatung Corona<\/a><\/p>\n<p>17.03.2020: <a href=\"https:\/\/wkge-en.de\/wkge\/2019-20\/aufgaben-fuer-die-kommenden-wochen\/\">Aufgaben f\u00fcr die kommenden Wochen<\/a><\/p>\n<p>15.03.2020: <a href=\"https:\/\/wkge-en.de\/wkge\/2019-20\/betreuung-von-kindern-durch-die-schule\/\">Betreuung von Kindern durch die Schule <\/a><span style=\"color: #ff0000;\">\u00a0(Achtung! ge\u00e4nderte Betreuungsm\u00f6glichkeiten ab 21.03.2020)<\/span><\/p>\n<p>13.03.2020: <a href=\"https:\/\/wkge-en.de\/wkge\/2019-20\/schulschliessung-informationen-des-ministerums\/\">Schulschlie\u00dfung \u2013 Informationen des Ministerums<\/a><\/p>\n","protected":false},"excerpt":{"rendered":"<p>Aktuelle Informationen der Schulleitung: 04.08.2020: Konzept f\u00fcr einen angepassten Schulbetrieb in Corona-Zeiten zu Beginn des Schuljahres 2020\/21 Schuljahr 2019\/20 04.05.2020: Wie geht es weiter? 25.04.2020:\u00a0Hinweise und Verhaltensregeln f\u00fcr die Sch\u00fclerbef\u00f6rderung im \u00d6PNV 22.04.2020: VER Einsatzwagenfahrpl\u00e4ne g\u00fcltig ab Donnerstag, den 23. April 2020 17.04.2020: Wiederbeginn Unterricht 10er und Q2 16.04.2020: Informationen zum Schulbeginn nach den Osterferien 21.03.2020: \u00c4nderung der Betreuungsm\u00f6glichkeiten in der Schule 19.03.2020: Absage der Berufsfelderkundungstage (Update 21.04.2020) 18.03.2020: Ausfall Praktikum 17.03.2020: KONTAKT zu den KLASSENLEHRER*INNEN 17.03.2020: Berufsberatung Corona 17.03.2020: Aufgaben f\u00fcr die kommenden Wochen 15.03.2020: Betreuung von Kindern durch die Schule \u00a0(Achtung! ge\u00e4nderte Betreuungsm\u00f6glichkeiten ab 21.03.2020) 13.03.2020: Schulschlie\u00dfung \u2013 Informationen des Ministerums<\/p>\n","protected":false},"author":2,"featured_media":0,"parent":0,"menu_order":0,"comment_status":"closed","ping_status":"closed","template":"","meta":{"footnotes":""},"class_list":["post-4825","page","type-page","status-publish","hentry","","tg-column-two"],"_links":{"self":[{"href":"https:\/\/wkge-en.de\/wkge\/wp-json\/wp\/v2\/pages\/4825","targetHints":{"allow":["GET"]}}],"collection":[{"href":"https:\/\/wkge-en.de\/wkge\/wp-json\/wp\/v2\/pages"}],"about":[{"href":"https:\/\/wkge-en.de\/wkge\/wp-json\/wp\/v2\/types\/page"}],"author":[{"embeddable":true,"href":"https:\/\/wkge-en.de\/wkge\/wp-json\/wp\/v2\/users\/2"}],"replies":[{"embeddable":true,"href":"https:\/\/wkge-en.de\/wkge\/wp-json\/wp\/v2\/comments?post=4825"}],"version-history":[{"count":10,"href":"https:\/\/wkge-en.de\/wkge\/wp-json\/wp\/v2\/pages\/4825\/revisions"}],"predecessor-version":[{"id":4997,"href":"https:\/\/wkge-en.de\/wkge\/wp-json\/wp\/v2\/pages\/4825\/revisions\/4997"}],"wp:attachment":[{"href":"https:\/\/wkge-en.de\/wkge\/wp-json\/wp\/v2\/media?parent=4825"}],"curies":[{"name":"wp","href":"https:\/\/api.w.org\/{rel}","templated":true}]}}