{"id":497,"date":"2018-12-11T12:32:14","date_gmt":"2018-12-11T11:32:14","guid":{"rendered":"http:\/\/wkge-en.de\/wkge\/?page_id=497"},"modified":"2021-04-18T15:59:54","modified_gmt":"2021-04-18T13:59:54","slug":"unterricht","status":"publish","type":"page","link":"https:\/\/wkge-en.de\/wkge\/unsere-schule\/schulprogramm\/unterricht\/","title":{"rendered":"Unterricht"},"content":{"rendered":"<ul>\n<li id=\"dhtml_menu-232\" class=\"first leaf dhtml-menu\"><a href=\"http:\/\/wkge-en.de\/wkge\/unsere-schule\/schulprogramm\/unterricht\/ziele-des-unterrichts\/\">Ziele des Unterrichts<\/a><\/li>\n<li id=\"dhtml_menu-233\" class=\"dhtml-menu collapsed start-collapsed\"><a href=\"http:\/\/wkge-en.de\/wkge\/unsere-schule\/schulprogramm\/unterricht\/unterrichtspartitur\/\">Unterrichtspartitur<\/a><\/li>\n<li id=\"dhtml_menu-283\" class=\"dhtml-menu collapsed start-collapsed\"><a href=\"http:\/\/wkge-en.de\/wkge\/unsere-schule\/schulprogramm\/unterricht\/projektarbeit\/\">Projektarbeit<\/a><\/li>\n<li id=\"dhtml_menu-286\" class=\"leaf dhtml-menu\"><a href=\"http:\/\/wkge-en.de\/wkge\/unsere-schule\/schulprogramm\/unterricht\/methodenkonzeption\/\">Methodenkonzeption<\/a><\/li>\n<li id=\"dhtml_menu-287\" class=\"dhtml-menu collapsed start-collapsed\"><a href=\"http:\/\/wkge-en.de\/wkge\/unsere-schule\/schulprogramm\/unterricht\/medienkonzept\/\">Medienkonzept<\/a><\/li>\n<li id=\"dhtml_menu-270\" class=\"leaf dhtml-menu\"><a href=\"http:\/\/wkge-en.de\/wkge\/unsere-schule\/schulprogramm\/unterricht\/wochenplan-und-arbeitsstunde-stellenwert-von-wochenplan-und-arbeitsstunde-im-unterrichts-und-erziehungskonzept-unserer-schule\/\">Wochenplan und Arbeitsstunde<\/a><\/li>\n<li id=\"dhtml_menu-257\" class=\"leaf dhtml-menu\"><a href=\"http:\/\/wkge-en.de\/wkge\/stellung-der-haeuslichen-arbeit-im-unterrichts-und-erziehungskonzept-der-schule\/\">Stellung der h\u00e4uslichen Arbeit im Unterrichts- und Erziehungskonzept der Schule<\/a><\/li>\n<li id=\"dhtml_menu-266\" class=\"dhtml-menu collapsed start-collapsed\"><a href=\"http:\/\/wkge-en.de\/wkge\/unsere-schule\/schulprogramm\/unterricht\/qualitaetsentwicklung-und-qualitaetssicherung\/\">Qualit\u00e4tsentwicklung und Qualit\u00e4tssicherung<\/a><\/li>\n<li id=\"dhtml_menu-285\" class=\"dhtml-menu collapsed start-collapsed\"><a href=\"https:\/\/wkge-en.de\/wkge\/foerderkonzept-der-Wilhelm-Kraft-Gesamtschule\">F\u00f6rderkonzept der Wilhelm-Kraft-Gesamtschule<\/a><\/li>\n<li id=\"dhtml_menu-279\" class=\"leaf dhtml-menu\">Wahlpflichtbereich<\/li>\n<li id=\"dhtml_menu-343\" class=\"leaf dhtml-menu\"><a href=\"http:\/\/wkge-en.de\/wkge\/unsere-schule\/schulprogramm\/unterricht\/module-fuer-die-klassen-9-und-10\/\">Module f\u00fcr die Klassen 9<\/a><\/li>\n<li id=\"dhtml_menu-284\" class=\"last dhtml-menu collapsed start-collapsed\"><a href=\"http:\/\/wkge-en.de\/wkge\/unsere-schule\/schulprogramm\/unterricht\/die-gymnasiale-oberstufe\/\">Die gymnasiale Oberstufe<\/a><\/li>\n<\/ul>\n","protected":false},"excerpt":{"rendered":"<p>Ziele des Unterrichts Unterrichtspartitur Projektarbeit Methodenkonzeption Medienkonzept Wochenplan und Arbeitsstunde Stellung der h\u00e4uslichen Arbeit im Unterrichts- und Erziehungskonzept der Schule Qualit\u00e4tsentwicklung und Qualit\u00e4tssicherung F\u00f6rderkonzept der Wilhelm-Kraft-Gesamtschule Wahlpflichtbereich Module f\u00fcr die Klassen 9 Die gymnasiale Oberstufe<\/p>\n","protected":false},"author":2,"featured_media":0,"parent":25,"menu_order":0,"comment_status":"closed","ping_status":"closed","template":"","meta":{"footnotes":""},"class_list":["post-497","page","type-page","status-publish","hentry","","tg-column-two"],"_links":{"self":[{"href":"https:\/\/wkge-en.de\/wkge\/wp-json\/wp\/v2\/pages\/497","targetHints":{"allow":["GET"]}}],"collection":[{"href":"https:\/\/wkge-en.de\/wkge\/wp-json\/wp\/v2\/pages"}],"about":[{"href":"https:\/\/wkge-en.de\/wkge\/wp-json\/wp\/v2\/types\/page"}],"author":[{"embeddable":true,"href":"https:\/\/wkge-en.de\/wkge\/wp-json\/wp\/v2\/users\/2"}],"replies":[{"embeddable":true,"href":"https:\/\/wkge-en.de\/wkge\/wp-json\/wp\/v2\/comments?post=497"}],"version-history":[{"count":5,"href":"https:\/\/wkge-en.de\/wkge\/wp-json\/wp\/v2\/pages\/497\/revisions"}],"predecessor-version":[{"id":5784,"href":"https:\/\/wkge-en.de\/wkge\/wp-json\/wp\/v2\/pages\/497\/revisions\/5784"}],"up":[{"embeddable":true,"href":"https:\/\/wkge-en.de\/wkge\/wp-json\/wp\/v2\/pages\/25"}],"wp:attachment":[{"href":"https:\/\/wkge-en.de\/wkge\/wp-json\/wp\/v2\/media?parent=497"}],"curies":[{"name":"wp","href":"https:\/\/api.w.org\/{rel}","templated":true}]}}