{"id":5111,"date":"2021-05-16T16:06:43","date_gmt":"2021-05-16T14:06:43","guid":{"rendered":"https:\/\/wkge-en.de\/wkge\/?page_id=5111"},"modified":"2025-05-22T08:47:15","modified_gmt":"2025-05-22T06:47:15","slug":"ak-vielfalt","status":"publish","type":"page","link":"https:\/\/wkge-en.de\/wkge\/ak-vielfalt\/","title":{"rendered":"AK Vielfalt"},"content":{"rendered":"\t\t<div data-elementor-type=\"wp-page\" data-elementor-id=\"5111\" class=\"elementor elementor-5111\">\n\t\t\t\t\t\t<section class=\"elementor-section elementor-top-section elementor-element elementor-element-5f4f8abe elementor-section-boxed elementor-section-height-default elementor-section-height-default\" data-id=\"5f4f8abe\" data-element_type=\"section\" data-e-type=\"section\">\n\t\t\t\t\t\t<div class=\"elementor-container elementor-column-gap-default\">\n\t\t\t\t\t<div class=\"elementor-column elementor-col-100 elementor-top-column elementor-element elementor-element-6f761ae9\" data-id=\"6f761ae9\" data-element_type=\"column\" data-e-type=\"column\">\n\t\t\t<div class=\"elementor-widget-wrap elementor-element-populated\">\n\t\t\t\t\t\t<div class=\"elementor-element elementor-element-7ed8aa91 elementor-widget elementor-widget-text-editor\" data-id=\"7ed8aa91\" data-element_type=\"widget\" data-e-type=\"widget\" data-widget_type=\"text-editor.default\">\n\t\t\t\t<div class=\"elementor-widget-container\">\n\t\t\t\t\t\t\t\t\t<p>Der AK \u201eSchule ohne Rassismus-Schule der Vielfalt\u201c wurde mit dem Anliegen gegr\u00fcndet, im Jahr <strong>2007<\/strong> \u201eSchule ohne Rassismus\u201c zu werden.<br \/>Er besteht derzeit aus <strong>6 Kolleg:innen<\/strong>, deren Aufgabe es ist die vielf\u00e4ltigen thematischen Aktionen f\u00fcr alle Jahrg\u00e4nge zu organisieren sowie ansprechbar f\u00fcr Anliegen von Sch\u00fcler*innen, aus dem Kollegium und der Elternschaft zu sein.<\/p><table><tbody><tr><td>\u00a0<\/td><td>\u00a0<\/td><td>\u00a0<\/td><td>\u00a0<\/td><\/tr><tr><td>\u00a0<\/td><td>\u00a0<\/td><td>\u00a0<\/td><td>\u00a0<\/td><\/tr><\/tbody><\/table><p>Ebenso wie die aus <strong>Sch\u00fcler*innen bestehende Arbeitsgruppe<\/strong> \u201eSchule der Vielfalt\u201c (gegr\u00fcndet mit \u00dcbergabe der Auszeichnung \u201eSchule der Vielfalt 2012\u201c) soll es Unterst\u00fctzung geben, wenn es F\u00e4lle von einzelner oder struktureller Benachteiligung oder Ausgrenzung gibt.<\/p><p><strong><u>Regelm\u00e4\u00dfige Projekte<\/u><\/strong><br \/><b>5. Jahrgang:<\/b> Besuch der Zeitzeugen, Actionkids (Projekt der Kindernothilfe)<br \/><b>6. Jahrgang:<\/b> Inklusion (Parcours mit Handicaps)<br \/><b>7. Jahrgang:<\/b> Homophobie\/Transphobie sowie Gender, Theaterp\u00e4dagogische Workshops, Aktionen zum IDAHOBIT<br \/><b>8. Jahrgang:<\/b> Besuch verschiedenster religi\u00f6ser Institutionen<br \/><b>9. Jahrgang:<\/b> \u201eR\u00e4ume der Vielfalt\u201c (sexualp\u00e4dagogisches Pr\u00e4ventionsprojekt)<br \/><b>10. Jahrgang:<\/b> Flucht, Vertreibung und Zuwanderung (\u201eReligi\u00f6se Radikalisierung-Salafismus\u201c sowie Islamfeindlichkeit, Isalamismus und Dschihadistische Propaganda) \/ \u201eFairer Handel\u201c und \u201eNachhaltigkeit\u201c \/ Leben mit psychischen Krankheiten<br \/><b>11. Jahrgang:<\/b> Studienfahrt Weimar und Buchenwald<\/p><p><strong><u>Chronik<\/u><\/strong><br \/>Um die Mitteilungen lesen zu k\u00f6nnen, einfach auf das jeweilige Artikelbild klicken.<\/p><table><tbody><tr><td width=\"33%\">\u00a0<\/td><td width=\"33%\"><a href=\"https:\/\/wkge-en.de\/wkge\/2020-21\/wir-zeigen-die-rote-karte-gegen-diskriminierung\"><img decoding=\"async\" src=\"https:\/\/wkge-en.de\/wkge\/wp-content\/uploads\/AK-Vielfalt3.jpg\" \/><\/a><\/td><td width=\"33%\"><a href=\"https:\/\/wkge-en.de\/wkge\/2020-21\/bunte-masken-fuer-die-vielfalt\"><img decoding=\"async\" src=\"https:\/\/wkge-en.de\/wkge\/wp-content\/uploads\/IMG_8536-300x225.jpg\" \/><\/a><\/td><\/tr><tr><td width=\"33%\">\u00a0<\/td><td width=\"33%\">14. Mai 2021<\/td><td width=\"33%\">5. Oktober 2020<\/td><\/tr><tr><td width=\"33%\">\u00a0<\/td><td width=\"33%\"><strong>Wir zeigen die rote Karte gegen Diskriminierung<\/strong><\/td><td width=\"33%\"><strong>Bunte Masken f\u00fcr die Vielfalt<\/strong><\/td><\/tr><\/tbody><\/table><table><tbody><tr><td width=\"33%\"><a href=\"https:\/\/wkge-en.de\/wkge\/2019-20\/aktionstage-schule-ohne-rassismus-in-klasse-5\"><img decoding=\"async\" src=\"https:\/\/wkge-en.de\/wkge\/wp-content\/uploads\/5D-Zeitzeugen--270x270.jpg\" \/><\/a><\/td><td width=\"33%\"><a href=\"https:\/\/wkge-en.de\/wkge\/2019-20\/schule-ohne-rassismus-schule-mit-courage-2\"><img decoding=\"async\" src=\"https:\/\/wkge-en.de\/wkge\/wp-content\/uploads\/IMG_5027-270x270.jpg\" \/><\/a><\/td><td width=\"33%\"><a href=\"https:\/\/wkge-en.de\/wkge\/2018-19\/idahobit-am-17-mai-2019-schule-der-vielfalt\"><img decoding=\"async\" src=\"https:\/\/wkge-en.de\/wkge\/wp-content\/uploads\/Vielfalt-3-270x270.jpg\" \/><\/a><\/td><\/tr><tr><td width=\"33%\">5. Januar 2020<\/td><td width=\"33%\">20. November 2019<\/td><td width=\"33%\">4. Juni 2019<\/td><\/tr><tr><td width=\"33%\"><strong>Aktionstage Schule ohne Rassismus in Klasse 5<\/strong><\/td><td width=\"33%\"><strong>Schule ohne Rassismus \u2013 Schule mit Courage<\/strong><\/td><td width=\"33%\"><strong>IDAHOBIT AM 17.Mai 2019 \u2013 Schule der Vielfalt<\/strong><\/td><\/tr><\/tbody><\/table><table><tbody><tr><td width=\"33%\"><a href=\"https:\/\/wkge-en.de\/wkge\/2018-19\/exkursion-der-10e-4074-tage-tatorte-der-nsu-morde\"><img decoding=\"async\" src=\"https:\/\/wkge-en.de\/wkge\/wp-content\/uploads\/IMG_3382-270x270.jpg\" \/><\/a><\/td><td width=\"33%\"><a href=\"https:\/\/wkge-en.de\/wkge\/2018-19\/actionkidz-und-zeitzeugen-an-der-wilhelm-kraft-gesamtschule\"><img decoding=\"async\" src=\"https:\/\/wkge-en.de\/wkge\/wp-content\/uploads\/Logo-AK-Vielfalt.jpg\" \/><\/a><\/td><td width=\"33%\"><a href=\"https:\/\/wkge-en.de\/wkge\/2017-18\/kunstaktion-zum-idahot-2018\"><img decoding=\"async\" src=\"https:\/\/wkge-en.de\/wkge\/wp-content\/uploads\/WKGE-2018-05-IDAHOT_06-270x270.jpg\" \/><\/a><\/td><\/tr><tr><td width=\"33%\">15. Mai 2019<\/td><td width=\"33%\">1. Dezember 2018<\/td><td width=\"33%\">31. Mai 2018<\/td><\/tr><tr><td width=\"33%\"><strong>Exkursion der 10E \u2013 4074 Tage \u2013 Tatorte der NSU-Morde<\/strong><\/td><td width=\"33%\"><strong>Zeitzeugen an der Wilhelm-Kraft-Gesamtschule<\/strong><\/td><td width=\"33%\"><strong>Kunstaktion zum IDAHOT 2018<\/strong><\/td><\/tr><\/tbody><\/table><table><tbody><tr><td width=\"33%\"><a href=\"https:\/\/wkge-en.de\/wkge\/2017-18\/der-tag-der-vielfalt-2018-ein-rueckblick\"><img decoding=\"async\" src=\"https:\/\/wkge-en.de\/wkge\/wp-content\/uploads\/20180201_122211-270x270.jpg\" \/><\/a><\/td><td width=\"33%\"><a href=\"https:\/\/wkge-en.de\/wkge\/2017-18\/tag-der-vielfalt-2018-programm\"><img decoding=\"async\" src=\"https:\/\/wkge-en.de\/wkge\/wp-content\/uploads\/SdV-Logo.jpg\" \/><\/a><\/td><td width=\"33%\"><a href=\"https:\/\/wkge-en.de\/wkge\/2016-17\/aktion-ausrufezeichen-der-kindernothilfe-e-v-unsere-schule-schule-der-vielfalt-war-dabei\"><img decoding=\"async\" src=\"https:\/\/wkge-en.de\/wkge\/wp-content\/uploads\/Ausrufezeichen-270x270.jpg\" \/><\/a><\/td><\/tr><tr><td width=\"33%\">24. April 2018<\/td><td width=\"33%\">31. Januar 2018<\/td><td width=\"33%\">26. Juni 2017<\/td><\/tr><tr><td width=\"33%\"><strong>Der Tag der Vielfalt 2018 \u2013 Ein R\u00fcckblick<\/strong><\/td><td width=\"33%\"><strong>Tag der Vielfalt 2018 \u2013 Programm<\/strong><\/td><td width=\"33%\"><strong>Aktion Ausrufezeichen der Kindernothilfe e. V. \u2013 Unsere Schule \u2013 Schule der Vielfalt \u2013 war dabei<\/strong><\/td><\/tr><\/tbody><\/table><table><tbody><tr><td width=\"33%\"><a href=\"https:\/\/wkge-en.de\/wkge\/2016-17\/idahot-international-day-against-homo-transphobia-aktionstag-17-05-2017\"><img decoding=\"async\" src=\"https:\/\/wkge-en.de\/wkge\/wp-content\/uploads\/Idahot-1-270x270.jpg\" \/><\/a><\/td><td width=\"33%\"><a href=\"https:\/\/wkge-en.de\/wkge\/2016-17\/sexualpaedagogische-praevention-zum-valentinstag\"><img decoding=\"async\" src=\"https:\/\/wkge-en.de\/wkge\/wp-content\/uploads\/WKGE-2016-2017-Sexualp%C3%A4dagogisches-Projekt-2017_-270x270.jpg\" \/><\/a><\/td><td width=\"33%\"><a href=\"https:\/\/wkge-en.de\/wkge\/2016-17\/tag-der-vielfalt-2017\"><img decoding=\"async\" src=\"https:\/\/wkge-en.de\/wkge\/wp-content\/uploads\/SdV-Logo.jpg\" \/><\/a><\/td><\/tr><tr><td width=\"33%\">23. Mai 2017<\/td><td width=\"33%\">19. Februar 2017<\/td><td width=\"33%\">22. Januar 2017<\/td><\/tr><tr><td width=\"33%\"><strong>IDAHOT! International Day Against Homo &amp; Transphobia. Aktionstag 17.05.2017<\/strong><\/td><td width=\"33%\"><strong>Sexualp\u00e4dagogische Pr\u00e4vention zum Valentinstag<\/strong><\/td><td width=\"33%\"><strong>Tag der Vielfalt 2017<\/strong><\/td><\/tr><\/tbody><\/table><table><tbody><tr><td width=\"33%\"><a href=\"https:\/\/wkge-en.de\/wkge\/2015-16\/tag-der-vielfalt-2016-an-der-wilhelm-kraft-gesamtschule\"><img decoding=\"async\" src=\"https:\/\/wkge-en.de\/wkge\/wp-content\/uploads\/P1020387-270x270.jpg\" \/><\/a><\/td><td width=\"33%\"><a href=\"https:\/\/wkge-en.de\/wkge\/2015-16\/schule-der-zukunft-wir-sind-dabei\"><img decoding=\"async\" src=\"https:\/\/wkge-en.de\/wkge\/wp-content\/uploads\/SdZ-Logo.jpg\" \/><\/a><\/td><td width=\"33%\"><a href=\"https:\/\/wkge-en.de\/wkge\/2013-14\/wkge-als-schule-der-vielfalt-im-fernsehen\"><img decoding=\"async\" src=\"https:\/\/wkge-en.de\/wkge\/wp-content\/uploads\/SdV-Logo.jpg\" \/><\/a><\/td><\/tr><tr><td width=\"33%\">16. Februar 2016<\/td><td width=\"33%\">15. August 2015<\/td><td width=\"33%\">14. Januar 2014<\/td><\/tr><tr><td width=\"33%\"><strong>Tag der Vielfalt 2016 an der Wilhelm-Kraft-Gesamtschule<\/strong><\/td><td width=\"33%\"><strong>Schule der Zukunft \u2013 wir sind dabei!<\/strong><\/td><td width=\"33%\"><strong>WKGE als \u201cSchule der Vielfalt\u201d im Fernsehen<\/strong><\/td><\/tr><\/tbody><\/table><table><tbody><tr><td width=\"33%\"><a href=\"https:\/\/wkge-en.de\/wkge\/2009-10\/schule-ohne-rassismus-schule-mit-courage\"><img decoding=\"async\" src=\"https:\/\/wkge-en.de\/wkge\/wp-content\/uploads\/SoR-Logo.jpg\" \/><\/a><\/td><td width=\"33%\"><a href=\"https:\/\/wkge-en.de\/wkge\/2006-07\/schule-ohne-rassismus-auszeichnung-fuer-projekte-gegen-rassistische-sprueche\"><img decoding=\"async\" src=\"https:\/\/wkge-en.de\/wkge\/wp-content\/uploads\/SoR-Logo.jpg\" \/><\/a><\/td><td width=\"33%\"><a href=\"https:\/\/wkge-en.de\/wkge\/2006-07\/die-wilhelm-kraft-gesamtschule-laedt-ein-feierliche-uebergabe-der-plakette-schule-ohne-rassismus\"><img decoding=\"async\" src=\"https:\/\/wkge-en.de\/wkge\/wp-content\/uploads\/SoR-Logo.jpg\" \/><\/a><\/td><\/tr><tr><td width=\"33%\">4. November 2009<\/td><td width=\"33%\">30. M\u00e4rz 2007<\/td><td width=\"33%\">22. M\u00e4rz 2007<\/td><\/tr><tr><td width=\"33%\"><strong>Schule ohne Rassismus \u2013 Schule mit Courage<\/strong><\/td><td width=\"33%\"><strong>Schule ohne Rassismus: Auszeichnung f\u00fcr Projekte gegen rassistische Spr\u00fcche<\/strong><\/td><td width=\"33%\"><strong>Die Wilhelm-Kraft-Gesamtschule l\u00e4dt ein: Feierliche \u00dcbergabe der Plakette \u201cSchule ohne Rassismus\u201d<\/strong><\/td><\/tr><\/tbody><\/table><p>Letzte Aktualisierung: 18.02.2021<\/p>\t\t\t\t\t\t\t\t<\/div>\n\t\t\t\t<\/div>\n\t\t\t\t\t<\/div>\n\t\t<\/div>\n\t\t\t\t\t<\/div>\n\t\t<\/section>\n\t\t\t\t<\/div>\n\t\t","protected":false},"excerpt":{"rendered":"<p>Der AK \u201eSchule ohne Rassismus-Schule der Vielfalt\u201c wurde mit dem Anliegen gegr\u00fcndet, im Jahr 2007 \u201eSchule ohne Rassismus\u201c zu werden.Er besteht derzeit aus 6 Kolleg:innen, deren Aufgabe es ist die vielf\u00e4ltigen thematischen Aktionen f\u00fcr alle Jahrg\u00e4nge zu organisieren sowie ansprechbar f\u00fcr Anliegen von Sch\u00fcler*innen, aus dem Kollegium und der Elternschaft zu sein. \u00a0 \u00a0 \u00a0 \u00a0 \u00a0 \u00a0 \u00a0 \u00a0 Ebenso wie die aus Sch\u00fcler*innen bestehende Arbeitsgruppe \u201eSchule der Vielfalt\u201c (gegr\u00fcndet mit \u00dcbergabe der Auszeichnung \u201eSchule der Vielfalt 2012\u201c) soll es Unterst\u00fctzung geben, wenn es F\u00e4lle von einzelner oder struktureller Benachteiligung oder Ausgrenzung gibt. Regelm\u00e4\u00dfige Projekte5. Jahrgang: Besuch der Zeitzeugen, Actionkids (Projekt der Kindernothilfe)6. Jahrgang: Inklusion (Parcours mit Handicaps)7. Jahrgang: Homophobie\/Transphobie sowie Gender, Theaterp\u00e4dagogische Workshops, Aktionen zum IDAHOBIT8. Jahrgang: Besuch verschiedenster religi\u00f6ser Institutionen9. Jahrgang: \u201eR\u00e4ume der Vielfalt\u201c (sexualp\u00e4dagogisches Pr\u00e4ventionsprojekt)10. Jahrgang: Flucht, Vertreibung und Zuwanderung (\u201eReligi\u00f6se Radikalisierung-Salafismus\u201c sowie Islamfeindlichkeit, Isalamismus und Dschihadistische Propaganda) \/ \u201eFairer Handel\u201c und \u201eNachhaltigkeit\u201c \/ Leben mit<\/p>\n","protected":false},"author":12,"featured_media":0,"parent":0,"menu_order":0,"comment_status":"closed","ping_status":"closed","template":"","meta":{"footnotes":""},"class_list":["post-5111","page","type-page","status-publish","hentry","","tg-column-two"],"_links":{"self":[{"href":"https:\/\/wkge-en.de\/wkge\/wp-json\/wp\/v2\/pages\/5111","targetHints":{"allow":["GET"]}}],"collection":[{"href":"https:\/\/wkge-en.de\/wkge\/wp-json\/wp\/v2\/pages"}],"about":[{"href":"https:\/\/wkge-en.de\/wkge\/wp-json\/wp\/v2\/types\/page"}],"author":[{"embeddable":true,"href":"https:\/\/wkge-en.de\/wkge\/wp-json\/wp\/v2\/users\/12"}],"replies":[{"embeddable":true,"href":"https:\/\/wkge-en.de\/wkge\/wp-json\/wp\/v2\/comments?post=5111"}],"version-history":[{"count":10,"href":"https:\/\/wkge-en.de\/wkge\/wp-json\/wp\/v2\/pages\/5111\/revisions"}],"predecessor-version":[{"id":9730,"href":"https:\/\/wkge-en.de\/wkge\/wp-json\/wp\/v2\/pages\/5111\/revisions\/9730"}],"wp:attachment":[{"href":"https:\/\/wkge-en.de\/wkge\/wp-json\/wp\/v2\/media?parent=5111"}],"curies":[{"name":"wp","href":"https:\/\/api.w.org\/{rel}","templated":true}]}}