{"id":5249,"date":"2020-11-16T10:22:38","date_gmt":"2020-11-16T09:22:38","guid":{"rendered":"https:\/\/wkge-en.de\/wkge\/?page_id=5249"},"modified":"2025-05-27T17:37:39","modified_gmt":"2025-05-27T15:37:39","slug":"lehrerrat","status":"publish","type":"page","link":"https:\/\/wkge-en.de\/wkge\/lehrerrat\/","title":{"rendered":"Lehrerrat"},"content":{"rendered":"\t\t<div data-elementor-type=\"wp-page\" data-elementor-id=\"5249\" class=\"elementor elementor-5249\">\n\t\t\t\t\t\t<section class=\"elementor-section elementor-top-section elementor-element elementor-element-5fa6414a elementor-section-boxed elementor-section-height-default elementor-section-height-default\" data-id=\"5fa6414a\" data-element_type=\"section\" data-e-type=\"section\">\n\t\t\t\t\t\t<div class=\"elementor-container elementor-column-gap-default\">\n\t\t\t\t\t<div class=\"elementor-column elementor-col-100 elementor-top-column elementor-element elementor-element-555bc9a\" data-id=\"555bc9a\" data-element_type=\"column\" data-e-type=\"column\">\n\t\t\t<div class=\"elementor-widget-wrap elementor-element-populated\">\n\t\t\t\t\t\t<div class=\"elementor-element elementor-element-67314bc elementor-widget elementor-widget-heading\" data-id=\"67314bc\" data-element_type=\"widget\" data-e-type=\"widget\" data-widget_type=\"heading.default\">\n\t\t\t\t<div class=\"elementor-widget-container\">\n\t\t\t\t\t<h2 class=\"elementor-heading-title elementor-size-default\">Der Lehrerrat<\/h2>\t\t\t\t<\/div>\n\t\t\t\t<\/div>\n\t\t\t\t<section class=\"elementor-section elementor-inner-section elementor-element elementor-element-56804bf elementor-section-boxed elementor-section-height-default elementor-section-height-default\" data-id=\"56804bf\" data-element_type=\"section\" data-e-type=\"section\">\n\t\t\t\t\t\t<div class=\"elementor-container elementor-column-gap-default\">\n\t\t\t\t\t<div class=\"elementor-column elementor-col-50 elementor-inner-column elementor-element elementor-element-fbb0c24\" data-id=\"fbb0c24\" data-element_type=\"column\" data-e-type=\"column\">\n\t\t\t<div class=\"elementor-widget-wrap elementor-element-populated\">\n\t\t\t\t\t\t<div class=\"elementor-element elementor-element-264596ab elementor-widget elementor-widget-text-editor\" data-id=\"264596ab\" data-element_type=\"widget\" data-e-type=\"widget\" data-widget_type=\"text-editor.default\">\n\t\t\t\t<div class=\"elementor-widget-container\">\n\t\t\t\t\t\t\t\t\t<p>Liebe Kolleginnen und Kollegen,<\/p>\n<p>seit Beginn des Schuljahres 20\/21 sind wir f\u00fcr euch als neugew\u00e4hlter Lehrerrat t\u00e4tig. Gern haben wir f\u00fcr euch ein offenes Ohr, wenn im Arbeitsalltag Schwierigkeiten auftreten sollten. Auch als Vermittler zwischen euch und der Schulleitung stehen wir auf Wunsch unterst\u00fctzend zur Seite. Bei Fragen zum Thema Mehrarbeit, sprecht gerne direkt Larissa an.<\/p>\n<p>Wir stehen durch regelm\u00e4\u00dfige Treffen in einem engen Austausch mit der Schulleitung und k\u00f6nnen so flexibel und zeitnah auf verschiedenste Aspekte des Schullebens reagieren. Solltet ihr Fragen oder Anregungen haben, sprecht uns gern an oder schreibt uns eine Mail an lehrerrat[at]wkge-en.de.<\/p>\n<p>Mehr Informationen zu den Aufgaben des Lehrerrats findes ihr hier: <a href=\"https:\/\/www.gew-nrw.de\/lehrerrat-arbeitsplatz.html\">https:\/\/www.gew-nrw.de\/lehrerrat-arbeitsplatz.html<\/a><\/p>\n<p>Viele Gr\u00fc\u00dfe!<\/p>\n<p>Der Lehrerrat<\/p>\t\t\t\t\t\t\t\t<\/div>\n\t\t\t\t<\/div>\n\t\t\t\t\t<\/div>\n\t\t<\/div>\n\t\t\t\t<div class=\"elementor-column elementor-col-50 elementor-inner-column elementor-element elementor-element-4785f7d\" data-id=\"4785f7d\" data-element_type=\"column\" data-e-type=\"column\">\n\t\t\t<div class=\"elementor-widget-wrap\">\n\t\t\t\t\t\t\t<\/div>\n\t\t<\/div>\n\t\t\t\t\t<\/div>\n\t\t<\/section>\n\t\t\t\t\t<\/div>\n\t\t<\/div>\n\t\t\t\t\t<\/div>\n\t\t<\/section>\n\t\t\t\t<section class=\"elementor-section elementor-top-section elementor-element elementor-element-d7706e5 elementor-section-boxed elementor-section-height-default elementor-section-height-default\" data-id=\"d7706e5\" data-element_type=\"section\" data-e-type=\"section\">\n\t\t\t\t\t\t<div class=\"elementor-container elementor-column-gap-default\">\n\t\t\t\t\t<div class=\"elementor-column elementor-col-100 elementor-top-column elementor-element elementor-element-dfc4f8d\" data-id=\"dfc4f8d\" data-element_type=\"column\" data-e-type=\"column\">\n\t\t\t<div class=\"elementor-widget-wrap\">\n\t\t\t\t\t\t\t<\/div>\n\t\t<\/div>\n\t\t\t\t\t<\/div>\n\t\t<\/section>\n\t\t\t\t<section class=\"elementor-section elementor-top-section elementor-element elementor-element-23e38dc elementor-section-boxed elementor-section-height-default elementor-section-height-default\" data-id=\"23e38dc\" data-element_type=\"section\" data-e-type=\"section\">\n\t\t\t\t\t\t<div class=\"elementor-container elementor-column-gap-default\">\n\t\t\t\t\t<div class=\"elementor-column elementor-col-100 elementor-top-column elementor-element elementor-element-8ac0ba3\" data-id=\"8ac0ba3\" data-element_type=\"column\" data-e-type=\"column\">\n\t\t\t<div class=\"elementor-widget-wrap\">\n\t\t\t\t\t\t\t<\/div>\n\t\t<\/div>\n\t\t\t\t\t<\/div>\n\t\t<\/section>\n\t\t\t\t<\/div>\n\t\t","protected":false},"excerpt":{"rendered":"<p>Der Lehrerrat Liebe Kolleginnen und Kollegen, seit Beginn des Schuljahres 20\/21 sind wir f\u00fcr euch als neugew\u00e4hlter Lehrerrat t\u00e4tig. Gern haben wir f\u00fcr euch ein offenes Ohr, wenn im Arbeitsalltag Schwierigkeiten auftreten sollten. Auch als Vermittler zwischen euch und der Schulleitung stehen wir auf Wunsch unterst\u00fctzend zur Seite. Bei Fragen zum Thema Mehrarbeit, sprecht gerne direkt Larissa an. Wir stehen durch regelm\u00e4\u00dfige Treffen in einem engen Austausch mit der Schulleitung und k\u00f6nnen so flexibel und zeitnah auf verschiedenste Aspekte des Schullebens reagieren. Solltet ihr Fragen oder Anregungen haben, sprecht uns gern an oder schreibt uns eine Mail an lehrerrat[at]wkge-en.de. Mehr Informationen zu den Aufgaben des Lehrerrats findes ihr hier: https:\/\/www.gew-nrw.de\/lehrerrat-arbeitsplatz.html Viele Gr\u00fc\u00dfe! Der Lehrerrat<\/p>\n","protected":false},"author":2,"featured_media":0,"parent":0,"menu_order":0,"comment_status":"closed","ping_status":"closed","template":"","meta":{"footnotes":""},"class_list":["post-5249","page","type-page","status-publish","hentry","","tg-column-two"],"_links":{"self":[{"href":"https:\/\/wkge-en.de\/wkge\/wp-json\/wp\/v2\/pages\/5249","targetHints":{"allow":["GET"]}}],"collection":[{"href":"https:\/\/wkge-en.de\/wkge\/wp-json\/wp\/v2\/pages"}],"about":[{"href":"https:\/\/wkge-en.de\/wkge\/wp-json\/wp\/v2\/types\/page"}],"author":[{"embeddable":true,"href":"https:\/\/wkge-en.de\/wkge\/wp-json\/wp\/v2\/users\/2"}],"replies":[{"embeddable":true,"href":"https:\/\/wkge-en.de\/wkge\/wp-json\/wp\/v2\/comments?post=5249"}],"version-history":[{"count":10,"href":"https:\/\/wkge-en.de\/wkge\/wp-json\/wp\/v2\/pages\/5249\/revisions"}],"predecessor-version":[{"id":9741,"href":"https:\/\/wkge-en.de\/wkge\/wp-json\/wp\/v2\/pages\/5249\/revisions\/9741"}],"wp:attachment":[{"href":"https:\/\/wkge-en.de\/wkge\/wp-json\/wp\/v2\/media?parent=5249"}],"curies":[{"name":"wp","href":"https:\/\/api.w.org\/{rel}","templated":true}]}}