{"id":527,"date":"2018-12-11T14:48:07","date_gmt":"2018-12-11T13:48:07","guid":{"rendered":"http:\/\/wkge-en.de\/wkge\/?page_id=527"},"modified":"2018-12-11T14:49:15","modified_gmt":"2018-12-11T13:49:15","slug":"projektarbeit","status":"publish","type":"page","link":"https:\/\/wkge-en.de\/wkge\/unsere-schule\/schulprogramm\/unterricht\/projektarbeit\/","title":{"rendered":"Projektarbeit"},"content":{"rendered":"\t\t<div data-elementor-type=\"wp-post\" data-elementor-id=\"527\" class=\"elementor elementor-527 elementor-bc-flex-widget\">\n\t\t\t\t\t\t<section class=\"elementor-section elementor-top-section elementor-element elementor-element-36ca208 elementor-section-boxed elementor-section-height-default elementor-section-height-default\" data-id=\"36ca208\" data-element_type=\"section\" data-e-type=\"section\">\n\t\t\t\t\t\t<div class=\"elementor-container elementor-column-gap-default\">\n\t\t\t\t\t<div class=\"elementor-column elementor-col-100 elementor-top-column elementor-element elementor-element-5d04968\" data-id=\"5d04968\" data-element_type=\"column\" data-e-type=\"column\">\n\t\t\t<div class=\"elementor-widget-wrap elementor-element-populated\">\n\t\t\t\t\t\t<div class=\"elementor-element elementor-element-f921fd8 elementor-widget elementor-widget-heading\" data-id=\"f921fd8\" data-element_type=\"widget\" data-e-type=\"widget\" data-widget_type=\"heading.default\">\n\t\t\t\t<div class=\"elementor-widget-container\">\n\t\t\t\t\t<h2 class=\"elementor-heading-title elementor-size-default\">Projektarbeit<\/h2>\t\t\t\t<\/div>\n\t\t\t\t<\/div>\n\t\t\t\t\t<\/div>\n\t\t<\/div>\n\t\t\t\t\t<\/div>\n\t\t<\/section>\n\t\t\t\t<section class=\"elementor-section elementor-top-section elementor-element elementor-element-24ba098 elementor-section-boxed elementor-section-height-default elementor-section-height-default\" data-id=\"24ba098\" data-element_type=\"section\" data-e-type=\"section\">\n\t\t\t\t\t\t<div class=\"elementor-container elementor-column-gap-default\">\n\t\t\t\t\t<div class=\"elementor-column elementor-col-100 elementor-top-column elementor-element elementor-element-ff77da8\" data-id=\"ff77da8\" data-element_type=\"column\" data-e-type=\"column\">\n\t\t\t<div class=\"elementor-widget-wrap elementor-element-populated\">\n\t\t\t\t\t\t<div class=\"elementor-element elementor-element-6c39669 elementor-widget elementor-widget-text-editor\" data-id=\"6c39669\" data-element_type=\"widget\" data-e-type=\"widget\" data-widget_type=\"text-editor.default\">\n\t\t\t\t<div class=\"elementor-widget-container\">\n\t\t\t\t\t\t\t\t\t<div class=\"field field-name-body field-type-text-with-summary field-label-hidden\"><div class=\"field-items\"><div class=\"field-item even\"><p>Die Richtlinien sehen vor, in allen Jahrgangsstufen vernetzte Projekte durchzuf\u00fchren.<\/p><p>Kriterien der Projektarbeit (Grundkonsens im Kollegium):<\/p><ol><li>Gesellschaftsbezug<\/li><li>Lebenspraxisbezug<\/li><li>Selbstbestimmtes Lernen<\/li><li>Ganzheitliches Lernen<\/li><li>F\u00e4cher\u00fcbergreifendes Lernen<\/li><li>Produktorientierung<\/li><li>Pr\u00e4sentation<\/li><li>Evaluation<\/li><\/ol><h5>Umsetzung:<\/h5><p>Jahrgangsstufenteams entscheiden abschlie\u00dfend, welches\/welche Projekt\/e im Schuljahr durchgef\u00fchrt wird\/werden.<\/p><p>Die Teams treffen Absprachen, wann und mit welchen Ressourcen (Personal\/Material\/R\u00e4ume) die entsprechenden Vorhaben realisiert werden k\u00f6nnen.<\/p><p>Die Teams kontrollieren die jeweiligen Projekte auf ihre <a href=\"http:\/\/wilhelm-kraft-gesamtschule.de\/schulprogramm\/unterrichtspartitur\">Partitur<\/a>-Stimmigkeit!!<\/p><p>Die abgestimmten Vorhaben m\u00fcssen dem didaktischen Leiter zur Verf\u00fcgung gestellt werden, damit eine Integration in die geltenden Unterrichtspartituren und ggf. den Terminplan erfolgen kann.<\/p><p>Koordination in den Teams: <a href=\"http:\/\/wilhelm-kraft-gesamtschule.de\/schulprogramm\/abteilungsleitungen\">Abteilungsleitungen<\/a>.<\/p><p>Konkretisierungen f\u00fcr die verschiedenen Jahrg\u00e4nge entnehmen Sie bitte den folgenden Links und Downloads:<\/p><ul><li>Jahrgang 5: <a href=\"https:\/\/www.wilhelm-kraft-gesamtschule.de\/schulprogramm\/gesundheitserziehung\">Gesundheit<\/a><\/li><li><a href=\"http:\/\/wilhelm-kraft-gesamtschule.de\/schulprogramm\/projekttage-6\">Jahrgang 6: Methodentraining<\/a><\/li><li><a href=\"http:\/\/wilhelm-kraft-gesamtschule.de\/schulprogramm\/projekttage-7\">Jahrgang 7: Ruhrgebiet<\/a><\/li><li>Jahrgang 8: <a href=\"https:\/\/www.wilhelm-kraft-gesamtschule.de\/schulprogramm\/lebensplanung\">Lebensplanung<\/a><\/li><li>Jahrgang 9: <a href=\"https:\/\/www.wilhelm-kraft-gesamtschule.de\/schulprogramm\/berufswahlvorbereitung\">Praktikum<\/a><\/li><li>Jahrgang 9: Teamentwicklung im Klassenraum<\/li><li>Jahrgang 10: <a class=\"ext\" href=\"http:\/\/wkge.info\/schulprogramm\/pdf\/gl-projekt.pdf\" target=\"_blank\" rel=\"noopener noreferrer\">GL: Nachkriegszeit <i>(PDF, 67 KB)<\/i>\u00a0<\/a><\/li><li>Jahrgang 10: <a class=\"ext\" href=\"http:\/\/wkge.info\/schulprogramm\/pdf\/uebergang.pdf\" target=\"_blank\" rel=\"noopener noreferrer\">\u00dcbergangsprojekt SI \/ SII <i>(PDF, 148 KB)<\/i>\u00a0<\/a><\/li><li>Jahrgang 12: <a class=\"ext\" href=\"http:\/\/wkge.info\/schulprogramm\/pdf\/facharbeit-wilhelm-kraft-ge.pdf\" target=\"_blank\" rel=\"noopener noreferrer\">Facharbeit <i>(PDF, 110 KB)<\/i>\u00a0<\/a> \/ <a class=\"ext\" href=\"http:\/\/wkge.info\/schulprogramm\/pdf\/facharbeit-wilhelm-kraft-ge.pps\" target=\"_blank\" rel=\"noopener noreferrer\"><i>(PowerPoint-Pr\u00e4sentation, 1,5 MB)<\/i><\/a><\/li><\/ul><p class=\"rteright\"><i>M\u00e4rz 2012<\/i><\/p><\/div><\/div><\/div>\t\t\t\t\t\t\t\t<\/div>\n\t\t\t\t<\/div>\n\t\t\t\t\t<\/div>\n\t\t<\/div>\n\t\t\t\t\t<\/div>\n\t\t<\/section>\n\t\t\t\t<\/div>\n\t\t","protected":false},"excerpt":{"rendered":"<p>Projektarbeit Die Richtlinien sehen vor, in allen Jahrgangsstufen vernetzte Projekte durchzuf\u00fchren. Kriterien der Projektarbeit (Grundkonsens im Kollegium): Gesellschaftsbezug Lebenspraxisbezug Selbstbestimmtes Lernen Ganzheitliches Lernen F\u00e4cher\u00fcbergreifendes Lernen Produktorientierung Pr\u00e4sentation Evaluation Umsetzung: Jahrgangsstufenteams entscheiden abschlie\u00dfend, welches\/welche Projekt\/e im Schuljahr durchgef\u00fchrt wird\/werden. Die Teams treffen Absprachen, wann und mit welchen Ressourcen (Personal\/Material\/R\u00e4ume) die entsprechenden Vorhaben realisiert werden k\u00f6nnen. Die Teams kontrollieren die jeweiligen Projekte auf ihre Partitur-Stimmigkeit!! Die abgestimmten Vorhaben m\u00fcssen dem didaktischen Leiter zur Verf\u00fcgung gestellt werden, damit eine Integration in die geltenden Unterrichtspartituren und ggf. den Terminplan erfolgen kann. Koordination in den Teams: Abteilungsleitungen. Konkretisierungen f\u00fcr die verschiedenen Jahrg\u00e4nge entnehmen Sie bitte den folgenden Links und Downloads: Jahrgang 5: Gesundheit Jahrgang 6: Methodentraining Jahrgang 7: Ruhrgebiet Jahrgang 8: Lebensplanung Jahrgang 9: Praktikum Jahrgang 9: Teamentwicklung im Klassenraum Jahrgang 10: GL: Nachkriegszeit (PDF, 67 KB)\u00a0 Jahrgang 10: \u00dcbergangsprojekt SI \/ SII (PDF, 148 KB)\u00a0 Jahrgang 12: Facharbeit (PDF, 110 KB)\u00a0 \/ (PowerPoint-Pr\u00e4sentation, 1,5<\/p>\n","protected":false},"author":2,"featured_media":0,"parent":497,"menu_order":0,"comment_status":"closed","ping_status":"closed","template":"","meta":{"footnotes":""},"class_list":["post-527","page","type-page","status-publish","hentry","","tg-column-two"],"_links":{"self":[{"href":"https:\/\/wkge-en.de\/wkge\/wp-json\/wp\/v2\/pages\/527","targetHints":{"allow":["GET"]}}],"collection":[{"href":"https:\/\/wkge-en.de\/wkge\/wp-json\/wp\/v2\/pages"}],"about":[{"href":"https:\/\/wkge-en.de\/wkge\/wp-json\/wp\/v2\/types\/page"}],"author":[{"embeddable":true,"href":"https:\/\/wkge-en.de\/wkge\/wp-json\/wp\/v2\/users\/2"}],"replies":[{"embeddable":true,"href":"https:\/\/wkge-en.de\/wkge\/wp-json\/wp\/v2\/comments?post=527"}],"version-history":[{"count":3,"href":"https:\/\/wkge-en.de\/wkge\/wp-json\/wp\/v2\/pages\/527\/revisions"}],"predecessor-version":[{"id":532,"href":"https:\/\/wkge-en.de\/wkge\/wp-json\/wp\/v2\/pages\/527\/revisions\/532"}],"up":[{"embeddable":true,"href":"https:\/\/wkge-en.de\/wkge\/wp-json\/wp\/v2\/pages\/497"}],"wp:attachment":[{"href":"https:\/\/wkge-en.de\/wkge\/wp-json\/wp\/v2\/media?parent=527"}],"curies":[{"name":"wp","href":"https:\/\/api.w.org\/{rel}","templated":true}]}}