{"id":554,"date":"2018-12-11T20:36:08","date_gmt":"2018-12-11T19:36:08","guid":{"rendered":"http:\/\/wkge-en.de\/wkge\/?page_id=554"},"modified":"2018-12-12T07:15:01","modified_gmt":"2018-12-12T06:15:01","slug":"wochenplan-und-arbeitsstunde-stellenwert-von-wochenplan-und-arbeitsstunde-im-unterrichts-und-erziehungskonzept-unserer-schule","status":"publish","type":"page","link":"https:\/\/wkge-en.de\/wkge\/unsere-schule\/schulprogramm\/unterricht\/wochenplan-und-arbeitsstunde-stellenwert-von-wochenplan-und-arbeitsstunde-im-unterrichts-und-erziehungskonzept-unserer-schule\/","title":{"rendered":"Wochenplan und Arbeitsstunde"},"content":{"rendered":"\t\t<div data-elementor-type=\"wp-post\" data-elementor-id=\"554\" class=\"elementor elementor-554 elementor-bc-flex-widget\">\n\t\t\t\t\t\t<section class=\"elementor-section elementor-top-section elementor-element elementor-element-f2a9cc0 elementor-section-boxed elementor-section-height-default elementor-section-height-default\" data-id=\"f2a9cc0\" data-element_type=\"section\" data-e-type=\"section\">\n\t\t\t\t\t\t<div class=\"elementor-container elementor-column-gap-default\">\n\t\t\t\t\t<div class=\"elementor-column elementor-col-100 elementor-top-column elementor-element elementor-element-787bbf8\" data-id=\"787bbf8\" data-element_type=\"column\" data-e-type=\"column\">\n\t\t\t<div class=\"elementor-widget-wrap elementor-element-populated\">\n\t\t\t\t\t\t<div class=\"elementor-element elementor-element-864b660 elementor-widget elementor-widget-heading\" data-id=\"864b660\" data-element_type=\"widget\" data-e-type=\"widget\" data-widget_type=\"heading.default\">\n\t\t\t\t<div class=\"elementor-widget-container\">\n\t\t\t\t\t<h2 class=\"elementor-heading-title elementor-size-default\"> Wochenplan und Arbeitsstunde\nStellenwert von Wochenplan und Arbeitsstunde im Unterrichts- und Erziehungskonzept unserer Schule<\/h2>\t\t\t\t<\/div>\n\t\t\t\t<\/div>\n\t\t\t\t\t<\/div>\n\t\t<\/div>\n\t\t\t\t\t<\/div>\n\t\t<\/section>\n\t\t\t\t<section class=\"elementor-section elementor-top-section elementor-element elementor-element-394e7f8 elementor-section-boxed elementor-section-height-default elementor-section-height-default\" data-id=\"394e7f8\" data-element_type=\"section\" data-e-type=\"section\">\n\t\t\t\t\t\t<div class=\"elementor-container elementor-column-gap-default\">\n\t\t\t\t\t<div class=\"elementor-column elementor-col-100 elementor-top-column elementor-element elementor-element-daf0742\" data-id=\"daf0742\" data-element_type=\"column\" data-e-type=\"column\">\n\t\t\t<div class=\"elementor-widget-wrap elementor-element-populated\">\n\t\t\t\t\t\t<div class=\"elementor-element elementor-element-791fb52 elementor-widget elementor-widget-text-editor\" data-id=\"791fb52\" data-element_type=\"widget\" data-e-type=\"widget\" data-widget_type=\"text-editor.default\">\n\t\t\t\t<div class=\"elementor-widget-container\">\n\t\t\t\t\t\t\t\t\t<p>Arbeitsstunden und Wochenplan sind integrierter Bestandteil unserer Gesamtschule. Sch\u00fclerinnen und Sch\u00fcler lernen insbesondere hier unterschiedliche Lernformen und Lernwege eigenst\u00e4ndig zu beherrschen. Die Arbeitsstunde stellt zudem einen wesentlichen Lernort f\u00fcr den Erwerb von sozialer Kompetenz dar.<\/p><p>Daraus und aus den neuen Richtlinien ergeben sich folgende Leitziele:<\/p><p>Die Sch\u00fclerinnen und Sch\u00fcler sollen<\/p><ul><li>die F\u00e4higkeit zu selbstst\u00e4ndigem Arbeiten, zur Selbstorganisation und zur Zusammenarbeit mit anderen entwickeln,<\/li><li>die F\u00e4higkeit aufbauen, selbstst\u00e4ndig Probleme zu l\u00f6sen, bei zunehmend sicherer Verf\u00fcgbarkeit \u00fcber Methoden und Kenntnisse,<\/li><li>ein ihren F\u00e4higkeiten entsprechendes Anspruchsniveau erreichen, das Sachkompetenz, Eigenst\u00e4ndigkeit und Teamf\u00e4higkeit miteinander verbindet.<\/li><\/ul><p>In Wochenplan und Arbeitsstunde sollten neben Grundanforderungen auch Aufgaben gestellt werden, die vor allem die Probleme, Fragen und Interessen der Sch\u00fclerinnen und Sch\u00fcler ber\u00fccksichtigen. Wochenplan und Arbeitsstunde leisten einen Beitrag zu mehr Chancengleichheit durch individuelle F\u00f6rderung.<\/p><p>Das bedeutet:<\/p><ul><li>Selbstst\u00e4ndigkeit lernen die Sch\u00fclerinnen und Sch\u00fcler, indem sie:<ul><li>die Arbeitstechniken und -methoden zunehmend eigenst\u00e4ndig ausw\u00e4hlen und anwenden,<\/li><li>mit anderen Sch\u00fclerinnen und Sch\u00fclern kooperieren und dadurch Teamf\u00e4higkeit entwickeln und Verantwortung \u00fcbernehmen.<\/li><\/ul><\/li><li>Arbeitsstunden sind nur dann f\u00fcr alle sinnvoll, wenn:<ul><li>ein einheitliches Regelwerk erarbeitet und befolgt wird,<\/li><li>Wochenpl\u00e4ne i. d. R. in Grund- und Zusatzanforderungen gestellt werden.<\/li><\/ul><\/li><li>Sch\u00fclerorientierung in der Aufgabenstellung von Wochenpl\u00e4nen zeigt sich:<ul><li>in Transparenz der Aufgabenstellung hinsichtlich der Bedeutung f\u00fcr den Unterricht,<\/li><li>in der M\u00f6glichkeit, handlungsorientiert und fach\u00fcbergreifend zu arbeiten,<\/li><li>in der Widerspiegelung der Sch\u00fclerwirklichkeit in Thema, Aufgabenstellung und Methode.<\/li><\/ul><\/li><li>Lehrerinnen und Lehrer entwickeln Chancengleichheit durch:<ul><li>gezielte F\u00f6rderung lernschwacher und schwieriger &#8211; selbstverst\u00e4ndlich auch leistungsstarker &#8211; Sch\u00fclerinnen und Sch\u00fcler nach entsprechender Beobachtung.<\/li><\/ul><\/li><li>Arbeitsstunden sind in der Regeln fachgebunden orientiert, d.h. dass die Fachlehrkraft der F\u00e4cher Deutsch, Englisch und Mathematik diese Arbeitsstunden leiten und so Gew\u00e4hr daf\u00fcr bieten, dass alle Sch\u00fclerinnen und Sch\u00fcler ihren F\u00e4higkeiten entsprechend individuell gef\u00f6rdert werden.<\/li><\/ul>\t\t\t\t\t\t\t\t<\/div>\n\t\t\t\t<\/div>\n\t\t\t\t\t<\/div>\n\t\t<\/div>\n\t\t\t\t\t<\/div>\n\t\t<\/section>\n\t\t\t\t<\/div>\n\t\t","protected":false},"excerpt":{"rendered":"<p>Wochenplan und Arbeitsstunde Stellenwert von Wochenplan und Arbeitsstunde im Unterrichts- und Erziehungskonzept unserer Schule Arbeitsstunden und Wochenplan sind integrierter Bestandteil unserer Gesamtschule. Sch\u00fclerinnen und Sch\u00fcler lernen insbesondere hier unterschiedliche Lernformen und Lernwege eigenst\u00e4ndig zu beherrschen. Die Arbeitsstunde stellt zudem einen wesentlichen Lernort f\u00fcr den Erwerb von sozialer Kompetenz dar. Daraus und aus den neuen Richtlinien ergeben sich folgende Leitziele: Die Sch\u00fclerinnen und Sch\u00fcler sollen die F\u00e4higkeit zu selbstst\u00e4ndigem Arbeiten, zur Selbstorganisation und zur Zusammenarbeit mit anderen entwickeln, die F\u00e4higkeit aufbauen, selbstst\u00e4ndig Probleme zu l\u00f6sen, bei zunehmend sicherer Verf\u00fcgbarkeit \u00fcber Methoden und Kenntnisse, ein ihren F\u00e4higkeiten entsprechendes Anspruchsniveau erreichen, das Sachkompetenz, Eigenst\u00e4ndigkeit und Teamf\u00e4higkeit miteinander verbindet. In Wochenplan und Arbeitsstunde sollten neben Grundanforderungen auch Aufgaben gestellt werden, die vor allem die Probleme, Fragen und Interessen der Sch\u00fclerinnen und Sch\u00fcler ber\u00fccksichtigen. Wochenplan und Arbeitsstunde leisten einen Beitrag zu mehr Chancengleichheit durch individuelle F\u00f6rderung. Das bedeutet: Selbstst\u00e4ndigkeit lernen die Sch\u00fclerinnen und Sch\u00fcler, indem<\/p>\n","protected":false},"author":2,"featured_media":0,"parent":497,"menu_order":0,"comment_status":"closed","ping_status":"closed","template":"","meta":{"footnotes":""},"class_list":["post-554","page","type-page","status-publish","hentry","","tg-column-two"],"_links":{"self":[{"href":"https:\/\/wkge-en.de\/wkge\/wp-json\/wp\/v2\/pages\/554","targetHints":{"allow":["GET"]}}],"collection":[{"href":"https:\/\/wkge-en.de\/wkge\/wp-json\/wp\/v2\/pages"}],"about":[{"href":"https:\/\/wkge-en.de\/wkge\/wp-json\/wp\/v2\/types\/page"}],"author":[{"embeddable":true,"href":"https:\/\/wkge-en.de\/wkge\/wp-json\/wp\/v2\/users\/2"}],"replies":[{"embeddable":true,"href":"https:\/\/wkge-en.de\/wkge\/wp-json\/wp\/v2\/comments?post=554"}],"version-history":[{"count":3,"href":"https:\/\/wkge-en.de\/wkge\/wp-json\/wp\/v2\/pages\/554\/revisions"}],"predecessor-version":[{"id":628,"href":"https:\/\/wkge-en.de\/wkge\/wp-json\/wp\/v2\/pages\/554\/revisions\/628"}],"up":[{"embeddable":true,"href":"https:\/\/wkge-en.de\/wkge\/wp-json\/wp\/v2\/pages\/497"}],"wp:attachment":[{"href":"https:\/\/wkge-en.de\/wkge\/wp-json\/wp\/v2\/media?parent=554"}],"curies":[{"name":"wp","href":"https:\/\/api.w.org\/{rel}","templated":true}]}}