{"id":583,"date":"2018-12-11T20:39:37","date_gmt":"2018-12-11T19:39:37","guid":{"rendered":"http:\/\/wkge-en.de\/wkge\/?page_id=583"},"modified":"2018-12-11T20:41:08","modified_gmt":"2018-12-11T19:41:08","slug":"qualitaetsentwicklung-und-qualitaetssicherung","status":"publish","type":"page","link":"https:\/\/wkge-en.de\/wkge\/unsere-schule\/schulprogramm\/unterricht\/qualitaetsentwicklung-und-qualitaetssicherung\/","title":{"rendered":"Qualit\u00e4tsentwicklung und Qualit\u00e4tssicherung"},"content":{"rendered":"\t\t<div data-elementor-type=\"wp-post\" data-elementor-id=\"583\" class=\"elementor elementor-583 elementor-bc-flex-widget\">\n\t\t\t\t\t\t<section class=\"elementor-section elementor-top-section elementor-element elementor-element-eae9a1e elementor-section-boxed elementor-section-height-default elementor-section-height-default\" data-id=\"eae9a1e\" data-element_type=\"section\" data-e-type=\"section\">\n\t\t\t\t\t\t<div class=\"elementor-container elementor-column-gap-default\">\n\t\t\t\t\t<div class=\"elementor-column elementor-col-100 elementor-top-column elementor-element elementor-element-e2e3194\" data-id=\"e2e3194\" data-element_type=\"column\" data-e-type=\"column\">\n\t\t\t<div class=\"elementor-widget-wrap elementor-element-populated\">\n\t\t\t\t\t\t<div class=\"elementor-element elementor-element-4041d8a elementor-widget elementor-widget-heading\" data-id=\"4041d8a\" data-element_type=\"widget\" data-e-type=\"widget\" data-widget_type=\"heading.default\">\n\t\t\t\t<div class=\"elementor-widget-container\">\n\t\t\t\t\t<h2 class=\"elementor-heading-title elementor-size-default\">Qualit\u00e4tsentwicklung und Qualit\u00e4tssicherung <\/h2>\t\t\t\t<\/div>\n\t\t\t\t<\/div>\n\t\t\t\t\t<\/div>\n\t\t<\/div>\n\t\t\t\t\t<\/div>\n\t\t<\/section>\n\t\t\t\t<section class=\"elementor-section elementor-top-section elementor-element elementor-element-4c16902 elementor-section-boxed elementor-section-height-default elementor-section-height-default\" data-id=\"4c16902\" data-element_type=\"section\" data-e-type=\"section\">\n\t\t\t\t\t\t<div class=\"elementor-container elementor-column-gap-default\">\n\t\t\t\t\t<div class=\"elementor-column elementor-col-100 elementor-top-column elementor-element elementor-element-5c4ee82\" data-id=\"5c4ee82\" data-element_type=\"column\" data-e-type=\"column\">\n\t\t\t<div class=\"elementor-widget-wrap elementor-element-populated\">\n\t\t\t\t\t\t<div class=\"elementor-element elementor-element-2310238 elementor-widget elementor-widget-toggle\" data-id=\"2310238\" data-element_type=\"widget\" data-e-type=\"widget\" data-widget_type=\"toggle.default\">\n\t\t\t\t<div class=\"elementor-widget-container\">\n\t\t\t\t\t\t\t<div class=\"elementor-toggle\">\n\t\t\t\t\t\t\t<div class=\"elementor-toggle-item\">\n\t\t\t\t\t<div id=\"elementor-tab-title-3671\" class=\"elementor-tab-title\" data-tab=\"1\" role=\"button\" aria-controls=\"elementor-tab-content-3671\" aria-expanded=\"false\">\n\t\t\t\t\t\t\t\t\t\t\t\t<span class=\"elementor-toggle-icon elementor-toggle-icon-left\" aria-hidden=\"true\">\n\t\t\t\t\t\t\t\t\t\t\t\t\t\t\t<span class=\"elementor-toggle-icon-closed\"><i class=\"fas fa-caret-right\"><\/i><\/span>\n\t\t\t\t\t\t\t\t<span class=\"elementor-toggle-icon-opened\"><i class=\"elementor-toggle-icon-opened fas fa-caret-up\"><\/i><\/span>\n\t\t\t\t\t\t\t\t\t\t\t\t\t<\/span>\n\t\t\t\t\t\t\t\t\t\t\t\t<a class=\"elementor-toggle-title\" tabindex=\"0\">Parallelarbeiten<\/a>\n\t\t\t\t\t<\/div>\n\n\t\t\t\t\t<div id=\"elementor-tab-content-3671\" class=\"elementor-tab-content elementor-clearfix\" data-tab=\"1\" role=\"region\" aria-labelledby=\"elementor-tab-title-3671\"><div class=\"field field-name-body field-type-text-with-summary field-label-hidden\"><div class=\"field-items\"><div class=\"field-item even\"><h2>Klassenarbeiten \/ Kursarbeiten<\/h2><p>&#8222;Schriftliche Klassenarbeiten sind soweit m\u00f6glich gleichm\u00e4\u00dfig auf die Schulhalbjahre zu verteilen, in einem Zeitraum von bis zu drei Wochen zu korrigieren und zu benoten, zur\u00fcckzugeben und zu besprechen.&#8220;\u00a0<\/p><p><sup><em>(<a class=\"ext\" href=\"http:\/\/www.schulministerium.nrw.de\/BP\/Schulrecht\/Fragen_Antworten\/FAQ\/FAQ_APO\/FAQ_APOSI\/Leistungsbewertung\/FAQBewertung\/Klassenarbeiten.html\" target=\"_blank\" rel=\"noopener noreferrer\">http:\/\/www.schulministerium.nrw.de\/BP\/Schulrecht\/Fragen_Antworten\/FAQ\/FAQ_APO\/FAQ_APOSI\/Leistungsbewertung\/FAQBewertung\/Klassenarbeiten.html<\/a>)<\/em><\/sup><\/p><p>Die Verteilung der Klassenarbeiten wird in den meisten F\u00e4llen von den Abteilungsleitungen vorgenommen. Vor der R\u00fcckgabe und Besprechung darf in demselben Fach keine neue Klassenarbeit geschrieben werden. Klassenarbeiten m\u00fcssen vor den Laufbahnkonferenzen zur\u00fcckgegeben werden, weil sonst die Notengebung f\u00fcr Sch\u00fclerinnen und Sch\u00fcler nicht transparent ist. P\u00e4dagogisch sinnvoll ist es, zwischen R\u00fcckgabe und Neuschreiben so viel Unterricht zu erteilen, dass aus den Fehlern der vorhergehenden Arbeit gelernt werden kann. Pro Tag darf insgesamt nur eine schriftliche Klassenarbeit geschrieben werden, in einer Woche sollen nicht mehr als zwei Arbeiten angesetzt werden. Am Tag einer Klassenarbeit sollte nach M\u00f6glichkeit kein weiterer Test geschrieben werden. Die Regelung \u201ezwei Arbeiten pro Wochen in der Sekundarstufe I.\u201c gilt \u201ein der Regel\u201c, je nach Zeitknappheit wird die Regel bei Nachschreibern durchbrochen.<\/p><p>Wenn h\u00e4ufig gegen den im Unterricht vermittelten und gr\u00fcndlich ge\u00fcbten Gebrauch der deutschen Sprache versto\u00dfen wird, kann dies zur Absenkung der Note um bis zu einer Notenstufe in allen F\u00e4chern f\u00fchren.<\/p><p>Vor der R\u00fcckgabe einer Arbeit muss die Abteilungsleitung \u00fcber das Ergebnis der Arbeit informiert werden. Das entsprechende Formular finden die Lehrkr\u00e4fte in der schulinternen Mailbox.<\/p><p><strong>Wegen der Vergleichbarkeit sind nach M\u00f6glichkeit Parallelarbeiten vorzusehen.<\/strong><\/p><p>Neben dem Testergebnisspiegel, einem Exemplar der Arbeit\/Aufgabenstellung\u00a0 mit der Beurteilungsgrundlage muss bei allen Arbeiten eine vollst\u00e4ndige Namensliste mit den individuellen Noten eingereicht werden, die bei jeder weiteren Arbeit im Halbjahr entsprechend erg\u00e4nzt abgegeben werden muss.<\/p><p>Die Abteilungsleitung muss jederzeit den Leistungsstand der Sch\u00fclerinnen und Sch\u00fclern nachvollziehen k\u00f6nnen. (Daf\u00fcr ist die Eintragungsverpflichtung in die Noten\u00fcbersichten als Anlage der Klassenb\u00fccher entfallen.)<\/p><p>Der Beurteilungsgrundlage m\u00fcssen die Bewertungskriterien zu entnehmen sein, die zwingend den Vorschriften der Leistungsbeurteilung der Fachkonferenzen entsprechen m\u00fcssen.<\/p><p>Bei Beschwerden gegen Noten von Klassenarbeiten handelt es sich nur dann um Widerspr\u00fcche, wenn die Benotung der Arbeit versetzungsrelevant bzw. abschlussrelevant ist. Ein Widerspruch muss der Abteilungsleitung (dann dem Schulleiter) vorgelegt werden.<\/p><p>Wird der Beschwerde nicht abgeholfen, muss die Schule den Beschwerdevorgang der Schulaufsichtsbeh\u00f6rde zur Entscheidung vorlegen.<\/p><p>In der Sekundarstufe I k\u00f6nnen Klassenarbeiten entweder individuell oder an von der Abteilungsleitung vorgesehenen Terminen nachgeschrieben werden. In den Stufen 7-10 kann ein Nachschreibetermin nur dann erneut angeboten werden, wenn f\u00fcr das Fehlen am Nachschreibetermin ein Attest vorliegt. (Dar\u00fcber m\u00fcssen die Sch\u00fclerinnen und Sch\u00fcler von der Abteilungsleitung informiert sein.)\u00a0<\/p><\/div><\/div><\/div><\/div>\n\t\t\t\t<\/div>\n\t\t\t\t\t\t\t<div class=\"elementor-toggle-item\">\n\t\t\t\t\t<div id=\"elementor-tab-title-3672\" class=\"elementor-tab-title\" data-tab=\"2\" role=\"button\" aria-controls=\"elementor-tab-content-3672\" aria-expanded=\"false\">\n\t\t\t\t\t\t\t\t\t\t\t\t<span class=\"elementor-toggle-icon elementor-toggle-icon-left\" aria-hidden=\"true\">\n\t\t\t\t\t\t\t\t\t\t\t\t\t\t\t<span class=\"elementor-toggle-icon-closed\"><i class=\"fas fa-caret-right\"><\/i><\/span>\n\t\t\t\t\t\t\t\t<span class=\"elementor-toggle-icon-opened\"><i class=\"elementor-toggle-icon-opened fas fa-caret-up\"><\/i><\/span>\n\t\t\t\t\t\t\t\t\t\t\t\t\t<\/span>\n\t\t\t\t\t\t\t\t\t\t\t\t<a class=\"elementor-toggle-title\" tabindex=\"0\">Lernstandserhebungen<\/a>\n\t\t\t\t\t<\/div>\n\n\t\t\t\t\t<div id=\"elementor-tab-content-3672\" class=\"elementor-tab-content elementor-clearfix\" data-tab=\"2\" role=\"region\" aria-labelledby=\"elementor-tab-title-3672\"><div class=\"field field-name-body field-type-text-with-summary field-label-hidden\"><div class=\"field-items\"><div class=\"field-item even\"><p>Im Rahmen der Qualit\u00e4tssicherung wird im Land Nordrhein-Westfalen eine j\u00e4hrliche Lernstandserhebung in der Jahrgangsstufe 8 in den F\u00e4chern Deutsch, Mathematik und Englisch durchgef\u00fchrt.<\/p><p>Zu Zielsetzung und Durchf\u00fchrung siehe <a class=\"ext\" href=\"http:\/\/www.standardsicherung.schulministerium.nrw.de\/lernstand8\/kurzinformation\/kurzinformation.html\" target=\"_blank\" rel=\"noopener noreferrer\">Lernstand 8<\/a> (auf den Seiten des Schulministeriums.<\/p><p>Die Evaluation der Lernstandserhebungen erfolgt regelm\u00e4\u00dfig in einem Bericht an die Bezirksregierung \u00fcber den Didaktischen Leiter. Dieser Bericht wird in der Lehrerkonferenz und der Schulkonferenz vorgestellt.<\/p><p class=\"rteright\"><em>M\u00e4rz 2012<\/em><\/p><\/div><\/div><\/div><\/div>\n\t\t\t\t<\/div>\n\t\t\t\t\t\t\t\t<\/div>\n\t\t\t\t\t\t<\/div>\n\t\t\t\t<\/div>\n\t\t\t\t\t<\/div>\n\t\t<\/div>\n\t\t\t\t\t<\/div>\n\t\t<\/section>\n\t\t\t\t<\/div>\n\t\t","protected":false},"excerpt":{"rendered":"<p>Qualit\u00e4tsentwicklung und Qualit\u00e4tssicherung Parallelarbeiten Klassenarbeiten \/ Kursarbeiten &#8220;Schriftliche Klassenarbeiten sind soweit m\u00f6glich gleichm\u00e4\u00dfig auf die Schulhalbjahre zu verteilen, in einem Zeitraum von bis zu drei Wochen zu korrigieren und zu benoten, zur\u00fcckzugeben und zu besprechen.&#8221;\u00a0 (http:\/\/www.schulministerium.nrw.de\/BP\/Schulrecht\/Fragen_Antworten\/FAQ\/FAQ_APO\/FAQ_APOSI\/Leistungsbewertung\/FAQBewertung\/Klassenarbeiten.html) Die Verteilung der Klassenarbeiten wird in den meisten F\u00e4llen von den Abteilungsleitungen vorgenommen. Vor der R\u00fcckgabe und Besprechung darf in demselben Fach keine neue Klassenarbeit geschrieben werden. Klassenarbeiten m\u00fcssen vor den Laufbahnkonferenzen zur\u00fcckgegeben werden, weil sonst die Notengebung f\u00fcr Sch\u00fclerinnen und Sch\u00fcler nicht transparent ist. P\u00e4dagogisch sinnvoll ist es, zwischen R\u00fcckgabe und Neuschreiben so viel Unterricht zu erteilen, dass aus den Fehlern der vorhergehenden Arbeit gelernt werden kann. Pro Tag darf insgesamt nur eine schriftliche Klassenarbeit geschrieben werden, in einer Woche sollen nicht mehr als zwei Arbeiten angesetzt werden. Am Tag einer Klassenarbeit sollte nach M\u00f6glichkeit kein weiterer Test geschrieben werden. Die Regelung \u201ezwei Arbeiten pro Wochen in der Sekundarstufe I.\u201c gilt \u201ein der<\/p>\n","protected":false},"author":2,"featured_media":0,"parent":497,"menu_order":0,"comment_status":"closed","ping_status":"closed","template":"","meta":{"footnotes":""},"class_list":["post-583","page","type-page","status-publish","hentry","","tg-column-two"],"_links":{"self":[{"href":"https:\/\/wkge-en.de\/wkge\/wp-json\/wp\/v2\/pages\/583","targetHints":{"allow":["GET"]}}],"collection":[{"href":"https:\/\/wkge-en.de\/wkge\/wp-json\/wp\/v2\/pages"}],"about":[{"href":"https:\/\/wkge-en.de\/wkge\/wp-json\/wp\/v2\/types\/page"}],"author":[{"embeddable":true,"href":"https:\/\/wkge-en.de\/wkge\/wp-json\/wp\/v2\/users\/2"}],"replies":[{"embeddable":true,"href":"https:\/\/wkge-en.de\/wkge\/wp-json\/wp\/v2\/comments?post=583"}],"version-history":[{"count":3,"href":"https:\/\/wkge-en.de\/wkge\/wp-json\/wp\/v2\/pages\/583\/revisions"}],"predecessor-version":[{"id":587,"href":"https:\/\/wkge-en.de\/wkge\/wp-json\/wp\/v2\/pages\/583\/revisions\/587"}],"up":[{"embeddable":true,"href":"https:\/\/wkge-en.de\/wkge\/wp-json\/wp\/v2\/pages\/497"}],"wp:attachment":[{"href":"https:\/\/wkge-en.de\/wkge\/wp-json\/wp\/v2\/media?parent=583"}],"curies":[{"name":"wp","href":"https:\/\/api.w.org\/{rel}","templated":true}]}}