{"id":589,"date":"2018-12-11T20:44:48","date_gmt":"2018-12-11T19:44:48","guid":{"rendered":"http:\/\/wkge-en.de\/wkge\/?page_id=589"},"modified":"2021-05-28T13:12:43","modified_gmt":"2021-05-28T11:12:43","slug":"module-fuer-die-klassen-9-und-10","status":"publish","type":"page","link":"https:\/\/wkge-en.de\/wkge\/unsere-schule\/schulprogramm\/unterricht\/module-fuer-die-klassen-9-und-10\/","title":{"rendered":"Module f\u00fcr die Klassen 9"},"content":{"rendered":"\t\t<div data-elementor-type=\"wp-post\" data-elementor-id=\"589\" class=\"elementor elementor-589\">\n\t\t\t\t\t\t<section class=\"elementor-section elementor-top-section elementor-element elementor-element-a3eda78 elementor-section-boxed elementor-section-height-default elementor-section-height-default\" data-id=\"a3eda78\" data-element_type=\"section\" data-e-type=\"section\">\n\t\t\t\t\t\t<div class=\"elementor-container elementor-column-gap-default\">\n\t\t\t\t\t<div class=\"elementor-column elementor-col-100 elementor-top-column elementor-element elementor-element-39dab89\" data-id=\"39dab89\" data-element_type=\"column\" data-e-type=\"column\">\n\t\t\t<div class=\"elementor-widget-wrap elementor-element-populated\">\n\t\t\t\t\t\t<div class=\"elementor-element elementor-element-dbcbb14 elementor-widget elementor-widget-text-editor\" data-id=\"dbcbb14\" data-element_type=\"widget\" data-e-type=\"widget\" data-widget_type=\"text-editor.default\">\n\t\t\t\t<div class=\"elementor-widget-container\">\n\t\t\t\t\t\t\t\t\t<p>Am Ende des 8. Jahrgangs haben alle Sch\u00fclerinnen und Sch\u00fcler die M\u00f6glichkeit, F\u00e4cher (hier Module genannt) neu zu w\u00e4hlen, die intensiv auf eine kommende Berufswahl im Laufe der Klasse 10 vorbereiten.<\/p><h3>Grund\u00fcberlegung:<\/h3><ul><li>Jeder Sch\u00fcler und jede Sch\u00fclerin w\u00e4hlt am Ende der Jahrgangsstufe 8 ein zweist\u00fcndiges Modul, einen Kurs f\u00fcr die Klasse 9.<\/li><li>Jedes Modul hat die Dauer eines Schuljahres.<\/li><li>Alle Module haben trotz schulischer Anbindung einen berufsbezogenen Schwerpunkt.<\/li><li>Externe Partner aus der regionalen Wirtschaft sind Grundpfeiler der Konzeption.<\/li><li>Alle Sch\u00fclerinnen und Sch\u00fcler erhalten nach erfolgreiche Beendigung eines Moduls ein Zertifikat\u2014 auch von externen Stellen\u2014, das sie ihrer Bewerbung um eine Ausbildungsstelle hinzuf\u00fcgen k\u00f6nnen.<\/li><li>Die Module sind verschiedenen Berufsfeldern zugeordnet.<\/li><li>Die Module weisen unterschiedliche Anforderungsniveaus auf und decken unterschiedliche Anforderungsniveaus ab.<\/li><li>Die Zuweisung zu den Modulen erfolgt auch unter dem Gesichtspunkt der geschlechterbewussten Wahl, d.h. unter dem Aspekt des Aufbrechens von Rollenklischees.<\/li><li>Die Teilnahme der Module wird auf dem Zeugnis qualitativ bescheinigt. Bei einigen Modulen kann zus\u00e4tzlich auch ein Zertifikat erworben werden.<\/li><\/ul><p>\u00a0<strong>Informationen zu den einzelnen Modulen siehe im <a href=\"https:\/\/wkge-en.de\/wkge\/wp-content\/uploads\/ModulHeft-2021-1.pdf\">[Modulheft 2021]<\/a>.<\/strong><\/p>\t\t\t\t\t\t\t\t<\/div>\n\t\t\t\t<\/div>\n\t\t\t\t\t<\/div>\n\t\t<\/div>\n\t\t\t\t\t<\/div>\n\t\t<\/section>\n\t\t\t\t<\/div>\n\t\t","protected":false},"excerpt":{"rendered":"<p>Am Ende des 8. Jahrgangs haben alle Sch\u00fclerinnen und Sch\u00fcler die M\u00f6glichkeit, F\u00e4cher (hier Module genannt) neu zu w\u00e4hlen, die intensiv auf eine kommende Berufswahl im Laufe der Klasse 10 vorbereiten. Grund\u00fcberlegung: Jeder Sch\u00fcler und jede Sch\u00fclerin w\u00e4hlt am Ende der Jahrgangsstufe 8 ein zweist\u00fcndiges Modul, einen Kurs f\u00fcr die Klasse 9. Jedes Modul hat die Dauer eines Schuljahres. Alle Module haben trotz schulischer Anbindung einen berufsbezogenen Schwerpunkt. Externe Partner aus der regionalen Wirtschaft sind Grundpfeiler der Konzeption. Alle Sch\u00fclerinnen und Sch\u00fcler erhalten nach erfolgreiche Beendigung eines Moduls ein Zertifikat\u2014 auch von externen Stellen\u2014, das sie ihrer Bewerbung um eine Ausbildungsstelle hinzuf\u00fcgen k\u00f6nnen. Die Module sind verschiedenen Berufsfeldern zugeordnet. Die Module weisen unterschiedliche Anforderungsniveaus auf und decken unterschiedliche Anforderungsniveaus ab. Die Zuweisung zu den Modulen erfolgt auch unter dem Gesichtspunkt der geschlechterbewussten Wahl, d.h. unter dem Aspekt des Aufbrechens von Rollenklischees. Die Teilnahme der Module wird auf dem Zeugnis qualitativ<\/p>\n","protected":false},"author":2,"featured_media":0,"parent":497,"menu_order":0,"comment_status":"closed","ping_status":"closed","template":"","meta":{"footnotes":""},"class_list":["post-589","page","type-page","status-publish","hentry","","tg-column-two"],"_links":{"self":[{"href":"https:\/\/wkge-en.de\/wkge\/wp-json\/wp\/v2\/pages\/589","targetHints":{"allow":["GET"]}}],"collection":[{"href":"https:\/\/wkge-en.de\/wkge\/wp-json\/wp\/v2\/pages"}],"about":[{"href":"https:\/\/wkge-en.de\/wkge\/wp-json\/wp\/v2\/types\/page"}],"author":[{"embeddable":true,"href":"https:\/\/wkge-en.de\/wkge\/wp-json\/wp\/v2\/users\/2"}],"replies":[{"embeddable":true,"href":"https:\/\/wkge-en.de\/wkge\/wp-json\/wp\/v2\/comments?post=589"}],"version-history":[{"count":9,"href":"https:\/\/wkge-en.de\/wkge\/wp-json\/wp\/v2\/pages\/589\/revisions"}],"predecessor-version":[{"id":5899,"href":"https:\/\/wkge-en.de\/wkge\/wp-json\/wp\/v2\/pages\/589\/revisions\/5899"}],"up":[{"embeddable":true,"href":"https:\/\/wkge-en.de\/wkge\/wp-json\/wp\/v2\/pages\/497"}],"wp:attachment":[{"href":"https:\/\/wkge-en.de\/wkge\/wp-json\/wp\/v2\/media?parent=589"}],"curies":[{"name":"wp","href":"https:\/\/api.w.org\/{rel}","templated":true}]}}