{"id":6108,"date":"2021-08-31T22:10:30","date_gmt":"2021-08-31T20:10:30","guid":{"rendered":"https:\/\/wkge-en.de\/wkge\/?page_id=6108"},"modified":"2025-02-26T19:42:24","modified_gmt":"2025-02-26T18:42:24","slug":"schuelervertretung-der-wkge","status":"publish","type":"page","link":"https:\/\/wkge-en.de\/wkge\/schuelervertretung-der-wkge\/","title":{"rendered":"Sch\u00fclervertretung der WKGe"},"content":{"rendered":"\t\t<div data-elementor-type=\"wp-page\" data-elementor-id=\"6108\" class=\"elementor elementor-6108\">\n\t\t\t\t\t\t<section class=\"elementor-section elementor-top-section elementor-element elementor-element-5703f4c elementor-section-boxed elementor-section-height-default elementor-section-height-default\" data-id=\"5703f4c\" data-element_type=\"section\" data-e-type=\"section\">\n\t\t\t\t\t\t<div class=\"elementor-container elementor-column-gap-default\">\n\t\t\t\t\t<div class=\"elementor-column elementor-col-100 elementor-top-column elementor-element elementor-element-4cd04e1\" data-id=\"4cd04e1\" data-element_type=\"column\" data-e-type=\"column\">\n\t\t\t<div class=\"elementor-widget-wrap\">\n\t\t\t\t\t\t\t<\/div>\n\t\t<\/div>\n\t\t\t\t\t<\/div>\n\t\t<\/section>\n\t\t\t\t<section class=\"elementor-section elementor-top-section elementor-element elementor-element-5b02ba9 elementor-section-boxed elementor-section-height-default elementor-section-height-default\" data-id=\"5b02ba9\" data-element_type=\"section\" data-e-type=\"section\">\n\t\t\t\t\t\t<div class=\"elementor-container elementor-column-gap-default\">\n\t\t\t\t\t<div class=\"elementor-column elementor-col-50 elementor-top-column elementor-element elementor-element-8663eae\" data-id=\"8663eae\" data-element_type=\"column\" data-e-type=\"column\">\n\t\t\t<div class=\"elementor-widget-wrap elementor-element-populated\">\n\t\t\t\t\t\t<div class=\"elementor-element elementor-element-228c479 elementor-widget elementor-widget-text-editor\" data-id=\"228c479\" data-element_type=\"widget\" data-e-type=\"widget\" data-widget_type=\"text-editor.default\">\n\t\t\t\t<div class=\"elementor-widget-container\">\n\t\t\t\t\t\t\t\t\t<h2 style=\"text-align: center;\">Sch\u00fclervertretung der WKGe<\/h2>\n<p style=\"text-align: center;\"><strong>Wir sind f\u00fcr euch da!<\/strong><\/p>\n<div><br><\/div><div><br><\/div>\t\t\t\t\t\t\t\t<\/div>\n\t\t\t\t<\/div>\n\t\t\t\t\t<\/div>\n\t\t<\/div>\n\t\t\t\t<div class=\"elementor-column elementor-col-50 elementor-top-column elementor-element elementor-element-f7f63ae\" data-id=\"f7f63ae\" data-element_type=\"column\" data-e-type=\"column\">\n\t\t\t<div class=\"elementor-widget-wrap elementor-element-populated\">\n\t\t\t\t\t\t<div class=\"elementor-element elementor-element-afbb234 elementor-widget elementor-widget-text-editor\" data-id=\"afbb234\" data-element_type=\"widget\" data-e-type=\"widget\" data-widget_type=\"text-editor.default\">\n\t\t\t\t<div class=\"elementor-widget-container\">\n\t\t\t\t\t\t\t\t\t<p><strong><span style=\"text-decoration: underline;\">Was macht die SV?<\/span><\/strong><\/p><ul><li>Das Mitspracherecht der Sch\u00fclerschaft umsetzen<\/li><li>Sich f\u00fcr die Interessen, Ideen und Anliegen der Sch\u00fclerschaft einzusetzen und diese in verschiedenen Gremien vertreten<\/li><li>Projekte und Aktionen f\u00fcr die Sch\u00fclerschaft zu planen und umzusetzen<\/li><li>Organisation und Durchf\u00fchrung von SV-Treffen und Diskussionsrunden<\/li><\/ul><p><strong>Kontakt -&gt; E-Mail: schuelervertretung@wkge-en.de \u00a0 \u00a0 \u00a0 Instagram: sv.wkge<\/strong><\/p>\t\t\t\t\t\t\t\t<\/div>\n\t\t\t\t<\/div>\n\t\t\t\t\t<\/div>\n\t\t<\/div>\n\t\t\t\t\t<\/div>\n\t\t<\/section>\n\t\t\t\t<section class=\"elementor-section elementor-top-section elementor-element elementor-element-d2c94f8 elementor-section-boxed elementor-section-height-default elementor-section-height-default\" data-id=\"d2c94f8\" data-element_type=\"section\" data-e-type=\"section\">\n\t\t\t\t\t\t<div class=\"elementor-container elementor-column-gap-default\">\n\t\t\t\t\t<div class=\"elementor-column elementor-col-100 elementor-top-column elementor-element elementor-element-0a5af52\" data-id=\"0a5af52\" data-element_type=\"column\" data-e-type=\"column\">\n\t\t\t<div class=\"elementor-widget-wrap elementor-element-populated\">\n\t\t\t\t\t\t<div class=\"elementor-element elementor-element-daa5704 elementor-widget elementor-widget-heading\" data-id=\"daa5704\" data-element_type=\"widget\" data-e-type=\"widget\" data-widget_type=\"heading.default\">\n\t\t\t\t<div class=\"elementor-widget-container\">\n\t\t\t\t\t<h2 class=\"elementor-heading-title elementor-size-default\">Aktionen der SV<\/h2>\t\t\t\t<\/div>\n\t\t\t\t<\/div>\n\t\t\t\t\t<\/div>\n\t\t<\/div>\n\t\t\t\t\t<\/div>\n\t\t<\/section>\n\t\t\t\t<section class=\"elementor-section elementor-top-section elementor-element elementor-element-3e48980 elementor-section-boxed elementor-section-height-default elementor-section-height-default\" data-id=\"3e48980\" data-element_type=\"section\" data-e-type=\"section\">\n\t\t\t\t\t\t<div class=\"elementor-container elementor-column-gap-default\">\n\t\t\t\t\t<div class=\"elementor-column elementor-col-100 elementor-top-column elementor-element elementor-element-f9f17b9\" data-id=\"f9f17b9\" data-element_type=\"column\" data-e-type=\"column\">\n\t\t\t<div class=\"elementor-widget-wrap elementor-element-populated\">\n\t\t\t\t\t\t<div class=\"elementor-element elementor-element-7700cdd elementor-widget elementor-widget-text-editor\" data-id=\"7700cdd\" data-element_type=\"widget\" data-e-type=\"widget\" data-widget_type=\"text-editor.default\">\n\t\t\t\t<div class=\"elementor-widget-container\">\n\t\t\t\t\t\t\t\t\t<p><strong>Die Nikolausaktion der WKGe<\/strong><\/p><p>Wenn die Tage immer k\u00e4lter werden und sich die Ersten Gedanken um ihre Weihnachtsgeschenke machen, f\u00e4ngt die SV mit etwas v\u00f6llig Anderem an. Naja, so ganz anders ist es vielleicht nicht, denn auch hier geht es darum, anderen Sch\u00fclern eine kleine Freude machen zu k\u00f6nnen. Die Rede ist von, das ist doch klar, unserer allj\u00e4hrlichen Nikolausaktion.<\/p><p>Hierbei verkaufen Sch\u00fcler und Sch\u00fclerinnen der SV in den Pausen kleine Nikol\u00e4use, indem kleine Zettel mit Namen und Klasse der zu beschenkenden Person ausgef\u00fcllt werden.<\/p><p>Und nach ein paar Wochen des Verkaufs und der Anschaffung der Naschereien war es letzten Endes so weit: Am 06.12.2024 machten sich einige Sch\u00fcler und Sch\u00fclerinnen auf den Weg durch die verschiedenen Klassen, um die Nikol\u00e4use zu verteilen.<\/p><p>Das Resultat waren strahlende Gesichter und gro\u00dfe Freude.<\/p><p>Besonderen Dank gilt hierbei allen, die sich in ihrer Freizeit die Zeit genommen haben und zu den Superm\u00e4rkten gefahren sind, um die Nikol\u00e4use zu beschaffen und die sich am 06.12 bereit erkl\u00e4rt und diese verteilt haben.<\/p><p>Wie immer freuen wir uns zu sehen, wie viele in dieser Zeit an ihre Freundinnen und Freunde denken und werden sicher auch in den folgenden Jahren die Nikolausaktion am Leben erhalten.<\/p><p><em>Geschrieben von Emily Vorwerk (Q1), Stellvertretend f\u00fcr die SV<\/em><\/p>\t\t\t\t\t\t\t\t<\/div>\n\t\t\t\t<\/div>\n\t\t\t\t\t<\/div>\n\t\t<\/div>\n\t\t\t\t\t<\/div>\n\t\t<\/section>\n\t\t\t\t<section class=\"elementor-section elementor-top-section elementor-element elementor-element-8be2883 elementor-section-boxed elementor-section-height-default elementor-section-height-default\" data-id=\"8be2883\" data-element_type=\"section\" data-e-type=\"section\">\n\t\t\t\t\t\t<div class=\"elementor-container elementor-column-gap-default\">\n\t\t\t\t\t<div class=\"elementor-column elementor-col-33 elementor-top-column elementor-element elementor-element-3d5b4ce\" data-id=\"3d5b4ce\" data-element_type=\"column\" data-e-type=\"column\">\n\t\t\t<div class=\"elementor-widget-wrap elementor-element-populated\">\n\t\t\t\t\t\t<div class=\"elementor-element elementor-element-10aac1c elementor-widget elementor-widget-image\" data-id=\"10aac1c\" data-element_type=\"widget\" data-e-type=\"widget\" data-widget_type=\"image.default\">\n\t\t\t\t<div class=\"elementor-widget-container\">\n\t\t\t\t\t\t\t\t\t\t\t\t\t\t\t<img fetchpriority=\"high\" decoding=\"async\" width=\"225\" height=\"300\" src=\"https:\/\/wkge-en.de\/wkge\/wp-content\/uploads\/1000052445-225x300.jpg\" class=\"attachment-medium size-medium wp-image-9563\" alt=\"\" srcset=\"https:\/\/wkge-en.de\/wkge\/wp-content\/uploads\/1000052445-225x300.jpg 225w, https:\/\/wkge-en.de\/wkge\/wp-content\/uploads\/1000052445-768x1024.jpg 768w, https:\/\/wkge-en.de\/wkge\/wp-content\/uploads\/1000052445-1152x1536.jpg 1152w, https:\/\/wkge-en.de\/wkge\/wp-content\/uploads\/1000052445-1536x2048.jpg 1536w, https:\/\/wkge-en.de\/wkge\/wp-content\/uploads\/1000052445-scaled.jpg 1920w\" sizes=\"(max-width: 225px) 100vw, 225px\" \/>\t\t\t\t\t\t\t\t\t\t\t\t\t\t\t<\/div>\n\t\t\t\t<\/div>\n\t\t\t\t<div class=\"elementor-element elementor-element-30633cf elementor-widget elementor-widget-image\" data-id=\"30633cf\" data-element_type=\"widget\" data-e-type=\"widget\" data-widget_type=\"image.default\">\n\t\t\t\t<div class=\"elementor-widget-container\">\n\t\t\t\t\t\t\t\t\t\t\t\t\t\t\t<img decoding=\"async\" width=\"225\" height=\"300\" src=\"https:\/\/wkge-en.de\/wkge\/wp-content\/uploads\/1000059176-225x300.jpg\" class=\"attachment-medium size-medium wp-image-9566\" alt=\"\" srcset=\"https:\/\/wkge-en.de\/wkge\/wp-content\/uploads\/1000059176-225x300.jpg 225w, https:\/\/wkge-en.de\/wkge\/wp-content\/uploads\/1000059176-768x1024.jpg 768w, https:\/\/wkge-en.de\/wkge\/wp-content\/uploads\/1000059176-1152x1536.jpg 1152w, https:\/\/wkge-en.de\/wkge\/wp-content\/uploads\/1000059176.jpg 1500w\" sizes=\"(max-width: 225px) 100vw, 225px\" \/>\t\t\t\t\t\t\t\t\t\t\t\t\t\t\t<\/div>\n\t\t\t\t<\/div>\n\t\t\t\t\t<\/div>\n\t\t<\/div>\n\t\t\t\t<div class=\"elementor-column elementor-col-33 elementor-top-column elementor-element elementor-element-a7b23ea\" data-id=\"a7b23ea\" data-element_type=\"column\" data-e-type=\"column\">\n\t\t\t<div class=\"elementor-widget-wrap elementor-element-populated\">\n\t\t\t\t\t\t<div class=\"elementor-element elementor-element-8a9b570 elementor-widget elementor-widget-image\" data-id=\"8a9b570\" data-element_type=\"widget\" data-e-type=\"widget\" data-widget_type=\"image.default\">\n\t\t\t\t<div class=\"elementor-widget-container\">\n\t\t\t\t\t\t\t\t\t\t\t\t\t\t\t<img decoding=\"async\" width=\"225\" height=\"300\" src=\"https:\/\/wkge-en.de\/wkge\/wp-content\/uploads\/1000052461-225x300.jpg\" class=\"attachment-medium size-medium wp-image-9564\" alt=\"\" srcset=\"https:\/\/wkge-en.de\/wkge\/wp-content\/uploads\/1000052461-225x300.jpg 225w, https:\/\/wkge-en.de\/wkge\/wp-content\/uploads\/1000052461-768x1024.jpg 768w, https:\/\/wkge-en.de\/wkge\/wp-content\/uploads\/1000052461-1152x1536.jpg 1152w, https:\/\/wkge-en.de\/wkge\/wp-content\/uploads\/1000052461-1536x2048.jpg 1536w, https:\/\/wkge-en.de\/wkge\/wp-content\/uploads\/1000052461-scaled.jpg 1920w\" sizes=\"(max-width: 225px) 100vw, 225px\" \/>\t\t\t\t\t\t\t\t\t\t\t\t\t\t\t<\/div>\n\t\t\t\t<\/div>\n\t\t\t\t<div class=\"elementor-element elementor-element-f68e899 elementor-widget elementor-widget-image\" data-id=\"f68e899\" data-element_type=\"widget\" data-e-type=\"widget\" data-widget_type=\"image.default\">\n\t\t\t\t<div class=\"elementor-widget-container\">\n\t\t\t\t\t\t\t\t\t\t\t\t\t\t\t<img loading=\"lazy\" decoding=\"async\" width=\"225\" height=\"300\" src=\"https:\/\/wkge-en.de\/wkge\/wp-content\/uploads\/1000059178-225x300.jpg\" class=\"attachment-medium size-medium wp-image-9567\" alt=\"\" srcset=\"https:\/\/wkge-en.de\/wkge\/wp-content\/uploads\/1000059178-225x300.jpg 225w, https:\/\/wkge-en.de\/wkge\/wp-content\/uploads\/1000059178-768x1024.jpg 768w, https:\/\/wkge-en.de\/wkge\/wp-content\/uploads\/1000059178-1152x1536.jpg 1152w, https:\/\/wkge-en.de\/wkge\/wp-content\/uploads\/1000059178.jpg 1500w\" sizes=\"(max-width: 225px) 100vw, 225px\" \/>\t\t\t\t\t\t\t\t\t\t\t\t\t\t\t<\/div>\n\t\t\t\t<\/div>\n\t\t\t\t\t<\/div>\n\t\t<\/div>\n\t\t\t\t<div class=\"elementor-column elementor-col-33 elementor-top-column elementor-element elementor-element-2ae116a\" data-id=\"2ae116a\" data-element_type=\"column\" data-e-type=\"column\">\n\t\t\t<div class=\"elementor-widget-wrap elementor-element-populated\">\n\t\t\t\t\t\t<div class=\"elementor-element elementor-element-09cb301 elementor-widget elementor-widget-image\" data-id=\"09cb301\" data-element_type=\"widget\" data-e-type=\"widget\" data-widget_type=\"image.default\">\n\t\t\t\t<div class=\"elementor-widget-container\">\n\t\t\t\t\t\t\t\t\t\t\t\t\t\t\t<img loading=\"lazy\" decoding=\"async\" width=\"225\" height=\"300\" src=\"https:\/\/wkge-en.de\/wkge\/wp-content\/uploads\/1000052685-225x300.jpg\" class=\"attachment-medium size-medium wp-image-9565\" alt=\"\" srcset=\"https:\/\/wkge-en.de\/wkge\/wp-content\/uploads\/1000052685-225x300.jpg 225w, https:\/\/wkge-en.de\/wkge\/wp-content\/uploads\/1000052685-768x1024.jpg 768w, https:\/\/wkge-en.de\/wkge\/wp-content\/uploads\/1000052685-1152x1536.jpg 1152w, https:\/\/wkge-en.de\/wkge\/wp-content\/uploads\/1000052685-1536x2048.jpg 1536w, https:\/\/wkge-en.de\/wkge\/wp-content\/uploads\/1000052685-scaled.jpg 1920w\" sizes=\"(max-width: 225px) 100vw, 225px\" \/>\t\t\t\t\t\t\t\t\t\t\t\t\t\t\t<\/div>\n\t\t\t\t<\/div>\n\t\t\t\t<div class=\"elementor-element elementor-element-365e8ff elementor-widget elementor-widget-image\" data-id=\"365e8ff\" data-element_type=\"widget\" data-e-type=\"widget\" data-widget_type=\"image.default\">\n\t\t\t\t<div class=\"elementor-widget-container\">\n\t\t\t\t\t\t\t\t\t\t\t\t\t\t\t<img loading=\"lazy\" decoding=\"async\" width=\"225\" height=\"300\" src=\"https:\/\/wkge-en.de\/wkge\/wp-content\/uploads\/1000059180-225x300.jpg\" class=\"attachment-medium size-medium wp-image-9568\" alt=\"\" srcset=\"https:\/\/wkge-en.de\/wkge\/wp-content\/uploads\/1000059180-225x300.jpg 225w, https:\/\/wkge-en.de\/wkge\/wp-content\/uploads\/1000059180-768x1024.jpg 768w, https:\/\/wkge-en.de\/wkge\/wp-content\/uploads\/1000059180-1152x1536.jpg 1152w, https:\/\/wkge-en.de\/wkge\/wp-content\/uploads\/1000059180.jpg 1500w\" sizes=\"(max-width: 225px) 100vw, 225px\" \/>\t\t\t\t\t\t\t\t\t\t\t\t\t\t\t<\/div>\n\t\t\t\t<\/div>\n\t\t\t\t\t<\/div>\n\t\t<\/div>\n\t\t\t\t\t<\/div>\n\t\t<\/section>\n\t\t\t\t<section class=\"elementor-section elementor-top-section elementor-element elementor-element-950b677 elementor-section-boxed elementor-section-height-default elementor-section-height-default\" data-id=\"950b677\" data-element_type=\"section\" data-e-type=\"section\">\n\t\t\t\t\t\t<div class=\"elementor-container elementor-column-gap-default\">\n\t\t\t\t\t<div class=\"elementor-column elementor-col-100 elementor-top-column elementor-element elementor-element-9791209\" data-id=\"9791209\" data-element_type=\"column\" data-e-type=\"column\">\n\t\t\t<div class=\"elementor-widget-wrap elementor-element-populated\">\n\t\t\t\t\t\t<div class=\"elementor-element elementor-element-694f1e6 elementor-widget elementor-widget-text-editor\" data-id=\"694f1e6\" data-element_type=\"widget\" data-e-type=\"widget\" data-widget_type=\"text-editor.default\">\n\t\t\t\t<div class=\"elementor-widget-container\">\n\t\t\t\t\t\t\t\t\t<p><strong><em><u>Die Tombola der SV<\/u><\/em><\/strong><\/p><p>Wie manche vielleicht wissen, hatten wir, die WKGe, am 23.11.2024 unseren Tag der offenen T\u00fcr. Und nat\u00fcrlich: Auch die SV (Sch\u00fclervertretung) hat sich wieder eifrig beteiligt, um einen Teil unserer Schule zu repr\u00e4sentieren.<\/p><p>Damit wurden auch in diesem Jahr wieder zwei St\u00e4nde von den Sch\u00fclern betreut. Zum einen war selbstverst\u00e4ndlich wieder unser Popcornstand da, doch auch unsere Tombola hat wieder ihren Platz auf der j\u00e4hrlichen Veranstaltung gefunden. Beide St\u00e4nde sorgten f\u00fcr sch\u00f6ne und gl\u00fcckliche Momente, sowohl bei unseren G\u00e4sten, als auch untereinander in der Gruppe \ud83d\ude09<\/p><p>Wir von der SV k\u00f6nnen nur sagen, dass es uns wie jedes Jahr sehr viel Spa\u00df gemacht hat und wir uns auf alle weiteren, gemeinsamen Projekte freuen J<\/p><p><em>Geschrieben von: Emily Vorwerk (Q1), Stellvertretend f\u00fcr die SV<\/em><\/p>\t\t\t\t\t\t\t\t<\/div>\n\t\t\t\t<\/div>\n\t\t\t\t\t<\/div>\n\t\t<\/div>\n\t\t\t\t\t<\/div>\n\t\t<\/section>\n\t\t\t\t<section class=\"elementor-section elementor-top-section elementor-element elementor-element-a043fc9 elementor-section-boxed elementor-section-height-default elementor-section-height-default\" data-id=\"a043fc9\" data-element_type=\"section\" data-e-type=\"section\">\n\t\t\t\t\t\t<div class=\"elementor-container elementor-column-gap-default\">\n\t\t\t\t\t<div class=\"elementor-column elementor-col-100 elementor-top-column elementor-element elementor-element-46a336f\" data-id=\"46a336f\" data-element_type=\"column\" data-e-type=\"column\">\n\t\t\t<div class=\"elementor-widget-wrap\">\n\t\t\t\t\t\t\t<\/div>\n\t\t<\/div>\n\t\t\t\t\t<\/div>\n\t\t<\/section>\n\t\t\t\t<\/div>\n\t\t","protected":false},"excerpt":{"rendered":"<p>Sch\u00fclervertretung der WKGe Wir sind f\u00fcr euch da! Was macht die SV? Das Mitspracherecht der Sch\u00fclerschaft umsetzen Sich f\u00fcr die Interessen, Ideen und Anliegen der Sch\u00fclerschaft einzusetzen und diese in verschiedenen Gremien vertreten Projekte und Aktionen f\u00fcr die Sch\u00fclerschaft zu planen und umzusetzen Organisation und Durchf\u00fchrung von SV-Treffen und Diskussionsrunden Kontakt -&gt; E-Mail: schuelervertretung@wkge-en.de \u00a0 \u00a0 \u00a0 Instagram: sv.wkge Aktionen der SV Die Nikolausaktion der WKGe Wenn die Tage immer k\u00e4lter werden und sich die Ersten Gedanken um ihre Weihnachtsgeschenke machen, f\u00e4ngt die SV mit etwas v\u00f6llig Anderem an. Naja, so ganz anders ist es vielleicht nicht, denn auch hier geht es darum, anderen Sch\u00fclern eine kleine Freude machen zu k\u00f6nnen. Die Rede ist von, das ist doch klar, unserer allj\u00e4hrlichen Nikolausaktion. Hierbei verkaufen Sch\u00fcler und Sch\u00fclerinnen der SV in den Pausen kleine Nikol\u00e4use, indem kleine Zettel mit Namen und Klasse der zu beschenkenden Person ausgef\u00fcllt werden. Und nach ein<\/p>\n","protected":false},"author":2,"featured_media":0,"parent":0,"menu_order":0,"comment_status":"closed","ping_status":"closed","template":"","meta":{"footnotes":""},"class_list":["post-6108","page","type-page","status-publish","hentry","","tg-column-two"],"_links":{"self":[{"href":"https:\/\/wkge-en.de\/wkge\/wp-json\/wp\/v2\/pages\/6108","targetHints":{"allow":["GET"]}}],"collection":[{"href":"https:\/\/wkge-en.de\/wkge\/wp-json\/wp\/v2\/pages"}],"about":[{"href":"https:\/\/wkge-en.de\/wkge\/wp-json\/wp\/v2\/types\/page"}],"author":[{"embeddable":true,"href":"https:\/\/wkge-en.de\/wkge\/wp-json\/wp\/v2\/users\/2"}],"replies":[{"embeddable":true,"href":"https:\/\/wkge-en.de\/wkge\/wp-json\/wp\/v2\/comments?post=6108"}],"version-history":[{"count":10,"href":"https:\/\/wkge-en.de\/wkge\/wp-json\/wp\/v2\/pages\/6108\/revisions"}],"predecessor-version":[{"id":9571,"href":"https:\/\/wkge-en.de\/wkge\/wp-json\/wp\/v2\/pages\/6108\/revisions\/9571"}],"wp:attachment":[{"href":"https:\/\/wkge-en.de\/wkge\/wp-json\/wp\/v2\/media?parent=6108"}],"curies":[{"name":"wp","href":"https:\/\/api.w.org\/{rel}","templated":true}]}}